{"id":22,"date":"2023-07-28T14:00:24","date_gmt":"2023-07-28T12:00:24","guid":{"rendered":"https:\/\/zukunft-inklusion.ch.prestage.ch\/ag\/?page_id=22"},"modified":"2024-07-23T09:18:25","modified_gmt":"2024-07-23T07:18:25","slug":"kalender","status":"publish","type":"page","link":"https:\/\/zukunft-inklusion.prestage.ch\/ag\/kalender\/","title":{"rendered":"Kalender"},"content":{"rendered":"\n<p>Die Aktionstage Behindertenrechte 2024 dauerten vom 15. Mai bis 15. Juni. <\/p>\n\n\n\n<p>Hier finden Sie alle durchgef\u00fchrten Veranstaltungen im <strong>Kanton Aargau<\/strong>. So haben Sie einen \u00dcberblick dar\u00fcber, welche Aktionen in der Vergangenheit stattgefunden haben. Die Aktionen k\u00f6nnen Ihnen als Inspiration f\u00fcr Ihre n\u00e4chste Veranstaltung dienen. <\/p>\n","protected":false},"excerpt":{"rendered":"<p>Die Aktionstage Behindertenrechte 2024 dauerten vom 15. Mai bis 15. Juni. Hier finden Sie alle durchgef\u00fchrten Veranstaltungen im Kanton Aargau. So haben Sie einen \u00dcberblick dar\u00fcber, welche Aktionen in der Vergangenheit stattgefunden haben. Die Aktionen k\u00f6nnen Ihnen als Inspiration f\u00fcr Ihre n\u00e4chste Veranstaltung dienen.<\/p>\n","protected":false},"author":1,"featured_media":0,"parent":0,"menu_order":3,"comment_status":"closed","ping_status":"closed","template":"page-templates\/calendar_page.php","meta":{"_acf_changed":false,"_genesis_hide_title":false,"_genesis_hide_breadcrumbs":false,"_genesis_hide_singular_image":false,"_genesis_hide_footer_widgets":false,"_genesis_custom_body_class":"","_genesis_custom_post_class":"","_genesis_layout":"","footnotes":""},"class_list":{"0":"post-22","1":"page","2":"type-page","3":"status-publish","5":"entry"},"acf":[],"_links":{"self":[{"href":"https:\/\/zukunft-inklusion.prestage.ch\/ag\/wp-json\/wp\/v2\/pages\/22","targetHints":{"allow":["GET"]}}],"collection":[{"href":"https:\/\/zukunft-inklusion.prestage.ch\/ag\/wp-json\/wp\/v2\/pages"}],"about":[{"href":"https:\/\/zukunft-inklusion.prestage.ch\/ag\/wp-json\/wp\/v2\/types\/page"}],"author":[{"embeddable":true,"href":"https:\/\/zukunft-inklusion.prestage.ch\/ag\/wp-json\/wp\/v2\/users\/1"}],"replies":[{"embeddable":true,"href":"https:\/\/zukunft-inklusion.prestage.ch\/ag\/wp-json\/wp\/v2\/comments?post=22"}],"version-history":[{"count":7,"href":"https:\/\/zukunft-inklusion.prestage.ch\/ag\/wp-json\/wp\/v2\/pages\/22\/revisions"}],"predecessor-version":[{"id":348,"href":"https:\/\/zukunft-inklusion.prestage.ch\/ag\/wp-json\/wp\/v2\/pages\/22\/revisions\/348"}],"wp:attachment":[{"href":"https:\/\/zukunft-inklusion.prestage.ch\/ag\/wp-json\/wp\/v2\/media?parent=22"}],"curies":[{"name":"wp","href":"https:\/\/api.w.org\/{rel}","templated":true}]}}