{"id":30,"date":"2023-07-28T14:00:37","date_gmt":"2023-07-28T12:00:37","guid":{"rendered":"https:\/\/zukunft-inklusion.ch.prestage.ch\/ag\/?page_id=30"},"modified":"2024-07-23T10:15:08","modified_gmt":"2024-07-23T08:15:08","slug":"medien","status":"publish","type":"page","link":"https:\/\/zukunft-inklusion.prestage.ch\/ag\/medien\/","title":{"rendered":"Medien"},"content":{"rendered":"\n<h2 class=\"wp-block-heading\">Medienbeitr\u00e4ge zu den Aargauer Aktionstagen<\/h2>\n\n\n\n<p>Hier finden Sie eine Zusammenstellung von Medienbeitr\u00e4gen aus dem <strong>Kanton Aargau<\/strong> zu den Aktionstagen Behindertenrechte 2024. <\/p>\n\n\n\n<p>Leider haben wir bei der Erstdurchf\u00fchrung die Aufmerksamkeit der Medien nicht zufriedenstellend erreicht. Folglich soll die Medienpr\u00e4senz bei einer Wiederholung der Aargauer Aktionstage gest\u00e4rkt werden.<\/p>\n\n\n\n<p>Falls Sie auf der Suche nach vergangenen Aargauer Aktionen sind, empfehlen wir Ihnen unter <a href=\"https:\/\/zukunft-inklusion.prestage.ch\/ag\/kalender\/\" data-type=\"page\" data-id=\"22\">Kalender<\/a> zu schauen. <\/p>\n\n\n<div role=\"list\" class=\"cst-mediapub-list cst-mediapub-list-page\" aria-live=\"polite\"><div role=\"listitem\" class=\"cst-mediapub-listitem cst-mediapub-listitem-show\" id=\"mediapub_357\" data-index=\"1\"><h3 class=\"h5 cst-mediapub-post-title\">Barrierefreier Baustellenrundgang<\/h3><p>Am 15. Juni hat die St. Josef \u2013 Stiftung zum Inklusiven Baustellenrundgang nach Bremgarten eingeladen. Schau dir gerne das Video an und entdecke das neu erbaute Stiftungshaus Allegra. <\/p><!--  --><a href=\"https:\/\/vimeo.com\/976316470\/5325b96e68?share\" target=\"_blank\" aria-label=\"Zum Medienbeitrag \u2013 Barrierefreier Baustellenrundgang\" class=\"more-link\">Zum Medienbeitrag<\/a><\/div><div role=\"listitem\" class=\"cst-mediapub-listitem cst-mediapub-listitem-show\" id=\"mediapub_356\" data-index=\"2\"><h3 class=\"h5 cst-mediapub-post-title\">Aargauer Aktionstage im Radio Kanal K<\/h3><p>John Steggerda von Pro Infirmis erz\u00e4hlt im Gespr\u00e4ch mit Laura Minder, von den Aargauer Aktionstagen 2024 und wieso eine inklusivere Gesellschaft wichtig ist.<\/p><!--  --><a href=\"https:\/\/kanalk.ch\/sendung\/k-wie-kultur\/20240607-3\" target=\"_blank\" aria-label=\"Zum Medienbeitrag \u2013 Aargauer Aktionstage im Radio Kanal K\" class=\"more-link\">Zum Medienbeitrag<\/a><\/div><div role=\"listitem\" class=\"cst-mediapub-listitem cst-mediapub-listitem-show\" id=\"mediapub_354\" data-index=\"3\"><h3 class=\"h5 cst-mediapub-post-title\">Er\u00f6ffnungsfest Begegnungszone Stiftung Schloss Biberstein<\/h3><p>Kanal K mit Happy Radio war am Er\u00f6ffnungsfest f\u00fcr die neue Gartenterrasse und Begegnungszone der Stiftung Schloss Biberstein. Hier geht es zum Podcast! <\/p><!--  --><a href=\"https:\/\/www.kanalk.ch\/podcast\/happy-radio\/20240607-2\" target=\"_blank\" aria-label=\"Zum Medienbeitrag \u2013 Er\u00f6ffnungsfest Begegnungszone Stiftung Schloss Biberstein\" class=\"more-link\">Zum Medienbeitrag<\/a><\/div><div role=\"listitem\" class=\"cst-mediapub-listitem cst-mediapub-listitem-show\" id=\"mediapub_353\" data-index=\"4\"><h3 class=\"h5 cst-mediapub-post-title\">Caf\u00e9 Exklusivo<\/h3><p>Zeitungsbericht in den &#171;Aarauer Nachrichten&#187; zur Aktion &#171;Caf\u00e9 Exklusivo&#187; in Zusammenarbeit mit den Vereinen St\u00fctzpunkt Alltag und insieme Aarau-Lenzburg.\r\n<\/p><!--  --><a href=\"https:\/\/www.aarauer-nachrichten.ch\/suche\/detail\/nennoek-eis-sad-solmelborp-nesel\" target=\"_blank\" aria-label=\"Zum Medienbeitrag \u2013 Caf\u00e9 Exklusivo\" class=\"more-link\">Zum Medienbeitrag<\/a><\/div><div role=\"listitem\" class=\"cst-mediapub-listitem cst-mediapub-listitem-show\" id=\"mediapub_352\" data-index=\"5\"><h3 class=\"h5 cst-mediapub-post-title\">Radio-Livepremiere &#171;Der Medienwegweiser&#187;<\/h3><p>Podcast der Radio- Livepremiere mit Michael K\u00fcng uns seiner Radiosendung &#171;Der Medienwegweiser&#187; in der Markthalle Aarau.<\/p><!--  --><a href=\"https:\/\/www.kanalk.ch\/podcast\/der-medienwegweiser\/20240530-2\" target=\"_blank\" aria-label=\"Zum Medienbeitrag \u2013 Radio-Livepremiere &#171;Der Medienwegweiser&#187;\" class=\"more-link\">Zum Medienbeitrag<\/a><\/div><div role=\"listitem\" class=\"cst-mediapub-listitem cst-mediapub-listitem-show\" id=\"mediapub_355\" data-index=\"6\"><h3 class=\"h5 cst-mediapub-post-title\">Discomania Zeitungsbericht<\/h3><p>Discomania in der Aargauer Zeitung: die barrierefreie Discoparty in Aarau im Jugendkulturhaus Fl\u00f6sserplatz mit Showblock der beiden Rapper Slime Spidey und Tambi. <\/p><!--  --><a href=\"https:\/\/www.aargauerzeitung.ch\/leserbeitrag\/nwch\/rap-trifft-an-der-disco-mania-auf-einen-bekannten-volkstanz-ld.2628824?mktcid=smsh&amp;mktcval=E-mail\" target=\"_blank\" aria-label=\"Zum Medienbeitrag \u2013 Discomania Zeitungsbericht\" class=\"more-link\">Zum Medienbeitrag<\/a><\/div><div role=\"listitem\" class=\"cst-mediapub-listitem cst-mediapub-listitem-show\" id=\"mediapub_351\" data-index=\"7\"><h3 class=\"h5 cst-mediapub-post-title\">Discomania Fotor\u00fcckblick<\/h3><p>Fotor\u00fcckblick Discomania: die barrierefreie Discoparty in Aarau im Jugendkulturhaus Fl\u00f6sserplatz mit Showblock der beiden Rapper Slime Spidey und Tambi. <\/p><!--  --><a href=\"https:\/\/www.floesserplatz.ch\/de\/galerie\/2024\/mai\/disco-mania3\" target=\"_blank\" aria-label=\"Zum Medienbeitrag \u2013 Discomania Fotor\u00fcckblick\" class=\"more-link\">Zum Medienbeitrag<\/a><\/div><\/div>\n\n\n<h2 class=\"wp-block-heading\">Medienkontakte<\/h2>\n\n\n\n<p><strong>Juliana Venema<\/strong><\/p>\n\n\n\n<p>Fachmitarbeiterin Stab<br>Abteilung Sonderschulung, Heime und Werkst\u00e4tten<br>Departement Bildung, Kultur und Sport<br>Kanton Aargau<\/p>\n\n\n\n<p>Telefon: +41 62 835 21 58<br>E-Mail:&nbsp;<a href=\"mailto:\" data-eml-encoded-attr=\"Wld4cGMyRmlaWFJvTG1ocGJHUmxZbkpoYm1RbE5EQnpZUzU2YUM1amFBPT0=\"><span data-eml-encoded-html><label>(E-Mail)<\/label><var aria-hidden=\"true\" style=\"display:none\">YW5Wc2FXRnVZUzUyWlc1bGJXRWxOREJoWnk1amFBPT0=<\/var><\/span><\/a><\/p>\n","protected":false},"excerpt":{"rendered":"<p>Medienbeitr\u00e4ge zu den Aargauer Aktionstagen Hier finden Sie eine Zusammenstellung von Medienbeitr\u00e4gen aus dem Kanton Aargau zu den Aktionstagen Behindertenrechte 2024. Leider haben wir bei der Erstdurchf\u00fchrung die Aufmerksamkeit der Medien nicht zufriedenstellend erreicht. Folglich soll die Medienpr\u00e4senz bei einer Wiederholung der Aargauer Aktionstage gest\u00e4rkt werden. Falls Sie auf der Suche nach vergangenen Aargauer Aktionen [&hellip;]<\/p>\n","protected":false},"author":1,"featured_media":0,"parent":0,"menu_order":8,"comment_status":"closed","ping_status":"closed","template":"page-templates\/media_page.php","meta":{"_acf_changed":false,"_genesis_hide_title":false,"_genesis_hide_breadcrumbs":false,"_genesis_hide_singular_image":false,"_genesis_hide_footer_widgets":false,"_genesis_custom_body_class":"","_genesis_custom_post_class":"","_genesis_layout":"","footnotes":""},"class_list":{"0":"post-30","1":"page","2":"type-page","3":"status-publish","5":"entry"},"acf":[],"_links":{"self":[{"href":"https:\/\/zukunft-inklusion.prestage.ch\/ag\/wp-json\/wp\/v2\/pages\/30","targetHints":{"allow":["GET"]}}],"collection":[{"href":"https:\/\/zukunft-inklusion.prestage.ch\/ag\/wp-json\/wp\/v2\/pages"}],"about":[{"href":"https:\/\/zukunft-inklusion.prestage.ch\/ag\/wp-json\/wp\/v2\/types\/page"}],"author":[{"embeddable":true,"href":"https:\/\/zukunft-inklusion.prestage.ch\/ag\/wp-json\/wp\/v2\/users\/1"}],"replies":[{"embeddable":true,"href":"https:\/\/zukunft-inklusion.prestage.ch\/ag\/wp-json\/wp\/v2\/comments?post=30"}],"version-history":[{"count":3,"href":"https:\/\/zukunft-inklusion.prestage.ch\/ag\/wp-json\/wp\/v2\/pages\/30\/revisions"}],"predecessor-version":[{"id":350,"href":"https:\/\/zukunft-inklusion.prestage.ch\/ag\/wp-json\/wp\/v2\/pages\/30\/revisions\/350"}],"wp:attachment":[{"href":"https:\/\/zukunft-inklusion.prestage.ch\/ag\/wp-json\/wp\/v2\/media?parent=30"}],"curies":[{"name":"wp","href":"https:\/\/api.w.org\/{rel}","templated":true}]}}