{"id":7,"date":"2023-07-28T14:00:48","date_gmt":"2023-07-28T12:00:48","guid":{"rendered":"https:\/\/zukunft-inklusion.ch.prestage.ch\/ag\/?page_id=7"},"modified":"2024-07-23T09:15:57","modified_gmt":"2024-07-23T07:15:57","slug":"mitwirken","status":"publish","type":"page","link":"https:\/\/zukunft-inklusion.prestage.ch\/ag\/mitwirken\/","title":{"rendered":"Mitwirken"},"content":{"rendered":"\n<h2 class=\"wp-block-heading\">Wer hat vom 15. Mai bis 15. Juni 2024 teilgenommen?<\/h2>\n\n\n\n<p>Im Kanton Aargau haben wir 22 Aktionen durchgef\u00fchrt mit mehr als 25 Partner\/innen. Mehrheitlich haben Institutionen Aktionen geplant, wobei ein Qualit\u00e4tsmerkmal war, dass Menschen mit Beeintr\u00e4chtigungen mitwirken. <\/p>\n\n\n\n<h2 class=\"wp-block-heading\">Planen Sie noch heute Ihre n\u00e4chste Veranstaltung zugunsten der Gleichberechtigung <\/h2>\n\n\n\n<p>Wir haben Merkbl\u00e4tter erstellt, um Ihnen bei der Konzeption und Durchf\u00fchrung von Veranstaltungen zu helfen. Diese Merkbl\u00e4tter bieten praktische Tipps und Anleitungen.<\/p>\n\n\n\n<ol class=\"wp-block-list\">\n<li><a href=\"https:\/\/zukunft-inklusion.prestage.ch\/ag\/wp-content\/uploads\/sites\/6\/Faktenblatt-1-Sprache-und-Behinderung_AG-1.pdf\" data-type=\"attachment\" data-id=\"111\">Merkblatt Sprache und Behinderung<\/a><\/li>\n\n\n\n<li><a href=\"https:\/\/zukunft-inklusion.prestage.ch\/ag\/wp-content\/uploads\/sites\/6\/Faktenblatt-2-Hindernisfreie-Veranstaltung_AG.pdf\" data-type=\"attachment\" data-id=\"113\">Merkblatt Hindernisfreie Veranstaltungen planen<\/a><\/li>\n\n\n\n<li><a href=\"https:\/\/zukunft-inklusion.prestage.ch\/ag\/wp-content\/uploads\/sites\/6\/Faktenblatt-3-Einfache-Sprache_AG.pdf\" data-type=\"attachment\" data-id=\"114\">Merkblatt Einfache Sprache<\/a><\/li>\n\n\n\n<li><a href=\"https:\/\/zukunft-inklusion.prestage.ch\/ag\/wp-content\/uploads\/sites\/6\/Faktenblatt-4-Social-Media_AG.pdf\" data-type=\"attachment\" data-id=\"112\">Merkblatt Soziale Medien<\/a><\/li>\n\n\n\n<li><a href=\"https:\/\/zukunft-inklusion.prestage.ch\/ag\/wp-content\/uploads\/sites\/6\/Faktenblatt-5-Netzwerkaufbau_AG.pdf\" data-type=\"attachment\" data-id=\"115\">Merkblatt Netzwerkaufbau<\/a><\/li>\n<\/ol>\n\n\n\n<h2 class=\"wp-block-heading\">Ihre R\u00fcckmeldung ist uns wichtig<\/h2>\n\n\n\n<p>Haben Sie w\u00e4hrend den ersten Aargauer Aktionstagen 2024 eine besonders erfreuliche Beobachtung gemacht? Oder beobachten Sie Missst\u00e4nde, die wir in Zukufnt thematisieren sollen? Oder m\u00f6chten Sie sich aktiv einbringen? Nehmen Sie bitte mit uns <a href=\"https:\/\/zukunft-inklusion.prestage.ch\/ag\/kontakt\/\">Kontakt<\/a> auf. <\/p>\n","protected":false},"excerpt":{"rendered":"<p>Wer hat vom 15. Mai bis 15. Juni 2024 teilgenommen? Im Kanton Aargau haben wir 22 Aktionen durchgef\u00fchrt mit mehr als 25 Partner\/innen. Mehrheitlich haben Institutionen Aktionen geplant, wobei ein Qualit\u00e4tsmerkmal war, dass Menschen mit Beeintr\u00e4chtigungen mitwirken. Planen Sie noch heute Ihre n\u00e4chste Veranstaltung zugunsten der Gleichberechtigung Wir haben Merkbl\u00e4tter erstellt, um Ihnen bei der [&hellip;]<\/p>\n","protected":false},"author":1,"featured_media":0,"parent":0,"menu_order":6,"comment_status":"closed","ping_status":"closed","template":"page-templates\/participate_page.php","meta":{"_acf_changed":false,"_genesis_hide_title":false,"_genesis_hide_breadcrumbs":false,"_genesis_hide_singular_image":false,"_genesis_hide_footer_widgets":false,"_genesis_custom_body_class":"","_genesis_custom_post_class":"","_genesis_layout":"","footnotes":""},"class_list":{"0":"post-7","1":"page","2":"type-page","3":"status-publish","5":"entry"},"acf":[],"_links":{"self":[{"href":"https:\/\/zukunft-inklusion.prestage.ch\/ag\/wp-json\/wp\/v2\/pages\/7","targetHints":{"allow":["GET"]}}],"collection":[{"href":"https:\/\/zukunft-inklusion.prestage.ch\/ag\/wp-json\/wp\/v2\/pages"}],"about":[{"href":"https:\/\/zukunft-inklusion.prestage.ch\/ag\/wp-json\/wp\/v2\/types\/page"}],"author":[{"embeddable":true,"href":"https:\/\/zukunft-inklusion.prestage.ch\/ag\/wp-json\/wp\/v2\/users\/1"}],"replies":[{"embeddable":true,"href":"https:\/\/zukunft-inklusion.prestage.ch\/ag\/wp-json\/wp\/v2\/comments?post=7"}],"version-history":[{"count":23,"href":"https:\/\/zukunft-inklusion.prestage.ch\/ag\/wp-json\/wp\/v2\/pages\/7\/revisions"}],"predecessor-version":[{"id":346,"href":"https:\/\/zukunft-inklusion.prestage.ch\/ag\/wp-json\/wp\/v2\/pages\/7\/revisions\/346"}],"wp:attachment":[{"href":"https:\/\/zukunft-inklusion.prestage.ch\/ag\/wp-json\/wp\/v2\/media?parent=7"}],"curies":[{"name":"wp","href":"https:\/\/api.w.org\/{rel}","templated":true}]}}