{"id":30,"date":"2023-07-28T14:00:37","date_gmt":"2023-07-28T12:00:37","guid":{"rendered":"https:\/\/zukunft-inklusion.ch.prestage.ch\/be\/?page_id=30"},"modified":"2023-09-26T19:04:22","modified_gmt":"2023-09-26T17:04:22","slug":"medien","status":"publish","type":"page","link":"https:\/\/zukunft-inklusion.prestage.ch\/be\/medien\/","title":{"rendered":"Medien"},"content":{"rendered":"\n<h2 class=\"wp-block-heading\">Medienbeitr\u00e4ge zu den Aktionstagen<\/h2>\n\n\n\n<p>Hier finden Sie eine Zusammenstellung von Medienbeitr\u00e4gen zu den Aktionstagen Behindertenrechte 2024.<\/p>\n\n\n<div role=\"list\" class=\"cst-mediapub-list cst-mediapub-list-page\" aria-live=\"polite\"><div role=\"listitem\" class=\"cst-mediapub-listitem cst-mediapub-listitem-show\" id=\"mediapub_252\" data-index=\"1\"><h3 class=\"h5 cst-mediapub-post-title\">Gesundheits-, Sozial- und Integrationsdirektion<\/h3><p>Aktionstage Behindertenrechte anl\u00e4sslich Jubil\u00e4um UNO-Behindertenkonvention. Medienmitteilung des Kantons Bern <\/p><!--  --><a href=\"https:\/\/www.gsi.be.ch\/de\/start.html?newsID=4c949c78-7dfd-4da9-92f0-d9d51f05fc79\" target=\"_blank\" aria-label=\"Zum Medienbeitrag \u2013 Gesundheits-, Sozial- und Integrationsdirektion\" class=\"more-link\">Zum Medienbeitrag<\/a><\/div><\/div>\n\n\n<h2 class=\"wp-block-heading\">Medienkontakte<\/h2>\n\n\n\n<p><strong>Susanne Gutbrod-Kunkler<\/strong><strong><br><\/strong>Gesch\u00e4ftsleiterin Kantonale Behindertenkonferenz Bern kbk<br>E-Mail: <a href=\"mailto:\" data-eml-encoded-attr=\"WVd0MGFXOXVjM1JoWjJVbE5EQnJZbXN1WTJnPQ==\" data-type=\"mailto\"><span data-eml-encoded-html><label>(E-Mail)<\/label><var aria-hidden=\"true\" style=\"display:none\">WVd0MGFXOXVjM1JoWjJVbE5EQnJZbXN1WTJnPQ==<\/var><\/span><\/a><br>Telefon: +41 (0)79 436 74 93<\/p>\n\n\n\n<p><strong>Regula Truttmann<\/strong><br>Wissenschaftliche Mitarbeiterin, MSc Soziale Arbeit<br>Gesundheits-, Sozial- und Integrationsdirektion des Kantons Bern (GSI)<br>Amt f\u00fcr Integration und Soziales (AIS)<br>Abteilung Soziale Einrichtungen und Assistenz (SEA)<br>E-Mail: <a href=\"mailto:\" data-eml-encoded-attr=\"Y21WbmRXeGhMblJ5ZFhSMGJXRnViaVUwTUdKbExtTm8=\"><span data-eml-encoded-html><label>(E-Mail)<\/label><var aria-hidden=\"true\" style=\"display:none\">Y21WbmRXeGhMblJ5ZFhSMGJXRnViaVUwTUdKbExtTm8=<\/var><\/span><\/a><br>Telefon: +41 (0)31 633 86 78 <\/p>\n\n\n\n<p><br><\/p>\n\n\n\n<p><\/p>\n","protected":false},"excerpt":{"rendered":"<p>Medienbeitr\u00e4ge zu den Aktionstagen Hier finden Sie eine Zusammenstellung von Medienbeitr\u00e4gen zu den Aktionstagen Behindertenrechte 2024. Medienkontakte Susanne Gutbrod-KunklerGesch\u00e4ftsleiterin Kantonale Behindertenkonferenz Bern kbkE-Mail: (E-Mail)WVd0MGFXOXVjM1JoWjJVbE5EQnJZbXN1WTJnPQ==Telefon: +41 (0)79 436 74 93 Regula TruttmannWissenschaftliche Mitarbeiterin, MSc Soziale ArbeitGesundheits-, Sozial- und Integrationsdirektion des Kantons Bern (GSI)Amt f\u00fcr Integration und Soziales (AIS)Abteilung Soziale Einrichtungen und Assistenz (SEA)E-Mail: (E-Mail)Y21WbmRXeGhMblJ5ZFhSMGJXRnViaVUwTUdKbExtTm8=Telefon: +41 (0)31 [&hellip;]<\/p>\n","protected":false},"author":1,"featured_media":0,"parent":0,"menu_order":8,"comment_status":"closed","ping_status":"closed","template":"page-templates\/media_page.php","meta":{"_acf_changed":false,"_genesis_hide_title":false,"_genesis_hide_breadcrumbs":false,"_genesis_hide_singular_image":false,"_genesis_hide_footer_widgets":false,"_genesis_custom_body_class":"","_genesis_custom_post_class":"","_genesis_layout":"","footnotes":""},"class_list":{"0":"post-30","1":"page","2":"type-page","3":"status-publish","5":"entry"},"acf":[],"_links":{"self":[{"href":"https:\/\/zukunft-inklusion.prestage.ch\/be\/wp-json\/wp\/v2\/pages\/30","targetHints":{"allow":["GET"]}}],"collection":[{"href":"https:\/\/zukunft-inklusion.prestage.ch\/be\/wp-json\/wp\/v2\/pages"}],"about":[{"href":"https:\/\/zukunft-inklusion.prestage.ch\/be\/wp-json\/wp\/v2\/types\/page"}],"author":[{"embeddable":true,"href":"https:\/\/zukunft-inklusion.prestage.ch\/be\/wp-json\/wp\/v2\/users\/1"}],"replies":[{"embeddable":true,"href":"https:\/\/zukunft-inklusion.prestage.ch\/be\/wp-json\/wp\/v2\/comments?post=30"}],"version-history":[{"count":5,"href":"https:\/\/zukunft-inklusion.prestage.ch\/be\/wp-json\/wp\/v2\/pages\/30\/revisions"}],"predecessor-version":[{"id":229,"href":"https:\/\/zukunft-inklusion.prestage.ch\/be\/wp-json\/wp\/v2\/pages\/30\/revisions\/229"}],"wp:attachment":[{"href":"https:\/\/zukunft-inklusion.prestage.ch\/be\/wp-json\/wp\/v2\/media?parent=30"}],"curies":[{"name":"wp","href":"https:\/\/api.w.org\/{rel}","templated":true}]}}