{"id":7,"date":"2023-07-28T14:00:48","date_gmt":"2023-07-28T12:00:48","guid":{"rendered":"https:\/\/zukunft-inklusion.ch.prestage.ch\/be\/?page_id=7"},"modified":"2024-06-28T07:40:42","modified_gmt":"2024-06-28T05:40:42","slug":"mitwirken","status":"publish","type":"page","link":"https:\/\/zukunft-inklusion.prestage.ch\/be\/mitwirken\/","title":{"rendered":"Mitwirken"},"content":{"rendered":"\n<h2 class=\"wp-block-heading\"><\/h2>\n\n\n\n<p><\/p>\n\n\n\n<h2 class=\"wp-block-heading\">Informieren Sie sich \u00fcber \u00abZukunft Inklusion\u00bb<\/h2>\n\n\n\n<p>Hier geht\u2019s zum <a href=\"https:\/\/zukunft-inklusion.prestage.ch\/be\/kalender\/\">Kalender <\/a>mit allen durchgef\u00fchrten Aktionen.<\/p>\n\n\n\n<h2 class=\"wp-block-heading\">Bewerben Sie die Aktionstage Behindertenrechte 2024<\/h2>\n\n\n\n<p>Reden Sie \u00fcber die Aktionstage. Weisen Sie Ihr Umfeld auf die Mitwirkungsm\u00f6glichkeiten hin und folgen Sie uns auf den sozialen Medien.<\/p>\n\n\n\n<h2 class=\"wp-block-heading\">Ihre R\u00fcckmeldung ist uns wichtig<\/h2>\n\n\n\n<p>Haben Sie Ideen f\u00fcr Aktionen? Beobachten Sie Missst\u00e4nde, die wir thematisieren sollen? Oder m\u00f6chten Sie sich aktiv einbringen? Nehmen Sie bitte mit uns <a href=\"https:\/\/zukunft-inklusion.prestage.ch\/be\/kontakt\/\">Kontakt<\/a> auf. <\/p>\n","protected":false},"excerpt":{"rendered":"<p>Informieren Sie sich \u00fcber \u00abZukunft Inklusion\u00bb Hier geht\u2019s zum Kalender mit allen durchgef\u00fchrten Aktionen. Bewerben Sie die Aktionstage Behindertenrechte 2024 Reden Sie \u00fcber die Aktionstage. Weisen Sie Ihr Umfeld auf die Mitwirkungsm\u00f6glichkeiten hin und folgen Sie uns auf den sozialen Medien. Ihre R\u00fcckmeldung ist uns wichtig Haben Sie Ideen f\u00fcr Aktionen? Beobachten Sie Missst\u00e4nde, die [&hellip;]<\/p>\n","protected":false},"author":1,"featured_media":0,"parent":0,"menu_order":6,"comment_status":"closed","ping_status":"closed","template":"page-templates\/participate_page.php","meta":{"_acf_changed":false,"_genesis_hide_title":false,"_genesis_hide_breadcrumbs":false,"_genesis_hide_singular_image":false,"_genesis_hide_footer_widgets":false,"_genesis_custom_body_class":"","_genesis_custom_post_class":"","_genesis_layout":"","footnotes":""},"class_list":{"0":"post-7","1":"page","2":"type-page","3":"status-publish","5":"entry"},"acf":[],"_links":{"self":[{"href":"https:\/\/zukunft-inklusion.prestage.ch\/be\/wp-json\/wp\/v2\/pages\/7","targetHints":{"allow":["GET"]}}],"collection":[{"href":"https:\/\/zukunft-inklusion.prestage.ch\/be\/wp-json\/wp\/v2\/pages"}],"about":[{"href":"https:\/\/zukunft-inklusion.prestage.ch\/be\/wp-json\/wp\/v2\/types\/page"}],"author":[{"embeddable":true,"href":"https:\/\/zukunft-inklusion.prestage.ch\/be\/wp-json\/wp\/v2\/users\/1"}],"replies":[{"embeddable":true,"href":"https:\/\/zukunft-inklusion.prestage.ch\/be\/wp-json\/wp\/v2\/comments?post=7"}],"version-history":[{"count":14,"href":"https:\/\/zukunft-inklusion.prestage.ch\/be\/wp-json\/wp\/v2\/pages\/7\/revisions"}],"predecessor-version":[{"id":18470,"href":"https:\/\/zukunft-inklusion.prestage.ch\/be\/wp-json\/wp\/v2\/pages\/7\/revisions\/18470"}],"wp:attachment":[{"href":"https:\/\/zukunft-inklusion.prestage.ch\/be\/wp-json\/wp\/v2\/media?parent=7"}],"curies":[{"name":"wp","href":"https:\/\/api.w.org\/{rel}","templated":true}]}}