{"id":3,"date":"2023-07-28T14:00:47","date_gmt":"2023-07-28T12:00:47","guid":{"rendered":"https:\/\/zukunft-inklusion.ch.prestage.ch\/bs-bl\/?page_id=3"},"modified":"2024-06-25T16:42:18","modified_gmt":"2024-06-25T14:42:18","slug":"startseite","status":"publish","type":"page","link":"https:\/\/zukunft-inklusion.prestage.ch\/bs-bl\/","title":{"rendered":"Zukunft Inklusion \u2013 Aktionstage Behindertenrechte"},"content":{"rendered":"\n<p>Vom 15.&nbsp;Mai bis zum 15.&nbsp;Juni 2024 fanden in der ganzen Schweiz die Nationalen Aktionstage Behindertenrechte 2024 unter dem Motto \u00abZukunft Inklusion\u00bb statt. In der Region Basel haben rund 80 Aktionspartner:innen mitgemacht &#8211; allen voran Menschen mit Behinderungen und ihre Organisationen, Vereine, Kultur- und Bildungsinstitutionen und \u00f6ffentliche Einrichtungen. Hier ein kleiner R\u00fcckblick:<\/p>\n\n\n\n<figure class=\"wp-block-embed is-type-video is-provider-youtube wp-block-embed-youtube wp-embed-aspect-16-9 wp-has-aspect-ratio\"><div class=\"wp-block-embed__wrapper\">\n <iframe referrerpolicy=\"no-referrer\" loading=\"lazy\" title=\"Aktionstage Behindertenrechte 2024 Region Basel\" width=\"500\" height=\"281\" src=\"https:\/\/www.youtube-nocookie.com\/embed\/kZFqCNo9gQc?feature=oembed\" frameborder=\"0\" allow=\"accelerometer; autoplay; clipboard-write; encrypted-media; gyroscope; picture-in-picture; web-share\" referrerpolicy=\"strict-origin-when-cross-origin\" allowfullscreen><\/iframe>\n<\/div><figcaption class=\"wp-element-caption\">R\u00fcckblick auf die Aktionstage Behindertenrechte 2024 Region Basel <\/figcaption><\/figure>\n\n\n\n<p><\/p>\n\n\n\n<p>Die Aktionstage Behindertenrechte 2024 wurden vom\u00a0<a rel=\"noreferrer noopener\" href=\"https:\/\/www.behindertenforum.ch\/\" target=\"_blank\">Behindertenforum Region Basel<\/a>\u00a0in Zusammenarbeit mit den Kantonen Basel-Stadt und Basel-Landschaft initiiert und von den beiden Swisslos-Fonds Basel-Stadt und Basel-Landschaft finanziell unterst\u00fctzt.\u00a0Sie waren Teil eines nationalen Projekts, das vom Eidgen\u00f6ssischen B\u00fcro f\u00fcr Gleichstellung von Menschen mit Behinderungen und der Konferenz der kantonalen Sozialdirektorinnen und Sozialdirektoren unterst\u00fctzt wurde.<\/p>\n\n\n\n<h2 class=\"wp-block-heading\">Wer konnte mitmachen?<\/h2>\n\n\n\n<p>Interessierte aus allen Lebensbereichen, Unternehmen, Vereine, Gemeinden, Menschen mit und ohne Behinderungen waren aufgerufen, einer breiten Bev\u00f6lkerung aufzeigen, wie Inklusion und Hindernisfreiheit umgesetzt werden kann. Die Aktionen reichten von Workshops, Sensibilisierungskursen in Schulen, \u00fcber inklusive Theater- und Stadtf\u00fchrungen, Yoga- und Selbstverteidigungskurse bis hin zur Pr\u00e4sentation einer Behindertencharta der Basler Parteien.&nbsp;Die Aktionstage haben den Lebensalltag von Menschen mit Behinderungen in den Mittelpunkt ger\u00fcckt und f\u00fcr die Bev\u00f6lkerung sichtbar gemacht<\/p>\n\n\n\n<h2 class=\"wp-block-heading\">Warum das alles?<\/h2>\n\n\n\n<p>Im Jahr 2014 hat die Schweiz die UNO-Behindertenrechtskonvention (<a rel=\"noreferrer noopener\" href=\"https:\/\/www.fedlex.admin.ch\/eli\/cc\/2014\/245\/de\" target=\"_blank\">UNO-BRK<\/a>) unterschrieben. Das Behindertengleichstellungsgesetz (<a rel=\"noreferrer noopener\" href=\"https:\/\/www.fedlex.admin.ch\/eli\/cc\/2003\/667\/de\" target=\"_blank\">BehiG<\/a>) existiert bereits seit 2004.&nbsp;Im Kanton Basel-Stadt wurde 2021 ein Behindertenrechtegesetz (<a href=\"https:\/\/www.gesetzessammlung.bs.ch\/app\/de\/quick_search\/systematic\/direct\/379816\/89fa79553637f4856b4ac84995326a4d\">BRG<\/a>) in Kraft gesetzt. Ab 2024 gilt auch im Kanton Basel-Landschaft ein solches Gesetz (mehr Infos&nbsp;<a href=\"https:\/\/www.baselland.ch\/politik-und-behorden\/regierungsrat\/medienmitteilungen\/neues-rahmengesetz-zur-staerkung-der-behindertenrechte\">hier<\/a>).<\/p>\n\n\n\n<p>Diese Rechtsgrundlagen verlangen, dass Menschen mit Behinderungen die gleichen Rechte verwirklichen k\u00f6nnen wie alle Menschen. Menschen mit Behinderungen sollen in allen Lebensbereichen<strong>&nbsp;<\/strong>Zugang<strong>&nbsp;<\/strong>haben und an der Gesellschaft teilhaben k\u00f6nnen. Ziel ist ein selbstbestimmtes und selbstverantwortetes Leben.&nbsp;<\/p>\n\n\n\n<p>Mit den Aktionstagen wollen wir 2024 als Jubil\u00e4umsjahr f\u00fcr die Rechte von Menschen mit Behinderungen feiern, deren Umsetzung gemeinsam voran bringen und gute Beispiele sichtbar machen.<\/p>\n\n\n\n<figure class=\"wp-block-embed is-type-video is-provider-youtube wp-block-embed-youtube wp-embed-aspect-16-9 wp-has-aspect-ratio\"><div class=\"wp-block-embed__wrapper\">\n <iframe referrerpolicy=\"no-referrer\" loading=\"lazy\" title=\"Zukunft Inklusion\" width=\"500\" height=\"281\" src=\"https:\/\/www.youtube-nocookie.com\/embed\/OC1v0yI6HrI?start=6&#038;feature=oembed\" frameborder=\"0\" allow=\"accelerometer; autoplay; clipboard-write; encrypted-media; gyroscope; picture-in-picture; web-share\" referrerpolicy=\"strict-origin-when-cross-origin\" allowfullscreen><\/iframe>\n<\/div><\/figure>\n\n\n\n<p>Film &#171;Vielfalt verbindet!&#187;<\/p>\n\n\n\n<h2 class=\"wp-block-heading\"><strong>Bildbeschrieb Film&nbsp;<\/strong>\u00ab<strong>Vielfalt verbindet<\/strong>\u00ab<\/h2>\n\n\n\n<p>Der Film von Zukunft Inklusion besteht aus einzelnen Interviewszenen. Diese finden vor einer grauen Wand statt. Davor stehen ein hellgrauer Sessel, eine Zimmerpalme und ein kleines, rundes Tischchen. Darauf steht eine Tischlampe mit gelblichem Schirm. Daneben ein kleines, weisses T\u00f6pfchen mit einer gr\u00fcnen Pflanze.<\/p>\n\n\n\n<p>Szene 1<\/p>\n\n\n\n<p>Mo Sheriff sitzt im Sessel. Links von ihm steht die Palme vor dem Tischchen. Rechts von ihm ist Melanie Spiller-Reimann eingeblendet. Sie geb\u00e4rdet.<\/p>\n\n\n\n<p>Mo ist 31 Jahre alt. Er hat kurze, schwarze Haare und einen dunklen Teint. Er tr\u00e4gt eine dunkle Sonnenbrille und hat einen kurzen Vollbart. Zu einem roten Polo-Shirt tr\u00e4gt er schwarze Jeans.<\/p>\n\n\n\n<p>Szene 2<\/p>\n\n\n\n<p>Melanie Spiller-Reimann sitzt im Sessel zwischen Palme und Tischchen. Sie ist Mitte vierzig und hat dunkelblondes, langes Haar. Melanie hat blaue Augen. Sie tr\u00e4gt eine dunkle, eckige Brille. Zu einer blauen Hose tr\u00e4gt sie ein dunkelblaues T-Shirt, dar\u00fcber eine lange, blaue Strickjacke. Sie geb\u00e4rdet w\u00e4hrend eine Dolmetscherin ausserhalb des Bildes den Text spricht.<\/p>\n\n\n\n<p>Szene 3<\/p>\n\n\n\n<p><a><\/a>Lila Plakolli sitzt in einem Elektro- Rollstuhl. Links von ihr\/ihm steht die Palme vor dem Tischchen. Rechts von ihr\/ihm ist Melanie eingeblendet. Sie geb\u00e4rdet. Lila ist um die dreissig. Ihr\/Sein rot gef\u00e4rbtes Haar tr\u00e4gt sie\/er in einem Sidecut. Lila hat blaue Augen und tr\u00e4gt eine feine Metallbrille. Sie\/Er hat einen Dreitage-Bart.&nbsp; In Lilas Hals f\u00fchrt ein durchsichtiger Schlauch. Zu einem Lila-Kapuzenpulli tr\u00e4gt sie\/er schwarze Jeans.<\/p>\n\n\n\n<p>Nachfolgend sprechen in der gleichen Szenerie Melanie, Mo und erneut Melanie.<\/p>\n","protected":false},"excerpt":{"rendered":"<p>Vom 15.&nbsp;Mai bis zum 15.&nbsp;Juni 2024 fanden in der ganzen Schweiz die Nationalen Aktionstage Behindertenrechte 2024 unter dem Motto \u00abZukunft Inklusion\u00bb statt. In der Region Basel haben rund 80 Aktionspartner:innen mitgemacht &#8211; allen voran Menschen mit Behinderungen und ihre Organisationen, Vereine, Kultur- und Bildungsinstitutionen und \u00f6ffentliche Einrichtungen. Hier ein kleiner R\u00fcckblick: Die Aktionstage Behindertenrechte 2024 [&hellip;]<\/p>\n","protected":false},"author":1,"featured_media":0,"parent":0,"menu_order":1,"comment_status":"closed","ping_status":"closed","template":"page-templates\/landing_page.php","meta":{"_acf_changed":false,"_genesis_hide_title":false,"_genesis_hide_breadcrumbs":false,"_genesis_hide_singular_image":false,"_genesis_hide_footer_widgets":false,"_genesis_custom_body_class":"","_genesis_custom_post_class":"","_genesis_layout":"","footnotes":""},"class_list":{"0":"post-3","1":"page","2":"type-page","3":"status-publish","5":"entry"},"acf":[],"_links":{"self":[{"href":"https:\/\/zukunft-inklusion.prestage.ch\/bs-bl\/wp-json\/wp\/v2\/pages\/3","targetHints":{"allow":["GET"]}}],"collection":[{"href":"https:\/\/zukunft-inklusion.prestage.ch\/bs-bl\/wp-json\/wp\/v2\/pages"}],"about":[{"href":"https:\/\/zukunft-inklusion.prestage.ch\/bs-bl\/wp-json\/wp\/v2\/types\/page"}],"author":[{"embeddable":true,"href":"https:\/\/zukunft-inklusion.prestage.ch\/bs-bl\/wp-json\/wp\/v2\/users\/1"}],"replies":[{"embeddable":true,"href":"https:\/\/zukunft-inklusion.prestage.ch\/bs-bl\/wp-json\/wp\/v2\/comments?post=3"}],"version-history":[{"count":25,"href":"https:\/\/zukunft-inklusion.prestage.ch\/bs-bl\/wp-json\/wp\/v2\/pages\/3\/revisions"}],"predecessor-version":[{"id":679,"href":"https:\/\/zukunft-inklusion.prestage.ch\/bs-bl\/wp-json\/wp\/v2\/pages\/3\/revisions\/679"}],"wp:attachment":[{"href":"https:\/\/zukunft-inklusion.prestage.ch\/bs-bl\/wp-json\/wp\/v2\/media?parent=3"}],"curies":[{"name":"wp","href":"https:\/\/api.w.org\/{rel}","templated":true}]}}