{"id":5,"date":"2023-07-28T14:00:17","date_gmt":"2023-07-28T12:00:17","guid":{"rendered":"https:\/\/zukunft-inklusion.ch.prestage.ch\/bs-bl\/?page_id=5"},"modified":"2024-06-21T08:35:58","modified_gmt":"2024-06-21T06:35:58","slug":"idee","status":"publish","type":"page","link":"https:\/\/zukunft-inklusion.prestage.ch\/bs-bl\/idee\/","title":{"rendered":"Idee"},"content":{"rendered":"\n<h2 class=\"wp-block-heading\">Wer konnte mitmachen?<\/h2>\n\n\n\n<p>Unternehmen, Institutionen, Vereine, Gemeinden, Menschen mit und ohne Behinderungen waren aufgerufen, einer breiten Bev\u00f6lkerung aufzeigen, wie Inklusion und Hindernisfreiheit umgesetzt werden kann. Vom <a href=\"https:\/\/zukunft-inklusion.prestage.ch\/zh\/erfolgsgeschichten\/sensibilisierungsworkshops-perspektivenwechsel\/\" data-type=\"link\" data-id=\"https:\/\/zukunft-inklusion.prestage.ch\/zh\/erfolgsgeschichten\/sensibilisierungsworkshops-perspektivenwechsel\/\">Sensibilisierungsworkshop f\u00fcr Mitarbeitende<\/a>, \u00fcber eine <a href=\"https:\/\/zukunft-inklusion.prestage.ch\/zh\/erfolgsgeschichten\/fuehrungen-an-der-eth-zuerich\/\" data-type=\"link\" data-id=\"https:\/\/zukunft-inklusion.prestage.ch\/zh\/erfolgsgeschichten\/fuehrungen-an-der-eth-zuerich\/\">hindernisfreie F\u00fchrung<\/a>, bis hin zum Inklusions-Check f\u00fcr Gemeinden.  Wir z\u00e4hlten rund 80 Aktionen, die zu den verschiedenen Lebensbereichen wie zum Beispiel Freizeit, Kultur, Arbeit oder Mobilit\u00e4t Bezug genommen haben auf die UNO-Behindertenrechtskonvention (<a rel=\"noreferrer noopener\" href=\"https:\/\/www.fedlex.admin.ch\/eli\/cc\/2014\/245\/de\" target=\"_blank\">UNO-BRK<\/a>). <\/p>\n\n\n\n<h2 class=\"wp-block-heading\">Wer sind wir?<\/h2>\n\n\n\n<p>Die regionalen Aktionstage wurden vom <a href=\"http:\/\/www.behindertenforum.ch\" data-type=\"link\" data-id=\"www.behindertenforum.ch\">Behindertenforum Region Basel<\/a> in Zusammenarbeit mit den Kantonen Basel-Stadt und Basel-Landschaft durchgef\u00fchrt. Unterst\u00fctzt wurden wir ideell durch einen bikantonalen Fachbeirat und finanziell durch den Swisslos-Fonds.<\/p>\n\n\n\n<p>Die Nationalen Aktionstage Behindertenrechte 2024 wurden vom Eidgen\u00f6ssischen B\u00fcro f\u00fcr die Gleichstellung von Menschen mit Behinderungen (<a rel=\"noreferrer noopener\" href=\"https:\/\/www.edi.admin.ch\/edi\/de\/home\/fachstellen\/ebgb.html\" target=\"_blank\">EBGB<\/a>) koordiniert und gef\u00fchrt. Die Konferenz der kantonalen Sozialdirektorinnen und Sozialdirektoren (<a rel=\"noreferrer noopener\" href=\"https:\/\/www.sodk.ch\/de\/\" target=\"_blank\">SODK<\/a>) unterst\u00fctzte den partizipativen Ansatz dieser Kampagne und erachtete sie als ein wichtiges Mittel zur Sensibilisierung der \u00d6ffentlichkeit in der Schweiz f\u00fcr die Anliegen von Menschen mit Behinderungen.<\/p>\n\n\n\n<h2 class=\"wp-block-heading\">Was machen wir?<\/h2>\n\n\n\n<p>Gemeinsam bereiten wir die n\u00e4chsten Aktionstage Behindertenrechte vor. Diese finden p\u00fcnktlich zum 10-j\u00e4hrigen Jubil\u00e4um der <a rel=\"noreferrer noopener\" href=\"https:\/\/www.fedlex.admin.ch\/eli\/cc\/2014\/245\/de\" target=\"_blank\">UNO-BRK<\/a> in der Schweiz und zum 20-j\u00e4hrigen Jubil\u00e4um des Behindertengleichstellungsgesetzes (<a rel=\"noreferrer noopener\" href=\"https:\/\/www.fedlex.admin.ch\/eli\/cc\/2003\/667\/de\" target=\"_blank\">BehiG<\/a>) vom 15. Mai bis 15. Juni 2024 statt.<\/p>\n\n\n\n<h2 class=\"wp-block-heading\">Warum das alles?<\/h2>\n\n\n\n<p>Die UNO-Behindertenrechtskonvention (<a href=\"https:\/\/www.edi.admin.ch\/edi\/de\/home\/fachstellen\/ebgb\/recht\/international0\/uebereinkommen-der-uno-ueber-die-rechte-von-menschen-mit-behinde.html\" target=\"_blank\" rel=\"noreferrer noopener\">UNO-BRK<\/a>) ist keine K\u00fcr, sondern eine Pflicht. F\u00fcr die Umsetzung der UNO-BRK braucht es jedoch ein breites B\u00fcndnis. Mit den Aktionstagen k\u00f6nnen wir das Thema in die breite \u00d6ffentlichkeit tragen.<\/p>\n\n\n\n<h2 class=\"wp-block-heading\">Was ist unsere Vision?<\/h2>\n\n\n\n<p>Menschen mit Behinderung haben dieselben Rechte wie alle anderen auch! Daf\u00fcr setzen wir uns ein. Menschen mit Behinderung sollen spontan und autonom den \u00f6ffentlichen Verkehr nutzen k\u00f6nnen: wie alle anderen auch. Sie sollen an Freizeit, Kultur- und Sportveranstaltungen teilnehmen k\u00f6nnen: wie alle anderen auch. Und wie alle anderen auch sollen Menschen mit Behinderung den gleichen Zugang zu Bildung, zur Gesundheitsversorgung, zum Arbeitsmarkt, zu Wohnraum und Gesch\u00e4ften sowie zu Information und Kommunikation haben. Denn genauso ist dies in der UNO-Behindertenrechtskonvention verankert. Diese hat die Schweiz unterzeichnet und sie ist seit 2014 verpflichtend.<\/p>\n\n\n\n<h2 class=\"wp-block-heading\">Was sind unsere Ziele?<\/h2>\n\n\n\n<p>Die Aktionstage bieten die M\u00f6glichkeit neue, bereits geplante oder umgesetzte Massnahmen der \u00d6ffentlichkeit zu zeigen, welche die Lebensrealit\u00e4ten von Menschen mit Behinderung verbessern. Damit soll die politische Agenda positiv beeinflusst werden. Bei den Aktionen k\u00f6nnen Hindernisse sichtbar und erlebbar gemacht werden. Gleichzeitig soll praktisches Wissen vermittelt werden, um zielgerichtete und nachhaltige L\u00f6sungen zu finden. Entscheidend daf\u00fcr ist ein handlungsf\u00e4higes und vielf\u00e4ltiges Netzwerk. Hierf\u00fcr werden Austauschgef\u00e4sse geschaffen und Unterst\u00fctzungsangebote bereitgestellt.<\/p>\n\n\n\n<h2 class=\"wp-block-heading\">Was sind unsere Qualit\u00e4tsmerkmale?<\/h2>\n\n\n\n<p>Uns ist wichtig, dass Ihre Aktion so gut wie m\u00f6glich umgesetzt wird. Deshalb pr\u00fcft unser Fachbeirat, der aus Menschen mit Behinderungen besteht, Ihre Aktion nach folgenden Kriterien:<\/p>\n\n\n\n<ul class=\"wp-block-list\">\n<li>Die Aktion hat einen direkten Bezug zur <a href=\"https:\/\/www.fedlex.admin.ch\/eli\/cc\/2014\/245\/de\" data-type=\"link\" data-id=\"https:\/\/www.fedlex.admin.ch\/eli\/cc\/2014\/245\/de\">UNO-BRK<\/a>.&nbsp;<\/li>\n\n\n\n<li>Die Aktion spricht die breite Bev\u00f6lkerung oder eine spezifische Zielgruppe auf attraktive Weise&nbsp;an.&nbsp;<\/li>\n\n\n\n<li>Die Aktion wird zusammen mit Menschen mit Behinderungen geplant, entwickelt und umgesetzt.&nbsp;<\/li>\n\n\n\n<li>Die Aktion ist f\u00fcr m\u00f6glichst alle Gruppen von Menschen mit Behinderung zug\u00e4nglich<\/li>\n<\/ul>\n\n\n\n<h2 class=\"wp-block-heading\">Was macht unser Fachbeirat?<\/h2>\n\n\n\n<p>Der Fachbeirat unterst\u00fctzt das Projekt und die Aktionspartner:innen mit Expertise in eigener Sache.<\/p>\n\n\n\n<ul class=\"wp-block-list\">\n<li>Er wirkt aktiv bei den Informations- und Austauschtreffen mit.&nbsp;<\/li>\n\n\n\n<li>Er pr\u00fcft, inwiefern die Aktionen den Qualit\u00e4tskriterien entspricht.&nbsp;<\/li>\n\n\n\n<li>Er steht den Aktionspartner:innen bei der Entwicklung und Planung der Aktionen beratend zur Verf\u00fcgung.&nbsp;&nbsp;<\/li>\n<\/ul>\n\n\n\n<p>Der Fachbeirat setzt sich aus Menschen mit Behinderungen zusammen und deckt soweit wie m\u00f6glich die verschiedenen Perspektiven ab.&nbsp;Es sind dies:<\/p>\n\n\n\n<ul class=\"wp-block-list\">\n<li>Christine B\u00fchler<\/li>\n\n\n\n<li>Martin Born<\/li>\n\n\n\n<li>Viktor Buser<\/li>\n\n\n\n<li>Dominik Schweizer<\/li>\n\n\n\n<li>Meral Yildiz<\/li>\n<\/ul>\n\n\n\n<p><\/p>\n","protected":false},"excerpt":{"rendered":"<p>Wer konnte mitmachen? Unternehmen, Institutionen, Vereine, Gemeinden, Menschen mit und ohne Behinderungen waren aufgerufen, einer breiten Bev\u00f6lkerung aufzeigen, wie Inklusion und Hindernisfreiheit umgesetzt werden kann. Vom Sensibilisierungsworkshop f\u00fcr Mitarbeitende, \u00fcber eine hindernisfreie F\u00fchrung, bis hin zum Inklusions-Check f\u00fcr Gemeinden. Wir z\u00e4hlten rund 80 Aktionen, die zu den verschiedenen Lebensbereichen wie zum Beispiel Freizeit, Kultur, Arbeit [&hellip;]<\/p>\n","protected":false},"author":1,"featured_media":0,"parent":0,"menu_order":2,"comment_status":"closed","ping_status":"closed","template":"page-templates\/concept_page.php","meta":{"_acf_changed":false,"_genesis_hide_title":false,"_genesis_hide_breadcrumbs":false,"_genesis_hide_singular_image":false,"_genesis_hide_footer_widgets":false,"_genesis_custom_body_class":"","_genesis_custom_post_class":"","_genesis_layout":"","footnotes":""},"class_list":{"0":"post-5","1":"page","2":"type-page","3":"status-publish","5":"entry"},"acf":[],"_links":{"self":[{"href":"https:\/\/zukunft-inklusion.prestage.ch\/bs-bl\/wp-json\/wp\/v2\/pages\/5","targetHints":{"allow":["GET"]}}],"collection":[{"href":"https:\/\/zukunft-inklusion.prestage.ch\/bs-bl\/wp-json\/wp\/v2\/pages"}],"about":[{"href":"https:\/\/zukunft-inklusion.prestage.ch\/bs-bl\/wp-json\/wp\/v2\/types\/page"}],"author":[{"embeddable":true,"href":"https:\/\/zukunft-inklusion.prestage.ch\/bs-bl\/wp-json\/wp\/v2\/users\/1"}],"replies":[{"embeddable":true,"href":"https:\/\/zukunft-inklusion.prestage.ch\/bs-bl\/wp-json\/wp\/v2\/comments?post=5"}],"version-history":[{"count":26,"href":"https:\/\/zukunft-inklusion.prestage.ch\/bs-bl\/wp-json\/wp\/v2\/pages\/5\/revisions"}],"predecessor-version":[{"id":670,"href":"https:\/\/zukunft-inklusion.prestage.ch\/bs-bl\/wp-json\/wp\/v2\/pages\/5\/revisions\/670"}],"wp:attachment":[{"href":"https:\/\/zukunft-inklusion.prestage.ch\/bs-bl\/wp-json\/wp\/v2\/media?parent=5"}],"curies":[{"name":"wp","href":"https:\/\/api.w.org\/{rel}","templated":true}]}}