{"id":7,"date":"2023-07-28T14:00:48","date_gmt":"2023-07-28T12:00:48","guid":{"rendered":"https:\/\/zukunft-inklusion.ch.prestage.ch\/bs-bl\/?page_id=7"},"modified":"2024-06-25T16:44:02","modified_gmt":"2024-06-25T14:44:02","slug":"mitwirken","status":"publish","type":"page","link":"https:\/\/zukunft-inklusion.prestage.ch\/bs-bl\/mitwirken\/","title":{"rendered":"Mitwirken"},"content":{"rendered":"\n<h2 class=\"wp-block-heading\">Wer hat teilgenommen?<\/h2>\n\n\n\n<p>Schulen, \u00c4mter, Institutionen, Wirtschaftsverb\u00e4nde, Vereine, Gemeinden, Menschen mit und ohne Behinderungen wurden aufgerufen, einer breiten Bev\u00f6lkerung aufzeigen, wie Inklusion und Hindernisfreiheit umgesetzt werden kann. Rund 80 Organisationen haben sich f\u00fcr eine oder mehrere Aktionen angemeldet. Hier ein kleiner R\u00fcckblick auf unsere ersten erfolgreichen Aktionstage Behindertenrechte 2024:<\/p>\n\n\n\n<figure class=\"wp-block-embed is-type-video is-provider-youtube wp-block-embed-youtube wp-embed-aspect-16-9 wp-has-aspect-ratio\"><div class=\"wp-block-embed__wrapper\">\n <iframe referrerpolicy=\"no-referrer\" loading=\"lazy\" title=\"Aktionstage Behindertenrechte 2024 Region Basel\" width=\"500\" height=\"281\" src=\"https:\/\/www.youtube-nocookie.com\/embed\/kZFqCNo9gQc?feature=oembed\" frameborder=\"0\" allow=\"accelerometer; autoplay; clipboard-write; encrypted-media; gyroscope; picture-in-picture; web-share\" referrerpolicy=\"strict-origin-when-cross-origin\" allowfullscreen><\/iframe>\n<\/div><figcaption class=\"wp-element-caption\">R\u00fcckblick auf die Aktionstage Behindertenrechte 2024 Region Basel<\/figcaption><\/figure>\n\n\n\n<p><\/p>\n\n\n\n<p>Wir haben Merkbl\u00e4tter erstellt, um Ihnen bei der Gestaltung Ihrer Aktionen zu helfen. Diese Merkbl\u00e4tter bieten praktische Tipps und Anleitungen f\u00fcr die Planung und Umsetzung Ihrer Aktion.<\/p>\n\n\n\n<h2 class=\"wp-block-heading\"><a href=\"https:\/\/zukunft-inklusion.prestage.ch\/bs-bl\/wp-content\/uploads\/sites\/22\/Faktenblatt-1-Sprache-und-Behinderung.pdf\" data-type=\"attachment\" data-id=\"92\">Merkblatt Sprache und Behinderung<\/a><\/h2>\n\n\n\n<ol class=\"wp-block-list\">\n<li><a href=\"https:\/\/zukunft-inklusion.prestage.ch\/bs-bl\/wp-content\/uploads\/sites\/22\/Faktenblatt-2-Hindernisfreie-Veranstaltung.pdf\" data-type=\"attachment\" data-id=\"93\">Merkblatt Hindernisfreie Veranstaltungen planen<\/a><\/li>\n\n\n\n<li><a href=\"https:\/\/zukunft-inklusion.prestage.ch\/bs-bl\/wp-content\/uploads\/sites\/22\/Faktenblatt-3-Einfache-Sprache.pdf\" data-type=\"attachment\" data-id=\"94\">Merkblatt Einfache Sprache<\/a><\/li>\n\n\n\n<li><a href=\"https:\/\/zukunft-inklusion.prestage.ch\/bs-bl\/wp-content\/uploads\/sites\/22\/Faktenblatt-4-Social-Media.pdf\" data-type=\"attachment\" data-id=\"95\">Merkblatt Soziale Medien<\/a><\/li>\n\n\n\n<li><a href=\"https:\/\/zukunft-inklusion.prestage.ch\/bs-bl\/wp-content\/uploads\/sites\/22\/Faktenblatt-5-Netzwerkaufbau.pdf\" data-type=\"attachment\" data-id=\"96\">Merkblatt Netzwerkaufbau<\/a><\/li>\n<\/ol>\n\n\n\n<h2 class=\"wp-block-heading\">Informieren Sie sich \u00fcber \u00abZukunft Inklusion\u00bb<\/h2>\n\n\n\n<p>Hier geht\u2019s zum <a href=\"https:\/\/zukunft-inklusion.prestage.ch\/bs-bl\/kalender\/\">Kalender<\/a> mit den Daten und M\u00f6glichkeiten zur Anmeldung.<\/p>\n\n\n\n<h2 class=\"wp-block-heading\">Bewerben Sie die Aktionstage Behindertenrechte 2024<\/h2>\n\n\n\n<p>Reden Sie \u00fcber die Aktionstage und die vielf\u00e4ltigen Aktionen. Weisen Sie Ihr Umfeld auf die Mitwirkungsm\u00f6glichkeiten hin und folgen Sie uns auf den sozialen Medien.<\/p>\n\n\n\n<h2 class=\"wp-block-heading\">Ihre R\u00fcckmeldung ist uns wichtig<\/h2>\n\n\n\n<p>Haben Sie Ideen f\u00fcr Aktionen? Beobachten Sie Missst\u00e4nde, die wir thematisieren sollen? Oder m\u00f6chten Sie sich aktiv einbringen? Nehmen Sie bitte mit uns <a href=\"https:\/\/zukunft-inklusion.prestage.ch\/bs-bl\/kontakt\/\">Kontakt<\/a> auf. Wir freuen uns auch \u00fcber Ihre R\u00fcckmeldungen zu den Merkbl\u00e4ttern. Sind sie n\u00fctzlich? Fehlt ein wichtiges Thema?<\/p>\n","protected":false},"excerpt":{"rendered":"<p>Wer hat teilgenommen? Schulen, \u00c4mter, Institutionen, Wirtschaftsverb\u00e4nde, Vereine, Gemeinden, Menschen mit und ohne Behinderungen wurden aufgerufen, einer breiten Bev\u00f6lkerung aufzeigen, wie Inklusion und Hindernisfreiheit umgesetzt werden kann. Rund 80 Organisationen haben sich f\u00fcr eine oder mehrere Aktionen angemeldet. Hier ein kleiner R\u00fcckblick auf unsere ersten erfolgreichen Aktionstage Behindertenrechte 2024: Wir haben Merkbl\u00e4tter erstellt, um Ihnen [&hellip;]<\/p>\n","protected":false},"author":1,"featured_media":0,"parent":0,"menu_order":6,"comment_status":"closed","ping_status":"closed","template":"page-templates\/participate_page.php","meta":{"_acf_changed":false,"_genesis_hide_title":false,"_genesis_hide_breadcrumbs":false,"_genesis_hide_singular_image":false,"_genesis_hide_footer_widgets":false,"_genesis_custom_body_class":"","_genesis_custom_post_class":"","_genesis_layout":"","footnotes":""},"class_list":{"0":"post-7","1":"page","2":"type-page","3":"status-publish","5":"entry"},"acf":[],"_links":{"self":[{"href":"https:\/\/zukunft-inklusion.prestage.ch\/bs-bl\/wp-json\/wp\/v2\/pages\/7","targetHints":{"allow":["GET"]}}],"collection":[{"href":"https:\/\/zukunft-inklusion.prestage.ch\/bs-bl\/wp-json\/wp\/v2\/pages"}],"about":[{"href":"https:\/\/zukunft-inklusion.prestage.ch\/bs-bl\/wp-json\/wp\/v2\/types\/page"}],"author":[{"embeddable":true,"href":"https:\/\/zukunft-inklusion.prestage.ch\/bs-bl\/wp-json\/wp\/v2\/users\/1"}],"replies":[{"embeddable":true,"href":"https:\/\/zukunft-inklusion.prestage.ch\/bs-bl\/wp-json\/wp\/v2\/comments?post=7"}],"version-history":[{"count":34,"href":"https:\/\/zukunft-inklusion.prestage.ch\/bs-bl\/wp-json\/wp\/v2\/pages\/7\/revisions"}],"predecessor-version":[{"id":680,"href":"https:\/\/zukunft-inklusion.prestage.ch\/bs-bl\/wp-json\/wp\/v2\/pages\/7\/revisions\/680"}],"wp:attachment":[{"href":"https:\/\/zukunft-inklusion.prestage.ch\/bs-bl\/wp-json\/wp\/v2\/media?parent=7"}],"curies":[{"name":"wp","href":"https:\/\/api.w.org\/{rel}","templated":true}]}}