{"id":75,"date":"2023-07-28T14:00:17","date_gmt":"2023-07-28T12:00:17","guid":{"rendered":"https:\/\/avenir-inclusif.ch.prestage.ch\/fr\/?page_id=75"},"modified":"2024-07-09T14:32:02","modified_gmt":"2024-07-09T12:32:02","slug":"idee","status":"publish","type":"page","link":"https:\/\/zukunft-inklusion.prestage.ch\/fr\/idee\/","title":{"rendered":"Idee"},"content":{"rendered":"\n<h2 class=\"wp-block-heading\">Wer sind wir?<\/h2>\n\n\n\n<p>Die Direktion f\u00fcr Gesundheit und Soziales des Kantons Freiburg (<a href=\"https:\/\/www.fr.ch\/de\/gsd\">GSD<\/a>) hat, durch sein Sozialvorsorgeamt (<a href=\"https:\/\/www.fr.ch\/de\/gsd\/sva\">SVA<\/a>), die Aktionstage f\u00fcr die Rechte von Menschen mit Behinderungen 2024 im Kanton Freiburg organisiert.<\/p>\n\n\n\n<p>Die Nationalen Aktionstage Behindertenrechte 2024 wurden vom Eidgen\u00f6ssischen B\u00fcro f\u00fcr die Gleichstellung von Menschen mit Behinderungen (<a rel=\"noreferrer noopener\" href=\"https:\/\/www.edi.admin.ch\/edi\/de\/home\/fachstellen\/ebgb.html\" target=\"_blank\">EBGB<\/a>) koordiniert und gef\u00fchrt. Die Konferenz der kantonalen Sozialdirektorinnen und Sozialdirektoren (<a rel=\"noreferrer noopener\" href=\"https:\/\/www.sodk.ch\/de\/\" target=\"_blank\">SODK<\/a>) hat den partizipativen Ansatz dieser Kampagne unterst\u00fctzt und erachtet sie als ein wichtiges Mittel zur Sensibilisierung der \u00d6ffentlichkeit in der Schweiz f\u00fcr die Anliegen von Menschen mit Behinderungen.<\/p>\n\n\n\n<h2 class=\"wp-block-heading\">Was haben wir gemacht?<\/h2>\n\n\n\n<p>Gemeinsam mit unseren Partnern haben wir die n\u00e4chsten Aktionstage f\u00fcr Behindertenrechte vorbereitet. Diese haben p\u00fcnktlich zum 10-j\u00e4hrigen Jubil\u00e4um der <a rel=\"noreferrer noopener\" href=\"https:\/\/www.fedlex.admin.ch\/eli\/cc\/2014\/245\/de\" target=\"_blank\">UNO-BRK<\/a> in der Schweiz und zum 20-j\u00e4hrigen Jubil\u00e4um des Behindertengleichstellungsgesetzes (<a rel=\"noreferrer noopener\" href=\"https:\/\/www.fedlex.admin.ch\/eli\/cc\/2003\/667\/de\" target=\"_blank\">BehiG<\/a>) vom 15. Mai bis 15. Juni 2024 stattgefunden.<\/p>\n\n\n\n<p><\/p>\n\n\n\n<h2 class=\"wp-block-heading\">Warum das alles?<\/h2>\n\n\n\n<p>Die UNO-Behindertenrechtskonvention (<a rel=\"noreferrer noopener\" href=\"https:\/\/www.edi.admin.ch\/edi\/de\/home\/fachstellen\/ebgb\/recht\/international0\/uebereinkommen-der-uno-ueber-die-rechte-von-menschen-mit-behinde.html\" target=\"_blank\">UNO-BRK<\/a>) muss in der Schweiz umgesetzt werden. Der Kanton Freiburg m\u00f6chte sich an dieser gemeinsamen Anstrengung beteiligen und diese Themen f\u00fcr die breite \u00d6ffentlichkeit sichtbar machen.<\/p>\n\n\n\n<h2 class=\"wp-block-heading\">Was ist unsere Vision?<\/h2>\n\n\n\n<p>Unterschiede sind eine Bereicherung f\u00fcr unsere Gesellschaft. <\/p>\n\n\n\n<p>Der Kanton Freiburg will den Menschen mit Behinderungen helfen, ihren Platz innerhalb unserer Gesellschaft zu finden, unter Achtung ihrer Autonomie und ihres Rechts auf Selbstbestimmung.<\/p>\n\n\n\n<p>Der Kanton unterst\u00fctzt deshalb Massnahmen, die der Umsetzung der UNO-Behindertenrechtskonvention dienen.<\/p>\n\n\n\n<h2 class=\"wp-block-heading\">Was waren unsere Ziele?<\/h2>\n\n\n\n<p>Aktionstage haben Projekte sichtbar gemacht, die die konkrete Umsetzung der Grunds\u00e4tze der UNO-BRK vorantreiben.<\/p>\n\n\n\n<h2 class=\"wp-block-heading\">Was waren unsere Qualit\u00e4tsmerkmale?<\/h2>\n\n\n\n<p>Die Massnahmen mussten einen Bezug zur BRK haben, die Inklusion von Menschen mit Behinderungen gew\u00e4hrleisten und f\u00fcr m\u00f6glichst viele Menschen zug\u00e4nglich sein.<\/p>\n","protected":false},"excerpt":{"rendered":"<p>Wer sind wir? Die Direktion f\u00fcr Gesundheit und Soziales des Kantons Freiburg (GSD) hat, durch sein Sozialvorsorgeamt (SVA), die Aktionstage f\u00fcr die Rechte von Menschen mit Behinderungen 2024 im Kanton Freiburg organisiert. Die Nationalen Aktionstage Behindertenrechte 2024 wurden vom Eidgen\u00f6ssischen B\u00fcro f\u00fcr die Gleichstellung von Menschen mit Behinderungen (EBGB) koordiniert und gef\u00fchrt. Die Konferenz der [&hellip;]<\/p>\n","protected":false},"author":1,"featured_media":0,"parent":0,"menu_order":2,"comment_status":"closed","ping_status":"closed","template":"page-templates\/concept_page.php","meta":{"_acf_changed":false,"_genesis_hide_title":false,"_genesis_hide_breadcrumbs":false,"_genesis_hide_singular_image":false,"_genesis_hide_footer_widgets":false,"_genesis_custom_body_class":"","_genesis_custom_post_class":"","_genesis_layout":"","footnotes":""},"class_list":{"0":"post-75","1":"page","2":"type-page","3":"status-publish","5":"entry"},"acf":[],"_links":{"self":[{"href":"https:\/\/zukunft-inklusion.prestage.ch\/fr\/wp-json\/wp\/v2\/pages\/75","targetHints":{"allow":["GET"]}}],"collection":[{"href":"https:\/\/zukunft-inklusion.prestage.ch\/fr\/wp-json\/wp\/v2\/pages"}],"about":[{"href":"https:\/\/zukunft-inklusion.prestage.ch\/fr\/wp-json\/wp\/v2\/types\/page"}],"author":[{"embeddable":true,"href":"https:\/\/zukunft-inklusion.prestage.ch\/fr\/wp-json\/wp\/v2\/users\/1"}],"replies":[{"embeddable":true,"href":"https:\/\/zukunft-inklusion.prestage.ch\/fr\/wp-json\/wp\/v2\/comments?post=75"}],"version-history":[{"count":11,"href":"https:\/\/zukunft-inklusion.prestage.ch\/fr\/wp-json\/wp\/v2\/pages\/75\/revisions"}],"predecessor-version":[{"id":609,"href":"https:\/\/zukunft-inklusion.prestage.ch\/fr\/wp-json\/wp\/v2\/pages\/75\/revisions\/609"}],"wp:attachment":[{"href":"https:\/\/zukunft-inklusion.prestage.ch\/fr\/wp-json\/wp\/v2\/media?parent=75"}],"curies":[{"name":"wp","href":"https:\/\/api.w.org\/{rel}","templated":true}]}}