{"id":3,"date":"2023-07-28T14:00:47","date_gmt":"2023-07-28T12:00:47","guid":{"rendered":"https:\/\/zukunft-inklusion.ch.prestage.ch\/gl\/?page_id=3"},"modified":"2024-06-20T15:38:42","modified_gmt":"2024-06-20T13:38:42","slug":"startseite","status":"publish","type":"page","link":"https:\/\/zukunft-inklusion.prestage.ch\/gl\/","title":{"rendered":"Zukunft Inklusion \u2013 Aktionstage Behindertenrechte"},"content":{"rendered":"\n<p>Die UNO-Behindertenrechtskonvention (<a rel=\"noreferrer noopener\" href=\"https:\/\/www.fedlex.admin.ch\/eli\/cc\/2014\/245\/de\" target=\"_blank\">UNO-BRK<\/a>) ist in der Schweiz seit 2014 in Kraft. Im Rahmen des 10-j\u00e4hrigen Jubil\u00e4ums wollen wir der Umsetzung der Behindertenrechte Schub verleihen, gemeinsam handeln und gute Beispiele sichtbar machen. Vom 15.&nbsp;Mai bis zum 15.&nbsp;Juni 2024 fanden im Glarnerland und in der ganzen Schweiz deshalb Aktionstage unter dem Motto \u00abZukunft Inklusion\u00bb statt.<\/p>\n\n\n\n<p>Im Kanton Glarus fanden mit den <a href=\"https:\/\/zukunft-inklusion.prestage.ch\/gl\/partnerschaften\/\" data-type=\"link\" data-id=\"https:\/\/zukunft-inklusion.prestage.ch\/gl\/partnerschaften\/\">Aktionspartnerinnen und Aktionspartnern<\/a> elf verschiedene Veranstaltungen statt. Sie boten die M\u00f6glichkeit, in die Welt von Menschen mit Behinderungen einzutauchen. Werfen Sie gerne einen Blick zur\u00fcck auf die <a href=\"https:\/\/zukunft-inklusion.prestage.ch\/gl\/kalender\/\" data-type=\"link\" data-id=\"https:\/\/zukunft-inklusion.prestage.ch\/gl\/kalender\/\">Aktionstage 2024<\/a> im Glarnerland. Erfahren Sie, wie Sie selbst <a href=\"https:\/\/zukunft-inklusion.prestage.ch\/gl\/mitwirken\/\" data-type=\"link\" data-id=\"https:\/\/zukunft-inklusion.prestage.ch\/gl\/mitwirken\/\">inklusive Veranstaltungen<\/a> planen und durchf\u00fchren k\u00f6nnen. Gemeinsam k\u00f6nnen wir die UNO-Behindertenrechtskonvention Schritt f\u00fcr Schritt umsetzen.<\/p>\n","protected":false},"excerpt":{"rendered":"<p>Die UNO-Behindertenrechtskonvention (UNO-BRK) ist in der Schweiz seit 2014 in Kraft. Im Rahmen des 10-j\u00e4hrigen Jubil\u00e4ums wollen wir der Umsetzung der Behindertenrechte Schub verleihen, gemeinsam handeln und gute Beispiele sichtbar machen. Vom 15.&nbsp;Mai bis zum 15.&nbsp;Juni 2024 fanden im Glarnerland und in der ganzen Schweiz deshalb Aktionstage unter dem Motto \u00abZukunft Inklusion\u00bb statt. Im Kanton [&hellip;]<\/p>\n","protected":false},"author":1,"featured_media":0,"parent":0,"menu_order":1,"comment_status":"closed","ping_status":"closed","template":"page-templates\/landing_page.php","meta":{"_acf_changed":false,"_genesis_hide_title":false,"_genesis_hide_breadcrumbs":false,"_genesis_hide_singular_image":false,"_genesis_hide_footer_widgets":false,"_genesis_custom_body_class":"","_genesis_custom_post_class":"","_genesis_layout":"","footnotes":""},"class_list":{"0":"post-3","1":"page","2":"type-page","3":"status-publish","5":"entry"},"acf":[],"_links":{"self":[{"href":"https:\/\/zukunft-inklusion.prestage.ch\/gl\/wp-json\/wp\/v2\/pages\/3","targetHints":{"allow":["GET"]}}],"collection":[{"href":"https:\/\/zukunft-inklusion.prestage.ch\/gl\/wp-json\/wp\/v2\/pages"}],"about":[{"href":"https:\/\/zukunft-inklusion.prestage.ch\/gl\/wp-json\/wp\/v2\/types\/page"}],"author":[{"embeddable":true,"href":"https:\/\/zukunft-inklusion.prestage.ch\/gl\/wp-json\/wp\/v2\/users\/1"}],"replies":[{"embeddable":true,"href":"https:\/\/zukunft-inklusion.prestage.ch\/gl\/wp-json\/wp\/v2\/comments?post=3"}],"version-history":[{"count":21,"href":"https:\/\/zukunft-inklusion.prestage.ch\/gl\/wp-json\/wp\/v2\/pages\/3\/revisions"}],"predecessor-version":[{"id":292,"href":"https:\/\/zukunft-inklusion.prestage.ch\/gl\/wp-json\/wp\/v2\/pages\/3\/revisions\/292"}],"wp:attachment":[{"href":"https:\/\/zukunft-inklusion.prestage.ch\/gl\/wp-json\/wp\/v2\/media?parent=3"}],"curies":[{"name":"wp","href":"https:\/\/api.w.org\/{rel}","templated":true}]}}