{"id":5,"date":"2023-07-28T14:00:17","date_gmt":"2023-07-28T12:00:17","guid":{"rendered":"https:\/\/zukunft-inklusion.ch.prestage.ch\/gl\/?page_id=5"},"modified":"2024-06-20T15:32:57","modified_gmt":"2024-06-20T13:32:57","slug":"idee","status":"publish","type":"page","link":"https:\/\/zukunft-inklusion.prestage.ch\/gl\/idee\/","title":{"rendered":"Idee"},"content":{"rendered":"\n<h2 class=\"wp-block-heading\"><strong>Was sind die nationalen Aktionstage Behindertenrechte?<\/strong><\/h2>\n\n\n\n<p>Die UNO-Behindertenrechtskonvention (<a rel=\"noreferrer noopener\" href=\"https:\/\/www.edi.admin.ch\/edi\/de\/home\/fachstellen\/ebgb\/recht\/international0\/uebereinkommen-der-uno-ueber-die-rechte-von-menschen-mit-behinde.html\" target=\"_blank\">UNO-BRK<\/a>) regelt die Rechte von Menschen mit Behinderungen. Die Vertragsstaaten verpflichten sich durch die UNO-BRK zu einer inklusiven Gesellschaft. Die wichtigsten Forderungen sind: gleiche Rechte und Selbstbestimmung f\u00fcr alle sowie aktive Teilhabe am gesellschaftlichen Leben. Die UNO-BRK wurde in der Schweiz im Jahr 2014 ratifiziert.<\/p>\n\n\n\n<p>F\u00fcr die Umsetzung der UNO-BRK braucht es jedoch ein breites B\u00fcndnis. Die Aktionstage bieten die M\u00f6glichkeit, die \u00d6ffentlichkeit auf die UNO-BRK aufmerksam zu machen und sie zu sensibilisieren. Bei den Aktionen k\u00f6nnen Hindernisse sichtbar und erlebbar gemacht werden. Gleichzeitig kann praktisches Wissen f\u00fcr nachhaltige Ideen ausgetauscht werden.<\/p>\n\n\n\n<p>Die ganze Schweiz beteiligte sich an den nationalen Aktionstagen 2024, welche vom Eidgen\u00f6ssischen B\u00fcro f\u00fcr die Gleichstellung von Menschen mit Behinderungen (<a rel=\"noreferrer noopener\" href=\"https:\/\/www.edi.admin.ch\/edi\/de\/home\/fachstellen\/ebgb.html\" target=\"_blank\">EBGB<\/a>) koordiniert und gef\u00fchrt wurden. Die Konferenz der kantonalen Sozialdirektorinnen und Sozialdirektoren (<a rel=\"noreferrer noopener\" href=\"https:\/\/www.sodk.ch\/de\/\" target=\"_blank\">SODK<\/a>) unterst\u00fctzt den partizipativen Ansatz dieser Kampagne und erachtet sie als ein wichtiges Mittel zur Sensibilisierung der \u00d6ffentlichkeit in der Schweiz f\u00fcr die Anliegen von Menschen mit Behinderungen.<\/p>\n\n\n\n<h2 class=\"wp-block-heading\">Was bedeutet Inklusion?<\/h2>\n\n\n\n<p>Inklusion zielt darauf ab, Hindernisse abzubauen, Vorurteile zu \u00fcberwinden und eine gerechtere und integrativere Gesellschaft zu schaffen. Alle Menschen sollen die M\u00f6glichkeit haben, ihr volles Potenzial auszusch\u00f6pfen. Sie sollen an allen Aspekten des Lebens teilnehmen k\u00f6nnen.<\/p>\n\n\n\n<h2 class=\"wp-block-heading\">Wer sind wir?<\/h2>\n\n\n\n<p>Auch der Kanton Glarus beteiligte sich an den Aktionstagen unter der Federf\u00fchrung der Hauptabteilung Soziales. Sie ist zust\u00e4ndig f\u00fcr das gesamte Sozialwesen im Kanton Glarus. Sie setzt sich unter anderem daf\u00fcr ein, dass Menschen mit Behinderungen bedarfsgerechte Wohn-, Besch\u00e4ftigungs-, Arbeits- und Freizeitangebote zur Verf\u00fcgung stehen. Menschen mit Behinderungen sollen selbstbestimmt und gleichberechtigt in der Gesellschaft teilhaben k\u00f6nnen.<\/p>\n\n\n\n<p>Die Fachstelle zur F\u00f6rderung von Selbstvertretung f\u00f6rdert die Selbstvertretungsbewegung im Kanton Glarus. Sie begleitete die Aktionstage und unterst\u00fctzte sowohl die Hauptabteilung Soziales als auch die Aktionspartnerinnen und Aktionspartner in der Umsetzung mit ihrer fachlichen Expertise.<\/p>\n\n\n\n<h2 class=\"wp-block-heading\">Was ist unsere Vision?<\/h2>\n\n\n\n<p>Mit den Aktionstagen wollen wir die gewohnten, \u00fcblichen Strukturen verlassen und mit neuen Ideen und Kooperationen, mitten in der Gesellschaft, f\u00fcr die Inklusion sensibilisieren. Eine Gesellschaft, in welcher Menschen mit einer Behinderung als selbstverst\u00e4ndlich und nicht als Besonderheit gelten. Die Aktionstage sollen eine offene T\u00fcr mitten in der Gesellschaft sein.<\/p>\n\n\n\n<h2 class=\"wp-block-heading\">Vielfalt verbindet!<\/h2>\n\n\n\n<figure class=\"wp-block-embed is-type-video is-provider-youtube wp-block-embed-youtube wp-embed-aspect-16-9 wp-has-aspect-ratio\"><div class=\"wp-block-embed__wrapper\">\n <iframe referrerpolicy=\"no-referrer\" loading=\"lazy\" title=\"Zukunft Inklusion\" width=\"500\" height=\"281\" src=\"https:\/\/www.youtube-nocookie.com\/embed\/OC1v0yI6HrI?feature=oembed\" frameborder=\"0\" allow=\"accelerometer; autoplay; clipboard-write; encrypted-media; gyroscope; picture-in-picture; web-share\" referrerpolicy=\"strict-origin-when-cross-origin\" allowfullscreen><\/iframe>\n<\/div><figcaption class=\"wp-element-caption\">Film &#171;Vielfalt verbindet!&#187;<\/figcaption><\/figure>\n\n\n\n<h2 class=\"wp-block-heading\">Bildbeschrieb Film \u00abVielfalt verbindet!\u00bb<\/h2>\n\n\n\n<p>Der Film von Zukunft Inklusion besteht aus einzelnen Interviewszenen. Diese finden vor einer grauen Wand statt. Davor stehen ein hellgrauer Sessel, eine Zimmerpalme und ein kleines, rundes Tischchen. Darauf steht eine Tischlampe mit gelblichem Schirm. Daneben ein kleines, weisses T\u00f6pfchen mit einer gr\u00fcnen Pflanze.<\/p>\n\n\n\n<p>Szene 1<\/p>\n\n\n\n<p>Mo Sheriff sitzt im Sessel. Links von ihm steht die Palme vor dem Tischchen. Rechts von ihm ist Melanie Spiller-Reimann eingeblendet. Sie geb\u00e4rdet.<\/p>\n\n\n\n<p>Mo ist 31 Jahre alt. Er hat kurze, schwarze Haare und einen dunklen Teint. Er tr\u00e4gt eine dunkle Sonnenbrille und hat einen kurzen Vollbart. Zu einem roten Polo-Shirt tr\u00e4gt er schwarze Jeans.<\/p>\n\n\n\n<p>Szene 2<\/p>\n\n\n\n<p>Melanie Spiller-Reimann sitzt im Sessel zwischen Palme und Tischchen. Sie ist Mitte vierzig und hat dunkelblondes, langes Haar. Melanie hat blaue Augen. Sie tr\u00e4gt eine dunkle, eckige Brille. Zu einer blauen Hose tr\u00e4gt sie ein dunkelblaues T-Shirt, dar\u00fcber eine lange, blaue Strickjacke. Sie geb\u00e4rdet w\u00e4hrend eine Dolmetscherin ausserhalb des Bildes den Text spricht.<\/p>\n\n\n\n<p>Szene 3<\/p>\n\n\n\n<p><a><\/a>Lila Plakolli sitzt in einem Elektro- Rollstuhl. Links von ihr\/ihm steht die Palme vor dem Tischchen. Rechts von ihr\/ihm ist Melanie eingeblendet. Sie geb\u00e4rdet. Lila ist um die dreissig. Ihr\/Sein rot gef\u00e4rbtes Haar tr\u00e4gt sie\/er in einem Sidecut. Lila hat blaue Augen und tr\u00e4gt eine feine Metallbrille. Sie\/Er hat einen Dreitage-Bart.&nbsp; In Lilas Hals f\u00fchrt ein durchsichtiger Schlauch. Zu einem Lila-Kapuzenpulli tr\u00e4gt sie\/er schwarze Jeans.<\/p>\n\n\n\n<p>Nachfolgend sprechen in der gleichen Szenerie Melanie, Mo und erneut Melanie.<\/p>\n","protected":false},"excerpt":{"rendered":"<p>Was sind die nationalen Aktionstage Behindertenrechte? Die UNO-Behindertenrechtskonvention (UNO-BRK) regelt die Rechte von Menschen mit Behinderungen. Die Vertragsstaaten verpflichten sich durch die UNO-BRK zu einer inklusiven Gesellschaft. Die wichtigsten Forderungen sind: gleiche Rechte und Selbstbestimmung f\u00fcr alle sowie aktive Teilhabe am gesellschaftlichen Leben. Die UNO-BRK wurde in der Schweiz im Jahr 2014 ratifiziert. F\u00fcr die [&hellip;]<\/p>\n","protected":false},"author":1,"featured_media":0,"parent":0,"menu_order":2,"comment_status":"closed","ping_status":"closed","template":"page-templates\/concept_page.php","meta":{"_acf_changed":false,"_genesis_hide_title":false,"_genesis_hide_breadcrumbs":false,"_genesis_hide_singular_image":false,"_genesis_hide_footer_widgets":false,"_genesis_custom_body_class":"","_genesis_custom_post_class":"","_genesis_layout":"","footnotes":""},"class_list":{"0":"post-5","1":"page","2":"type-page","3":"status-publish","5":"entry"},"acf":[],"_links":{"self":[{"href":"https:\/\/zukunft-inklusion.prestage.ch\/gl\/wp-json\/wp\/v2\/pages\/5","targetHints":{"allow":["GET"]}}],"collection":[{"href":"https:\/\/zukunft-inklusion.prestage.ch\/gl\/wp-json\/wp\/v2\/pages"}],"about":[{"href":"https:\/\/zukunft-inklusion.prestage.ch\/gl\/wp-json\/wp\/v2\/types\/page"}],"author":[{"embeddable":true,"href":"https:\/\/zukunft-inklusion.prestage.ch\/gl\/wp-json\/wp\/v2\/users\/1"}],"replies":[{"embeddable":true,"href":"https:\/\/zukunft-inklusion.prestage.ch\/gl\/wp-json\/wp\/v2\/comments?post=5"}],"version-history":[{"count":9,"href":"https:\/\/zukunft-inklusion.prestage.ch\/gl\/wp-json\/wp\/v2\/pages\/5\/revisions"}],"predecessor-version":[{"id":287,"href":"https:\/\/zukunft-inklusion.prestage.ch\/gl\/wp-json\/wp\/v2\/pages\/5\/revisions\/287"}],"wp:attachment":[{"href":"https:\/\/zukunft-inklusion.prestage.ch\/gl\/wp-json\/wp\/v2\/media?parent=5"}],"curies":[{"name":"wp","href":"https:\/\/api.w.org\/{rel}","templated":true}]}}