{"id":7,"date":"2023-07-28T14:00:48","date_gmt":"2023-07-28T12:00:48","guid":{"rendered":"https:\/\/zukunft-inklusion.ch.prestage.ch\/gl\/?page_id=7"},"modified":"2024-06-20T15:39:25","modified_gmt":"2024-06-20T13:39:25","slug":"mitwirken","status":"publish","type":"page","link":"https:\/\/zukunft-inklusion.prestage.ch\/gl\/mitwirken\/","title":{"rendered":"Mitwirken"},"content":{"rendered":"\n<h2 class=\"wp-block-heading\">Veranstaltungen und Massnahmen planen: Nutzen Sie unsere Merkbl\u00e4tter!<\/h2>\n\n\n\n<p>M\u00f6chten Sie eine inklusive Veranstaltung planen und durchf\u00fchren und sich damit weiterhin f\u00fcr die Umsetzung der UNO-Behindertenrechtskonvention einsetzen? Folgende Merkbl\u00e4tter bieten praktische Tipps und Anleitungen f\u00fcr die Planung und Umsetzung Ihrer Aktion.<\/p>\n\n\n\n<ol class=\"wp-block-list\">\n<li><a href=\"https:\/\/zukunft-inklusion.prestage.ch\/gl\/wp-content\/uploads\/sites\/23\/Faktenblatt-1-Sprache-und-Behinderung.pdf\" data-type=\"URL\" data-id=\"https:\/\/zukunft-inklusion.prestage.ch\/gl\/wp-content\/uploads\/sites\/23\/Faktenblatt-1-Sprache-und-Behinderung.pdf\">Merkblatt Sprache und Behinderung<\/a><\/li>\n\n\n\n<li><a href=\"https:\/\/zukunft-inklusion.prestage.ch\/gl\/wp-content\/uploads\/sites\/23\/Faktenblatt-2_Hindernisfreie_Veranstaltung.pdf\" data-type=\"link\" data-id=\"https:\/\/zukunft-inklusion.prestage.ch\/gl\/wp-content\/uploads\/sites\/23\/Faktenblatt-2_Hindernisfreie_Veranstaltung.pdf\">Merkblatt Hindernisfreie Veranstaltungen planen<\/a><\/li>\n\n\n\n<li><a href=\"https:\/\/zukunft-inklusion.prestage.ch\/gl\/wp-content\/uploads\/sites\/23\/Faktenblatt-3-Einfache-Sprache.pdf\" data-type=\"URL\" data-id=\"https:\/\/zukunft-inklusion.prestage.ch\/gl\/wp-content\/uploads\/sites\/23\/Faktenblatt-3-Einfache-Sprache.pdf\">Merkblatt Einfache Sprache<\/a><\/li>\n\n\n\n<li><a href=\"https:\/\/zukunft-inklusion.prestage.ch\/gl\/wp-content\/uploads\/sites\/23\/Faktenblatt-4-Social-Media.pdf\" data-type=\"URL\" data-id=\"https:\/\/zukunft-inklusion.prestage.ch\/gl\/wp-content\/uploads\/sites\/23\/Faktenblatt-4-Social-Media.pdf\">Merkblatt Soziale Medien<\/a><\/li>\n\n\n\n<li><a href=\"https:\/\/zukunft-inklusion.prestage.ch\/gl\/wp-content\/uploads\/sites\/23\/Faktenblatt-5-Netzwerkaufbau.pdf\" data-type=\"URL\" data-id=\"https:\/\/zukunft-inklusion.prestage.ch\/gl\/wp-content\/uploads\/sites\/23\/Faktenblatt-5-Netzwerkaufbau.pdf\">Merkblatt Netzwerkaufbau<\/a><\/li>\n\n\n\n<li><a href=\"https:\/\/zukunft-inklusion.prestage.ch\/gl\/wp-content\/uploads\/sites\/23\/PI-Broschuere-Veranstaltung-fuer-alle.pdf\" data-type=\"attachment\" data-id=\"154\">Brosch\u00fcre Pro Infirmis barrierefreie Veranstaltung<\/a><\/li>\n<\/ol>\n\n\n\n<p>Wir stehen Ihnen gerne beratend auch ausserhalb der Aktionstage zur Verf\u00fcgung.<\/p>\n","protected":false},"excerpt":{"rendered":"<p>Veranstaltungen und Massnahmen planen: Nutzen Sie unsere Merkbl\u00e4tter! M\u00f6chten Sie eine inklusive Veranstaltung planen und durchf\u00fchren und sich damit weiterhin f\u00fcr die Umsetzung der UNO-Behindertenrechtskonvention einsetzen? Folgende Merkbl\u00e4tter bieten praktische Tipps und Anleitungen f\u00fcr die Planung und Umsetzung Ihrer Aktion. Wir stehen Ihnen gerne beratend auch ausserhalb der Aktionstage zur Verf\u00fcgung.<\/p>\n","protected":false},"author":1,"featured_media":0,"parent":0,"menu_order":6,"comment_status":"closed","ping_status":"closed","template":"page-templates\/participate_page.php","meta":{"_acf_changed":false,"_genesis_hide_title":false,"_genesis_hide_breadcrumbs":false,"_genesis_hide_singular_image":false,"_genesis_hide_footer_widgets":false,"_genesis_custom_body_class":"","_genesis_custom_post_class":"","_genesis_layout":"","footnotes":""},"class_list":{"0":"post-7","1":"page","2":"type-page","3":"status-publish","5":"entry"},"acf":[],"_links":{"self":[{"href":"https:\/\/zukunft-inklusion.prestage.ch\/gl\/wp-json\/wp\/v2\/pages\/7","targetHints":{"allow":["GET"]}}],"collection":[{"href":"https:\/\/zukunft-inklusion.prestage.ch\/gl\/wp-json\/wp\/v2\/pages"}],"about":[{"href":"https:\/\/zukunft-inklusion.prestage.ch\/gl\/wp-json\/wp\/v2\/types\/page"}],"author":[{"embeddable":true,"href":"https:\/\/zukunft-inklusion.prestage.ch\/gl\/wp-json\/wp\/v2\/users\/1"}],"replies":[{"embeddable":true,"href":"https:\/\/zukunft-inklusion.prestage.ch\/gl\/wp-json\/wp\/v2\/comments?post=7"}],"version-history":[{"count":27,"href":"https:\/\/zukunft-inklusion.prestage.ch\/gl\/wp-json\/wp\/v2\/pages\/7\/revisions"}],"predecessor-version":[{"id":293,"href":"https:\/\/zukunft-inklusion.prestage.ch\/gl\/wp-json\/wp\/v2\/pages\/7\/revisions\/293"}],"wp:attachment":[{"href":"https:\/\/zukunft-inklusion.prestage.ch\/gl\/wp-json\/wp\/v2\/media?parent=7"}],"curies":[{"name":"wp","href":"https:\/\/api.w.org\/{rel}","templated":true}]}}