{"id":3,"date":"2023-07-28T14:00:47","date_gmt":"2023-07-28T12:00:47","guid":{"rendered":"https:\/\/zukunft-inklusion.ch.prestage.ch\/gr\/?page_id=3"},"modified":"2024-09-04T15:00:29","modified_gmt":"2024-09-04T13:00:29","slug":"startseite","status":"publish","type":"page","link":"https:\/\/zukunft-inklusion.prestage.ch\/gr\/","title":{"rendered":"Zukunft Inklusion \u2013 Aktionstage Behindertenrechte"},"content":{"rendered":"\n<p>Vom 15. Mai bis zum 15. Juni 2024 fanden in der ganzen Schweiz Aktionstage im Zeichen der Behindertenrechte statt.<\/p>\n\n\n\n<p>In dieser Zeit wurden \u00fcber <a href=\"https:\/\/zukunft-inklusion.prestage.ch\/gr\/kalender\/\" data-type=\"page\" data-id=\"22\">50 Veranstaltungen<\/a> durchgef\u00fchrt. Die Unternehmen, Institutionen und die Zivilgesellschaft aus ganz Graub\u00fcnden leisteten einen wertvollen Beitrag zur F\u00f6rderung von Inklusion.<\/p>\n\n\n\n<h2 class=\"wp-block-heading\">Ziel<\/h2>\n\n\n\n<p>Ziel der Aktionstage ist es, einer breiten Bev\u00f6lkerung aufzuzeigen, wie eine inklusive Zukunft in verschiedenen Lebensbereichen aussehen und umgesetzt werden kann. Mit unterschiedlichen Themen wie beispielsweise dem Zugang zu Sport und Kultur, Inklusion im Tourismus, Bildung oder der Arbeit soll die Sensibilisierung von Kindern und Erwachsenen gef\u00f6rdert werden.<\/p>\n\n\n\n<h2 class=\"wp-block-heading\">Hintergrund<\/h2>\n\n\n\n<p>2024 markiert ein bedeutendes Jahr f\u00fcr die Rechte von Menschen mit Behinderungen in der Schweiz. Es gibt gleich zwei Meilensteine auf dem Weg der Inklusion von Menschen mit Behinderung zu feiern.<\/p>\n\n\n\n<p>Die UNO-Behindertenrechtskonvention (<a href=\"https:\/\/www.fedlex.admin.ch\/eli\/cc\/2014\/245\/de\">UNO-BRK<\/a>) ist in der Schweiz seit 2014 in Kraft. Das Behindertengleichstellungsgesetz (<a href=\"https:\/\/www.fedlex.admin.ch\/eli\/cc\/2003\/667\/de\">BehiG<\/a>) bildet bereits seit 2004 eine wichtige Rechtsgrundlage. Zweck der UNO-BRK und des BehiG ist es, den gleichberechtigten Genuss der Menschenrechte und der Grundfreiheiten aller Menschen mit Behinderung zu f\u00f6rdern, zu sch\u00fctzen und zu gew\u00e4hrleisten sowie die Achtung ihrer W\u00fcrde zu st\u00e4rken. Der Bund, die Kantone und die Gemeinden sind verpflichtet, die UNO-BRK und das BehiG umzusetzen.<\/p>\n\n\n\n<p>Im Rahmen der Aktionstage wollen wir der Umsetzung der Menschenrechte Schub verleihen, gemeinsam handeln und gute Beispiele sichtbar machen.<\/p>\n\n\n\n<h2 class=\"wp-block-heading\">Anmeldung Newsletter<\/h2>\n\n\n\n<p>M\u00f6chten Sie unseren Newsletter \u00abUN-BRK | Behindertenrechtskonvention im Kanton Graub\u00fcnden\u00bb abonnieren? Schreiben Sie uns ein Email auf: behindertenintegration@soa.gr.ch.<\/p>\n","protected":false},"excerpt":{"rendered":"<p>Vom 15. Mai bis zum 15. Juni 2024 fanden in der ganzen Schweiz Aktionstage im Zeichen der Behindertenrechte statt. In dieser Zeit wurden \u00fcber 50 Veranstaltungen durchgef\u00fchrt. Die Unternehmen, Institutionen und die Zivilgesellschaft aus ganz Graub\u00fcnden leisteten einen wertvollen Beitrag zur F\u00f6rderung von Inklusion. Ziel Ziel der Aktionstage ist es, einer breiten Bev\u00f6lkerung aufzuzeigen, wie [&hellip;]<\/p>\n","protected":false},"author":1,"featured_media":0,"parent":0,"menu_order":1,"comment_status":"closed","ping_status":"closed","template":"page-templates\/landing_page.php","meta":{"_acf_changed":false,"_genesis_hide_title":false,"_genesis_hide_breadcrumbs":false,"_genesis_hide_singular_image":false,"_genesis_hide_footer_widgets":false,"_genesis_custom_body_class":"","_genesis_custom_post_class":"","_genesis_layout":"","footnotes":""},"class_list":{"0":"post-3","1":"page","2":"type-page","3":"status-publish","5":"entry"},"acf":[],"_links":{"self":[{"href":"https:\/\/zukunft-inklusion.prestage.ch\/gr\/wp-json\/wp\/v2\/pages\/3","targetHints":{"allow":["GET"]}}],"collection":[{"href":"https:\/\/zukunft-inklusion.prestage.ch\/gr\/wp-json\/wp\/v2\/pages"}],"about":[{"href":"https:\/\/zukunft-inklusion.prestage.ch\/gr\/wp-json\/wp\/v2\/types\/page"}],"author":[{"embeddable":true,"href":"https:\/\/zukunft-inklusion.prestage.ch\/gr\/wp-json\/wp\/v2\/users\/1"}],"replies":[{"embeddable":true,"href":"https:\/\/zukunft-inklusion.prestage.ch\/gr\/wp-json\/wp\/v2\/comments?post=3"}],"version-history":[{"count":14,"href":"https:\/\/zukunft-inklusion.prestage.ch\/gr\/wp-json\/wp\/v2\/pages\/3\/revisions"}],"predecessor-version":[{"id":1752,"href":"https:\/\/zukunft-inklusion.prestage.ch\/gr\/wp-json\/wp\/v2\/pages\/3\/revisions\/1752"}],"wp:attachment":[{"href":"https:\/\/zukunft-inklusion.prestage.ch\/gr\/wp-json\/wp\/v2\/media?parent=3"}],"curies":[{"name":"wp","href":"https:\/\/api.w.org\/{rel}","templated":true}]}}