{"id":30,"date":"2023-07-28T14:00:37","date_gmt":"2023-07-28T12:00:37","guid":{"rendered":"https:\/\/zukunft-inklusion.ch.prestage.ch\/gr\/?page_id=30"},"modified":"2024-04-11T17:28:33","modified_gmt":"2024-04-11T15:28:33","slug":"medien","status":"publish","type":"page","link":"https:\/\/zukunft-inklusion.prestage.ch\/gr\/medien\/","title":{"rendered":"Medien"},"content":{"rendered":"\n<h2 class=\"wp-block-heading\">Medienbeitr\u00e4ge zu den Aktionstagen<\/h2>\n\n\n\n<p>Hier finden Sie eine Zusammenstellung von Medienbeitr\u00e4gen zu den Aktionstagen Behindertenrechte 2024.<\/p>\n\n\n<div role=\"list\" class=\"cst-mediapub-list cst-mediapub-list-page\" aria-live=\"polite\"><div role=\"listitem\" class=\"cst-mediapub-listitem cst-mediapub-listitem-show\" id=\"mediapub_1696\" data-index=\"1\"><h3 class=\"h5 cst-mediapub-post-title\">Anmeldung f\u00fcr Newsletter<\/h3><p>M\u00f6chten Sie den Newsletter \u00abUN-BRK in Graub\u00fcnden\u00bb abonnieren? \r\nAnmeldung per Email: behindertenintegration@soa.gr.ch. \r\nMit dem Link unten finden Sie alle Ausgaben.\r\n<\/p><!--  --><a href=\"https:\/\/www.gr.ch\/DE\/institutionen\/verwaltung\/dvs\/soa\/handicap\/Politik\/un-brk\/Seiten\/default.aspx\" target=\"_blank\" aria-label=\"Zum Medienbeitrag \u2013 Anmeldung f\u00fcr Newsletter\" class=\"more-link\">Zum Medienbeitrag<\/a><\/div><div role=\"listitem\" class=\"cst-mediapub-listitem cst-mediapub-listitem-show\" id=\"mediapub_1686\" data-index=\"2\"><h3 class=\"h5 cst-mediapub-post-title\">Inklusion in Graub\u00fcnden<\/h3><p>RTR (Radiotelevisiun Svizra Rumantscha) hat im Rahmen der Aktionstage Behindertenrechte sehenswerte Beitr\u00e4ge zum Thema Inklusion in Graub\u00fcnden produziert.<\/p><!--  --><a href=\"https:\/\/www.rtr.ch\/cultura\/inclusiun?srg_shorturl_source=inclusiun\" target=\"_blank\" aria-label=\"Zum Medienbeitrag \u2013 Inklusion in Graub\u00fcnden\" class=\"more-link\">Zum Medienbeitrag<\/a><\/div><div role=\"listitem\" class=\"cst-mediapub-listitem cst-mediapub-listitem-show\" id=\"mediapub_1665\" data-index=\"3\"><h3 class=\"h5 cst-mediapub-post-title\">Z\u00e4mma Schaffemers, Mai 2024<\/h3><p>Greco feat. &#8222;Z\u00e4mma Schaffemers&#8220;: Das wunderbare Musikvideo entstand in Zusammenarbeit von IV-Berufsberatenden der SVA Graub\u00fcnden und Lernenden, sowie Lehrpersonen der Berufsschule PrA Graub\u00fcnden.<\/p><!--  --><a href=\"https:\/\/m.youtube.com\/watch?v=DjiogxCQVnk&amp;pp=ygUOR3JlY28gZmVhdCBTVkE%3D\" target=\"_blank\" aria-label=\"Zum Medienbeitrag \u2013 Z\u00e4mma Schaffemers, Mai 2024\" class=\"more-link\">Zum Medienbeitrag<\/a><\/div><div role=\"listitem\" class=\"cst-mediapub-listitem cst-mediapub-listitem-show\" id=\"mediapub_1661\" data-index=\"4\"><h3 class=\"h5 cst-mediapub-post-title\">Inklusiver Tourismus im Valposchiavo, Mai 2024<\/h3><p>Sechs Klientinnen der Institution Movimento Poschiavo sind Protagonistinnen in Werbevideos, in denen sie ihre Lieblingsorte und die Besonderheiten des Valposchiavo beschreiben. <\/p><!--  --><a href=\"https:\/\/youtu.be\/viT_CbzXO44?si=45M3R4DHoddbJShk\" target=\"_blank\" aria-label=\"Zum Medienbeitrag \u2013 Inklusiver Tourismus im Valposchiavo, Mai 2024\" class=\"more-link\">Zum Medienbeitrag<\/a><\/div><div role=\"listitem\" class=\"cst-mediapub-listitem cst-mediapub-listitem-show\" id=\"mediapub_1654\" data-index=\"5\"><h3 class=\"h5 cst-mediapub-post-title\">\u00abQuai funcziuna gea schon\u00bb<\/h3><p>RTR, 22.05.2024: Fokusthema Inklusion<\/p><!--  --><a href=\"https:\/\/www.rtr.ch\/novitads\/grischun\/surselva\/futur-inclusiun-quai-funcziuna-gea-schon\" target=\"_blank\" aria-label=\"Zum Medienbeitrag \u2013 \u00abQuai funcziuna gea schon\u00bb\" class=\"more-link\">Zum Medienbeitrag<\/a><\/div><div role=\"listitem\" class=\"cst-mediapub-listitem cst-mediapub-listitem-show\" id=\"mediapub_1653\" data-index=\"6\"><h3 class=\"h5 cst-mediapub-post-title\">Perspektivenwechsel<\/h3><p>Davoser Zeitung, 18.05.2024: Bericht zum Perspektivenwechsel im Heimatmuseum Davos<\/p><!--  --><a href=\"https:\/\/www.suedostschweiz.ch\/graubuenden\/nationale-aktionstage-behindertenrechte-perspektivenwechsel-im-heimatmuseum\" target=\"_blank\" aria-label=\"Zum Medienbeitrag \u2013 Perspektivenwechsel\" class=\"more-link\">Zum Medienbeitrag<\/a><\/div><div role=\"listitem\" class=\"cst-mediapub-listitem cst-mediapub-listitem-show\" id=\"mediapub_1652\" data-index=\"7\"><h3 class=\"h5 cst-mediapub-post-title\">Soziale Nachhaltigkeit<\/h3><p>B\u00dcWO vom 15.05.2024 berichtet \u00fcber das Thema Zukunft Inklusion<\/p><!--  --><a href=\"https:\/\/epaper.somedia.ch\/issue.act?issueId=196629&amp;issueMutation=wzbw&amp;issueDate=20240515&amp;region=BZ\" target=\"_blank\" aria-label=\"Zum Medienbeitrag \u2013 Soziale Nachhaltigkeit\" class=\"more-link\">Zum Medienbeitrag<\/a><\/div><div role=\"listitem\" class=\"cst-mediapub-listitem \" id=\"mediapub_1601\" data-index=\"8\"><h3 class=\"h5 cst-mediapub-post-title\">Turismo Inclusivo<\/h3><p>RSI berichtet \u00fcber das Projekt &#8222;Turismo Inclusivo&#8220; aus dem Valposchiavo.<\/p><!--  --><a href=\"https:\/\/www.rsi.ch\/play\/tv\/-\/video\/-?urn=urn:rsi:video:2146600\" target=\"_blank\" aria-label=\"Zum Medienbeitrag \u2013 Turismo Inclusivo\" class=\"more-link\">Zum Medienbeitrag<\/a><\/div><div role=\"listitem\" class=\"cst-mediapub-listitem \" id=\"mediapub_1597\" data-index=\"9\"><h3 class=\"h5 cst-mediapub-post-title\">Newsletter 06 | UN-Behindertenrechtskonvention in Graub\u00fcnden, 08.05.2024<\/h3><p>Information zum Programm der Aktionstage Behindertenrechte 2024.<\/p><!--  --><a href=\"https:\/\/us18.campaign-archive.com\/?e=[UNIQID]&amp;u=ad2106462a9468b435a867a48&amp;id=ba3f6b6316\" target=\"_blank\" aria-label=\"Zum Medienbeitrag \u2013 Newsletter 06 | UN-Behindertenrechtskonvention in Graub\u00fcnden, 08.05.2024\" class=\"more-link\">Zum Medienbeitrag<\/a><\/div><div role=\"listitem\" class=\"cst-mediapub-listitem \" id=\"mediapub_1566\" data-index=\"10\"><h3 class=\"h5 cst-mediapub-post-title\">Medienmitteilung vom 30.04.2024<\/h3><p>\u00abZukunft Inklusion\u00bb in Graub\u00fcnden \u2013 Menschen mit Behinderung r\u00fccken an den Aktionstagen Behindertenrechte vom 15. Mai bis 15.Juni 2024 in den Fokus.<\/p><!--  --><a href=\"https:\/\/www.gr.ch\/DE\/Medien\/Mitteilungen\/MMStaka\/2024\/Seiten\/2024043001.aspx\" target=\"_blank\" aria-label=\"Zum Medienbeitrag \u2013 Medienmitteilung vom 30.04.2024\" class=\"more-link\">Zum Medienbeitrag<\/a><\/div><div role=\"listitem\" class=\"cst-mediapub-listitem \" id=\"mediapub_636\" data-index=\"11\"><h3 class=\"h5 cst-mediapub-post-title\">Medienmitteilung vom 23.01.2024<\/h3><p>Regierung st\u00e4rkt die Rechte von Menschen mit Behinderung: Neue Fach- und Koordinationsstelle f\u00fcr Behindertengleichstellung und Behindertenrechte in Graub\u00fcnden. <\/p><!--  --><a href=\"https:\/\/www.gr.ch\/DE\/Medien\/Mitteilungen\/MMStaka\/2024\/Seiten\/2024012301.aspx\" target=\"_blank\" aria-label=\"Zum Medienbeitrag \u2013 Medienmitteilung vom 23.01.2024\" class=\"more-link\">Zum Medienbeitrag<\/a><\/div><div role=\"listitem\" class=\"cst-mediapub-listitem \" id=\"mediapub_159\" data-index=\"12\"><h3 class=\"h5 cst-mediapub-post-title\">Medienmitteilung vom 12.09.2023<\/h3><p>Zukunft Inklusion \u2013 Graub\u00fcnden sucht Projekte f\u00fcr die Aktionstage Behindertenrechte 2024<\/p><!--  --><a href=\"https:\/\/www.gr.ch\/DE\/Medien\/Mitteilungen\/MMStaka\/2023\/Seiten\/2023091201.aspx\" target=\"_blank\" aria-label=\"Zum Medienbeitrag \u2013 Medienmitteilung vom 12.09.2023\" class=\"more-link\">Zum Medienbeitrag<\/a><\/div><button class=\"cst-mediapub-list-more-button\"><span>Weitere Medienbeitr\u00e4ge anzeigen<\/span><\/button><\/div>\n\n\n<h2 class=\"wp-block-heading\">Medienkontakt<\/h2>\n\n\n\n<p>Susanna Gadient<br>Amtsleiterin Sozialamt Graub\u00fcnden<br><a href=\"mailto:\" data-eml-encoded-attr=\"WVd0MGFXOXVjM1JoWjJVbE5EQnpiMkV1WjNJdVkyZz0=\"><span data-eml-encoded-html><label>(E-Mail)<\/label><var aria-hidden=\"true\" style=\"display:none\">WVd0MGFXOXVjM1JoWjJVbE5EQnpiMkV1WjNJdVkyZz0=<\/var><\/span><\/a><br>+41 81 257 26 54<\/p>\n\n\n\n<p>Kantonales Sozialamt Graub\u00fcnden<br>Grabenstrasse 8<br>7000 Chur<\/p>\n","protected":false},"excerpt":{"rendered":"<p>Medienbeitr\u00e4ge zu den Aktionstagen Hier finden Sie eine Zusammenstellung von Medienbeitr\u00e4gen zu den Aktionstagen Behindertenrechte 2024. Medienkontakt Susanna GadientAmtsleiterin Sozialamt Graub\u00fcnden(E-Mail)WVd0MGFXOXVjM1JoWjJVbE5EQnpiMkV1WjNJdVkyZz0=+41 81 257 26 54 Kantonales Sozialamt Graub\u00fcndenGrabenstrasse 87000 Chur<\/p>\n","protected":false},"author":1,"featured_media":0,"parent":0,"menu_order":8,"comment_status":"closed","ping_status":"closed","template":"page-templates\/media_page.php","meta":{"_acf_changed":false,"_genesis_hide_title":false,"_genesis_hide_breadcrumbs":false,"_genesis_hide_singular_image":false,"_genesis_hide_footer_widgets":false,"_genesis_custom_body_class":"","_genesis_custom_post_class":"","_genesis_layout":"","footnotes":""},"class_list":{"0":"post-30","1":"page","2":"type-page","3":"status-publish","5":"entry"},"acf":[],"_links":{"self":[{"href":"https:\/\/zukunft-inklusion.prestage.ch\/gr\/wp-json\/wp\/v2\/pages\/30","targetHints":{"allow":["GET"]}}],"collection":[{"href":"https:\/\/zukunft-inklusion.prestage.ch\/gr\/wp-json\/wp\/v2\/pages"}],"about":[{"href":"https:\/\/zukunft-inklusion.prestage.ch\/gr\/wp-json\/wp\/v2\/types\/page"}],"author":[{"embeddable":true,"href":"https:\/\/zukunft-inklusion.prestage.ch\/gr\/wp-json\/wp\/v2\/users\/1"}],"replies":[{"embeddable":true,"href":"https:\/\/zukunft-inklusion.prestage.ch\/gr\/wp-json\/wp\/v2\/comments?post=30"}],"version-history":[{"count":3,"href":"https:\/\/zukunft-inklusion.prestage.ch\/gr\/wp-json\/wp\/v2\/pages\/30\/revisions"}],"predecessor-version":[{"id":1239,"href":"https:\/\/zukunft-inklusion.prestage.ch\/gr\/wp-json\/wp\/v2\/pages\/30\/revisions\/1239"}],"wp:attachment":[{"href":"https:\/\/zukunft-inklusion.prestage.ch\/gr\/wp-json\/wp\/v2\/media?parent=30"}],"curies":[{"name":"wp","href":"https:\/\/api.w.org\/{rel}","templated":true}]}}