{"id":7,"date":"2023-07-28T14:00:48","date_gmt":"2023-07-28T12:00:48","guid":{"rendered":"https:\/\/zukunft-inklusion.ch.prestage.ch\/gr\/?page_id=7"},"modified":"2024-09-04T10:56:04","modified_gmt":"2024-09-04T08:56:04","slug":"mitwirken","status":"publish","type":"page","link":"https:\/\/zukunft-inklusion.prestage.ch\/gr\/mitwirken\/","title":{"rendered":"Mitwirken"},"content":{"rendered":"\n<h2 class=\"wp-block-heading\"><strong><mark class=\"has-inline-color has-vivid-red-color\">Im 2025 sind keine nationalen Aktionstage Behindertenrechte geplant.<\/mark><\/strong><\/h2>\n\n\n\n<p>Wir haben Merkbl\u00e4tter erstellt, um Ihnen bei der Gestaltung Ihrer Aktionen zu helfen. Diese Merkbl\u00e4tter bieten praktische Tipps und Anleitungen f\u00fcr die Planung und Umsetzung Ihrer Aktion.<\/p>\n\n\n\n<ol class=\"wp-block-list\">\n<li><a href=\"https:\/\/zukunft-inklusion.prestage.ch\/gr\/wp-content\/uploads\/sites\/18\/Faktenblatt-1-Sprache-und-Behinderung.pdf\" data-type=\"URL\" data-id=\"https:\/\/zukunft-inklusion.prestage.ch\/gr\/wp-content\/uploads\/sites\/18\/Faktenblatt-1-Sprache-und-Behinderung.pdf\">Merkblatt Sprache und Behinderung<\/a><\/li>\n\n\n\n<li><a href=\"https:\/\/zukunft-inklusion.prestage.ch\/gr\/wp-content\/uploads\/sites\/18\/Faktenblatt-2-Hindernisfreie-Veranstaltung.pdf\" data-type=\"URL\" data-id=\"https:\/\/zukunft-inklusion.prestage.ch\/gr\/wp-content\/uploads\/sites\/18\/Faktenblatt-2-Hindernisfreie-Veranstaltung.pdf\">Merkblatt Hindernisfreie Veranstaltungen planen<\/a><\/li>\n\n\n\n<li><a href=\"https:\/\/zukunft-inklusion.prestage.ch\/gr\/wp-content\/uploads\/sites\/18\/Faktenblatt-3-Einfache-Sprache.pdf\" data-type=\"URL\" data-id=\"https:\/\/zukunft-inklusion.prestage.ch\/gr\/wp-content\/uploads\/sites\/18\/Faktenblatt-3-Einfache-Sprache.pdf\">Merkblatt Einfache Sprache<\/a><\/li>\n\n\n\n<li><a href=\"https:\/\/zukunft-inklusion.prestage.ch\/gr\/wp-content\/uploads\/sites\/18\/Faktenblatt-4-Social-Media.pdf\" data-type=\"URL\" data-id=\"https:\/\/zukunft-inklusion.prestage.ch\/gr\/wp-content\/uploads\/sites\/18\/Faktenblatt-4-Social-Media.pdf\">Merkblatt Soziale Medien<\/a><\/li>\n\n\n\n<li><a href=\"https:\/\/zukunft-inklusion.prestage.ch\/gr\/wp-content\/uploads\/sites\/18\/Faktenblatt-5-Netzwerkaufbau.pdf\" data-type=\"URL\" data-id=\"https:\/\/zukunft-inklusion.prestage.ch\/gr\/wp-content\/uploads\/sites\/18\/Faktenblatt-5-Netzwerkaufbau.pdf\">Merkblatt Netzwerkaufbau<\/a><\/li>\n<\/ol>\n\n\n\n<h2 class=\"wp-block-heading\">In 5 Schritten zur Projektteilnahme<\/h2>\n\n\n\n<p>Wenn Sie mit einer Aktion an \u00abZukunft Inklusion\u00bb teilnehmen m\u00f6chten, m\u00fcssen Sie einige Schritte durchlaufen. Zun\u00e4chst m\u00fcssen Sie die Aktion mit unserem <a href=\"https:\/\/zukunft-inklusion.prestage.ch\/gr\/wp-content\/uploads\/sites\/18\/Anmeldeformular_de.docx\">Anmeldeformular<\/a> einreichen. Anschliessend pr\u00fcfen wir, ob die Aktion unseren Qualit\u00e4tsmerkmalen entspricht. Wenn die Aktion aufgenommen wird, erhalten Sie eine Best\u00e4tigung mit einer Aktionsnummer und das Eingabeformular. Mit dem Eingabeformular erfassen Sie Details der Aktion, so dass wir diese auf der Webseite \u00abZukunft Inklusion\u00bb ver\u00f6ffentlichen k\u00f6nnen.<\/p>\n\n\n\n<p>Bei Fragen k\u00f6nnen Sie gerne mit uns <a href=\"https:\/\/zukunft-inklusion.prestage.ch\/gr\/kontakt\/\" data-type=\"page\" data-id=\"34\">Kontakt<\/a> aufnehmen.<\/p>\n","protected":false},"excerpt":{"rendered":"<p>Im 2025 sind keine nationalen Aktionstage Behindertenrechte geplant. Wir haben Merkbl\u00e4tter erstellt, um Ihnen bei der Gestaltung Ihrer Aktionen zu helfen. Diese Merkbl\u00e4tter bieten praktische Tipps und Anleitungen f\u00fcr die Planung und Umsetzung Ihrer Aktion. In 5 Schritten zur Projektteilnahme Wenn Sie mit einer Aktion an \u00abZukunft Inklusion\u00bb teilnehmen m\u00f6chten, m\u00fcssen Sie einige Schritte durchlaufen. [&hellip;]<\/p>\n","protected":false},"author":1,"featured_media":0,"parent":0,"menu_order":6,"comment_status":"closed","ping_status":"closed","template":"page-templates\/participate_page.php","meta":{"_acf_changed":false,"_genesis_hide_title":false,"_genesis_hide_breadcrumbs":false,"_genesis_hide_singular_image":false,"_genesis_hide_footer_widgets":false,"_genesis_custom_body_class":"","_genesis_custom_post_class":"","_genesis_layout":"","footnotes":""},"class_list":{"0":"post-7","1":"page","2":"type-page","3":"status-publish","5":"entry"},"acf":[],"_links":{"self":[{"href":"https:\/\/zukunft-inklusion.prestage.ch\/gr\/wp-json\/wp\/v2\/pages\/7","targetHints":{"allow":["GET"]}}],"collection":[{"href":"https:\/\/zukunft-inklusion.prestage.ch\/gr\/wp-json\/wp\/v2\/pages"}],"about":[{"href":"https:\/\/zukunft-inklusion.prestage.ch\/gr\/wp-json\/wp\/v2\/types\/page"}],"author":[{"embeddable":true,"href":"https:\/\/zukunft-inklusion.prestage.ch\/gr\/wp-json\/wp\/v2\/users\/1"}],"replies":[{"embeddable":true,"href":"https:\/\/zukunft-inklusion.prestage.ch\/gr\/wp-json\/wp\/v2\/comments?post=7"}],"version-history":[{"count":28,"href":"https:\/\/zukunft-inklusion.prestage.ch\/gr\/wp-json\/wp\/v2\/pages\/7\/revisions"}],"predecessor-version":[{"id":1727,"href":"https:\/\/zukunft-inklusion.prestage.ch\/gr\/wp-json\/wp\/v2\/pages\/7\/revisions\/1727"}],"wp:attachment":[{"href":"https:\/\/zukunft-inklusion.prestage.ch\/gr\/wp-json\/wp\/v2\/media?parent=7"}],"curies":[{"name":"wp","href":"https:\/\/api.w.org\/{rel}","templated":true}]}}