{"id":30,"date":"2023-07-28T14:00:37","date_gmt":"2023-07-28T12:00:37","guid":{"rendered":"https:\/\/zukunft-inklusion.ch.prestage.ch\/lu\/?page_id=30"},"modified":"2024-04-12T13:45:16","modified_gmt":"2024-04-12T11:45:16","slug":"medien","status":"publish","type":"page","link":"https:\/\/zukunft-inklusion.prestage.ch\/lu\/medien\/","title":{"rendered":"Medien"},"content":{"rendered":"\n<h2 class=\"wp-block-heading\">Medienbeitr\u00e4ge zu den Aktionstagen<\/h2>\n\n\n\n<p>Hier finden Sie eine Zusammenstellung von Medienbeitr\u00e4gen zu den Aktionstagen Behindertenrechte 2024.<\/p>\n\n\n<div role=\"list\" class=\"cst-mediapub-list cst-mediapub-list-page\" aria-live=\"polite\"><div role=\"listitem\" class=\"cst-mediapub-listitem cst-mediapub-listitem-show\" id=\"mediapub_539\" data-index=\"1\"><h3 class=\"h5 cst-mediapub-post-title\">\u00abEs w\u00e4re ein Traum, k\u00f6nnten alle die wichtigsten Geb\u00e4rden\u00bb<\/h3><p>In Luzern k\u00f6nnen Interessierte 45 Minuten lang Geb\u00e4rden erlernen. Auch spontan \u2013 ohne Anmeldung. Ein Besuch im Kursraum.<\/p><!--  --><a href=\"https:\/\/www.srf.ch\/news\/schweiz\/crashkurs-in-gebaerdensprache-es-waere-ein-traum-koennten-alle-die-wichtigsten-gebaerden#:~:text=Der%20Crashkurs%20ist%20ein%20Angebot,Stimme%20nicht%20gebraucht%20werden%20soll\" target=\"_blank\" aria-label=\"Zum Medienbeitrag \u2013 \u00abEs w\u00e4re ein Traum, k\u00f6nnten alle die wichtigsten Geb\u00e4rden\u00bb\" class=\"more-link\">Zum Medienbeitrag<\/a><\/div><div role=\"listitem\" class=\"cst-mediapub-listitem cst-mediapub-listitem-show\" id=\"mediapub_538\" data-index=\"2\"><h3 class=\"h5 cst-mediapub-post-title\">Inklusionsexpertin: \u00abBehinderungen ist kein Schimpfwort, sondern beschreibt Lebensrealit\u00e4ten\u00bb<\/h3><p>Saphir Ben Dakon und Jahn Graf sind an den Behindertenrechtstagen aktiv \u2013 und haben klare Forderungen an Politik und die Mehrheitsgesellschaft.<\/p><!--  --><a href=\"https:\/\/www.luzernerzeitung.ch\/zentralschweiz\/kanton-luzern\/nationale-aktionstage-behinderungen-ist-kein-schimpfwort-sondern-beschreibt-lebensrealitaeten-ld.2625184\" target=\"_blank\" aria-label=\"Zum Medienbeitrag \u2013 Inklusionsexpertin: \u00abBehinderungen ist kein Schimpfwort, sondern beschreibt Lebensrealit\u00e4ten\u00bb\" class=\"more-link\">Zum Medienbeitrag<\/a><\/div><div role=\"listitem\" class=\"cst-mediapub-listitem cst-mediapub-listitem-show\" id=\"mediapub_537\" data-index=\"3\"><h3 class=\"h5 cst-mediapub-post-title\">FCL-Junioren trainieren mit Menschen mit einer Beeintr\u00e4chtigung<\/h3><p>m Rahmen der nationalen Aktionstage f\u00fcr Behindertenrechte \u00f6ffnet der FC Luzern seine Tore f\u00fcr ein besonderes Trainingsangebot. Kinder und Jugendliche mit einer Beeintr\u00e4chtigung wurden vom FCL &#8230;<\/p><!--  --><a href=\"https:\/\/www.pilatustoday.ch\/zentralschweiz\/luzern\/fcl-junioren-trainieren-mit-menschen-mit-einer-beeintraechtigung-157376638?autoplay=true&amp;mainAssetId=Asset%3A157380378\" target=\"_blank\" aria-label=\"Zum Medienbeitrag \u2013 FCL-Junioren trainieren mit Menschen mit einer Beeintr\u00e4chtigung\" class=\"more-link\">Zum Medienbeitrag<\/a><\/div><div role=\"listitem\" class=\"cst-mediapub-listitem cst-mediapub-listitem-show\" id=\"mediapub_536\" data-index=\"4\"><h3 class=\"h5 cst-mediapub-post-title\">Die (un)sichtBAR macht Menschen mit Behinderungen sichtbar<\/h3><p>Vom 15. Mai bis 15. Juni finden w\u00e4hrend den Aktionstagen Behindertenrechte rund 1000 Aktionen statt. Eine davon ist die (un)sichtBAR in der Stadtbibliothek Luzern. Sie schafft einen Begegnungsraum &#8230;<\/p><!--  --><a href=\"https:\/\/www.srf.ch\/audio\/stiftung-denk-an-mich\/die-un-sichtbar-macht-menschen-mit-behinderungen-sichtbar?id=12595532\" target=\"_blank\" aria-label=\"Zum Medienbeitrag \u2013 Die (un)sichtBAR macht Menschen mit Behinderungen sichtbar\" class=\"more-link\">Zum Medienbeitrag<\/a><\/div><div role=\"listitem\" class=\"cst-mediapub-listitem cst-mediapub-listitem-show\" id=\"mediapub_528\" data-index=\"5\"><h3 class=\"h5 cst-mediapub-post-title\">In Luzern setzen sich Rednerinnen und Redner f\u00fcr mehr Inklusion von Behinderten ein.<\/h3><p>Radiobeitrag ab Minute 1:35.<\/p><!--  --><a href=\"https:\/\/www.srf.ch\/audio\/regionaljournal-zentralschweiz\/luzerner-theater-bringt-mani-matter-taenzerisch-auf-die-buehne?id=12596303#autoplay\" target=\"_blank\" aria-label=\"Zum Medienbeitrag \u2013 In Luzern setzen sich Rednerinnen und Redner f\u00fcr mehr Inklusion von Behinderten ein.\" class=\"more-link\">Zum Medienbeitrag<\/a><\/div><div role=\"listitem\" class=\"cst-mediapub-listitem cst-mediapub-listitem-show\" id=\"mediapub_527\" data-index=\"6\"><h3 class=\"h5 cst-mediapub-post-title\">Demo f\u00fcr Gleichberechtigung<\/h3><p>Wir wollen einbezogen werden und dazugeh\u00f6ren. Das haben heute Menschen mit einer Behinderung an einer Demo in der Stadt Luzern gefordert. Dabei haben sie an die UN-Behindertenrechts-Konvention &#8230;<\/p><!--  --><a href=\"https:\/\/www.tele1.ch\/nachrichten\/demo-fuer-gleichberechtigung-157251778\" target=\"_blank\" aria-label=\"Zum Medienbeitrag \u2013 Demo f\u00fcr Gleichberechtigung\" class=\"more-link\">Zum Medienbeitrag<\/a><\/div><div role=\"listitem\" class=\"cst-mediapub-listitem cst-mediapub-listitem-show\" id=\"mediapub_526\" data-index=\"7\"><h3 class=\"h5 cst-mediapub-post-title\">Neue Strategie und animiertes Podiumsgespr\u00e4ch<\/h3><p>BEHINDERTENRECHTE Was k\u00f6nnen Wirtschaft und Gesellschaft dazu beitragen, damit Inklusion gelingt? Zu diesem Thema lud die Stif\u00adtung Br\u00e4ndi Vertreterinnen und Vertreter aus Politik, Wirtschaft und &#8230;<\/p><!--  --><a href=\"https:\/\/zukunft-inklusion.prestage.ch\/lu\/wp-content\/uploads\/sites\/25\/2024-05-22_Willisauer_Bote_Behindertenrechte.pdf\" target=\"_blank\" aria-label=\"Zum Medienbeitrag \u2013 Neue Strategie und animiertes Podiumsgespr\u00e4ch\" class=\"more-link\">Zum Medienbeitrag<\/a><\/div><div role=\"listitem\" class=\"cst-mediapub-listitem \" id=\"mediapub_514\" data-index=\"8\"><h3 class=\"h5 cst-mediapub-post-title\">Nationale Aktionstage Behindertenrechte 2024 starten bald<\/h3><p>Im Kanton Luzern finden w\u00e4hrend den nationalen Aktionstagen Behindertenrechte vom 15. Mai bis am 15. Juni 2024 72 Aktionen statt. Mit diesem Aktionsmonat feiert die Schweiz das zehnj\u00e4hrige Jubil\u00e4um ..<\/p><!--  --><a href=\"https:\/\/news.lu.ch\/html_mail.jsp?id=0&amp;email=newsletter.lu.ch&amp;mailref=000jrd00000ti000000000000d67c77k\" target=\"_blank\" aria-label=\"Zum Medienbeitrag \u2013 Nationale Aktionstage Behindertenrechte 2024 starten bald\" class=\"more-link\">Zum Medienbeitrag<\/a><\/div><div role=\"listitem\" class=\"cst-mediapub-listitem \" id=\"mediapub_115\" data-index=\"9\"><h3 class=\"h5 cst-mediapub-post-title\">Der Kanton sucht Partner f\u00fcr die Nationalen Aktionstage Behindertenrechte 2024<\/h3><p>Im Herbst finden zwei Informationsanl\u00e4sse f\u00fcr Interessierte statt. Die Aktionstage sollen die Bev\u00f6lkerung f\u00fcr die Rechte von Menschen mit Behinderungen sensibilisieren.<\/p><!--  --><a href=\"https:\/\/www.luzernerzeitung.ch\/zentralschweiz\/kanton-luzern\/luzern-der-kanton-sucht-partner-fuer-die-nationalen-aktionstage-behindertenrechte-2024-ld.2514126\" target=\"_blank\" aria-label=\"Zum Medienbeitrag \u2013 Der Kanton sucht Partner f\u00fcr die Nationalen Aktionstage Behindertenrechte 2024\" class=\"more-link\">Zum Medienbeitrag<\/a><\/div><button class=\"cst-mediapub-list-more-button\"><span>Weitere Medienbeitr\u00e4ge anzeigen<\/span><\/button><\/div>\n\n\n<h2 class=\"wp-block-heading\">Medienkontakte<\/h2>\n\n\n\n<p>No\u00e9mie Schafroth<br>Leiterin Kommunikation<\/p>\n\n\n\n<p>Telefon\u00a0041 228 68 93<br><a href=\"mailto:\" data-eml-encoded-attr=\"VG05bGJXbGxMbE5qYUdGbWNtOTBhQ1UwTUd4MUxtTm8=\"><span data-eml-encoded-html><label>(E-Mail)<\/label><var aria-hidden=\"true\" style=\"display:none\">VG05bGJXbGxMbE5qYUdGbWNtOTBhQ1UwTUd4MUxtTm8=<\/var><\/span><\/a><\/p>\n","protected":false},"excerpt":{"rendered":"<p>Medienbeitr\u00e4ge zu den Aktionstagen Hier finden Sie eine Zusammenstellung von Medienbeitr\u00e4gen zu den Aktionstagen Behindertenrechte 2024. Medienkontakte No\u00e9mie SchafrothLeiterin Kommunikation Telefon\u00a0041 228 68 93(E-Mail)VG05bGJXbGxMbE5qYUdGbWNtOTBhQ1UwTUd4MUxtTm8=<\/p>\n","protected":false},"author":1,"featured_media":0,"parent":0,"menu_order":8,"comment_status":"closed","ping_status":"closed","template":"page-templates\/media_page.php","meta":{"_acf_changed":false,"_genesis_hide_title":false,"_genesis_hide_breadcrumbs":false,"_genesis_hide_singular_image":false,"_genesis_hide_footer_widgets":false,"_genesis_custom_body_class":"","_genesis_custom_post_class":"","_genesis_layout":"","footnotes":""},"class_list":{"0":"post-30","1":"page","2":"type-page","3":"status-publish","5":"entry"},"acf":[],"_links":{"self":[{"href":"https:\/\/zukunft-inklusion.prestage.ch\/lu\/wp-json\/wp\/v2\/pages\/30","targetHints":{"allow":["GET"]}}],"collection":[{"href":"https:\/\/zukunft-inklusion.prestage.ch\/lu\/wp-json\/wp\/v2\/pages"}],"about":[{"href":"https:\/\/zukunft-inklusion.prestage.ch\/lu\/wp-json\/wp\/v2\/types\/page"}],"author":[{"embeddable":true,"href":"https:\/\/zukunft-inklusion.prestage.ch\/lu\/wp-json\/wp\/v2\/users\/1"}],"replies":[{"embeddable":true,"href":"https:\/\/zukunft-inklusion.prestage.ch\/lu\/wp-json\/wp\/v2\/comments?post=30"}],"version-history":[{"count":3,"href":"https:\/\/zukunft-inklusion.prestage.ch\/lu\/wp-json\/wp\/v2\/pages\/30\/revisions"}],"predecessor-version":[{"id":438,"href":"https:\/\/zukunft-inklusion.prestage.ch\/lu\/wp-json\/wp\/v2\/pages\/30\/revisions\/438"}],"wp:attachment":[{"href":"https:\/\/zukunft-inklusion.prestage.ch\/lu\/wp-json\/wp\/v2\/media?parent=30"}],"curies":[{"name":"wp","href":"https:\/\/api.w.org\/{rel}","templated":true}]}}