{"id":5,"date":"2023-07-28T14:00:17","date_gmt":"2023-07-28T12:00:17","guid":{"rendered":"https:\/\/zukunft-inklusion.ch.prestage.ch\/lu\/?page_id=5"},"modified":"2024-06-21T16:04:39","modified_gmt":"2024-06-21T14:04:39","slug":"idee","status":"publish","type":"page","link":"https:\/\/zukunft-inklusion.prestage.ch\/lu\/idee\/","title":{"rendered":"Idee"},"content":{"rendered":"\n<h2 class=\"wp-block-heading\">Wer sind wir?<\/h2>\n\n\n\n<p>Wir sind eine Gruppe von Menschen aus dem Kanton Luzern, die sich f\u00fcr die Rechte und Teilhabe von Menschen mit Behinderungen einsetzen. Wir arbeiten in Institutionen, Organisationen, der Verwaltung oder sind Selbstbetroffen. W\u00e4hrend dem Zeitraum der Planung und Durchf\u00fchrung der Nationalen Aktionstage Behindertenrechte 2024 haben wir das Projekt unterst\u00fctzt, beraten und begleitetet.<\/p>\n\n\n\n<p>Die Nationalen Aktionstage Behindertenrechte 2024 wurden vom Eidgen\u00f6ssischen B\u00fcro f\u00fcr die Gleichstellung von Menschen mit Behinderungen (<a rel=\"noreferrer noopener\" href=\"https:\/\/www.edi.admin.ch\/edi\/de\/home\/fachstellen\/ebgb.html\" target=\"_blank\">EBGB<\/a>) koordiniert und gef\u00fchrt. Die Konferenz der kantonalen Sozialdirektorinnen und Sozialdirektoren (<a rel=\"noreferrer noopener\" href=\"https:\/\/www.sodk.ch\/de\/\" target=\"_blank\">SODK<\/a>) unterst\u00fctzte den partizipativen Ansatz dieser Kampagne und erachtete sie als ein wichtiges Mittel zur Sensibilisierung der \u00d6ffentlichkeit in der Schweiz f\u00fcr die Anliegen von Menschen mit Behinderungen.<\/p>\n\n\n\n<h2 class=\"wp-block-heading\">Was machen wir?<\/h2>\n\n\n\n<p>Gemeinsam haben wir die Aktionstage Behindertenrechte vorbereitet. Diese fanden p\u00fcnktlich zum 10-j\u00e4hrigen Jubil\u00e4um der <a rel=\"noreferrer noopener\" href=\"https:\/\/www.fedlex.admin.ch\/eli\/cc\/2014\/245\/de\" target=\"_blank\">UNO-BRK<\/a> in der Schweiz und zum 20-j\u00e4hrigen Jubil\u00e4um des Behindertengleichstellungsgesetzes (<a rel=\"noreferrer noopener\" href=\"https:\/\/www.fedlex.admin.ch\/eli\/cc\/2003\/667\/de\" target=\"_blank\">BehiG<\/a>) vom 15. Mai bis 15. Juni 2024 statt.<\/p>\n\n\n\n<h2 class=\"wp-block-heading\">Warum das alles?<\/h2>\n\n\n\n<p>Die UNO-Behindertenrechtskonvention (<a rel=\"noreferrer noopener\" href=\"https:\/\/www.edi.admin.ch\/edi\/de\/home\/fachstellen\/ebgb\/recht\/international0\/uebereinkommen-der-uno-ueber-die-rechte-von-menschen-mit-behinde.html\" target=\"_blank\">UNO-BRK<\/a>) ist keine K\u00fcr, sondern eine Pflicht. F\u00fcr die Umsetzung der UNO-BRK braucht es jedoch ein breites B\u00fcndnis. Mit den Aktionstagen konnten wir das Thema in die breite \u00d6ffentlichkeit tragen.<\/p>\n\n\n\n<figure class=\"wp-block-embed is-type-video is-provider-youtube wp-block-embed-youtube wp-embed-aspect-16-9 wp-has-aspect-ratio\"><div class=\"wp-block-embed__wrapper\">\n <iframe referrerpolicy=\"no-referrer\" loading=\"lazy\" title=\"Zukunft Inklusion\" width=\"500\" height=\"281\" src=\"https:\/\/www.youtube-nocookie.com\/embed\/OC1v0yI6HrI?feature=oembed\" frameborder=\"0\" allow=\"accelerometer; autoplay; clipboard-write; encrypted-media; gyroscope; picture-in-picture; web-share\" referrerpolicy=\"strict-origin-when-cross-origin\" allowfullscreen><\/iframe>\n<\/div><\/figure>\n\n\n\n<p><strong>Bildbeschrieb Film \u00abVielfalt verbindet\u00ab<\/strong><br>Der Film von Zukunft Inklusion besteht aus einzelnen Interviewszenen. Diese finden vor einer grauen Wand statt. Davor stehen ein hellgrauer Sessel, eine Zimmerpalme und ein kleines, rundes Tischchen. Darauf steht eine Tischlampe mit gelblichem Schirm. Daneben ein kleines, weisses T\u00f6pfchen mit einer gr\u00fcnen Pflanze.<\/p>\n\n\n\n<p>Szene 1<\/p>\n\n\n\n<p>Mo Sheriff sitzt im Sessel. Links von ihm steht die Palme vor dem Tischchen. Rechts von ihm ist Melanie Spiller-Reimann eingeblendet. Sie geb\u00e4rdet.<\/p>\n\n\n\n<p>Mo ist 31 Jahre alt. Er hat kurze, schwarze Haare und einen dunklen Teint. Er tr\u00e4gt eine dunkle Sonnenbrille und hat einen kurzen Vollbart. Zu einem roten Polo-Shirt tr\u00e4gt er schwarze Jeans.<\/p>\n\n\n\n<p>Szene 2<\/p>\n\n\n\n<p>Melanie Spiller-Reimann sitzt im Sessel zwischen Palme und Tischchen. Sie ist Mitte vierzig und hat dunkelblondes, langes Haar. Melanie hat blaue Augen. Sie tr\u00e4gt eine dunkle, eckige Brille. Zu einer blauen Hose tr\u00e4gt sie ein dunkelblaues T-Shirt, dar\u00fcber eine lange, blaue Strickjacke. Sie geb\u00e4rdet w\u00e4hrend eine Dolmetscherin ausserhalb des Bildes den Text spricht.<\/p>\n\n\n\n<p>Szene 3<\/p>\n\n\n\n<p>Lila Plakolli sitzt in einem Elektro- Rollstuhl. Links von ihr\/ihm steht die Palme vor dem Tischchen. Rechts von ihr\/ihm ist Melanie eingeblendet. Sie geb\u00e4rdet. Lila ist um die dreissig. Ihr\/Sein rot gef\u00e4rbtes Haar tr\u00e4gt sie\/er in einem Sidecut. Lila hat blaue Augen und tr\u00e4gt eine feine Metallbrille. Sie\/Er hat einen Dreitage-Bart. In Lilas Hals f\u00fchrt ein durchsichtiger Schlauch. Zu einem Lila-Kapuzenpulli tr\u00e4gt sie\/er schwarze Jeans.<\/p>\n\n\n\n<p>Nachfolgend sprechen in der gleichen Szenerie Melanie, Mo und erneut Melanie.<\/p>\n\n\n\n<h2 class=\"wp-block-heading\">Was ist unsere Vision?<\/h2>\n\n\n\n<p>Menschen mit Behinderung haben dieselben Rechte wie alle anderen auch! Daf\u00fcr setzen wir uns ein. Menschen mit Behinderung sollen spontan und autonom den \u00f6ffentlichen Verkehr nutzen k\u00f6nnen: wie alle anderen auch. Sie sollen an Freizeit, Kultur- und Sportveranstaltungen teilnehmen k\u00f6nnen: wie alle anderen auch. Und wie alle anderen auch sollen Menschen mit Behinderung den gleichen Zugang zu Bildung, zur Gesundheitsversorgung, zum Arbeitsmarkt, zu Wohnraum und Gesch\u00e4ften sowie zu Information und Kommunikation haben. Denn genauso ist dies in der UNO-Behindertenrechtskonvention verankert. Diese hat die Schweiz unterzeichnet und sie ist seit 2014 verpflichtend.<\/p>\n\n\n\n<h2 class=\"wp-block-heading\">Was sind unsere Ziele?<\/h2>\n\n\n\n<p>Die Aktionstage haben die M\u00f6glichkeit geboten neue, bereits geplante oder umgesetzte Massnahmen der \u00d6ffentlichkeit zu zeigen, welche die Lebensrealit\u00e4ten von Menschen mit Behinderung verbessern. Damit sollte die politische Agenda positiv beeinflusst werden. Bei den Aktionen konnten Hindernisse sichtbar und erlebbar gemacht werden. Gleichzeitig sollte praktisches Wissen vermittelt werden, um zielgerichtete und nachhaltige L\u00f6sungen zu finden. Entscheidend daf\u00fcr war ein handlungsf\u00e4higes und vielf\u00e4ltiges Netzwerk. Hierf\u00fcr wurden Austauschgef\u00e4sse geschaffen und Unterst\u00fctzungsangebote bereitgestellt.<\/p>\n\n\n\n<h2 class=\"wp-block-heading\">Was sind unsere Qualit\u00e4tsmerkmale?<\/h2>\n\n\n\n<p>Wir haben den Anspruch, dass die Aktionen einen Bezug zur UNO-BRK aufweisen, den Einbezug von Menschen mit Behinderung sicherstellen und den Zugang f\u00fcr alle sichern.<\/p>\n","protected":false},"excerpt":{"rendered":"<p>Wer sind wir? Wir sind eine Gruppe von Menschen aus dem Kanton Luzern, die sich f\u00fcr die Rechte und Teilhabe von Menschen mit Behinderungen einsetzen. Wir arbeiten in Institutionen, Organisationen, der Verwaltung oder sind Selbstbetroffen. W\u00e4hrend dem Zeitraum der Planung und Durchf\u00fchrung der Nationalen Aktionstage Behindertenrechte 2024 haben wir das Projekt unterst\u00fctzt, beraten und begleitetet. [&hellip;]<\/p>\n","protected":false},"author":1,"featured_media":0,"parent":0,"menu_order":2,"comment_status":"closed","ping_status":"closed","template":"page-templates\/concept_page.php","meta":{"_acf_changed":false,"_genesis_hide_title":false,"_genesis_hide_breadcrumbs":false,"_genesis_hide_singular_image":false,"_genesis_hide_footer_widgets":false,"_genesis_custom_body_class":"","_genesis_custom_post_class":"","_genesis_layout":"","footnotes":""},"class_list":{"0":"post-5","1":"page","2":"type-page","3":"status-publish","5":"entry"},"acf":[],"_links":{"self":[{"href":"https:\/\/zukunft-inklusion.prestage.ch\/lu\/wp-json\/wp\/v2\/pages\/5","targetHints":{"allow":["GET"]}}],"collection":[{"href":"https:\/\/zukunft-inklusion.prestage.ch\/lu\/wp-json\/wp\/v2\/pages"}],"about":[{"href":"https:\/\/zukunft-inklusion.prestage.ch\/lu\/wp-json\/wp\/v2\/types\/page"}],"author":[{"embeddable":true,"href":"https:\/\/zukunft-inklusion.prestage.ch\/lu\/wp-json\/wp\/v2\/users\/1"}],"replies":[{"embeddable":true,"href":"https:\/\/zukunft-inklusion.prestage.ch\/lu\/wp-json\/wp\/v2\/comments?post=5"}],"version-history":[{"count":7,"href":"https:\/\/zukunft-inklusion.prestage.ch\/lu\/wp-json\/wp\/v2\/pages\/5\/revisions"}],"predecessor-version":[{"id":543,"href":"https:\/\/zukunft-inklusion.prestage.ch\/lu\/wp-json\/wp\/v2\/pages\/5\/revisions\/543"}],"wp:attachment":[{"href":"https:\/\/zukunft-inklusion.prestage.ch\/lu\/wp-json\/wp\/v2\/media?parent=5"}],"curies":[{"name":"wp","href":"https:\/\/api.w.org\/{rel}","templated":true}]}}