{"id":7,"date":"2023-07-28T14:00:48","date_gmt":"2023-07-28T12:00:48","guid":{"rendered":"https:\/\/zukunft-inklusion.ch.prestage.ch\/lu\/?page_id=7"},"modified":"2024-05-15T10:20:04","modified_gmt":"2024-05-15T08:20:04","slug":"mitwirken","status":"publish","type":"page","link":"https:\/\/zukunft-inklusion.prestage.ch\/lu\/mitwirken\/","title":{"rendered":"Mitwirken"},"content":{"rendered":"\n<h2 class=\"wp-block-heading\">Nehmen Sie mit einer Aktion teil<\/h2>\n\n\n\n<p>Das Anmeldefenster f\u00fcr die Aktionstage ist geschlossen. <\/p>\n\n\n\n<p>Wir haben Merkbl\u00e4tter erstellt, um Ihnen bei der Gestaltung Ihrer Aktionen zu helfen. Diese Merkbl\u00e4tter bieten praktische Tipps und Anleitungen f\u00fcr die Planung und Umsetzung Ihrer Aktion.<\/p>\n\n\n\n<ol class=\"wp-block-list\" type=\"1\">\n<li><a href=\"https:\/\/zukunft-inklusion.prestage.ch\/lu\/wp-content\/uploads\/sites\/25\/Faktenblatt-1-Sprache-und-Behinderung.pdf\">Merkblatt Sprache und Behinderung<\/a><\/li>\n\n\n\n<li><a href=\"https:\/\/zukunft-inklusion.prestage.ch\/lu\/wp-content\/uploads\/sites\/25\/Faktenblatt-2-Hindernisfreie-Veranstaltung.pdf\">Merkblatt Hindernisfreie Veranstaltungen planen<\/a><\/li>\n\n\n\n<li><a href=\"https:\/\/zukunft-inklusion.prestage.ch\/lu\/wp-content\/uploads\/sites\/25\/Faktenblatt-3-Einfache-Sprache.pdf\">Merkblatt Einfache Sprache<\/a><\/li>\n\n\n\n<li><a href=\"https:\/\/zukunft-inklusion.prestage.ch\/lu\/wp-content\/uploads\/sites\/25\/Faktenblatt-4-Social-Media.pdf\">Merkblatt Soziale Medien<\/a><\/li>\n\n\n\n<li><a href=\"https:\/\/zukunft-inklusion.prestage.ch\/lu\/wp-content\/uploads\/sites\/25\/Faktenblatt-5-Netzwerkaufbau.pdf\">Merkblatt Netzwerkaufbau<\/a><\/li>\n<\/ol>\n\n\n\n<h2 class=\"wp-block-heading\">In 5 Schritten zur Projektteilnahme<\/h2>\n\n\n\n<p>Wenn Sie mit einer Aktion an \u00abZukunft Inklusion\u00bb teilnehmen m\u00f6chten, m\u00fcssen Sie einige Schritte durchlaufen. Zun\u00e4chst m\u00fcssen Sie die Aktion mit unserem Anmeldeformular einreichen. Anschliessend pr\u00fcfen wir, ob die Aktion unseren Qualit\u00e4tsmerkmalen entspricht. Wenn die Aktion aufgenommen wird, erhalten Sie eine Best\u00e4tigung mit einer Aktionsnummer und das Eingabeformular. Mit dem Eingabeformular erfassen Sie Details der Aktion, so dass wir diese auf der Webseite \u00abZukunft Inklusion\u00bb ver\u00f6ffentlichen k\u00f6nnen.<\/p>\n\n\n\n<p>Bei Fragen k\u00f6nnen Sie sich gerne bei uns melden. Wir unterst\u00fctzen Sie beratend und vermitteln Kontakte.<\/p>\n\n\n\n<h2 class=\"wp-block-heading\">Projektf\u00f6rdergelder<\/h2>\n\n\n\n<p>Aktionspartnerinnen und Aktionspartner aus dem Kanton Luzern, die ein gemeinn\u00fctziges Interesse verfolgen, k\u00f6nnen Projektf\u00f6rdergelder beantragen. Im <a href=\"https:\/\/zukunft-inklusion.prestage.ch\/lu\/wp-content\/uploads\/sites\/25\/Antragsformular-Projektgelder-AKS-FOND.docx\" data-type=\"attachment\" data-id=\"169\" target=\"_blank\" rel=\"noreferrer noopener\">Antragsformular<\/a> sind der Prozess und die Kriterien f\u00fcr die F\u00f6rderw\u00fcrdigkeit genau beschrieben.<\/p>\n\n\n\n<h2 class=\"wp-block-heading\">Bewerben Sie die Aktionstage Behindertenrechte 2024<\/h2>\n\n\n\n<p>Reden Sie \u00fcber die Aktionstage und die vielf\u00e4ltigen Aktionen. Weisen Sie Ihr Umfeld auf die Mitwirkungsm\u00f6glichkeiten hin und folgen Sie uns auf den sozialen Medien.<\/p>\n\n\n\n<p><a href=\"https:\/\/zukunft-inklusion.prestage.ch\/lu\/wp-content\/uploads\/sites\/25\/logo-de.svg\" data-type=\"link\" data-id=\"https:\/\/zukunft-inklusion.prestage.ch\/lu\/wp-admin\/upload.php?item=124\" target=\"_blank\" rel=\"noreferrer noopener\">Logo Zukunft Inklusion (svg)<\/a><\/p>\n\n\n\n<p><a href=\"https:\/\/zukunft-inklusion.prestage.ch\/lu\/wp-content\/uploads\/sites\/25\/Logo_Zukunft-Inklusion_4sp_CMYK_pos-1.png\" data-type=\"link\" data-id=\"https:\/\/zukunft-inklusion.prestage.ch\/lu\/wp-content\/uploads\/sites\/25\/Logo_Zukunft-Inklusion_4sp_CMYK_pos-1.png\" target=\"_blank\" rel=\"noreferrer noopener\">Logo Zukunft Inklusion (png)<\/a><\/p>\n\n\n\n<h2 class=\"wp-block-heading\">Ihre R\u00fcckmeldung ist uns wichtig<\/h2>\n\n\n\n<p>Haben Sie Ideen f\u00fcr Aktionen? Beobachten Sie Missst\u00e4nde, die wir thematisieren sollen? Oder m\u00f6chten Sie sich aktiv einbringen? Nehmen Sie bitte mit uns <a href=\"https:\/\/zukunft-inklusion.prestage.ch\/lu\/kontakt\/\">Kontakt<\/a> auf. Wir freuen uns auch \u00fcber Ihre R\u00fcckmeldungen zu den Merkbl\u00e4ttern. Sind sie n\u00fctzlich? Fehlt ein wichtiges Thema?<\/p>\n","protected":false},"excerpt":{"rendered":"<p>Nehmen Sie mit einer Aktion teil Das Anmeldefenster f\u00fcr die Aktionstage ist geschlossen. Wir haben Merkbl\u00e4tter erstellt, um Ihnen bei der Gestaltung Ihrer Aktionen zu helfen. Diese Merkbl\u00e4tter bieten praktische Tipps und Anleitungen f\u00fcr die Planung und Umsetzung Ihrer Aktion. In 5 Schritten zur Projektteilnahme Wenn Sie mit einer Aktion an \u00abZukunft Inklusion\u00bb teilnehmen m\u00f6chten, [&hellip;]<\/p>\n","protected":false},"author":1,"featured_media":0,"parent":0,"menu_order":6,"comment_status":"closed","ping_status":"closed","template":"page-templates\/participate_page.php","meta":{"_acf_changed":false,"_genesis_hide_title":false,"_genesis_hide_breadcrumbs":false,"_genesis_hide_singular_image":false,"_genesis_hide_footer_widgets":false,"_genesis_custom_body_class":"","_genesis_custom_post_class":"","_genesis_layout":"","footnotes":""},"class_list":{"0":"post-7","1":"page","2":"type-page","3":"status-publish","5":"entry"},"acf":[],"_links":{"self":[{"href":"https:\/\/zukunft-inklusion.prestage.ch\/lu\/wp-json\/wp\/v2\/pages\/7","targetHints":{"allow":["GET"]}}],"collection":[{"href":"https:\/\/zukunft-inklusion.prestage.ch\/lu\/wp-json\/wp\/v2\/pages"}],"about":[{"href":"https:\/\/zukunft-inklusion.prestage.ch\/lu\/wp-json\/wp\/v2\/types\/page"}],"author":[{"embeddable":true,"href":"https:\/\/zukunft-inklusion.prestage.ch\/lu\/wp-json\/wp\/v2\/users\/1"}],"replies":[{"embeddable":true,"href":"https:\/\/zukunft-inklusion.prestage.ch\/lu\/wp-json\/wp\/v2\/comments?post=7"}],"version-history":[{"count":18,"href":"https:\/\/zukunft-inklusion.prestage.ch\/lu\/wp-json\/wp\/v2\/pages\/7\/revisions"}],"predecessor-version":[{"id":507,"href":"https:\/\/zukunft-inklusion.prestage.ch\/lu\/wp-json\/wp\/v2\/pages\/7\/revisions\/507"}],"wp:attachment":[{"href":"https:\/\/zukunft-inklusion.prestage.ch\/lu\/wp-json\/wp\/v2\/media?parent=7"}],"curies":[{"name":"wp","href":"https:\/\/api.w.org\/{rel}","templated":true}]}}