{"id":5,"date":"2023-07-28T14:00:17","date_gmt":"2023-07-28T12:00:17","guid":{"rendered":"https:\/\/zukunft-inklusion.ch.prestage.ch\/ow-nw\/?page_id=5"},"modified":"2023-11-16T10:28:16","modified_gmt":"2023-11-16T09:28:16","slug":"idee","status":"publish","type":"page","link":"https:\/\/zukunft-inklusion.prestage.ch\/ow-nw\/idee\/","title":{"rendered":"Idee"},"content":{"rendered":"\n<h2 class=\"wp-block-heading\">Wer sind wir?<\/h2>\n\n\n\n<p>Das <a href=\"https:\/\/www.ow.ch\/aemter\/244\" data-type=\"URL\" data-id=\"https:\/\/www.ow.ch\/aemter\/244\">kantonale Sozialamt Obwalden<\/a> und das <a href=\"https:\/\/www.nw.ch\/gesundheitsamt\/306\" data-type=\"URL\" data-id=\"https:\/\/www.nw.ch\/gesundheitsamt\/306\">kantonale Gesundheitsamt Nidwalden<\/a> leisten einen Beitrag, dass sich alle Menschen in den Kantonen Obwalden und Nidwalden am gesellschaftlichen Leben beteiligen k\u00f6nnen. Auftrag des Sozialamts Obwalden und des Gesundheitsamts Nidwalden ist unter anderem die F\u00f6rderung von guten Rahmenbedingungen f\u00fcr Menschen mit Behinderung. Die Kantone Ob- und Nidwalden sind daf\u00fcr zust\u00e4ndig, den Bedarf von Menschen mit Behinderung zu erfassen und die Bev\u00f6lkerung f\u00fcr die Thematik der Behinderung zu sensibilisieren sowie Inklusion zu f\u00f6rdern.<\/p>\n\n\n\n<p><\/p>\n\n\n\n<p>Die Nationalen Aktionstage Behindertenrechte 2024 werden vom <em>Eidgen\u00f6ssischen B\u00fcro f\u00fcr die Gleichstellung von Menschen mit Behinderungen<\/em> (<a rel=\"noreferrer noopener\" href=\"https:\/\/www.edi.admin.ch\/edi\/de\/home\/fachstellen\/ebgb.html\" target=\"_blank\">EBGB<\/a>) koordiniert und gef\u00fchrt. Die <em>Konferenz der kantonalen Sozialdirektorinnen und Sozialdirektoren<\/em> (<a rel=\"noreferrer noopener\" href=\"https:\/\/www.sodk.ch\/de\/\" target=\"_blank\">SODK<\/a>) unterst\u00fctzt den partizipativen Ansatz dieser Kampagne und erachtet sie als ein wichtiges Mittel zur Sensibilisierung der \u00d6ffentlichkeit in der Schweiz f\u00fcr die Anliegen von Menschen mit Behinderungen.<\/p>\n\n\n\n<h2 class=\"wp-block-heading\">Was machen wir?<\/h2>\n\n\n\n<p>Gemeinsam bereiten wir die n\u00e4chsten Aktionstage Behindertenrechte vor. Diese finden p\u00fcnktlich zum 10-j\u00e4hrigen Jubil\u00e4um der <a rel=\"noreferrer noopener\" href=\"https:\/\/www.fedlex.admin.ch\/eli\/cc\/2014\/245\/de\" target=\"_blank\">UNO-BRK<\/a> in der Schweiz und zum 20-j\u00e4hrigen Jubil\u00e4um des Behindertengleichstellungsgesetzes (<a rel=\"noreferrer noopener\" href=\"https:\/\/www.fedlex.admin.ch\/eli\/cc\/2003\/667\/de\" target=\"_blank\">BehiG<\/a>) vom 15. Mai bis 15. Juni 2024 statt.<\/p>\n\n\n\n<h2 class=\"wp-block-heading\">Warum das alles?<\/h2>\n\n\n\n<p>Die UNO-Behindertenrechtskonvention (<a href=\"https:\/\/www.edi.admin.ch\/edi\/de\/home\/fachstellen\/ebgb\/recht\/international0\/uebereinkommen-der-uno-ueber-die-rechte-von-menschen-mit-behinde.html\" target=\"_blank\" rel=\"noreferrer noopener\">UNO-BRK<\/a>) ist keine K\u00fcr, sondern eine Pflicht. F\u00fcr die Umsetzung der UNO-BRK braucht es jedoch ein breites B\u00fcndnis. Mit den Aktionstagen k\u00f6nnen wir das Thema in die breite \u00d6ffentlichkeit tragen.<\/p>\n\n\n\n<h2 class=\"wp-block-heading\">Was ist unsere Vision?<\/h2>\n\n\n\n<p>Menschen mit Behinderung haben dieselben Rechte wie alle anderen auch! Daf\u00fcr setzen wir uns ein. Menschen mit Behinderung sollen spontan und autonom den \u00f6ffentlichen Verkehr nutzen k\u00f6nnen: wie alle anderen auch. Sie sollen an Freizeit, Kultur- und Sportveranstaltungen teilnehmen k\u00f6nnen: wie alle anderen auch. Und wie alle anderen auch sollen Menschen mit Behinderung den gleichen Zugang zu Bildung, zur Gesundheitsversorgung, zum Arbeitsmarkt, zu Wohnraum und Gesch\u00e4ften sowie zu Information und Kommunikation haben. Denn genauso ist dies in der UNO-Behindertenrechtskonvention verankert. Diese hat die Schweiz unterzeichnet und sie ist seit 2014 verpflichtend.<\/p>\n\n\n\n<h2 class=\"wp-block-heading\">Was sind unsere Ziele?<\/h2>\n\n\n\n<p>Die Aktionstage bieten die M\u00f6glichkeit neue, bereits geplante oder umgesetzte Massnahmen der \u00d6ffentlichkeit zu zeigen, welche die Lebensrealit\u00e4ten von Menschen mit Behinderung verbessern. Damit soll die politische Agenda positiv beeinflusst werden. Bei den Aktionen k\u00f6nnen Hindernisse sichtbar und erlebbar gemacht werden. Gleichzeitig soll praktisches Wissen vermittelt werden, um zielgerichtete und nachhaltige L\u00f6sungen zu finden. Entscheidend daf\u00fcr ist ein handlungsf\u00e4higes und vielf\u00e4ltiges Netzwerk. Hierf\u00fcr werden Austauschgef\u00e4sse geschaffen und Unterst\u00fctzungsangebote bereitgestellt.<\/p>\n\n\n\n<h2 class=\"wp-block-heading\">Was sind unsere Qualit\u00e4tsmerkmale?<\/h2>\n\n\n\n<p>Wir haben den Anspruch, dass die Aktionen einen Bezug zur UNO-BRK aufweisen, den Einbezug von Menschen mit Behinderung sicherstellen und den Zugang f\u00fcr alle sichern.<\/p>\n","protected":false},"excerpt":{"rendered":"<p>Wer sind wir? Das kantonale Sozialamt Obwalden und das kantonale Gesundheitsamt Nidwalden leisten einen Beitrag, dass sich alle Menschen in den Kantonen Obwalden und Nidwalden am gesellschaftlichen Leben beteiligen k\u00f6nnen. Auftrag des Sozialamts Obwalden und des Gesundheitsamts Nidwalden ist unter anderem die F\u00f6rderung von guten Rahmenbedingungen f\u00fcr Menschen mit Behinderung. Die Kantone Ob- und Nidwalden [&hellip;]<\/p>\n","protected":false},"author":1,"featured_media":0,"parent":0,"menu_order":2,"comment_status":"closed","ping_status":"closed","template":"page-templates\/concept_page.php","meta":{"_acf_changed":false,"_genesis_hide_title":false,"_genesis_hide_breadcrumbs":false,"_genesis_hide_singular_image":false,"_genesis_hide_footer_widgets":false,"_genesis_custom_body_class":"","_genesis_custom_post_class":"","_genesis_layout":"","footnotes":""},"class_list":{"0":"post-5","1":"page","2":"type-page","3":"status-publish","5":"entry"},"acf":[],"_links":{"self":[{"href":"https:\/\/zukunft-inklusion.prestage.ch\/ow-nw\/wp-json\/wp\/v2\/pages\/5","targetHints":{"allow":["GET"]}}],"collection":[{"href":"https:\/\/zukunft-inklusion.prestage.ch\/ow-nw\/wp-json\/wp\/v2\/pages"}],"about":[{"href":"https:\/\/zukunft-inklusion.prestage.ch\/ow-nw\/wp-json\/wp\/v2\/types\/page"}],"author":[{"embeddable":true,"href":"https:\/\/zukunft-inklusion.prestage.ch\/ow-nw\/wp-json\/wp\/v2\/users\/1"}],"replies":[{"embeddable":true,"href":"https:\/\/zukunft-inklusion.prestage.ch\/ow-nw\/wp-json\/wp\/v2\/comments?post=5"}],"version-history":[{"count":10,"href":"https:\/\/zukunft-inklusion.prestage.ch\/ow-nw\/wp-json\/wp\/v2\/pages\/5\/revisions"}],"predecessor-version":[{"id":161,"href":"https:\/\/zukunft-inklusion.prestage.ch\/ow-nw\/wp-json\/wp\/v2\/pages\/5\/revisions\/161"}],"wp:attachment":[{"href":"https:\/\/zukunft-inklusion.prestage.ch\/ow-nw\/wp-json\/wp\/v2\/media?parent=5"}],"curies":[{"name":"wp","href":"https:\/\/api.w.org\/{rel}","templated":true}]}}