{"id":7,"date":"2023-07-28T14:00:48","date_gmt":"2023-07-28T12:00:48","guid":{"rendered":"https:\/\/zukunft-inklusion.ch.prestage.ch\/ow-nw\/?page_id=7"},"modified":"2024-06-26T13:51:11","modified_gmt":"2024-06-26T11:51:11","slug":"mitwirken","status":"publish","type":"page","link":"https:\/\/zukunft-inklusion.prestage.ch\/ow-nw\/mitwirken\/","title":{"rendered":"Mitwirken"},"content":{"rendered":"\n<h2 class=\"wp-block-heading\">Veranstaltungen und Massnahmen planen: Nutzen Sie unsere hilfreichen Merkbl\u00e4tter!<\/h2>\n\n\n\n<p>Wir haben Merkbl\u00e4tter erstellt, um Ihnen bei der Konzeption und Durchf\u00fchrung von Veranstaltungen und Massnahmen zu helfen. Diese Merkbl\u00e4tter bieten praktische Tipps und Anleitungen.<\/p>\n\n\n\n<p><\/p>\n\n\n\n<ol class=\"wp-block-list\">\n<li><a href=\"https:\/\/zukunft-inklusion.prestage.ch\/ow-nw\/wp-content\/uploads\/sites\/26\/Faktenblatt-1-Sprache-und-Behinderung.pdf\" data-type=\"attachment\" data-id=\"94\">Merkblatt Sprache und Behinderung<\/a><\/li>\n\n\n\n<li><a href=\"https:\/\/zukunft-inklusion.prestage.ch\/ow-nw\/wp-content\/uploads\/sites\/26\/Faktenblatt-2-Hindernisfreie-Veranstaltung.pdf\" data-type=\"attachment\" data-id=\"97\">Merkblatt Hindernisfreie Veranstaltungen planen<\/a><\/li>\n\n\n\n<li><a href=\"https:\/\/zukunft-inklusion.prestage.ch\/ow-nw\/wp-content\/uploads\/sites\/26\/Faktenblatt-3-Einfache-Sprache.pdf\" data-type=\"attachment\" data-id=\"98\">Merkblatt Einfache Sprache<\/a><\/li>\n\n\n\n<li><a href=\"https:\/\/zukunft-inklusion.prestage.ch\/ow-nw\/wp-content\/uploads\/sites\/26\/Faktenblatt-4-Social-Media.pdf\" data-type=\"attachment\" data-id=\"99\">Merkblatt Soziale Medien<\/a><\/li>\n\n\n\n<li><a href=\"https:\/\/zukunft-inklusion.prestage.ch\/ow-nw\/wp-content\/uploads\/sites\/26\/Faktenblatt-5-Netzwerkaufbau.pdf\" data-type=\"attachment\" data-id=\"100\">Merkblatt Netzwerkaufbau<\/a><\/li>\n<\/ol>\n\n\n\n<p><\/p>\n\n\n\n<h2 class=\"wp-block-heading\">Ihre R\u00fcckmeldung ist uns wichtig<\/h2>\n\n\n\n<p>Haben Sie Ideen f\u00fcr Aktionen? Beobachten Sie Missst\u00e4nde, die wir thematisieren sollen? Oder m\u00f6chten Sie sich aktiv einbringen? Nehmen Sie bitte mit uns <a href=\"https:\/\/zukunft-inklusion.prestage.ch\/ow-nw\/kontakt\/\">Kontakt<\/a> auf. Wir freuen uns auch \u00fcber Ihre R\u00fcckmeldungen zu den Merkbl\u00e4ttern. Sind sie n\u00fctzlich? Fehlt ein wichtiges Thema?<\/p>\n","protected":false},"excerpt":{"rendered":"<p>Veranstaltungen und Massnahmen planen: Nutzen Sie unsere hilfreichen Merkbl\u00e4tter! Wir haben Merkbl\u00e4tter erstellt, um Ihnen bei der Konzeption und Durchf\u00fchrung von Veranstaltungen und Massnahmen zu helfen. Diese Merkbl\u00e4tter bieten praktische Tipps und Anleitungen. Ihre R\u00fcckmeldung ist uns wichtig Haben Sie Ideen f\u00fcr Aktionen? Beobachten Sie Missst\u00e4nde, die wir thematisieren sollen? Oder m\u00f6chten Sie sich aktiv [&hellip;]<\/p>\n","protected":false},"author":1,"featured_media":0,"parent":0,"menu_order":6,"comment_status":"closed","ping_status":"closed","template":"page-templates\/participate_page.php","meta":{"_acf_changed":false,"_genesis_hide_title":false,"_genesis_hide_breadcrumbs":false,"_genesis_hide_singular_image":false,"_genesis_hide_footer_widgets":false,"_genesis_custom_body_class":"","_genesis_custom_post_class":"","_genesis_layout":"","footnotes":""},"class_list":{"0":"post-7","1":"page","2":"type-page","3":"status-publish","5":"entry"},"acf":[],"_links":{"self":[{"href":"https:\/\/zukunft-inklusion.prestage.ch\/ow-nw\/wp-json\/wp\/v2\/pages\/7","targetHints":{"allow":["GET"]}}],"collection":[{"href":"https:\/\/zukunft-inklusion.prestage.ch\/ow-nw\/wp-json\/wp\/v2\/pages"}],"about":[{"href":"https:\/\/zukunft-inklusion.prestage.ch\/ow-nw\/wp-json\/wp\/v2\/types\/page"}],"author":[{"embeddable":true,"href":"https:\/\/zukunft-inklusion.prestage.ch\/ow-nw\/wp-json\/wp\/v2\/users\/1"}],"replies":[{"embeddable":true,"href":"https:\/\/zukunft-inklusion.prestage.ch\/ow-nw\/wp-json\/wp\/v2\/comments?post=7"}],"version-history":[{"count":17,"href":"https:\/\/zukunft-inklusion.prestage.ch\/ow-nw\/wp-json\/wp\/v2\/pages\/7\/revisions"}],"predecessor-version":[{"id":323,"href":"https:\/\/zukunft-inklusion.prestage.ch\/ow-nw\/wp-json\/wp\/v2\/pages\/7\/revisions\/323"}],"wp:attachment":[{"href":"https:\/\/zukunft-inklusion.prestage.ch\/ow-nw\/wp-json\/wp\/v2\/media?parent=7"}],"curies":[{"name":"wp","href":"https:\/\/api.w.org\/{rel}","templated":true}]}}