{"id":10,"date":"2023-07-28T14:00:50","date_gmt":"2023-07-28T12:00:50","guid":{"rendered":"https:\/\/zukunft-inklusion.ch.prestage.ch\/sg-ar-ai\/?page_id=10"},"modified":"2023-10-02T07:49:24","modified_gmt":"2023-10-02T05:49:24","slug":"datenschutz","status":"publish","type":"page","link":"https:\/\/zukunft-inklusion.prestage.ch\/sg-ar-ai\/datenschutz\/","title":{"rendered":"Datenschutz"},"content":{"rendered":"\n<h2 class=\"wp-block-heading\">Allgemeines<\/h2>\n\n\n\n<p>Die folgenden Hinweise geben einen einfachen \u00dcberblick dar\u00fcber, was mit Ihren personenbezogenen Daten passiert, wenn Sie unsere Webseite besuchen. Personenbezogene Daten sind alle Daten, mit denen Sie pers\u00f6nlich identifiziert werden k\u00f6nnen. Beim Zugriff auf das Informationsangebot werden grunds\u00e4tzlich keine pers\u00f6nlichen Daten erfasst und gespeichert, mit dem Ziel, das individuelle Nutzerverhalten auszuwerten.<\/p>\n\n\n\n<p>Bestimmte Informations- und Transaktionsangebote k\u00f6nnen indessen nur abgewickelt werden, wenn ein Mindestmass von Personendaten bekannt gegeben worden ist. Daf\u00fcr gelten die einschl\u00e4gigen Datenschutzbestimmungen.<\/p>\n\n\n\n<h2 class=\"wp-block-heading\">Non-Tracking-Daten<\/h2>\n\n\n\n<p>Durch Benutzung dieser Webseite entstehen Daten. Teilweise ist die Entstehung der Daten technisch bedingt und erforderlich, teilweise werden Daten aber bewusst erhoben, um Informationen \u00fcber die Art der Nutzung zu gewinnen und das Angebot kontinuierlich an die Nutzungsbed\u00fcrfnisse anpassen zu k\u00f6nnen.<\/p>\n\n\n\n<p>Wir bieten zu gewissen Anl\u00e4ssen wie etwa Medienkonferenzen eine Live\u00fcbertragung \u00fcber Videostreaming an. Aus technischen Gr\u00fcnden werden dem daf\u00fcr zust\u00e4ndigen Dienstleister f\u00fcr die Dauer der \u00dcbertragung die IP-Adressen der Ger\u00e4te bekannt, die den Stream abspielen. Die IP-Adressen werden f\u00fcr statistische Zwecke anonymisiert gespeichert.<\/p>\n\n\n\n<h2 class=\"wp-block-heading\">Daten aus Tracking-T\u00e4tigkeit<\/h2>\n\n\n\n<p>Die Webseite www.zukunft-inklusion.prestage.ch und die direkten Unterseiten verwenden Software zur Webanalytik (derzeit matomo.org), um&nbsp;mithilfe anonymisierter Daten Informationen zur Verbesserung des Angebots zu gewinnen. Dieses sogenannte Tracking kann durch die Do-Not-Track-Einstellung in den g\u00e4ngigen Browsern verhindert werden. Diese Einstellung bewirkt, dass in der Browseranfrage im Headerblock der Tag \u00abDo-Not-Track\u00bb mitgesendet wird und die Aktionen des Besuchers nicht ausgewertet werden.<\/p>\n\n\n\n<p>Die IPv4-Adresse wird f\u00fcr die Speicherung und Verarbeitung um das letzte Byte gek\u00fcrzt und ist damit anonymisiert.<\/p>\n\n\n\n<p>Um wiederkehrende Besuchende erkennen zu k\u00f6nnen, wird w\u00e4hrend eines Besuches auf dem System des Benutzers ein Cookie abgelegt (sofern m\u00f6glich), das die folgenden Daten enth\u00e4lt:<\/p>\n\n\n\n<ul class=\"wp-block-list\">\n<li>Zuf\u00e4llig generierte eindeutige Benutzer-ID<\/li>\n\n\n\n<li>Zeit des ersten Besuchs dieser Benutzer-ID<\/li>\n\n\n\n<li>Zeit des letzten Besuchs dieser Benutzer-ID<\/li>\n\n\n\n<li>Gesamtanzahl der Besuche dieser Benutzer-ID<\/li>\n<\/ul>\n\n\n\n<p>Die zugeordnete ID ist zuf\u00e4llig und l\u00e4sst keine R\u00fcckschl\u00fcsse auf die handelnde Person zu. Das Cookie hat eine Lebensdauer von 7 Tagen und wird bei Besuchen innerhalb dieser Frist um weitere 7 Tage verl\u00e4ngert.<\/p>\n\n\n\n<p>W\u00e4hrend eines Besuches wird jedem Besuchenden mittels deren Session-Cookies (sofern m\u00f6glich) eine zuf\u00e4llige ID zugeordnet, mittels derer alle Aktionen auf der Website diesem Besuchenden zugeordnet werden k\u00f6nnen. Das Cookie wird mit dem Schliessen des Browserfensters in der Regel automatisch gel\u00f6scht. Die Standardeinstellung, bei der Session-Cookies entweder mit dem Schliessen des Tabs oder dem Beenden des Browsers automatisch gel\u00f6scht werden, kann manuell oder durch bestimmte Komfortfunktionen \u00fcbersteuert werden.<\/p>\n\n\n\n<h2 class=\"wp-block-heading\">Kontaktaufnahme via E-Mail<\/h2>\n\n\n\n<p>Bei einer Kontaktaufnahme \u00fcber die auf unserer Website bereitgestellten E-Mail-Adressen werden die mit der E-Mail \u00fcbermittelten personenbezogenen Daten des Nutzers gespeichert. Es erfolgt in diesem Zusammenhang keine Weitergabe der Daten an Dritte. Die Daten werden ausschliesslich f\u00fcr die Verarbeitung der Konversation verwendet.<\/p>\n\n\n\n<h2 class=\"wp-block-heading\">Newsletter<\/h2>\n\n\n\n<p>Wenn Sie sich f\u00fcr den Newsletter mit Ihrer E-Mail-Adresse angemeldet haben, speichern und nutzen wir Ihre E-Mail-Adresse f\u00fcr die \u00dcbersendung unseres Newsletters mit Informationen von uns, bis Sie sich von unserem Newsletter abgemeldet haben. <\/p>\n\n\n\n<p><\/p>\n\n\n\n<p>Sie k\u00f6nnen sich jederzeit von unserem Newsletter abmelden. Sie k\u00f6nnen auch jederzeit Ihre Einwilligung in die Nutzung ihrer E-Mail-Adresse f\u00fcr die Zukunft uns gegen\u00fcber widerrufen. Nutzen Sie hierzu bitte die auf unserer Webseite angegebenen Kontaktm\u00f6glichkeiten.<\/p>\n\n\n\n<h2 class=\"wp-block-heading\">YouTube<\/h2>\n\n\n\n<p>Videos, die auf unserem Webauftritt angezeigt werden, sind via der YouTube-API eingebunden. Nutzende werden auf unserem Webauftritt vorg\u00e4ngig um ihr Einverst\u00e4ndnis gefragt, bevor eine Verbindung zu YouTube aufgebaut und das Video abgespielt wird.<\/p>\n\n\n\n<p><a href=\"https:\/\/www.youtube.com\/t\/terms\" target=\"_blank\" rel=\"noreferrer noopener\">Nutzungsbedingungen von YouTube<\/a><\/p>\n","protected":false},"excerpt":{"rendered":"<p>Allgemeines Die folgenden Hinweise geben einen einfachen \u00dcberblick dar\u00fcber, was mit Ihren personenbezogenen Daten passiert, wenn Sie unsere Webseite besuchen. Personenbezogene Daten sind alle Daten, mit denen Sie pers\u00f6nlich identifiziert werden k\u00f6nnen. Beim Zugriff auf das Informationsangebot werden grunds\u00e4tzlich keine pers\u00f6nlichen Daten erfasst und gespeichert, mit dem Ziel, das individuelle Nutzerverhalten auszuwerten. Bestimmte Informations- und [&hellip;]<\/p>\n","protected":false},"author":1,"featured_media":0,"parent":0,"menu_order":11,"comment_status":"closed","ping_status":"closed","template":"page-templates\/privacy_page.php","meta":{"_acf_changed":false,"_genesis_hide_title":false,"_genesis_hide_breadcrumbs":false,"_genesis_hide_singular_image":false,"_genesis_hide_footer_widgets":false,"_genesis_custom_body_class":"","_genesis_custom_post_class":"","_genesis_layout":"","footnotes":""},"class_list":{"0":"post-10","1":"page","2":"type-page","3":"status-publish","5":"entry"},"acf":[],"_links":{"self":[{"href":"https:\/\/zukunft-inklusion.prestage.ch\/sg-ar-ai\/wp-json\/wp\/v2\/pages\/10","targetHints":{"allow":["GET"]}}],"collection":[{"href":"https:\/\/zukunft-inklusion.prestage.ch\/sg-ar-ai\/wp-json\/wp\/v2\/pages"}],"about":[{"href":"https:\/\/zukunft-inklusion.prestage.ch\/sg-ar-ai\/wp-json\/wp\/v2\/types\/page"}],"author":[{"embeddable":true,"href":"https:\/\/zukunft-inklusion.prestage.ch\/sg-ar-ai\/wp-json\/wp\/v2\/users\/1"}],"replies":[{"embeddable":true,"href":"https:\/\/zukunft-inklusion.prestage.ch\/sg-ar-ai\/wp-json\/wp\/v2\/comments?post=10"}],"version-history":[{"count":2,"href":"https:\/\/zukunft-inklusion.prestage.ch\/sg-ar-ai\/wp-json\/wp\/v2\/pages\/10\/revisions"}],"predecessor-version":[{"id":282,"href":"https:\/\/zukunft-inklusion.prestage.ch\/sg-ar-ai\/wp-json\/wp\/v2\/pages\/10\/revisions\/282"}],"wp:attachment":[{"href":"https:\/\/zukunft-inklusion.prestage.ch\/sg-ar-ai\/wp-json\/wp\/v2\/media?parent=10"}],"curies":[{"name":"wp","href":"https:\/\/api.w.org\/{rel}","templated":true}]}}