{"id":22,"date":"2023-07-28T14:00:24","date_gmt":"2023-07-28T12:00:24","guid":{"rendered":"https:\/\/zukunft-inklusion.ch.prestage.ch\/sg-ar-ai\/?page_id=22"},"modified":"2024-07-02T11:04:38","modified_gmt":"2024-07-02T09:04:38","slug":"kalender","status":"publish","type":"page","link":"https:\/\/zukunft-inklusion.prestage.ch\/sg-ar-ai\/kalender\/","title":{"rendered":"Kalender"},"content":{"rendered":"\n<p>Auf unserem Kalender wurden laufend alle anstehenden Veranstaltungen, einschliesslich Informations-Anl\u00e4sse, Austauschtreffen und zuk\u00fcnftige Aktionen vermerkt. So hatte man stets den \u00dcberblick dar\u00fcber, welche Termine in naher Zukunft anstanden und konnte sich darauf vorbereiten.<\/p>\n\n\n\n<h2 class=\"wp-block-heading\">Inklusions &#8211; Armb\u00e4nder <\/h2>\n\n\n\n<p>Wer ein farbiges Armband trug, unterst\u00fctzt die Aktionstage und setzt ein Zeichen f\u00fcr &#171;Zukunft Inklusion&#187;. Die Armb\u00e4nder waren an unterschiedlichen Veranstaltungen zu finden. Das Kn\u00fcpfen und Verteilen der Armb\u00e4nder wurde durch die Aktionspartner_innen organisiert. <\/p>\n\n\n\n<p>M\u00f6chten Sie selber B\u00e4nder kn\u00fcpfen und verteilen? Melden Sie sich bei der Behindertenkonferenz SG, AR, AI (<span data-eml-encoded-html><label>(E-Mail)<\/label><var aria-hidden=\"true\" style=\"display:none\">Ym1sdVlTNXliMlpsSlRRd1ltdHpaMkV1WTJnPQ==<\/var><\/span> \/ 071 898 03 31) <\/p>\n\n\n<div class=\"wp-block-image\">\n<figure class=\"aligncenter size-medium is-resized\"><img loading=\"lazy\" decoding=\"async\" width=\"675\" height=\"900\" src=\"https:\/\/zukunft-inklusion.prestage.ch\/sg-ar-ai\/wp-content\/uploads\/sites\/27\/IMG_2634-675x900.jpg\" alt=\"\" class=\"wp-image-865\" style=\"aspect-ratio:1;object-fit:cover;width:280px;height:auto\" srcset=\"https:\/\/zukunft-inklusion.prestage.ch\/sg-ar-ai\/wp-content\/uploads\/sites\/27\/IMG_2634-675x900.jpg 675w, https:\/\/zukunft-inklusion.prestage.ch\/sg-ar-ai\/wp-content\/uploads\/sites\/27\/IMG_2634-900x1200.jpg 900w, https:\/\/zukunft-inklusion.prestage.ch\/sg-ar-ai\/wp-content\/uploads\/sites\/27\/IMG_2634-768x1024.jpg 768w, https:\/\/zukunft-inklusion.prestage.ch\/sg-ar-ai\/wp-content\/uploads\/sites\/27\/IMG_2634-1152x1536.jpg 1152w, https:\/\/zukunft-inklusion.prestage.ch\/sg-ar-ai\/wp-content\/uploads\/sites\/27\/IMG_2634-1536x2048.jpg 1536w, https:\/\/zukunft-inklusion.prestage.ch\/sg-ar-ai\/wp-content\/uploads\/sites\/27\/IMG_2634-scaled.jpg 1920w\" sizes=\"auto, (max-width: 675px) 100vw, 675px\" \/><\/figure><\/div>\n\n\n<p><\/p>\n\n\n\n<p>Hier eine \u00dcbersicht aller Aktionen in den Kantonen SG, AR, AI: <a href=\"https:\/\/zukunft-inklusion.prestage.ch\/sg-ar-ai\/wp-content\/uploads\/sites\/27\/Aktionstage_sg_ar_ai_alleAktionen.pdf\" data-type=\"attachment\" data-id=\"893\">ALLE Aktionen<\/a><\/p>\n","protected":false},"excerpt":{"rendered":"<p>Auf unserem Kalender wurden laufend alle anstehenden Veranstaltungen, einschliesslich Informations-Anl\u00e4sse, Austauschtreffen und zuk\u00fcnftige Aktionen vermerkt. So hatte man stets den \u00dcberblick dar\u00fcber, welche Termine in naher Zukunft anstanden und konnte sich darauf vorbereiten. Inklusions &#8211; Armb\u00e4nder Wer ein farbiges Armband trug, unterst\u00fctzt die Aktionstage und setzt ein Zeichen f\u00fcr &#171;Zukunft Inklusion&#187;. Die Armb\u00e4nder waren an [&hellip;]<\/p>\n","protected":false},"author":1,"featured_media":0,"parent":0,"menu_order":3,"comment_status":"closed","ping_status":"closed","template":"page-templates\/calendar_page.php","meta":{"_acf_changed":false,"_genesis_hide_title":false,"_genesis_hide_breadcrumbs":false,"_genesis_hide_singular_image":false,"_genesis_hide_footer_widgets":false,"_genesis_custom_body_class":"","_genesis_custom_post_class":"","_genesis_layout":"","footnotes":""},"class_list":{"0":"post-22","1":"page","2":"type-page","3":"status-publish","5":"entry"},"acf":[],"_links":{"self":[{"href":"https:\/\/zukunft-inklusion.prestage.ch\/sg-ar-ai\/wp-json\/wp\/v2\/pages\/22","targetHints":{"allow":["GET"]}}],"collection":[{"href":"https:\/\/zukunft-inklusion.prestage.ch\/sg-ar-ai\/wp-json\/wp\/v2\/pages"}],"about":[{"href":"https:\/\/zukunft-inklusion.prestage.ch\/sg-ar-ai\/wp-json\/wp\/v2\/types\/page"}],"author":[{"embeddable":true,"href":"https:\/\/zukunft-inklusion.prestage.ch\/sg-ar-ai\/wp-json\/wp\/v2\/users\/1"}],"replies":[{"embeddable":true,"href":"https:\/\/zukunft-inklusion.prestage.ch\/sg-ar-ai\/wp-json\/wp\/v2\/comments?post=22"}],"version-history":[{"count":12,"href":"https:\/\/zukunft-inklusion.prestage.ch\/sg-ar-ai\/wp-json\/wp\/v2\/pages\/22\/revisions"}],"predecessor-version":[{"id":916,"href":"https:\/\/zukunft-inklusion.prestage.ch\/sg-ar-ai\/wp-json\/wp\/v2\/pages\/22\/revisions\/916"}],"wp:attachment":[{"href":"https:\/\/zukunft-inklusion.prestage.ch\/sg-ar-ai\/wp-json\/wp\/v2\/media?parent=22"}],"curies":[{"name":"wp","href":"https:\/\/api.w.org\/{rel}","templated":true}]}}