{"id":3,"date":"2023-07-28T14:00:47","date_gmt":"2023-07-28T12:00:47","guid":{"rendered":"https:\/\/zukunft-inklusion.ch.prestage.ch\/sg-ar-ai\/?page_id=3"},"modified":"2024-07-02T11:00:25","modified_gmt":"2024-07-02T09:00:25","slug":"startseite","status":"publish","type":"page","link":"https:\/\/zukunft-inklusion.prestage.ch\/sg-ar-ai\/","title":{"rendered":"Zukunft Inklusion \u2013 Aktionstage Behindertenrechte"},"content":{"rendered":"\n<p>Vom 15.\u00a0Mai bis zum 15.\u00a0Juni 2024 fanden unter dem Motto \u00abZukunft Inklusion\u00bb Aktionstage in der ganzen Schweiz, auch in den Kantonen St.Gallen und beiden Appenzell statt.<\/p>\n\n\n\n<p>Das <a href=\"https:\/\/zukunft-inklusion.prestage.ch\/sg-ar-ai\/wp-content\/uploads\/sites\/27\/231102Anmeldeformular_sg-ar-ai-bksga-2.docx\">Anmeldefenster<\/a> ist nach Abschluss der Aktionstage nicht mehr ge\u00f6ffnet. Erfahren Sie mehr in unserem <a href=\"https:\/\/zukunft-inklusion.prestage.ch\/sg-ar-ai\/wp-content\/uploads\/sites\/27\/231103Faktenblatt-SG-AR-AI-Werden-Sie-Teil-der-Aktionstage-1.docx\">Faktenblatt<\/a>.<\/p>\n\n\n\n<p>Das Faktenblatt in Leichter Sprache: <img loading=\"lazy\" decoding=\"async\" width=\"120\" height=\"120\" class=\"wp-image-384\" style=\"width: 40px\" src=\"https:\/\/zukunft-inklusion.prestage.ch\/sg-ar-ai\/wp-content\/uploads\/sites\/27\/LeichteSprache-1.png\" alt=\"\">  <a href=\"https:\/\/zukunft-inklusion.prestage.ch\/sg-ar-ai\/wp-content\/uploads\/sites\/27\/Faktenblatt-LS.pdf\" data-type=\"attachment\" data-id=\"427\">Faktenblatt-LS<\/a><\/p>\n\n\n\n<p>Das Faktenblatt in Unterst\u00fctzter Kommunikation <img loading=\"lazy\" decoding=\"async\" width=\"706\" height=\"589\" class=\"wp-image-407\" style=\"width: 40px\" src=\"https:\/\/zukunft-inklusion.prestage.ch\/sg-ar-ai\/wp-content\/uploads\/sites\/27\/unterstkommunik.jpg\" alt=\"\"> : <a href=\"https:\/\/zukunft-inklusion.prestage.ch\/sg-ar-ai\/wp-content\/uploads\/sites\/27\/UK_Aktionstage-Behindertenrechte-2024.pdf\" data-type=\"attachment\" data-id=\"412\">Faktenblatt-UK<\/a><\/p>\n\n\n\n<p>Die UNO-Behindertenrechtskonvention (<a href=\"https:\/\/www.fedlex.admin.ch\/eli\/cc\/2014\/245\/de\">UNO-BRK<\/a>) ist in der Schweiz seit 2014 in Kraft. Das Behindertengleichstellungsgesetz (<a href=\"https:\/\/www.fedlex.admin.ch\/eli\/cc\/2003\/667\/de\">BehiG<\/a>) bildet bereits seit 2004 eine wichtige Rechtsgrundlage. Zweck der UNO-BRK und des BehiG ist es, den gleichberechtigten Genuss der Menschenrechte und der Grundfreiheiten aller Menschen mit Behinderung zu f\u00f6rdern, zu sch\u00fctzen und zu gew\u00e4hrleisten sowie die Achtung ihrer W\u00fcrde zu st\u00e4rken. Der Bund, die Kantone und die Gemeinden sind verpflichtet, die UNO-BRK und das BehiG umzusetzen.<\/p>\n\n\n\n<p>Im Rahmen der Jubil\u00e4en wollen wir der Umsetzung der Menschenrechte Schub verleihen, gemeinsam handeln und gute Beispiele sichtbar machen.<\/p>\n\n\n\n<figure class=\"wp-block-embed is-type-video is-provider-youtube wp-block-embed-youtube wp-embed-aspect-16-9 wp-has-aspect-ratio\"><div class=\"wp-block-embed__wrapper\">\n <iframe referrerpolicy=\"no-referrer\" loading=\"lazy\" title=\"Interview mit Laura Bucher\" width=\"500\" height=\"281\" src=\"https:\/\/www.youtube-nocookie.com\/embed\/Rc8cdYwsbwo?feature=oembed\" frameborder=\"0\" allow=\"accelerometer; autoplay; clipboard-write; encrypted-media; gyroscope; picture-in-picture; web-share\" referrerpolicy=\"strict-origin-when-cross-origin\" allowfullscreen><\/iframe>\n<\/div><\/figure>\n\n\n\n<p><\/p>\n\n\n\n<p><strong>Bildbeschrieb Film &#171;Interview mit Laura Bucher&#187;<\/strong><\/p>\n\n\n\n<p>Der Film \u00abInterview mit Laura Bucher\u00bb findet draussen statt. Laura Bucher steht w\u00e4hrend des Films auf einem gepflasterten Platz. Im Hintergrund ist ein Springbrunnen und beige H\u00e4user zu sehen. Der Himmel ist blau.<br>Laura Bucher hat braune Augen und braune, mittellange Haare. Sie tr\u00e4gt ein schwarzes Shirt und dar\u00fcber eine Jacke mit Leoparden Muster. Zu Beginn f\u00e4ngt sie mit beiden H\u00e4nden einen Ball, der ihr von ausserhalb des Bildes zugeworfen wird. Der Ball ist blau, gelb, pink gestreift und passt in eine Hand.<br>Frage wird eingeblendet: Warum sind die Aktionstage wichtig?<br><br>Zwischenszene 1<\/p>\n\n\n\n<p>Eine Einblendung zeigt eine Nahaufnahme einer grauen Stufe. Der Boden vor der Stufe ist gepflastert. Im Hintergrund ist eine weisse Fassade mit einem Fenster zu sehen. Laura Bucher tritt auf die Stufe. Zu sehen sind schwarze Hosen und beige Schuhe.<br><br>Zwischenszene 2<\/p>\n\n\n\n<p>Die Eingangst\u00fcre und einen Teil der Fassade des Regierungsgeb\u00e4udes vom Kanton St.Gallen sind zu sehen. Es ist eine bogenf\u00f6rmige Glast\u00fcre. Darauf ist, aus schwarzem Metall, das Kantonswappen von St.Gallen (ein B\u00fcndel mit acht St\u00e4ben, in dessen Mitte ein Beil eingeschlossen ist) befestigt. Der T\u00fcrrahmen und der T\u00fcrgriff sind ebenfalls aus schwarzem Metall. Die Fassade ist weiss. Rechts von der T\u00fcre ist ein schwarzes Schild angebracht. Darauf steht in weisser Schrift: Kanton St.Gallen, Regierungsgeb\u00e4ude. Durch die Glast\u00fcre ist eine braune Rezeption zu sehen. 2 Personen stehen davor. Laura Bucher \u00f6ffnet die T\u00fcre und betritt das Geb\u00e4ude.<br><br>Schlussszene<\/p>\n\n\n\n<p>Laura Bucher wirft den Ball mit ihrer rechten Hand links aus dem Bild. Sie schaut dem Ball nach.<\/p>\n\n\n\n<p><\/p>\n\n\n\n<figure class=\"wp-block-embed is-type-video is-provider-youtube wp-block-embed-youtube wp-embed-aspect-16-9 wp-has-aspect-ratio\"><div class=\"wp-block-embed__wrapper\">\n <iframe referrerpolicy=\"no-referrer\" loading=\"lazy\" title=\"Zukunft Inklusion\" width=\"500\" height=\"281\" src=\"https:\/\/www.youtube-nocookie.com\/embed\/OC1v0yI6HrI?feature=oembed\" frameborder=\"0\" allow=\"accelerometer; autoplay; clipboard-write; encrypted-media; gyroscope; picture-in-picture; web-share\" referrerpolicy=\"strict-origin-when-cross-origin\" allowfullscreen><\/iframe>\n<\/div><\/figure>\n\n\n\n<p><\/p>\n\n\n\n<p><strong>Bildbeschrieb Film&nbsp;<\/strong>\u00ab<strong>Vielfalt verbindet<\/strong>\u00ab<\/p>\n\n\n\n<p>Der Film von Zukunft Inklusion besteht aus einzelnen Interviewszenen. Diese finden vor einer grauen Wand statt. Davor stehen ein hellgrauer Sessel, eine Zimmerpalme und ein kleines, rundes Tischchen. Darauf steht eine Tischlampe mit gelblichem Schirm. Daneben ein kleines, weisses T\u00f6pfchen mit einer gr\u00fcnen Pflanze.<\/p>\n\n\n\n<p>Szene 1<\/p>\n\n\n\n<p>Mo Sheriff sitzt im Sessel. Links von ihm steht die Palme vor dem Tischchen. Rechts von ihm ist Melanie Spiller-Reimann eingeblendet. Sie geb\u00e4rdet.<\/p>\n\n\n\n<p>Mo ist 31 Jahre alt. Er hat kurze, schwarze Haare und einen dunklen Teint. Er tr\u00e4gt eine dunkle Sonnenbrille und hat einen kurzen Vollbart. Zu einem roten Polo-Shirt tr\u00e4gt er schwarze Jeans.<\/p>\n\n\n\n<p>Szene 2<\/p>\n\n\n\n<p>Melanie Spiller-Reimann sitzt im Sessel zwischen Palme und Tischchen. Sie ist Mitte vierzig und hat dunkelblondes, langes Haar. Melanie hat blaue Augen. Sie tr\u00e4gt eine dunkle, eckige Brille. Zu einer blauen Hose tr\u00e4gt sie ein dunkelblaues T-Shirt, dar\u00fcber eine lange, blaue Strickjacke. Sie geb\u00e4rdet w\u00e4hrend eine Dolmetscherin ausserhalb des Bildes den Text spricht.<\/p>\n\n\n\n<p>Szene 3<\/p>\n\n\n\n<p><a><\/a>Lila Plakolli sitzt in einem Elektro- Rollstuhl. Links von ihr\/ihm steht die Palme vor dem Tischchen. Rechts von ihr\/ihm ist Melanie eingeblendet. Sie geb\u00e4rdet. Lila ist um die dreissig. Ihr\/Sein rot gef\u00e4rbtes Haar tr\u00e4gt sie\/er in einem Sidecut. Lila hat blaue Augen und tr\u00e4gt eine feine Metallbrille. Sie\/Er hat einen Dreitage-Bart.&nbsp; In Lilas Hals f\u00fchrt ein durchsichtiger Schlauch. Zu einem Lila-Kapuzenpulli tr\u00e4gt sie\/er schwarze Jeans.<\/p>\n\n\n\n<p>Nachfolgend sprechen in der gleichen Szenerie Melanie, Mo und erneut Melanie.<\/p>\n\n\n\n<h2 class=\"wp-block-heading\">Starten Sie jetzt<\/h2>\n\n\n\n<p>Nehmen Sie <a href=\"https:\/\/zukunft-inklusion.prestage.ch\/sg-ar-ai\/kontakt\/\" data-type=\"link\" data-id=\"https:\/\/zukunft-inklusion.prestage.ch\/sg-ar-ai\/kontakt\/\">Kontakt<\/a> auf mit der Behindertenkonferenz f\u00fcr Informationen. <\/p>\n","protected":false},"excerpt":{"rendered":"<p>Vom 15.\u00a0Mai bis zum 15.\u00a0Juni 2024 fanden unter dem Motto \u00abZukunft Inklusion\u00bb Aktionstage in der ganzen Schweiz, auch in den Kantonen St.Gallen und beiden Appenzell statt. Das Anmeldefenster ist nach Abschluss der Aktionstage nicht mehr ge\u00f6ffnet. Erfahren Sie mehr in unserem Faktenblatt. Das Faktenblatt in Leichter Sprache: Faktenblatt-LS Das Faktenblatt in Unterst\u00fctzter Kommunikation : Faktenblatt-UK [&hellip;]<\/p>\n","protected":false},"author":1,"featured_media":0,"parent":0,"menu_order":1,"comment_status":"closed","ping_status":"closed","template":"page-templates\/landing_page.php","meta":{"_acf_changed":false,"_genesis_hide_title":false,"_genesis_hide_breadcrumbs":false,"_genesis_hide_singular_image":false,"_genesis_hide_footer_widgets":false,"_genesis_custom_body_class":"","_genesis_custom_post_class":"","_genesis_layout":"","footnotes":"[]"},"class_list":{"0":"post-3","1":"page","2":"type-page","3":"status-publish","5":"entry"},"acf":[],"_links":{"self":[{"href":"https:\/\/zukunft-inklusion.prestage.ch\/sg-ar-ai\/wp-json\/wp\/v2\/pages\/3","targetHints":{"allow":["GET"]}}],"collection":[{"href":"https:\/\/zukunft-inklusion.prestage.ch\/sg-ar-ai\/wp-json\/wp\/v2\/pages"}],"about":[{"href":"https:\/\/zukunft-inklusion.prestage.ch\/sg-ar-ai\/wp-json\/wp\/v2\/types\/page"}],"author":[{"embeddable":true,"href":"https:\/\/zukunft-inklusion.prestage.ch\/sg-ar-ai\/wp-json\/wp\/v2\/users\/1"}],"replies":[{"embeddable":true,"href":"https:\/\/zukunft-inklusion.prestage.ch\/sg-ar-ai\/wp-json\/wp\/v2\/comments?post=3"}],"version-history":[{"count":46,"href":"https:\/\/zukunft-inklusion.prestage.ch\/sg-ar-ai\/wp-json\/wp\/v2\/pages\/3\/revisions"}],"predecessor-version":[{"id":914,"href":"https:\/\/zukunft-inklusion.prestage.ch\/sg-ar-ai\/wp-json\/wp\/v2\/pages\/3\/revisions\/914"}],"wp:attachment":[{"href":"https:\/\/zukunft-inklusion.prestage.ch\/sg-ar-ai\/wp-json\/wp\/v2\/media?parent=3"}],"curies":[{"name":"wp","href":"https:\/\/api.w.org\/{rel}","templated":true}]}}