{"id":5,"date":"2023-07-28T14:00:17","date_gmt":"2023-07-28T12:00:17","guid":{"rendered":"https:\/\/zukunft-inklusion.ch.prestage.ch\/sg-ar-ai\/?page_id=5"},"modified":"2023-10-05T11:05:30","modified_gmt":"2023-10-05T09:05:30","slug":"idee","status":"publish","type":"page","link":"https:\/\/zukunft-inklusion.prestage.ch\/sg-ar-ai\/idee\/","title":{"rendered":"Idee"},"content":{"rendered":"\n<h2 class=\"wp-block-heading\">Was bedeutet Inklusion?<\/h2>\n\n\n\n<h3 class=\"wp-block-heading\">Allgemein<\/h3>\n\n\n\n<p>Inklusion zielt darauf ab, Hindernisse abzubauen, Vorurteile zu \u00fcberwinden und eine gerechtere und integrativere Gesellschaft zu schaffen, in der alle Menschen die M\u00f6glichkeit haben, ihr volles Potenzial auszusch\u00f6pfen und an allen Aspekten des Lebens teilzunehmen.<\/p>\n\n\n\n<h3 class=\"wp-block-heading\">Sprache<\/h3>\n\n\n\n<p>Zukunft Inklusion setzt sich daf\u00fcr ein, eine respektvolle Umgebung f\u00fcr alle Menschen zu schaffen. Wir verwenden auf unserer Webseite eine gendergerechte Sprache. \u00abGender\u00bb ist ein englisches Wort und bedeutet \u00abGeschlecht\u00bb. In der gendergerechten Sprache wurden Formen entwickelt, um auch Menschen anzusprechen, die sich nicht oder nicht ausschliesslich als weiblich oder m\u00e4nnlich f\u00fchlen. Es gibt daf\u00fcr Zeichen wie den Genderstern (*), den Gender Gap\/Unterstrich (_) oder den Doppelpunkt (:).<\/p>\n\n\n\n<p>Unser Ziel ist es, niemanden aufgrund seines Geschlechts auszuschliessen. Mit der Verwendung von gendergerechter Sprache m\u00f6chten wir sicherstellen, dass unsere Webseite f\u00fcr alle zug\u00e4nglich und einladend ist. Wir verwenden den Unterstrich (_) als ein Mittel, um diese Ziele zu erreichen. Zum Beispiel: Anstelle von \u00abDie&nbsp;<strong>Aktionspartner<\/strong>&nbsp;haben ihre Aktionen eingereicht\u00bb, verwenden wir \u00abDie&nbsp;<strong>Aktionspartner_innen<\/strong>&nbsp;haben ihre Aktionen eingereicht.\u00bb. Durch die Verwendung des Unterstrichs (<strong>_<\/strong>) wird klar, dass alle Geschlechter (von Frau bis Mann) eingeschlossen sind.<\/p>\n\n\n\n<h3 class=\"wp-block-heading\">Barrierefreiheit<\/h3>\n\n\n\n<p>Barrierefreiheit bedeutet, dass die Umgebung f\u00fcr alle Menschen zug\u00e4nglich ist, ohne dass es Hindernisse gibt. Behinderungen f\u00fcr Menschen sollen abgebaut werden. Jeder Mensch soll selbst\u00e4ndig und ohne Schwierigkeiten unter anderem Geb\u00e4ude, Verkehrsmittel, Webseiten und Informationen nutzen k\u00f6nnen.<\/p>\n\n\n\n<h2 class=\"wp-block-heading\">Wer sind wir?<\/h2>\n\n\n\n<p>Die drei Kantone St.Gallen, Appenzell Ausserrhoden und Appenzell Innerrhoden engagieren sich gemeinsam f\u00fcr die Aktionstage Behindertenrechte 2024. Die kantonalen Sozial\u00e4mter setzen sich in ihren Kantonsgebieten f\u00fcr die soziale Sicherheit und die Integration von Menschen mit Behinderung ein, damit diese ihr Leben in Selbstbestimmung und Teilhabe leben k\u00f6nnen.<\/p>\n\n\n\n<p>Die Behindertenkonferenz SG AR AI ist ein Verein, der sich f\u00fcr die Rechte der Menschen mit Behinderung einsetzt. Mit der Vernetzung unterschiedlicher Interessenvertretenden soll die Gleichstellung aller Menschen mit Behinderung vorangetrieben werden.<\/p>\n\n\n\n<p>Die Nationalen Aktionstage Behindertenrechte 2024 werden vom Eidgen\u00f6ssischen B\u00fcro f\u00fcr die Gleichstellung von Menschen mit Behinderungen (<a href=\"https:\/\/www.edi.admin.ch\/edi\/de\/home\/fachstellen\/ebgb.html\" target=\"_blank\" rel=\"noreferrer noopener\">EBGB<\/a>) koordiniert und gef\u00fchrt. Die Konferenz der kantonalen Sozialdirektorinnen und Sozialdirektoren (<a href=\"https:\/\/www.sodk.ch\/de\/\" target=\"_blank\" rel=\"noreferrer noopener\">SODK<\/a>) unterst\u00fctzt den partizipativen Ansatz dieser Kampagne und erachtet sie als ein wichtiges Mittel zur Sensibilisierung der \u00d6ffentlichkeit in der Schweiz f\u00fcr die Anliegen von Menschen mit Behinderungen.<\/p>\n\n\n\n<h2 class=\"wp-block-heading\">Was machen wir?<\/h2>\n\n\n\n<p>Gemeinsam bereiten wir die n\u00e4chsten Aktionstage Behindertenrechte vor. Diese finden p\u00fcnktlich zum 10-j\u00e4hrigen Jubil\u00e4um der <a rel=\"noreferrer noopener\" href=\"https:\/\/www.fedlex.admin.ch\/eli\/cc\/2014\/245\/de\" target=\"_blank\">UNO-BRK<\/a> in der Schweiz und zum 20-j\u00e4hrigen Jubil\u00e4um des Behindertengleichstellungsgesetzes (<a rel=\"noreferrer noopener\" href=\"https:\/\/www.fedlex.admin.ch\/eli\/cc\/2003\/667\/de\" target=\"_blank\">BehiG<\/a>) vom 15. Mai bis 15. Juni 2024 statt.<\/p>\n\n\n\n<h2 class=\"wp-block-heading\">Warum das alles?<\/h2>\n\n\n\n<p>Die UNO-Behindertenrechtskonvention (<a href=\"https:\/\/www.edi.admin.ch\/edi\/de\/home\/fachstellen\/ebgb\/recht\/international0\/uebereinkommen-der-uno-ueber-die-rechte-von-menschen-mit-behinde.html\" target=\"_blank\" rel=\"noreferrer noopener\">UNO-BRK<\/a>) ist keine K\u00fcr, sondern eine Pflicht. F\u00fcr die Umsetzung der UNO-BRK braucht es jedoch ein breites B\u00fcndnis. Mit den Aktionstagen k\u00f6nnen wir das Thema in die breite \u00d6ffentlichkeit tragen.<\/p>\n\n\n\n<h2 class=\"wp-block-heading\">Was ist unsere Vision?<\/h2>\n\n\n\n<p>Wir setzen uns daf\u00fcr ein, dass Menschen mit Behinderungen die gleichen Rechte haben wie alle anderen auch. Menschen mit Behinderung sollen spontan und autonom den \u00f6ffentlichen Verkehr nutzen k\u00f6nnen: wie alle anderen auch. Sie sollen an Freizeit, Kultur- und Sportveranstaltungen teilnehmen k\u00f6nnen: wie alle anderen auch. Und wie alle anderen auch sollen Menschen mit Behinderung den gleichen Zugang zu Bildung, zur Gesundheitsversorgung, zum Arbeitsmarkt, zu Wohnraum und Gesch\u00e4ften sowie zu Information und Kommunikation haben. Denn genauso ist dies in der UNO-Behindertenrechtskonvention verankert. Diese hat die Schweiz unterzeichnet und sie ist seit 2014 verpflichtend.<\/p>\n\n\n\n<h2 class=\"wp-block-heading\">Was sind unsere Ziele?<\/h2>\n\n\n\n<p>Die Aktionstage bieten die M\u00f6glichkeit neue, bereits geplante oder umgesetzte Massnahmen der \u00d6ffentlichkeit zu zeigen, welche die Lebensrealit\u00e4ten von Menschen mit Behinderung verbessern. Damit soll die politische Agenda positiv beeinflusst werden. Bei den Aktionen k\u00f6nnen Hindernisse sichtbar und erlebbar gemacht werden. Gleichzeitig soll praktisches Wissen vermittelt werden, um zielgerichtete und nachhaltige L\u00f6sungen zu finden. Entscheidend daf\u00fcr ist ein handlungsf\u00e4higes und vielf\u00e4ltiges Netzwerk. Hierf\u00fcr werden Austauschgef\u00e4sse geschaffen und Unterst\u00fctzungsangebote bereitgestellt.<\/p>\n\n\n\n<h2 class=\"wp-block-heading\">Was sind unsere Qualit\u00e4tsmerkmale?<\/h2>\n\n\n\n<p>Wir haben den Anspruch, dass die Aktionen einen Bezug zur UNO-BRK aufweisen, den Einbezug von Menschen mit Behinderung sicherstellen und den Zugang f\u00fcr alle sichern.<\/p>\n","protected":false},"excerpt":{"rendered":"<p>Was bedeutet Inklusion? Allgemein Inklusion zielt darauf ab, Hindernisse abzubauen, Vorurteile zu \u00fcberwinden und eine gerechtere und integrativere Gesellschaft zu schaffen, in der alle Menschen die M\u00f6glichkeit haben, ihr volles Potenzial auszusch\u00f6pfen und an allen Aspekten des Lebens teilzunehmen. Sprache Zukunft Inklusion setzt sich daf\u00fcr ein, eine respektvolle Umgebung f\u00fcr alle Menschen zu schaffen. Wir [&hellip;]<\/p>\n","protected":false},"author":1,"featured_media":0,"parent":0,"menu_order":2,"comment_status":"closed","ping_status":"closed","template":"page-templates\/concept_page.php","meta":{"_acf_changed":false,"_genesis_hide_title":false,"_genesis_hide_breadcrumbs":false,"_genesis_hide_singular_image":false,"_genesis_hide_footer_widgets":false,"_genesis_custom_body_class":"","_genesis_custom_post_class":"","_genesis_layout":"","footnotes":""},"class_list":{"0":"post-5","1":"page","2":"type-page","3":"status-publish","5":"entry"},"acf":[],"_links":{"self":[{"href":"https:\/\/zukunft-inklusion.prestage.ch\/sg-ar-ai\/wp-json\/wp\/v2\/pages\/5","targetHints":{"allow":["GET"]}}],"collection":[{"href":"https:\/\/zukunft-inklusion.prestage.ch\/sg-ar-ai\/wp-json\/wp\/v2\/pages"}],"about":[{"href":"https:\/\/zukunft-inklusion.prestage.ch\/sg-ar-ai\/wp-json\/wp\/v2\/types\/page"}],"author":[{"embeddable":true,"href":"https:\/\/zukunft-inklusion.prestage.ch\/sg-ar-ai\/wp-json\/wp\/v2\/users\/1"}],"replies":[{"embeddable":true,"href":"https:\/\/zukunft-inklusion.prestage.ch\/sg-ar-ai\/wp-json\/wp\/v2\/comments?post=5"}],"version-history":[{"count":7,"href":"https:\/\/zukunft-inklusion.prestage.ch\/sg-ar-ai\/wp-json\/wp\/v2\/pages\/5\/revisions"}],"predecessor-version":[{"id":328,"href":"https:\/\/zukunft-inklusion.prestage.ch\/sg-ar-ai\/wp-json\/wp\/v2\/pages\/5\/revisions\/328"}],"wp:attachment":[{"href":"https:\/\/zukunft-inklusion.prestage.ch\/sg-ar-ai\/wp-json\/wp\/v2\/media?parent=5"}],"curies":[{"name":"wp","href":"https:\/\/api.w.org\/{rel}","templated":true}]}}