{"id":22,"date":"2023-07-28T14:00:24","date_gmt":"2023-07-28T12:00:24","guid":{"rendered":"https:\/\/zukunft-inklusion.ch.prestage.ch\/sh\/?page_id=22"},"modified":"2024-06-20T15:52:20","modified_gmt":"2024-06-20T13:52:20","slug":"kalender","status":"publish","type":"page","link":"https:\/\/zukunft-inklusion.prestage.ch\/sh\/kalender\/","title":{"rendered":"Kalender"},"content":{"rendered":"\n<p>Auf unserem Kalender sind alle anstehenden Veranstaltungen aufgef\u00fchrt, die im Rahmen der Aktionstage 2024 stattgefunden haben. Hier finden Sie eine <strong><a href=\"https:\/\/zukunft-inklusion.prestage.ch\/sh\/wp-content\/uploads\/sites\/28\/Aktionen_chronologisch-1.pdf\" data-type=\"attachment\" data-id=\"516\">Liste<\/a><\/strong> aller Veranstaltungen in chronologischer Form. <\/p>\n\n\n\n<p>15. Mai 2024:  Nationale Er\u00f6ffnungsveranstaltung (Z\u00fcrich)<br>16. Mai 2024:  Kantonale Er\u00f6ffnungsveranstaltung (Schaffhausen)<br>16. Juni 2024: Nationale Abschlussveranstaltung (Genf) <br><\/p>\n","protected":false},"excerpt":{"rendered":"<p>Auf unserem Kalender sind alle anstehenden Veranstaltungen aufgef\u00fchrt, die im Rahmen der Aktionstage 2024 stattgefunden haben. Hier finden Sie eine Liste aller Veranstaltungen in chronologischer Form. 15. Mai 2024: Nationale Er\u00f6ffnungsveranstaltung (Z\u00fcrich)16. Mai 2024: Kantonale Er\u00f6ffnungsveranstaltung (Schaffhausen)16. Juni 2024: Nationale Abschlussveranstaltung (Genf)<\/p>\n","protected":false},"author":1,"featured_media":0,"parent":0,"menu_order":3,"comment_status":"closed","ping_status":"closed","template":"page-templates\/calendar_page.php","meta":{"_acf_changed":false,"_genesis_hide_title":false,"_genesis_hide_breadcrumbs":false,"_genesis_hide_singular_image":false,"_genesis_hide_footer_widgets":false,"_genesis_custom_body_class":"","_genesis_custom_post_class":"","_genesis_layout":"","footnotes":""},"class_list":{"0":"post-22","1":"page","2":"type-page","3":"status-publish","5":"entry"},"acf":[],"_links":{"self":[{"href":"https:\/\/zukunft-inklusion.prestage.ch\/sh\/wp-json\/wp\/v2\/pages\/22","targetHints":{"allow":["GET"]}}],"collection":[{"href":"https:\/\/zukunft-inklusion.prestage.ch\/sh\/wp-json\/wp\/v2\/pages"}],"about":[{"href":"https:\/\/zukunft-inklusion.prestage.ch\/sh\/wp-json\/wp\/v2\/types\/page"}],"author":[{"embeddable":true,"href":"https:\/\/zukunft-inklusion.prestage.ch\/sh\/wp-json\/wp\/v2\/users\/1"}],"replies":[{"embeddable":true,"href":"https:\/\/zukunft-inklusion.prestage.ch\/sh\/wp-json\/wp\/v2\/comments?post=22"}],"version-history":[{"count":23,"href":"https:\/\/zukunft-inklusion.prestage.ch\/sh\/wp-json\/wp\/v2\/pages\/22\/revisions"}],"predecessor-version":[{"id":587,"href":"https:\/\/zukunft-inklusion.prestage.ch\/sh\/wp-json\/wp\/v2\/pages\/22\/revisions\/587"}],"wp:attachment":[{"href":"https:\/\/zukunft-inklusion.prestage.ch\/sh\/wp-json\/wp\/v2\/media?parent=22"}],"curies":[{"name":"wp","href":"https:\/\/api.w.org\/{rel}","templated":true}]}}