{"id":3,"date":"2023-07-28T14:00:47","date_gmt":"2023-07-28T12:00:47","guid":{"rendered":"https:\/\/zukunft-inklusion.ch.prestage.ch\/sh\/?page_id=3"},"modified":"2024-06-20T15:57:45","modified_gmt":"2024-06-20T13:57:45","slug":"startseite","status":"publish","type":"page","link":"https:\/\/zukunft-inklusion.prestage.ch\/sh\/","title":{"rendered":"Zukunft Inklusion \u2013 Aktionstage Behindertenrechte"},"content":{"rendered":"\n<p>Vom <strong>15.\u00a0Mai bis zum 15.\u00a0Juni 2024<\/strong> haben unter dem Motto \u00abZukunft Inklusion\u00bb Aktionstage in der ganzen Schweiz stattgefunden. So auch im Kanton Schaffhausen.<\/p>\n\n\n\n<p>Die UNO-Behindertenrechtskonvention (<a href=\"https:\/\/www.fedlex.admin.ch\/eli\/cc\/2014\/245\/de\">UNO-BRK<\/a>) ist in der Schweiz seit 2014 in Kraft. Das Behindertengleichstellungsgesetz (<a href=\"https:\/\/www.fedlex.admin.ch\/eli\/cc\/2003\/667\/de\">BehiG<\/a>) bildet bereits seit 2004 eine wichtige Rechtsgrundlage. Zweck der UNO-BRK und des BehiG ist es, den gleichberechtigten Genuss der Menschenrechte und der Grundfreiheiten aller Menschen mit Behinderung zu f\u00f6rdern, zu sch\u00fctzen und zu gew\u00e4hrleisten sowie die Achtung ihrer W\u00fcrde zu f\u00f6rdern. Der Bund, die Kantone und die Gemeinden sind verpflichtet, die UNO-BRK und das BehiG umzusetzen.<\/p>\n\n\n\n<p>Im Rahmen der Jubil\u00e4en wollen wir der Umsetzung der Menschenrechte Schub verleihen, gemeinsam handeln und gute Beispiele sichtbar machen.<\/p>\n","protected":false},"excerpt":{"rendered":"<p>Vom 15.\u00a0Mai bis zum 15.\u00a0Juni 2024 haben unter dem Motto \u00abZukunft Inklusion\u00bb Aktionstage in der ganzen Schweiz stattgefunden. So auch im Kanton Schaffhausen. Die UNO-Behindertenrechtskonvention (UNO-BRK) ist in der Schweiz seit 2014 in Kraft. Das Behindertengleichstellungsgesetz (BehiG) bildet bereits seit 2004 eine wichtige Rechtsgrundlage. Zweck der UNO-BRK und des BehiG ist es, den gleichberechtigten Genuss [&hellip;]<\/p>\n","protected":false},"author":1,"featured_media":0,"parent":0,"menu_order":1,"comment_status":"closed","ping_status":"closed","template":"page-templates\/landing_page.php","meta":{"_acf_changed":false,"_genesis_hide_title":false,"_genesis_hide_breadcrumbs":false,"_genesis_hide_singular_image":false,"_genesis_hide_footer_widgets":false,"_genesis_custom_body_class":"","_genesis_custom_post_class":"","_genesis_layout":"","footnotes":""},"class_list":{"0":"post-3","1":"page","2":"type-page","3":"status-publish","5":"entry"},"acf":[],"_links":{"self":[{"href":"https:\/\/zukunft-inklusion.prestage.ch\/sh\/wp-json\/wp\/v2\/pages\/3","targetHints":{"allow":["GET"]}}],"collection":[{"href":"https:\/\/zukunft-inklusion.prestage.ch\/sh\/wp-json\/wp\/v2\/pages"}],"about":[{"href":"https:\/\/zukunft-inklusion.prestage.ch\/sh\/wp-json\/wp\/v2\/types\/page"}],"author":[{"embeddable":true,"href":"https:\/\/zukunft-inklusion.prestage.ch\/sh\/wp-json\/wp\/v2\/users\/1"}],"replies":[{"embeddable":true,"href":"https:\/\/zukunft-inklusion.prestage.ch\/sh\/wp-json\/wp\/v2\/comments?post=3"}],"version-history":[{"count":10,"href":"https:\/\/zukunft-inklusion.prestage.ch\/sh\/wp-json\/wp\/v2\/pages\/3\/revisions"}],"predecessor-version":[{"id":592,"href":"https:\/\/zukunft-inklusion.prestage.ch\/sh\/wp-json\/wp\/v2\/pages\/3\/revisions\/592"}],"wp:attachment":[{"href":"https:\/\/zukunft-inklusion.prestage.ch\/sh\/wp-json\/wp\/v2\/media?parent=3"}],"curies":[{"name":"wp","href":"https:\/\/api.w.org\/{rel}","templated":true}]}}