{"id":30,"date":"2023-07-28T14:00:37","date_gmt":"2023-07-28T12:00:37","guid":{"rendered":"https:\/\/zukunft-inklusion.ch.prestage.ch\/sh\/?page_id=30"},"modified":"2024-07-23T09:07:32","modified_gmt":"2024-07-23T07:07:32","slug":"medien","status":"publish","type":"page","link":"https:\/\/zukunft-inklusion.prestage.ch\/sh\/medien\/","title":{"rendered":"Medien"},"content":{"rendered":"\n<h2 class=\"wp-block-heading\">Medienbeitr\u00e4ge zu den Aktionstagen<\/h2>\n\n\n\n<p>Hier finden Sie eine Zusammenstellung von Medienbeitr\u00e4gen zu den Aktionstagen Behindertenrechte 2024. Wir sind erfreut dar\u00fcber, dass unsere Aktionen und Botschaften die Aufmerksamkeit der Medien auf sich ziehen und so dazu beitragen, das Bewusstsein f\u00fcr die Rechte von Menschen mit Behinderung zu sch\u00e4rfen.<\/p>\n\n\n<div role=\"list\" class=\"cst-mediapub-list cst-mediapub-list-page\" aria-live=\"polite\"><div role=\"listitem\" class=\"cst-mediapub-listitem cst-mediapub-listitem-show\" id=\"mediapub_595\" data-index=\"1\"><h3 class=\"h5 cst-mediapub-post-title\">Schaffhauser Bock &#8211; 18. Juni<\/h3><p>Bericht \u00fcber die InkludierBar in der Tanne Schaffhausen <\/p><!--  --><a href=\"https:\/\/zukunft-inklusion.prestage.ch\/sh\/wp-content\/uploads\/sites\/28\/2024-06-18_SH-BOCK_InkludierBar.pdf\" target=\"_blank\" aria-label=\"Zum Medienbeitrag \u2013 Schaffhauser Bock &#8211; 18. Juni\" class=\"more-link\">Zum Medienbeitrag<\/a><\/div><div role=\"listitem\" class=\"cst-mediapub-listitem cst-mediapub-listitem-show\" id=\"mediapub_579\" data-index=\"2\"><h3 class=\"h5 cst-mediapub-post-title\">Schaffhauser Nachrichten &#8211; 15. Juni<\/h3><p>\u00abAktionstage haben zur Sensibilisierung beigetragen\u00bb\r\nLuana Schena trat vor zwei Wochen ihre Stelle als Fachverantwortliche Inklusion und Umsetzung UNO-BRK an<\/p><!--  --><a href=\"https:\/\/zukunft-inklusion.prestage.ch\/sh\/wp-content\/uploads\/sites\/28\/SN-15.06.2024-Potrait-Luana-Schena_Aktionstage.pdf\" target=\"_blank\" aria-label=\"Zum Medienbeitrag \u2013 Schaffhauser Nachrichten &#8211; 15. Juni\" class=\"more-link\">Zum Medienbeitrag<\/a><\/div><div role=\"listitem\" class=\"cst-mediapub-listitem cst-mediapub-listitem-show\" id=\"mediapub_577\" data-index=\"3\"><h3 class=\"h5 cst-mediapub-post-title\">Radio Munot &#8211; 14. Juni<\/h3><p>R\u00fcckblick zu den Aktionstagen Behindertenrechte im Kanton Schaffhausen<\/p><!--  --><a href=\"https:\/\/zukunft-inklusion.prestage.ch\/sh\/wp-content\/uploads\/sites\/28\/14.06.2024_RadioMunot_Rueckblick_Aktionstage_fuer_Behindertenrechte.mp3\" target=\"_blank\" aria-label=\"Zum Medienbeitrag \u2013 Radio Munot &#8211; 14. Juni\" class=\"more-link\">Zum Medienbeitrag<\/a><\/div><div role=\"listitem\" class=\"cst-mediapub-listitem cst-mediapub-listitem-show\" id=\"mediapub_572\" data-index=\"4\"><h3 class=\"h5 cst-mediapub-post-title\">Radio Munot &#8211; 11. Juni<\/h3><p>Veranstaltungshinweis mit Beschrieb zur Aktion &#171;InkludierBar&#187;<\/p><!--  --><a href=\"https:\/\/zukunft-inklusion.prestage.ch\/sh\/wp-content\/uploads\/sites\/28\/RadioMunot_InkludierBar_Veranstaltungshinweis-5-2.m4a\" target=\"_blank\" aria-label=\"Zum Medienbeitrag \u2013 Radio Munot &#8211; 11. Juni\" class=\"more-link\">Zum Medienbeitrag<\/a><\/div><div role=\"listitem\" class=\"cst-mediapub-listitem cst-mediapub-listitem-show\" id=\"mediapub_565\" data-index=\"5\"><h3 class=\"h5 cst-mediapub-post-title\">Thaynger Anzeiger &#8211; 11. Juni<\/h3><p>Bericht zum Anlass &#171;Sport und Spass f\u00fcr alle&#187; in der BBC Arena<\/p><!--  --><a href=\"https:\/\/zukunft-inklusion.prestage.ch\/sh\/wp-content\/uploads\/sites\/28\/SpielundSpass_11.6._ThayngerAnzeiger.pdf\" target=\"_blank\" aria-label=\"Zum Medienbeitrag \u2013 Thaynger Anzeiger &#8211; 11. Juni\" class=\"more-link\">Zum Medienbeitrag<\/a><\/div><div role=\"listitem\" class=\"cst-mediapub-listitem cst-mediapub-listitem-show\" id=\"mediapub_569\" data-index=\"6\"><h3 class=\"h5 cst-mediapub-post-title\">Schaffhauser Nachrichten &#8211; 8. Juni<\/h3><p>Bericht \u00fcber den Anlass &#171;Sp\u00fcren statt H\u00f6ren&#187; im Kulturlabor<\/p><!--  --><a href=\"https:\/\/zukunft-inklusion.prestage.ch\/sh\/wp-content\/uploads\/sites\/28\/2024-06-08_SN_Spueren-statt-Hoeren.pdf\" target=\"_blank\" aria-label=\"Zum Medienbeitrag \u2013 Schaffhauser Nachrichten &#8211; 8. Juni\" class=\"more-link\">Zum Medienbeitrag<\/a><\/div><div role=\"listitem\" class=\"cst-mediapub-listitem cst-mediapub-listitem-show\" id=\"mediapub_561\" data-index=\"7\"><h3 class=\"h5 cst-mediapub-post-title\">Schaffhauser Nachrichten &#8211; 31. Mai<\/h3><p>&#171;Schaffhausen bildet das Schlusslicht bei der schulischen Inklusion&#187;<\/p><!--  --><a href=\"https:\/\/zukunft-inklusion.prestage.ch\/sh\/wp-content\/uploads\/sites\/28\/2024-05-31_SHN-Podiumsdiskussion-Schule-Zukunft.pdf\" target=\"_blank\" aria-label=\"Zum Medienbeitrag \u2013 Schaffhauser Nachrichten &#8211; 31. Mai\" class=\"more-link\">Zum Medienbeitrag<\/a><\/div><div role=\"listitem\" class=\"cst-mediapub-listitem \" id=\"mediapub_560\" data-index=\"8\"><h3 class=\"h5 cst-mediapub-post-title\">Schaffhauser Nachrichten &#8211; 31. Mai<\/h3><p>&#171;Inklusion ist unser Leitgedanke&#187; &#8211; Im Rahmen der Nationalen Aktionstage f\u00fcr die Rechte von Menschen mit Behinderungen erlebte Stein am Rhein einen Tag voller \r\nVeranstaltungen. <\/p><!--  --><a href=\"https:\/\/zukunft-inklusion.prestage.ch\/sh\/wp-content\/uploads\/sites\/28\/2024-05-31_SHN-Werkelei-Stein-am-Rhein.pdf\" target=\"_blank\" aria-label=\"Zum Medienbeitrag \u2013 Schaffhauser Nachrichten &#8211; 31. Mai\" class=\"more-link\">Zum Medienbeitrag<\/a><\/div><div role=\"listitem\" class=\"cst-mediapub-listitem \" id=\"mediapub_562\" data-index=\"9\"><h3 class=\"h5 cst-mediapub-post-title\">Radio Munot &#8211; 28. Mai<\/h3><p>&#171;Malen f\u00fcr alle&#187; &#8211; Interview mit Beat Wipf und Rub\u00e9n Fructuoso vom kulturlabor Schaffhausen \u00fcber einen Ihrer Beitr\u00e4ge im Rahmen der Aktionstage. <\/p><!--  --><a href=\"https:\/\/zukunft-inklusion.prestage.ch\/sh\/wp-content\/uploads\/sites\/28\/md_Radiobeitrag__Malen_fuer_Alle_28.05.24.mp3\" target=\"_blank\" aria-label=\"Zum Medienbeitrag \u2013 Radio Munot &#8211; 28. Mai\" class=\"more-link\">Zum Medienbeitrag<\/a><\/div><div role=\"listitem\" class=\"cst-mediapub-listitem \" id=\"mediapub_559\" data-index=\"10\"><h3 class=\"h5 cst-mediapub-post-title\">Schaffhauser Nachrichten &#8211; 25. Mai<\/h3><p>&#171;Sehbeeintr\u00e4chtigung erlebbar machen&#187;<\/p><!--  --><a href=\"https:\/\/zukunft-inklusion.prestage.ch\/sh\/wp-content\/uploads\/sites\/28\/2024-05-25_SHN_Sehbeeintraechtigung-erleben.pdf\" target=\"_blank\" aria-label=\"Zum Medienbeitrag \u2013 Schaffhauser Nachrichten &#8211; 25. Mai\" class=\"more-link\">Zum Medienbeitrag<\/a><\/div><div role=\"listitem\" class=\"cst-mediapub-listitem \" id=\"mediapub_541\" data-index=\"11\"><h3 class=\"h5 cst-mediapub-post-title\">SRF &#8211; 18. Mai<\/h3><p>W\u00e4hrend den Aktionstagen Behindertenrechte finden vom 15. Mai bis 15. Juni landesweit rund 1000 Aktionen statt. Eine davon ist das Inklusionstram \u00abGemeinsam unterwegs\u00bb der VBZ.<\/p><!--  --><a href=\"https:\/\/www.srf.ch\/audio\/stiftung-denk-an-mich\/im-inklusionstram-gemeinsam-durch-zuerich?id=12591347\" target=\"_blank\" aria-label=\"Zum Medienbeitrag \u2013 SRF &#8211; 18. Mai\" class=\"more-link\">Zum Medienbeitrag<\/a><\/div><div role=\"listitem\" class=\"cst-mediapub-listitem \" id=\"mediapub_540\" data-index=\"12\"><h3 class=\"h5 cst-mediapub-post-title\">SRF Regionaljournal Z\u00fcrich Schaffhausen &#8211; 16. Mai<\/h3><p>Behindertenrechte: Auch im Kanton Z\u00fcrich gibt es noch viel zu tun. In Z\u00fcrich sind am Mittwoch die nationalen Aktionstage f\u00fcr Behindertenrechte losgegangen.<\/p><!--  --><a href=\"https:\/\/www.srf.ch\/audio\/regionaljournal-zuerich-schaffhausen\/behindertenrechte-auch-im-kanton-zuerich-gibt-es-noch-viel-zu-tun?id=12591164\" target=\"_blank\" aria-label=\"Zum Medienbeitrag \u2013 SRF Regionaljournal Z\u00fcrich Schaffhausen &#8211; 16. Mai\" class=\"more-link\">Zum Medienbeitrag<\/a><\/div><div role=\"listitem\" class=\"cst-mediapub-listitem \" id=\"mediapub_552\" data-index=\"13\"><h3 class=\"h5 cst-mediapub-post-title\">Schaffhauser Nachrichten &#8211; 15. Mai<\/h3><p>&#171;Ein Monat voller inklusiver Veranstaltungen&#187; &#8211; Artikel zum Start der Aktionstage Behindertenrechte und Interview mit der Projektleiterin Simone Wipf. \r\n\r\n<\/p><!--  --><a href=\"https:\/\/zukunft-inklusion.prestage.ch\/sh\/wp-content\/uploads\/sites\/28\/SN-15.05.2024.pdf\" target=\"_blank\" aria-label=\"Zum Medienbeitrag \u2013 Schaffhauser Nachrichten &#8211; 15. Mai\" class=\"more-link\">Zum Medienbeitrag<\/a><\/div><div role=\"listitem\" class=\"cst-mediapub-listitem \" id=\"mediapub_532\" data-index=\"14\"><h3 class=\"h5 cst-mediapub-post-title\">Schaffhauser Bock &#8211; 14. Mai<\/h3><p>Mehr Angebote und Verst\u00e4ndnis f\u00fcr Menschen mit Behinderungen. \r\nArtikel und \u00dcbersicht zu den Aktionen im Kanton Schaffhausen. <\/p><!--  --><a href=\"https:\/\/epaper.bockonline.ch\/bock-e-paper-2024-kw20\/68703684\/5\" target=\"_blank\" aria-label=\"Zum Medienbeitrag \u2013 Schaffhauser Bock &#8211; 14. Mai\" class=\"more-link\">Zum Medienbeitrag<\/a><\/div><div role=\"listitem\" class=\"cst-mediapub-listitem \" id=\"mediapub_580\" data-index=\"15\"><h3 class=\"h5 cst-mediapub-post-title\">Schaffhauser Fernsehen &#8211; 13. Mai<\/h3><p>Interview zu den Aktionstagen Behindertenrechte im Kanton Schaffhausen mit der Projektleiterin Simone Wipf<\/p><!--  --><a href=\"https:\/\/shf.ch\/index.php\/index.php?huet-im-gschproech-13-mai-2024-simone-wipf-boesch-aktionstage-behindertenrechte\" target=\"_blank\" aria-label=\"Zum Medienbeitrag \u2013 Schaffhauser Fernsehen &#8211; 13. Mai\" class=\"more-link\">Zum Medienbeitrag<\/a><\/div><div role=\"listitem\" class=\"cst-mediapub-listitem \" id=\"mediapub_549\" data-index=\"16\"><h3 class=\"h5 cst-mediapub-post-title\">Radio Munot &#8211; 13. Mai<\/h3><p>Interview zu den Aktionstagen im Kanton Schaffhausen mit der Projektleiterin Simone Wipf.\r\n<\/p><!--  --><a href=\"https:\/\/zukunft-inklusion.prestage.ch\/sh\/wp-content\/uploads\/sites\/28\/Radio-Munot-sw-Aktionstage-Behindertenrecht-2024-SH.mp3\" target=\"_blank\" aria-label=\"Zum Medienbeitrag \u2013 Radio Munot &#8211; 13. Mai\" class=\"more-link\">Zum Medienbeitrag<\/a><\/div><div role=\"listitem\" class=\"cst-mediapub-listitem \" id=\"mediapub_539\" data-index=\"17\"><h3 class=\"h5 cst-mediapub-post-title\">Medienmitteilung Bundesrat &#8211; 25. April<\/h3><p>Die Schweiz feiert 20 Jahre Behindertengleichstellungsgesetz und 10 Jahre UNO-Behindertenrechtskonvention. \u00dcberall finden Aktionen f\u00fcr die Bev\u00f6lkerung statt, initiiert und organisiert.<\/p><!--  --><a href=\"https:\/\/www.admin.ch\/gov\/de\/start\/dokumentation\/medienmitteilungen.msg-id-100821.html\" target=\"_blank\" aria-label=\"Zum Medienbeitrag \u2013 Medienmitteilung Bundesrat &#8211; 25. April\" class=\"more-link\">Zum Medienbeitrag<\/a><\/div><div role=\"listitem\" class=\"cst-mediapub-listitem \" id=\"mediapub_536\" data-index=\"18\"><h3 class=\"h5 cst-mediapub-post-title\">schaffhausen24.ch &#8211; 25. April<\/h3><p>Die Schweiz feiert 20 Jahre Behindertengleichstellungsgesetz und 10 Jahre UNO-Behindertenrechtskonvention und lanciert dazu die Aktionstage 2024.<\/p><!--  --><a href=\"https:\/\/schaffhausen24.ch\/articles\/244704-einen-monat-lang-action-in-der-ganzen-schweiz\" target=\"_blank\" aria-label=\"Zum Medienbeitrag \u2013 schaffhausen24.ch &#8211; 25. April\" class=\"more-link\">Zum Medienbeitrag<\/a><\/div><div role=\"listitem\" class=\"cst-mediapub-listitem \" id=\"mediapub_557\" data-index=\"19\"><h3 class=\"h5 cst-mediapub-post-title\">Medienmitteilung BKSH April 2023<\/h3><p><\/p><!--  --><a href=\"https:\/\/zukunft-inklusion.prestage.ch\/sh\/wp-content\/uploads\/sites\/28\/Medienmitteilung-April-2024.pdf\" target=\"_blank\" aria-label=\"Zum Medienbeitrag \u2013 Medienmitteilung BKSH April 2023\" class=\"more-link\">Zum Medienbeitrag<\/a><\/div><div role=\"listitem\" class=\"cst-mediapub-listitem \" id=\"mediapub_551\" data-index=\"20\"><h3 class=\"h5 cst-mediapub-post-title\">Medienmitteilung BKSH Dezember 2023<\/h3><p><\/p><!--  --><a href=\"https:\/\/zukunft-inklusion.prestage.ch\/sh\/wp-content\/uploads\/sites\/28\/Medienmitteilung-Dez.-2023.pdf\" target=\"_blank\" aria-label=\"Zum Medienbeitrag \u2013 Medienmitteilung BKSH Dezember 2023\" class=\"more-link\">Zum Medienbeitrag<\/a><\/div><button class=\"cst-mediapub-list-more-button\"><span>Weitere Medienbeitr\u00e4ge anzeigen<\/span><\/button><\/div>\n\n\n<h2 class=\"wp-block-heading\">Medienkontakte<\/h2>\n\n\n\n<p><strong>Luana Schena<\/strong><br>Fachverantwortliche Inklusion und Umsetzung UN-BRK<br>Sozialamt Kanton Schaffhausen<br>052 632 69 39<br><a href=\"mailto:\" data-eml-encoded-attr=\"YkhWaGJtRXVjMk5vWlc1aEpUUXdhM1J6YUM1amFBPT0=\"><strong><span data-eml-encoded-html><label>(E-Mail)<\/label><var aria-hidden=\"true\" style=\"display:none\">YkhWaGJtRXVjMk5vWlc1aEpUUXdjMmd1WTJnPQ==<\/var><\/span><\/strong><\/a><strong><br><\/strong><\/p>\n","protected":false},"excerpt":{"rendered":"<p>Medienbeitr\u00e4ge zu den Aktionstagen Hier finden Sie eine Zusammenstellung von Medienbeitr\u00e4gen zu den Aktionstagen Behindertenrechte 2024. Wir sind erfreut dar\u00fcber, dass unsere Aktionen und Botschaften die Aufmerksamkeit der Medien auf sich ziehen und so dazu beitragen, das Bewusstsein f\u00fcr die Rechte von Menschen mit Behinderung zu sch\u00e4rfen. Medienkontakte Luana SchenaFachverantwortliche Inklusion und Umsetzung UN-BRKSozialamt Kanton [&hellip;]<\/p>\n","protected":false},"author":1,"featured_media":0,"parent":0,"menu_order":8,"comment_status":"closed","ping_status":"closed","template":"page-templates\/media_page.php","meta":{"_acf_changed":false,"_genesis_hide_title":false,"_genesis_hide_breadcrumbs":false,"_genesis_hide_singular_image":false,"_genesis_hide_footer_widgets":false,"_genesis_custom_body_class":"","_genesis_custom_post_class":"","_genesis_layout":"","footnotes":""},"class_list":{"0":"post-30","1":"page","2":"type-page","3":"status-publish","5":"entry"},"acf":[],"_links":{"self":[{"href":"https:\/\/zukunft-inklusion.prestage.ch\/sh\/wp-json\/wp\/v2\/pages\/30","targetHints":{"allow":["GET"]}}],"collection":[{"href":"https:\/\/zukunft-inklusion.prestage.ch\/sh\/wp-json\/wp\/v2\/pages"}],"about":[{"href":"https:\/\/zukunft-inklusion.prestage.ch\/sh\/wp-json\/wp\/v2\/types\/page"}],"author":[{"embeddable":true,"href":"https:\/\/zukunft-inklusion.prestage.ch\/sh\/wp-json\/wp\/v2\/users\/1"}],"replies":[{"embeddable":true,"href":"https:\/\/zukunft-inklusion.prestage.ch\/sh\/wp-json\/wp\/v2\/comments?post=30"}],"version-history":[{"count":6,"href":"https:\/\/zukunft-inklusion.prestage.ch\/sh\/wp-json\/wp\/v2\/pages\/30\/revisions"}],"predecessor-version":[{"id":602,"href":"https:\/\/zukunft-inklusion.prestage.ch\/sh\/wp-json\/wp\/v2\/pages\/30\/revisions\/602"}],"wp:attachment":[{"href":"https:\/\/zukunft-inklusion.prestage.ch\/sh\/wp-json\/wp\/v2\/media?parent=30"}],"curies":[{"name":"wp","href":"https:\/\/api.w.org\/{rel}","templated":true}]}}