{"id":7,"date":"2023-07-28T14:00:48","date_gmt":"2023-07-28T12:00:48","guid":{"rendered":"https:\/\/zukunft-inklusion.ch.prestage.ch\/sh\/?page_id=7"},"modified":"2024-06-20T15:51:56","modified_gmt":"2024-06-20T13:51:56","slug":"mitwirken","status":"publish","type":"page","link":"https:\/\/zukunft-inklusion.prestage.ch\/sh\/mitwirken\/","title":{"rendered":"Mitwirken"},"content":{"rendered":"\n<h2 class=\"wp-block-heading\">Nehmen Sie mit einer Aktion teil<\/h2>\n\n\n\n<p>Die Aktionstage 2024 sind vorbei. Zur besseren Verst\u00e4ndlichkeit lassen wir die Informationen zum Thema Mitwirken nachfolgend stehen. <\/p>\n\n\n\n<p>Erfahren Sie mehr in unserem <a href=\"https:\/\/zukunft-inklusion.prestage.ch\/sh\/wp-content\/uploads\/sites\/28\/Faktenblatt-0-Aktionstage-Kanton-SH.pdf\" data-type=\"attachment\" data-id=\"520\">Faktenblatt<\/a> wenn Sie bei den Aktionstagen mitmachen m\u00f6chten.<\/p>\n\n\n\n<p>Bei Bedarf k\u00f6nnen die Aktionspartner im Kanton Schaffhausen finanzielle Unterst\u00fctzung f\u00fcr Ihre Veranstaltungen beantragen. Das Gesuch muss bei der Projektleitung der Aktionstage eingereicht werden, aber an die Windler-Stiftung adressiert sein. Idealerweise wird das Gesuch zusammen mit der Anmeldung f\u00fcr die geplanten Aktionen bis sp\u00e4testens Ende Februar 2024 an die Projektleitung gesendet. Die BKSH wird die Gesuche auflisten und alle zusammen bei der Windler-Stiftung mit einem Empfehlungsschreiben einreichen. Dieses Vorgehen gilt nur f\u00fcr die Windler-Stiftung und f\u00fcr Aktionen im Kanton Schaffhausen. Genauere Informationen zum Thema Finanzierung von Aktionen und zum Vorgehen bez\u00fcglich Gesuch finden sie hier <a href=\"https:\/\/zukunft-inklusion.prestage.ch\/sh\/wp-content\/uploads\/sites\/28\/Merkblatt-Finanzierung-Kanton-SH.pdf\" data-type=\"attachment\" data-id=\"209\">Merkblatt Finanzierung<\/a>.<\/p>\n\n\n\n<p>Wir haben Merkbl\u00e4tter erstellt, um Ihnen bei der Gestaltung Ihrer Aktionen zu helfen. Diese Merkbl\u00e4tter bieten praktische Tipps und Anleitungen f\u00fcr die Planung und Umsetzung Ihrer Aktion.<\/p>\n\n\n\n<ol class=\"wp-block-list\">\n<li><a href=\"https:\/\/zukunft-inklusion.prestage.ch\/sh\/wp-content\/uploads\/sites\/28\/Merkblatt-1-Sprache-und-Behinderung-Kanton-SH.pdf\" data-type=\"attachment\" data-id=\"157\" target=\"_blank\" rel=\"noreferrer noopener\">Merkblatt Sprache und Behinderung<\/a><\/li>\n\n\n\n<li><a href=\"https:\/\/zukunft-inklusion.prestage.ch\/sh\/wp-content\/uploads\/sites\/28\/Merkblatt-2-Hindernisfreie-Veranstaltung-planen-Kanton-SH.pdf\" data-type=\"attachment\" data-id=\"158\" target=\"_blank\" rel=\"noreferrer noopener\">Merkblatt Hindernisfreie Veranstaltungen planen<\/a><\/li>\n\n\n\n<li><a href=\"https:\/\/zukunft-inklusion.prestage.ch\/sh\/wp-content\/uploads\/sites\/28\/Merkblatt-3-Einfache-Sprache-Kanton-SH.pdf\" data-type=\"attachment\" data-id=\"159\" target=\"_blank\" rel=\"noreferrer noopener\">Merkblatt Einfache Sprache<\/a><\/li>\n\n\n\n<li><a href=\"https:\/\/zukunft-inklusion.prestage.ch\/sh\/wp-content\/uploads\/sites\/28\/Merkblatt-4-Soziale-Medien-Kanton-SH.pdf\" data-type=\"attachment\" data-id=\"160\" target=\"_blank\" rel=\"noreferrer noopener\">Merkblatt Soziale Medien<\/a><\/li>\n\n\n\n<li><a rel=\"noreferrer noopener\" href=\"https:\/\/zukunft-inklusion.prestage.ch\/sh\/wp-content\/uploads\/sites\/28\/Merkblatt-5-Netzwerkaufbau-Kanton-SH.pdf\" data-type=\"attachment\" data-id=\"161\" target=\"_blank\">Merkblatt Netzwerkaufbau<\/a><\/li>\n<\/ol>\n\n\n\n<ul class=\"wp-block-list\">\n<li><a href=\"https:\/\/www.aktionsplan-un-brk.ch\/de\/gute-beispiele-13.html?county=all&amp;filter-submit=true\" data-type=\"link\" data-id=\"https:\/\/www.aktionsplan-un-brk.ch\/de\/gute-beispiele-13.html?county=all&amp;filter-submit=true\">Sammlung guter Beispiele aus allen Kantonen<\/a><\/li>\n\n\n\n<li><a href=\"https:\/\/zukunft-inklusion.prestage.ch\/zh\/archiv\/\">Aktionstage 2022 Archiv<\/a><\/li>\n<\/ul>\n\n\n\n<h2 class=\"wp-block-heading\">In 5 Schritten zur Projektteilnahme<\/h2>\n\n\n\n<p>Wenn Sie mit einer Aktion an \u00abZukunft Inklusion\u00bb teilnehmen m\u00f6chten, m\u00fcssen Sie einige Schritte durchlaufen. Zun\u00e4chst m\u00fcssen Sie die Aktion mit unserem <a href=\"https:\/\/zukunft-inklusion.prestage.ch\/sh\/wp-content\/uploads\/sites\/28\/Eingabeformular-Kanton-SH.docx\" data-type=\"attachment\" data-id=\"227\">Anmeldeformular <\/a>einreichen. Anschliessend pr\u00fcfen wir, ob die Aktion unseren Qualit\u00e4tsmerkmalen entspricht. Wenn die Aktion aufgenommen wird, erhalten Sie eine Best\u00e4tigung mit einer Aktionsnummer und das Eingabeformular. Mit dem Eingabeformular erfassen Sie Details der Aktion, so dass wir diese auf der Webseite \u00abZukunft Inklusion\u00bb ver\u00f6ffentlichen k\u00f6nnen.<\/p>\n\n\n\n<p>Bei Fragen k\u00f6nnen Sie sich gerne bei uns melden. Wir unterst\u00fctzen Sie beratend und vermitteln Kontakte.<\/p>\n\n\n\n<h2 class=\"wp-block-heading\">Informieren Sie sich \u00fcber \u00abZukunft Inklusion\u00bb<\/h2>\n\n\n\n<p>Es finden Austausch- und Informationstreffen statt. Die Veranstaltungen werden bei Bedarf in Geb\u00e4rdensprache \u00fcbersetzt. Informationen zu den bereits durchgef\u00fchrten Austauschtreffen finden Sie hier:<\/p>\n\n\n\n<ul class=\"wp-block-list\">\n<li>Drittes und letztes Treffen vom 15.2.2024: <a href=\"https:\/\/zukunft-inklusion.prestage.ch\/sh\/wp-content\/uploads\/sites\/28\/AktionstageSH_Praesentation_IA_15.2.2024.pdf\" data-type=\"attachment\" data-id=\"239\">Pr\u00e4sentation<\/a> und <a href=\"https:\/\/zukunft-inklusion.prestage.ch\/sh\/wp-content\/uploads\/sites\/28\/Zusammenfassung_3.Infoanlass_Februar2024.pdf\" data-type=\"attachment\" data-id=\"240\">Zusammenfassung<\/a><\/li>\n\n\n\n<li>Zweites Treffen vom 2.11.2023: <a href=\"https:\/\/zukunft-inklusion.prestage.ch\/sh\/wp-content\/uploads\/sites\/28\/AktionstageSH_Praesentation_IA_2.11.2023.pdf\" data-type=\"attachment\" data-id=\"217\">Pr\u00e4sentation<\/a> und <a href=\"https:\/\/zukunft-inklusion.prestage.ch\/sh\/wp-content\/uploads\/sites\/28\/Zusammenfassung_2.-Infoanlass_November.pdf\" data-type=\"attachment\" data-id=\"219\">Zusammenfassung<\/a><\/li>\n\n\n\n<li>Erstes Treffen vom 29.8.2023:   <a href=\"https:\/\/zukunft-inklusion.prestage.ch\/sh\/wp-content\/uploads\/sites\/28\/AktionstageSH_Praesentation_IA_29.8.2023.pdf\" data-type=\"attachment\" data-id=\"218\">Pr\u00e4sentation<\/a><\/li>\n<\/ul>\n\n\n\n<h2 class=\"wp-block-heading\">Bewerben Sie die Aktionstage Behindertenrechte 2024<\/h2>\n\n\n\n<p>Reden Sie \u00fcber die Aktionstage und die vielf\u00e4ltigen Aktionen. Weisen Sie Ihr Umfeld auf die Mitwirkungsm\u00f6glichkeiten hin und folgen Sie uns auf den sozialen Medien.<\/p>\n\n\n\n<h2 class=\"wp-block-heading\">Ihre R\u00fcckmeldung ist uns wichtig<\/h2>\n\n\n\n<p>Haben Sie Ideen f\u00fcr Aktionen? Beobachten Sie Missst\u00e4nde, die wir thematisieren sollen? Oder m\u00f6chten Sie sich aktiv einbringen? Nehmen Sie bitte mit uns <a href=\"https:\/\/zukunft-inklusion.prestage.ch\/sh\/kontakt\/\">Kontakt<\/a> auf. Wir freuen uns auch \u00fcber Ihre R\u00fcckmeldungen zu den Merkbl\u00e4ttern. Sind sie n\u00fctzlich? Fehlt ein wichtiges Thema?<\/p>\n","protected":false},"excerpt":{"rendered":"<p>Nehmen Sie mit einer Aktion teil Die Aktionstage 2024 sind vorbei. Zur besseren Verst\u00e4ndlichkeit lassen wir die Informationen zum Thema Mitwirken nachfolgend stehen. Erfahren Sie mehr in unserem Faktenblatt wenn Sie bei den Aktionstagen mitmachen m\u00f6chten. Bei Bedarf k\u00f6nnen die Aktionspartner im Kanton Schaffhausen finanzielle Unterst\u00fctzung f\u00fcr Ihre Veranstaltungen beantragen. Das Gesuch muss bei der [&hellip;]<\/p>\n","protected":false},"author":1,"featured_media":0,"parent":0,"menu_order":6,"comment_status":"closed","ping_status":"closed","template":"page-templates\/participate_page.php","meta":{"_acf_changed":false,"_genesis_hide_title":false,"_genesis_hide_breadcrumbs":false,"_genesis_hide_singular_image":false,"_genesis_hide_footer_widgets":false,"_genesis_custom_body_class":"","_genesis_custom_post_class":"","_genesis_layout":"","footnotes":""},"class_list":{"0":"post-7","1":"page","2":"type-page","3":"status-publish","5":"entry"},"acf":[],"_links":{"self":[{"href":"https:\/\/zukunft-inklusion.prestage.ch\/sh\/wp-json\/wp\/v2\/pages\/7","targetHints":{"allow":["GET"]}}],"collection":[{"href":"https:\/\/zukunft-inklusion.prestage.ch\/sh\/wp-json\/wp\/v2\/pages"}],"about":[{"href":"https:\/\/zukunft-inklusion.prestage.ch\/sh\/wp-json\/wp\/v2\/types\/page"}],"author":[{"embeddable":true,"href":"https:\/\/zukunft-inklusion.prestage.ch\/sh\/wp-json\/wp\/v2\/users\/1"}],"replies":[{"embeddable":true,"href":"https:\/\/zukunft-inklusion.prestage.ch\/sh\/wp-json\/wp\/v2\/comments?post=7"}],"version-history":[{"count":34,"href":"https:\/\/zukunft-inklusion.prestage.ch\/sh\/wp-json\/wp\/v2\/pages\/7\/revisions"}],"predecessor-version":[{"id":586,"href":"https:\/\/zukunft-inklusion.prestage.ch\/sh\/wp-json\/wp\/v2\/pages\/7\/revisions\/586"}],"wp:attachment":[{"href":"https:\/\/zukunft-inklusion.prestage.ch\/sh\/wp-json\/wp\/v2\/media?parent=7"}],"curies":[{"name":"wp","href":"https:\/\/api.w.org\/{rel}","templated":true}]}}