{"id":22,"date":"2023-07-28T14:00:24","date_gmt":"2023-07-28T12:00:24","guid":{"rendered":"https:\/\/zukunft-inklusion.ch.prestage.ch\/so\/?page_id=22"},"modified":"2024-07-08T13:41:39","modified_gmt":"2024-07-08T11:41:39","slug":"kalender","status":"publish","type":"page","link":"https:\/\/zukunft-inklusion.prestage.ch\/so\/kalender\/","title":{"rendered":"Kalender"},"content":{"rendered":"\n<p>In unserem Kalender werden ab sofort alle Aktionen vermerkt sein. So haben Sie stets den \u00dcberblick dar\u00fcber, welche Termine in naher Zukunft anstehen und k\u00f6nnen Ihre Teilnahme an den Aktionen einplanen. Wir sind stets bem\u00fcht, diesen Kalender auf dem neusten Stand zu halten und werden regelm\u00e4ssig Aktualisierungen vornehmen. Alle Aktionen finden Sie zudem im <a href=\"https:\/\/www.ivso.ch\/fileadmin\/files\/pdf\/Diverses\/Aktionstage-Booklet.pdf\" data-type=\"link\" data-id=\"https:\/\/www.ivso.ch\/fileadmin\/files\/pdf\/Diverses\/Aktionstage-Booklet.pdf\">Programmheft<\/a>. <\/p>\n\n\n\n<p>Bei allgemeinen Fragen zu den Aktionen oder Anmeldungen melden Sie sich bei <a href=\"mailto:\" data-eml-encoded-attr=\"WTJoaGJtTmxibWRzWldsamFHaGxhWFFsTkRCa1pHa3VjMjh1WTJnPQ==\"><span data-eml-encoded-html><label>(E-Mail)<\/label><var aria-hidden=\"true\" style=\"display:none\">WTJoaGJtTmxibWRzWldsamFHaGxhWFFsTkRCa1pHa3VjMjh1WTJnPQ==<\/var><\/span><\/a>. <\/p>\n\n\n\n<p><\/p>\n","protected":false},"excerpt":{"rendered":"<p>In unserem Kalender werden ab sofort alle Aktionen vermerkt sein. So haben Sie stets den \u00dcberblick dar\u00fcber, welche Termine in naher Zukunft anstehen und k\u00f6nnen Ihre Teilnahme an den Aktionen einplanen. Wir sind stets bem\u00fcht, diesen Kalender auf dem neusten Stand zu halten und werden regelm\u00e4ssig Aktualisierungen vornehmen. Alle Aktionen finden Sie zudem im Programmheft. [&hellip;]<\/p>\n","protected":false},"author":1,"featured_media":0,"parent":0,"menu_order":3,"comment_status":"closed","ping_status":"closed","template":"page-templates\/calendar_page.php","meta":{"_acf_changed":false,"_genesis_hide_title":false,"_genesis_hide_breadcrumbs":false,"_genesis_hide_singular_image":false,"_genesis_hide_footer_widgets":false,"_genesis_custom_body_class":"","_genesis_custom_post_class":"","_genesis_layout":"","footnotes":""},"class_list":{"0":"post-22","1":"page","2":"type-page","3":"status-publish","5":"entry"},"acf":[],"_links":{"self":[{"href":"https:\/\/zukunft-inklusion.prestage.ch\/so\/wp-json\/wp\/v2\/pages\/22","targetHints":{"allow":["GET"]}}],"collection":[{"href":"https:\/\/zukunft-inklusion.prestage.ch\/so\/wp-json\/wp\/v2\/pages"}],"about":[{"href":"https:\/\/zukunft-inklusion.prestage.ch\/so\/wp-json\/wp\/v2\/types\/page"}],"author":[{"embeddable":true,"href":"https:\/\/zukunft-inklusion.prestage.ch\/so\/wp-json\/wp\/v2\/users\/1"}],"replies":[{"embeddable":true,"href":"https:\/\/zukunft-inklusion.prestage.ch\/so\/wp-json\/wp\/v2\/comments?post=22"}],"version-history":[{"count":13,"href":"https:\/\/zukunft-inklusion.prestage.ch\/so\/wp-json\/wp\/v2\/pages\/22\/revisions"}],"predecessor-version":[{"id":445,"href":"https:\/\/zukunft-inklusion.prestage.ch\/so\/wp-json\/wp\/v2\/pages\/22\/revisions\/445"}],"wp:attachment":[{"href":"https:\/\/zukunft-inklusion.prestage.ch\/so\/wp-json\/wp\/v2\/media?parent=22"}],"curies":[{"name":"wp","href":"https:\/\/api.w.org\/{rel}","templated":true}]}}