{"id":3,"date":"2023-07-28T14:00:47","date_gmt":"2023-07-28T12:00:47","guid":{"rendered":"https:\/\/zukunft-inklusion.ch.prestage.ch\/so\/?page_id=3"},"modified":"2024-07-08T13:36:38","modified_gmt":"2024-07-08T11:36:38","slug":"startseite","status":"publish","type":"page","link":"https:\/\/zukunft-inklusion.prestage.ch\/so\/","title":{"rendered":"Zukunft Inklusion \u2013 Aktionstage Behindertenrechte im Kanton Solothurn"},"content":{"rendered":"\n<p>Vom 15.\u00a0Mai bis zum 15.\u00a0Juni 2024 fanden Aktionstage in der ganzen Schweiz statt. Das Motto der Aktionstage lautet &#171;Zukunft Inklusion&#187;. Auch der Kanton Solothurn machte mit und veranstaltete vom 16. Mai bis zum 13. Juni im ganzen Kanton Aktionen. Die Aktionen wurden zusammen mit der Fach-Kommission &#171;Menschen mit Behinderungen&#187; (<a href=\"https:\/\/so.ch\/verwaltung\/departement-des-innern\/amt-fuer-gesellschaft-und-soziales\/menschen-mit-behinderungen\/behinderten-gleichstellung\/\">Fako MmB<\/a>) und weiteren <a href=\"https:\/\/zukunft-inklusion.prestage.ch\/so\/partnerschaften\/\" data-type=\"link\" data-id=\"https:\/\/zukunft-inklusion.prestage.ch\/so\/partnerschaften\/\">Partnern<\/a> geplant und durchgef\u00fchrt.<\/p>\n\n\n\n<p>Die Aktionstage markieren zwei Jubil\u00e4en: Seit 2014 ist die UNO-Behindertenrechtskonvention (<a rel=\"noreferrer noopener\" href=\"https:\/\/www.fedlex.admin.ch\/eli\/cc\/2014\/245\/de\" target=\"_blank\">UNO-BRK<\/a>) in der Schweiz g\u00fcltig. Seit 2004 gibt es das Behindertengleichstellungs-Gesetz (<a rel=\"noreferrer noopener\" href=\"https:\/\/www.fedlex.admin.ch\/eli\/cc\/2003\/667\/de\" target=\"_blank\">BehiG<\/a>). Es ist eine wichtige Rechtsgrundlage f\u00fcr die Inklusion. Die UNO-BRK und das BehiG sollen die Menschenrechte und Grund-Freiheiten von Menschen mit Behinderungen sch\u00fctzen und f\u00f6rdern. Die W\u00fcrde von Menschen mit Behinderungen soll respektiert werden. Die UNO-BRK und das BehiG m\u00fcssen von folgenden Stellen umgesetzt werden:<\/p>\n\n\n\n<ul class=\"wp-block-list\">\n<li>Bund<\/li>\n\n\n\n<li>Kantone<\/li>\n\n\n\n<li>Gemeinden<\/li>\n<\/ul>\n\n\n\n<p>Das bedeutet, dass sie die Vorgaben dieser Gesetze umsetzen m\u00fcssen. <\/p>\n\n\n\n<p>Wir wollen die Umsetzung der Menschenrechte vorantreiben, wenn wir gemeinsam handeln und gute Beispiele sichtbar machen. Dies geschieht im Rahmen der beiden Jubil\u00e4en (20 Jahre BehiG und 10 Jahre UNO-BRK in der Schweiz).<\/p>\n\n\n\n<p>Im Kanton Solothurn haben wir ein inklusives Gesellschafts-Verst\u00e4ndnis. Im Rahmen unseres&nbsp;kantonalen \u00abLeitbilds Behinderung\u00bb (<a href=\"https:\/\/so.ch\/verwaltung\/departement-des-innern\/amt-fuer-gesellschaft-und-soziales\/menschen-mit-behinderungen\/\">Leitbild<\/a>) erkl\u00e4ren wir unsere Absicht, dass Menschen mit und ohne Behinderungen gleichberechtigt und selbstbestimmt zusammenleben k\u00f6nnen. Darauf wollen wir mit den geplanten Aktionstagen aufmerksam machen. Gemeinsam mit Partnerinnen und Partnern (<a href=\"https:\/\/zukunft-inklusion.prestage.ch\/so\/partnerschaften\/\" data-type=\"page\" data-id=\"24\">Partnerschaften<\/a>) wollen wir damit diesem Ziel n\u00e4her kommen.<\/p>\n\n\n\n<figure class=\"wp-block-video alignleft\"><video controls src=\"https:\/\/zukunft-inklusion.prestage.ch\/so\/wp-content\/uploads\/sites\/29\/Spot_02_Querformat.mp4\"><\/video><\/figure>\n\n\n\n<p>Werbespot \u00abNationale Aktionstage Behindertenrechte 2024 im Kanton Solothurn\u00bb<\/p>\n\n\n\n<h2 class=\"wp-block-heading\">Bildbeschrieb Werbespot<\/h2>\n\n\n\n<p>Der Werbespot besteht aus mehreren Szenen. Im Werbespot zu sehen sind Achim Bader und Susanne Schaffner. Achim Bader ist Mitarbeiter Projekte bei Pro Infirmis und Pr\u00e4sident des Vereins Selbst-Betroffene Kanton Solothurn. Er hat selbst eine k\u00f6rperliche Behinderung und sitzt im Rollstuhl. Susanne Schaffner ist Regierungs-R\u00e4tin des Kantons Solothurn und Vorsteherin des Departments des Innern. Die einzelnen Szenen werden nachfolgend genauer beschrieben.<\/p>\n\n\n\n<h3 class=\"wp-block-heading\">Szene 1<\/h3>\n\n\n\n<p>Susanne wartet vor dem Haupteingang des Rathauses in Solothurn auf Achim. Achim kommt im Rollstuhl angefahren. Die beiden begr\u00fcssen sich und geben sich die Hand. Susanne weist Achim darauf hin, dass der Haupteingang nicht barrierefrei ist und Achim deshalb einen anderen Eingang nehmen muss. Die beiden fahren \/ gehen zum anderen Eingang.<\/p>\n\n\n\n<h3 class=\"wp-block-heading\">Szene 2<\/h3>\n\n\n\n<p>Achim steigt in seinem Rollstuhl mit einem Treppen-Lift die Treppe hoch. Er tr\u00e4gt blaue Jeans, einen gr\u00fcnen Pullover und dar\u00fcber ein blaues Gillet. Er erw\u00e4hnt, dass die meisten Hindernisse f\u00fcr Menschen mit Behinderungen f\u00fcr Menschen ohne Behinderungen unsichtbar sind. Im Hintergrund sind eine braune Holzt\u00fcr und eine weisse Wand zu sehen.<\/p>\n\n\n\n<h3 class=\"wp-block-heading\">Szene 3<\/h3>\n\n\n\n<p>Susanne steht in einem Gang des Rathauses. Sie tr\u00e4gt eine schwarze Bluse mit weissen Mustern, dar\u00fcber ein schwarzes Jacket und \u00fcber ihrer Schulter eine schwarze Handtasche. Im Hintergrund sind ein farbiges Bild, eine Skulptur und mehrere Holzeing\u00e4nge zu sehen. Sie erz\u00e4hlt, dass vom 16. Mai bis zum 13. Juni 2024 auch im Kanton Solothurn die Nationalen Aktionstage Behindertenrechte stattfinden werden. Sie macht auf verschiedene Veranstaltungen aufmerksam. Zum Beispiel auf Ausstellungen zum Thema Arbeitswelt und soziale Sicherheit sowie auf die Aktion \u00abKochen INKLUSIV Geniessen\u00bb.<\/p>\n\n\n\n<h3 class=\"wp-block-heading\">Szene 4<\/h3>\n\n\n\n<p>An der gleichen Position im Rathaus wie Susanne in Szene 3 sitzt Achim im Rollstuhl. Er erz\u00e4hlt \u00fcber die 1. Behinderten-Session im Kanton Solothurn, die ebenfalls im Rahmen der Aktionstage am 13. Juni 2024 stattfinden wird.<\/p>\n\n\n\n<h3 class=\"wp-block-heading\">Szene 5<\/h3>\n\n\n\n<p>Achim und Susanne fahren \/ laufen im Rathaus den Gang entlang. Achim gibt weitere Informationen zur Solothurner Behinderten-Session.<\/p>\n","protected":false},"excerpt":{"rendered":"<p>Vom 15.\u00a0Mai bis zum 15.\u00a0Juni 2024 fanden Aktionstage in der ganzen Schweiz statt. Das Motto der Aktionstage lautet &#171;Zukunft Inklusion&#187;. Auch der Kanton Solothurn machte mit und veranstaltete vom 16. Mai bis zum 13. Juni im ganzen Kanton Aktionen. Die Aktionen wurden zusammen mit der Fach-Kommission &#171;Menschen mit Behinderungen&#187; (Fako MmB) und weiteren Partnern geplant [&hellip;]<\/p>\n","protected":false},"author":1,"featured_media":0,"parent":0,"menu_order":1,"comment_status":"closed","ping_status":"closed","template":"page-templates\/landing_page.php","meta":{"_acf_changed":false,"_genesis_hide_title":false,"_genesis_hide_breadcrumbs":false,"_genesis_hide_singular_image":false,"_genesis_hide_footer_widgets":false,"_genesis_custom_body_class":"","_genesis_custom_post_class":"","_genesis_layout":"","footnotes":""},"class_list":{"0":"post-3","1":"page","2":"type-page","3":"status-publish","5":"entry"},"acf":[],"_links":{"self":[{"href":"https:\/\/zukunft-inklusion.prestage.ch\/so\/wp-json\/wp\/v2\/pages\/3","targetHints":{"allow":["GET"]}}],"collection":[{"href":"https:\/\/zukunft-inklusion.prestage.ch\/so\/wp-json\/wp\/v2\/pages"}],"about":[{"href":"https:\/\/zukunft-inklusion.prestage.ch\/so\/wp-json\/wp\/v2\/types\/page"}],"author":[{"embeddable":true,"href":"https:\/\/zukunft-inklusion.prestage.ch\/so\/wp-json\/wp\/v2\/users\/1"}],"replies":[{"embeddable":true,"href":"https:\/\/zukunft-inklusion.prestage.ch\/so\/wp-json\/wp\/v2\/comments?post=3"}],"version-history":[{"count":32,"href":"https:\/\/zukunft-inklusion.prestage.ch\/so\/wp-json\/wp\/v2\/pages\/3\/revisions"}],"predecessor-version":[{"id":504,"href":"https:\/\/zukunft-inklusion.prestage.ch\/so\/wp-json\/wp\/v2\/pages\/3\/revisions\/504"}],"wp:attachment":[{"href":"https:\/\/zukunft-inklusion.prestage.ch\/so\/wp-json\/wp\/v2\/media?parent=3"}],"curies":[{"name":"wp","href":"https:\/\/api.w.org\/{rel}","templated":true}]}}