{"id":30,"date":"2023-07-28T14:00:37","date_gmt":"2023-07-28T12:00:37","guid":{"rendered":"https:\/\/zukunft-inklusion.ch.prestage.ch\/so\/?page_id=30"},"modified":"2024-07-08T13:47:10","modified_gmt":"2024-07-08T11:47:10","slug":"medien","status":"publish","type":"page","link":"https:\/\/zukunft-inklusion.prestage.ch\/so\/medien\/","title":{"rendered":"Medien"},"content":{"rendered":"\n<h2 class=\"wp-block-heading\">Medienbeitr\u00e4ge zu den Aktionstagen<\/h2>\n\n\n\n<p>Medienbeitr\u00e4ge zu den Aktionstagen Behindertenrechte im Kanton Solothurn finden Sie hier.<\/p>\n\n\n<div role=\"list\" class=\"cst-mediapub-list cst-mediapub-list-page\" aria-live=\"polite\"><div role=\"listitem\" class=\"cst-mediapub-listitem cst-mediapub-listitem-show\" id=\"mediapub_502\" data-index=\"1\"><h3 class=\"h5 cst-mediapub-post-title\">Solothurner \u00abBehindertensession\u00bb nimmt Politik in die Pflicht<\/h3><p>Rund 50 Menschen mit Behinderung setzen sich in Solothurn f\u00fcr ein kantonales Behindertengesetz ein.<\/p><!--  --><a href=\"https:\/\/www.nau.ch\/news\/schweiz\/solothurner-behindertensession-nimmt-politik-in-die-pflicht-66779072\" target=\"_blank\" aria-label=\"Zum Medienbeitrag \u2013 Solothurner \u00abBehindertensession\u00bb nimmt Politik in die Pflicht\" class=\"more-link\">Zum Medienbeitrag<\/a><\/div><div role=\"listitem\" class=\"cst-mediapub-listitem cst-mediapub-listitem-show\" id=\"mediapub_501\" data-index=\"2\"><h3 class=\"h5 cst-mediapub-post-title\">Erste Behindertensession mit vier Forderungen an den Kanton Solothurn<\/h3><p>Zum Abschluss der Aktionstage Behindertenrechte im Kanton Solothurn fand heute die erste Behindertensession statt. Menschen mit Behinderungen debattierten im Kantonsratssaal. <\/p><!--  --><a href=\"https:\/\/www.32today.ch\/mittelland\/kanton-solothurn\/erste-behindertensession-diese-forderungen-soll-die-solothurner-regierung-erfuellen-157481251\" target=\"_blank\" aria-label=\"Zum Medienbeitrag \u2013 Erste Behindertensession mit vier Forderungen an den Kanton Solothurn\" class=\"more-link\">Zum Medienbeitrag<\/a><\/div><div role=\"listitem\" class=\"cst-mediapub-listitem cst-mediapub-listitem-show\" id=\"mediapub_500\" data-index=\"3\"><h3 class=\"h5 cst-mediapub-post-title\">\u00abWas ihr macht, ist die Kernaufgabe des Parlaments\u00bb: Menschen mit Beeintr\u00e4chtigung stellen Forderungen an den Kanton Solothurn<\/h3><p>Gleich lange Spiesse auf dem Arbeitsmarkt, weg mit Barrieren sowie Mittel und L\u00f6hne, die die Existenz sichern: Der ersten Behindertensession des Kantons Solothurn sollen viele weitere folgen<\/p><!--  --><a href=\"https:\/\/www.solothurnerzeitung.ch\/solothurn\/kanton-solothurn\/behindertensession-was-ihr-macht-ist-die-kernaufgabe-des-parlaments-menschen-mit-beeintraechtigung-stellen-forderungen-an-den-kanton-solothurn-ld.2630866?reduced=true\" target=\"_blank\" aria-label=\"Zum Medienbeitrag \u2013 \u00abWas ihr macht, ist die Kernaufgabe des Parlaments\u00bb: Menschen mit Beeintr\u00e4chtigung stellen Forderungen an den Kanton Solothurn\" class=\"more-link\">Zum Medienbeitrag<\/a><\/div><div role=\"listitem\" class=\"cst-mediapub-listitem cst-mediapub-listitem-show\" id=\"mediapub_499\" data-index=\"4\"><h3 class=\"h5 cst-mediapub-post-title\">Radiobeitrag zur ersten Behinderten-Session im Kanton Solothurn<\/h3><p>Im Solothurner Kantonsratssaal haben f\u00fcr einmal nicht die gew\u00e4hlten Kantonsr\u00e4tinnen und Kantonsr\u00e4te getagt, sondern Menschen mit einer Beeintr\u00e4chtigung. Dabei stellten sie verschiedene Forderungen. <\/p><!--  --><a href=\"https:\/\/www.srf.ch\/audio\/regionaljournal-aargau-solothurn\/erste-behinderten-session-im-kanton-solothurn?id=12607454\" target=\"_blank\" aria-label=\"Zum Medienbeitrag \u2013 Radiobeitrag zur ersten Behinderten-Session im Kanton Solothurn\" class=\"more-link\">Zum Medienbeitrag<\/a><\/div><div role=\"listitem\" class=\"cst-mediapub-listitem cst-mediapub-listitem-show\" id=\"mediapub_498\" data-index=\"5\"><h3 class=\"h5 cst-mediapub-post-title\">Wenn es v\u00f6llig egal ist, ob jemand eine Behinderung hat oder nicht: In einer Solothurner K\u00fcche l\u00f6sen sich die Grenzen auf<\/h3><p>Vor zehn Jahren trat in der Schweiz die UNO-Behindertenrechtskonvention in Kraft. Auch der Kanton Solothurn leistet seinen Beitrag. Zum Beispiel mit dem Anlass &#171;Kochen INKLUSIV Geniessen&#187;. <\/p><!--  --><a href=\"https:\/\/www.solothurnerzeitung.ch\/solothurn\/kanton-solothurn\/behindertenrechte-wenn-es-voellig-egal-ist-ob-jemand-eine-behinderung-hat-oder-nicht-in-einer-solothurner-kueche-loesen-sich-die-grenzen-auf-ld.2631035?reduced=true\" target=\"_blank\" aria-label=\"Zum Medienbeitrag \u2013 Wenn es v\u00f6llig egal ist, ob jemand eine Behinderung hat oder nicht: In einer Solothurner K\u00fcche l\u00f6sen sich die Grenzen auf\" class=\"more-link\">Zum Medienbeitrag<\/a><\/div><div role=\"listitem\" class=\"cst-mediapub-listitem cst-mediapub-listitem-show\" id=\"mediapub_497\" data-index=\"6\"><h3 class=\"h5 cst-mediapub-post-title\">Radiobeitrag zum Mobilit\u00e4tsparcours in Grenchen<\/h3><p>Wie bewegt man sich im Rollstuhl? Kann man sich in die Welt eines Blinden versetzen? Um solche Fragen geht es beim Mobilit\u00e4tsparcours. (Radiobeitrag ab Minute 16:50)<\/p><!--  --><a href=\"https:\/\/www.srf.ch\/audio\/regionaljournal-aargau-solothurn\/fc-baden-der-abstieg-und-die-millionen-investition?id=12595628\" target=\"_blank\" aria-label=\"Zum Medienbeitrag \u2013 Radiobeitrag zum Mobilit\u00e4tsparcours in Grenchen\" class=\"more-link\">Zum Medienbeitrag<\/a><\/div><div role=\"listitem\" class=\"cst-mediapub-listitem cst-mediapub-listitem-show\" id=\"mediapub_495\" data-index=\"7\"><h3 class=\"h5 cst-mediapub-post-title\">Interview mit Regierungsr\u00e4tin Susanne Schaffner zu den Aktionstagen Behindertenrechte im Kanton Solothurn<\/h3><p>Interview ab Minute 19:30<\/p><!--  --><a href=\"https:\/\/www.srf.ch\/audio\/regionaljournal-aargau-solothurn\/alle-opfer-ausser-lebensgefahr?id=12591602\" target=\"_blank\" aria-label=\"Zum Medienbeitrag \u2013 Interview mit Regierungsr\u00e4tin Susanne Schaffner zu den Aktionstagen Behindertenrechte im Kanton Solothurn\" class=\"more-link\">Zum Medienbeitrag<\/a><\/div><div role=\"listitem\" class=\"cst-mediapub-listitem \" id=\"mediapub_472\" data-index=\"8\"><h3 class=\"h5 cst-mediapub-post-title\">Miteinander statt nebeneinander: Die Solothurner Aktionstage Behindertenrechte mit Kochen, Parcours und Politik<\/h3><p>Unter dem Motto \u00abZukunft Inklusion\u00bb finden vom 16. Mai bis 13. Juni die Aktionstage Behindertenrechte statt. <\/p><!--  --><a href=\"https:\/\/www.solothurnerzeitung.ch\/solothurn\/kanton-solothurn\/gleichberechtigung-miteinander-statt-nebeneinander-die-aktionstage-behindertenrechte-mit-kochen-parcours-und-politik-ld.2600513?reduced=true\" target=\"_blank\" aria-label=\"Zum Medienbeitrag \u2013 Miteinander statt nebeneinander: Die Solothurner Aktionstage Behindertenrechte mit Kochen, Parcours und Politik\" class=\"more-link\">Zum Medienbeitrag<\/a><\/div><div role=\"listitem\" class=\"cst-mediapub-listitem \" id=\"mediapub_463\" data-index=\"9\"><h3 class=\"h5 cst-mediapub-post-title\">Medienmitteilung Kanton Solothurn<\/h3><p>Am 16. Mai 2024 werden in Solothurn die kantonalen Aktionstage Behindertenrechte er\u00f6ffnet. Mit 13 Aktionen macht der Kanton auf die Gleichberechtigung von Menschen mit Behinderungen aufmerksam. <\/p><!--  --><a href=\"https:\/\/so.ch\/staatskanzlei\/medien\/medienarchiv-2024\/april\/april-2024\/news\/kantonale-aktionstage-behindertenrechte-fuer-eine-inklusive-zukunft-1\/\" target=\"_blank\" aria-label=\"Zum Medienbeitrag \u2013 Medienmitteilung Kanton Solothurn\" class=\"more-link\">Zum Medienbeitrag<\/a><\/div><div role=\"listitem\" class=\"cst-mediapub-listitem \" id=\"mediapub_462\" data-index=\"10\"><h3 class=\"h5 cst-mediapub-post-title\">Radiobeitrag zu den Aktionstagen im Kanton Solothurn<\/h3><p><\/p><!--  --><a href=\"https:\/\/www.srf.ch\/audio\/regionaljournal-aargau-solothurn\/stellenabbau-bei-ch-media-vor-allem-today-plattformen-betroffen?id=12527480&amp;startTime=452\" target=\"_blank\" aria-label=\"Zum Medienbeitrag \u2013 Radiobeitrag zu den Aktionstagen im Kanton Solothurn\" class=\"more-link\">Zum Medienbeitrag<\/a><\/div><div role=\"listitem\" class=\"cst-mediapub-listitem \" id=\"mediapub_461\" data-index=\"11\"><h3 class=\"h5 cst-mediapub-post-title\">\u00abF\u00fcr eine inklusive Zukunft\u00bb: Kanton Solothurn plant Aktionstage zum Thema Behindertenrechte<\/h3><p>Der Kanton Solothurn will einen Monat lang f\u00fcr Anliegen von Menschen mit einer Behinderung sensibilisieren. Geplant sind unter anderem ein Mobilit\u00e4tsparcours und eine Behindertensession.<\/p><!--  --><a href=\"https:\/\/www.solothurnerzeitung.ch\/solothurn\/kanton-solothurn\/aktionstage-ld.2570542\" target=\"_blank\" aria-label=\"Zum Medienbeitrag \u2013 \u00abF\u00fcr eine inklusive Zukunft\u00bb: Kanton Solothurn plant Aktionstage zum Thema Behindertenrechte\" class=\"more-link\">Zum Medienbeitrag<\/a><\/div><div role=\"listitem\" class=\"cst-mediapub-listitem \" id=\"mediapub_460\" data-index=\"12\"><h3 class=\"h5 cst-mediapub-post-title\">Der Kanton unterst\u00fctzt Inklusionsprojekte am TOBS<\/h3><p>Eine dieser Aktionen findet am 28. Mai 2024 im Stadttheater Solothurn statt. Am Round Table geht es um die Teilhabe von Menschen mit Behinderungen als Kulturbesuchende und Kulturschaffende. <\/p><!--  --><a href=\"https:\/\/sokultur.ch\/pdf\/kulturzeiger-02-24.pdf\" target=\"_blank\" aria-label=\"Zum Medienbeitrag \u2013 Der Kanton unterst\u00fctzt Inklusionsprojekte am TOBS\" class=\"more-link\">Zum Medienbeitrag<\/a><\/div><div role=\"listitem\" class=\"cst-mediapub-listitem \" id=\"mediapub_289\" data-index=\"13\"><h3 class=\"h5 cst-mediapub-post-title\">F\u00fcr eine inklusivere Zukunft<\/h3><p>Die Projektleiterin Priyani Ferdinando gibt einen Einblick in die geplanten Veranstaltungen und sagt, was der Kanton f\u00fcr eine inklusivere Zukunft sonst noch unternimmt.<\/p><!--  --><a href=\"https:\/\/so.ch\/verwaltung\/departement-des-innern\/departementssekretariat\/newsletter-ddinside\/ddinside-01-2024\/fuer-eine-inklusivere-zukunft\/\" target=\"_blank\" aria-label=\"Zum Medienbeitrag \u2013 F\u00fcr eine inklusivere Zukunft\" class=\"more-link\">Zum Medienbeitrag<\/a><\/div><div role=\"listitem\" class=\"cst-mediapub-listitem \" id=\"mediapub_264\" data-index=\"14\"><h3 class=\"h5 cst-mediapub-post-title\">Medienmitteilung Kanton Solothurn<\/h3><p>Vom 16. Mai bis zum 13. Juni 2024 finden im Kanton Solothurn Aktionstage im Zeichen der Behindertenrechte statt. Geplant sind acht Aktionen, welche mit Partnerorganisationen durchgef\u00fchrt werden. <\/p><!--  --><a href=\"https:\/\/so.ch\/staatskanzlei\/medien\/medienmitteilung\/news\/kantonale-aktionstage-behindertenrechte-fuer-eine-inklusive-zukunft\/\" target=\"_blank\" aria-label=\"Zum Medienbeitrag \u2013 Medienmitteilung Kanton Solothurn\" class=\"more-link\">Zum Medienbeitrag<\/a><\/div><button class=\"cst-mediapub-list-more-button\"><span>Weitere Medienbeitr\u00e4ge anzeigen<\/span><\/button><\/div>\n\n\n<h2 class=\"wp-block-heading\">Medienkontakt<\/h2>\n\n\n\n<p>Koordinationsstelle Chancengleichheit<br>Priyani Ferdinando<br>Telefon: 032 627 63 14<br>E-Mail: <a href=\"mailto:\" data-eml-encoded-attr=\"WTJoaGJtTmxibWRzWldsamFHaGxhWFFsTkRCa1pHa3VjMjh1WTJnPQ==\"><span data-eml-encoded-html><label>(E-Mail)<\/label><var aria-hidden=\"true\" style=\"display:none\">WTJoaGJtTmxibWRzWldsamFHaGxhWFFsTkRCa1pHa3VjMjh1WTJnPQ==<\/var><\/span><\/a><\/p>\n","protected":false},"excerpt":{"rendered":"<p>Medienbeitr\u00e4ge zu den Aktionstagen Medienbeitr\u00e4ge zu den Aktionstagen Behindertenrechte im Kanton Solothurn finden Sie hier. Medienkontakt Koordinationsstelle ChancengleichheitPriyani FerdinandoTelefon: 032 627 63 14E-Mail: (E-Mail)WTJoaGJtTmxibWRzWldsamFHaGxhWFFsTkRCa1pHa3VjMjh1WTJnPQ==<\/p>\n","protected":false},"author":1,"featured_media":0,"parent":0,"menu_order":8,"comment_status":"closed","ping_status":"closed","template":"page-templates\/media_page.php","meta":{"_acf_changed":false,"_genesis_hide_title":false,"_genesis_hide_breadcrumbs":false,"_genesis_hide_singular_image":false,"_genesis_hide_footer_widgets":false,"_genesis_custom_body_class":"","_genesis_custom_post_class":"","_genesis_layout":"","footnotes":""},"class_list":{"0":"post-30","1":"page","2":"type-page","3":"status-publish","5":"entry"},"acf":[],"_links":{"self":[{"href":"https:\/\/zukunft-inklusion.prestage.ch\/so\/wp-json\/wp\/v2\/pages\/30","targetHints":{"allow":["GET"]}}],"collection":[{"href":"https:\/\/zukunft-inklusion.prestage.ch\/so\/wp-json\/wp\/v2\/pages"}],"about":[{"href":"https:\/\/zukunft-inklusion.prestage.ch\/so\/wp-json\/wp\/v2\/types\/page"}],"author":[{"embeddable":true,"href":"https:\/\/zukunft-inklusion.prestage.ch\/so\/wp-json\/wp\/v2\/users\/1"}],"replies":[{"embeddable":true,"href":"https:\/\/zukunft-inklusion.prestage.ch\/so\/wp-json\/wp\/v2\/comments?post=30"}],"version-history":[{"count":13,"href":"https:\/\/zukunft-inklusion.prestage.ch\/so\/wp-json\/wp\/v2\/pages\/30\/revisions"}],"predecessor-version":[{"id":511,"href":"https:\/\/zukunft-inklusion.prestage.ch\/so\/wp-json\/wp\/v2\/pages\/30\/revisions\/511"}],"wp:attachment":[{"href":"https:\/\/zukunft-inklusion.prestage.ch\/so\/wp-json\/wp\/v2\/media?parent=30"}],"curies":[{"name":"wp","href":"https:\/\/api.w.org\/{rel}","templated":true}]}}