{"id":5,"date":"2023-07-28T14:00:17","date_gmt":"2023-07-28T12:00:17","guid":{"rendered":"https:\/\/zukunft-inklusion.ch.prestage.ch\/so\/?page_id=5"},"modified":"2024-07-08T13:41:02","modified_gmt":"2024-07-08T11:41:02","slug":"idee","status":"publish","type":"page","link":"https:\/\/zukunft-inklusion.prestage.ch\/so\/idee\/","title":{"rendered":"Idee"},"content":{"rendered":"\n<h2 class=\"wp-block-heading\">Wer sind wir?<\/h2>\n\n\n\n<p>Das Amt f\u00fcr Gesellschaft und Soziales (<a href=\"https:\/\/so.ch\/verwaltung\/departement-des-innern\/amt-fuer-gesellschaft-und-soziales\/\">AGS<\/a>) organisierte die Aktionstage Behinderten-Rechte im Kanton Solothurn. Die Aktionstage fanden vom 16.\u00a0Mai bis zum 13.\u00a0Juni 2024 statt. Mit unserem \u00abLeitbild Behinderung\u00bb (<a href=\"https:\/\/so.ch\/verwaltung\/departement-des-innern\/amt-fuer-gesellschaft-und-soziales\/menschen-mit-behinderungen\/\">Leitbild<\/a>) haben wir die Verantwortung, ein gleichberechtigtes und selbstbestimmtes Zusammenleben von Menschen mit und ohne Behinderungen zu f\u00f6rdern.<\/p>\n\n\n\n<p>Die Fach-Kommission \u00abMenschen mit Behinderungen\u00bb (<a href=\"https:\/\/so.ch\/verwaltung\/departement-des-innern\/amt-fuer-gesellschaft-und-soziales\/menschen-mit-behinderungen\/behinderten-gleichstellung\/\">Fako MmB<\/a>) hat bei der Erarbeitung des Leitbildes mitgeholfen. Die Kommission besteht aus Fach- und Behinderten-Organisationen sowie Personen mit Behinderungen. Die Mitglieder der Kommission planten und f\u00fchrten die Aktionen durch. Auch andere Verwaltungsstellen waren beteiligt, zum Beispiel das kantonale Personal-Amt (<a href=\"https:\/\/so.ch\/verwaltung\/finanzdepartement\/personalamt\/\">PA<\/a>) und weitere Organisationen (siehe <a href=\"https:\/\/zukunft-inklusion.prestage.ch\/so\/partnerschaften\/\" data-type=\"page\" data-id=\"24\">Partnerschaften<\/a>).<\/p>\n\n\n\n<p>Die Nationalen Aktionstage Behindertenrechte 2024 wurden vom Eidgen\u00f6ssischen B\u00fcro f\u00fcr die Gleichstellung von Menschen mit Behinderungen (<a rel=\"noreferrer noopener\" href=\"https:\/\/www.edi.admin.ch\/edi\/de\/home\/fachstellen\/ebgb.html\" target=\"_blank\">EBGB<\/a>) geleitet und gef\u00fchrt. Die Konferenz der kantonalen Sozialdirektorinnen und Sozialdirektoren (<a rel=\"noreferrer noopener\" href=\"https:\/\/www.sodk.ch\/de\/\" target=\"_blank\">SODK<\/a>) unterst\u00fctzte den partizipativen Ansatz dieser Kampagne. Die SODK betrachtet die Aktionstage als ein wichtiges Mittel, um die \u00d6ffentlichkeit in der Schweiz f\u00fcr die Anliegen von Menschen mit Behinderungen zu sensibilisieren. Hier finden Sie die \u00dcbersicht aller Kantone (<a href=\"https:\/\/zukunft-inklusion.prestage.ch\/\">\u00dcbersicht<\/a>).<\/p>\n\n\n\n<h2 class=\"wp-block-heading\">Was machen wir?<\/h2>\n\n\n\n<p>Gemeinsam haben wir die Aktionstage Behindertenrechte 2024 vorbereitet. Diese fanden zum 10-j\u00e4hrigen Jubil\u00e4um der <a rel=\"noreferrer noopener\" href=\"https:\/\/www.fedlex.admin.ch\/eli\/cc\/2014\/245\/de\" target=\"_blank\">UNO-BRK<\/a> in der Schweiz und zum 20-J\u00e4hrigen Jubil\u00e4um des Behindertengleichstellungs-Gesetzes (<a rel=\"noreferrer noopener\" href=\"https:\/\/www.fedlex.admin.ch\/eli\/cc\/2003\/667\/de\" target=\"_blank\">BehiG<\/a>) vom 16. Mai bis 13. Juni statt. <\/p>\n\n\n\n<p>Wir vom Kanton Solothurn m\u00f6chten unsere Aktionen an m\u00f6glichst vielen Handlungsfeldern des \u00ab<a href=\"https:\/\/so.ch\/verwaltung\/departement-des-innern\/amt-fuer-gesellschaft-und-soziales\/menschen-mit-behinderungen\/\">Leitbildes Behinderung<\/a>\u00bb ausrichten. Es sind dies: <\/p>\n\n\n\n<ul class=\"wp-block-list\">\n<li>die Existenzsicherung,<\/li>\n\n\n\n<li>die Bildung, <\/li>\n\n\n\n<li>die Mobilit\u00e4t, <\/li>\n\n\n\n<li>die Lebensform, <\/li>\n\n\n\n<li>die Arbeit, <\/li>\n\n\n\n<li>die Freizeit und Kultur, <\/li>\n\n\n\n<li>die politische Partizipation sowie<\/li>\n\n\n\n<li>die Verwaltung<\/li>\n<\/ul>\n\n\n\n<p>Weitere Informationen zu den Aktionen finden Sie im Kalender (<a href=\"https:\/\/zukunft-inklusion.prestage.ch\/so\/kalender\/\">Kalender<\/a>).<\/p>\n\n\n\n<h2 class=\"wp-block-heading\">Warum das alles?<\/h2>\n\n\n\n<p>Die UNO-Behindertenrechtskonvention (<a rel=\"noreferrer noopener\" href=\"https:\/\/www.edi.admin.ch\/edi\/de\/home\/fachstellen\/ebgb\/recht\/international0\/uebereinkommen-der-uno-ueber-die-rechte-von-menschen-mit-behinde.html\" target=\"_blank\">UNO-BRK<\/a>) ist keine K\u00fcr. Sie ist eine Pflicht. Mit den Aktionstagen k\u00f6nnen wir das Thema in die breite \u00d6ffentlichkeit tragen.<\/p>\n\n\n\n<h2 class=\"wp-block-heading\">Was ist unsere Vision?<\/h2>\n\n\n\n<p>Menschen mit Behinderungen haben die gleichen Rechte wie alle anderen auch. Wir setzen uns daf\u00fcr ein, dass sie:<\/p>\n\n\n\n<ul class=\"wp-block-list\">\n<li>spontan und selbstst\u00e4ndig den \u00f6ffentlichen Verkehr nutzen k\u00f6nnen.<\/li>\n\n\n\n<li>an Freizeit-, Kultur- und Sportveranstaltungen teilnehmen k\u00f6nnen.<\/li>\n\n\n\n<li>den gleichen Zugang zu folgenden Dingen haben, wie alle anderen auch:\n<ul class=\"wp-block-list\">\n<li>Bildung<\/li>\n\n\n\n<li>Gesundheitsversorgung<\/li>\n\n\n\n<li>Arbeitsmarkt<\/li>\n\n\n\n<li>Wohnraum<\/li>\n\n\n\n<li>Gesch\u00e4ften<\/li>\n\n\n\n<li>Information<\/li>\n\n\n\n<li>Kommunikation<\/li>\n<\/ul>\n<\/li>\n<\/ul>\n\n\n\n<p>Das ist in der UNO-Behindertenrechtskonvention verankert. Diese hat die Schweiz unterzeichnet und sie ist seit 2014 verpflichtend. <\/p>\n\n\n\n<h2 class=\"wp-block-heading\">Was sind unsere Ziele?<\/h2>\n\n\n\n<p>Die Aktionstage boten die M\u00f6glichkeit, neue, bereits geplante oder umgesetzte Massnahmen der \u00d6ffentlichkeit zu zeigen. Sie sollen dazu beitragen, dass die Lebens-Bedingungen von Menschen mit Behinderungen verbessert werden. Die Aktionstage sollen die Politik positiv beeinflussen. Bei den Aktionen werden Hindernisse aufgedeckt und es wird praktisches Wissen vermittelt, um gezielte und langfristige L\u00f6sungen zu finden. Ein handlungsf\u00e4higes und vielf\u00e4ltiges Netzwerk ist daf\u00fcr entscheidend. Deshalb werden M\u00f6glichkeiten zum Austausch geschaffen und Hilfe angeboten. <\/p>\n\n\n\n<h2 class=\"wp-block-heading\">Was sind unsere Qualit\u00e4tsmerkmale?<\/h2>\n\n\n\n<p>Unser Ziel ist es, dass:<\/p>\n\n\n\n<ul class=\"wp-block-list\">\n<li>unsere Aktionen einen Bezug zur UNO-BRK haben.<\/li>\n\n\n\n<li>Menschen mit Behinderungen miteinbezogen werden.<\/li>\n\n\n\n<li>alle Menschen Zugang haben. <\/li>\n<\/ul>\n","protected":false},"excerpt":{"rendered":"<p>Wer sind wir? Das Amt f\u00fcr Gesellschaft und Soziales (AGS) organisierte die Aktionstage Behinderten-Rechte im Kanton Solothurn. Die Aktionstage fanden vom 16.\u00a0Mai bis zum 13.\u00a0Juni 2024 statt. Mit unserem \u00abLeitbild Behinderung\u00bb (Leitbild) haben wir die Verantwortung, ein gleichberechtigtes und selbstbestimmtes Zusammenleben von Menschen mit und ohne Behinderungen zu f\u00f6rdern. Die Fach-Kommission \u00abMenschen mit Behinderungen\u00bb (Fako [&hellip;]<\/p>\n","protected":false},"author":1,"featured_media":0,"parent":0,"menu_order":2,"comment_status":"closed","ping_status":"closed","template":"page-templates\/concept_page.php","meta":{"_acf_changed":false,"_genesis_hide_title":false,"_genesis_hide_breadcrumbs":false,"_genesis_hide_singular_image":false,"_genesis_hide_footer_widgets":false,"_genesis_custom_body_class":"","_genesis_custom_post_class":"","_genesis_layout":"","footnotes":""},"class_list":{"0":"post-5","1":"page","2":"type-page","3":"status-publish","5":"entry"},"acf":[],"_links":{"self":[{"href":"https:\/\/zukunft-inklusion.prestage.ch\/so\/wp-json\/wp\/v2\/pages\/5","targetHints":{"allow":["GET"]}}],"collection":[{"href":"https:\/\/zukunft-inklusion.prestage.ch\/so\/wp-json\/wp\/v2\/pages"}],"about":[{"href":"https:\/\/zukunft-inklusion.prestage.ch\/so\/wp-json\/wp\/v2\/types\/page"}],"author":[{"embeddable":true,"href":"https:\/\/zukunft-inklusion.prestage.ch\/so\/wp-json\/wp\/v2\/users\/1"}],"replies":[{"embeddable":true,"href":"https:\/\/zukunft-inklusion.prestage.ch\/so\/wp-json\/wp\/v2\/comments?post=5"}],"version-history":[{"count":22,"href":"https:\/\/zukunft-inklusion.prestage.ch\/so\/wp-json\/wp\/v2\/pages\/5\/revisions"}],"predecessor-version":[{"id":506,"href":"https:\/\/zukunft-inklusion.prestage.ch\/so\/wp-json\/wp\/v2\/pages\/5\/revisions\/506"}],"wp:attachment":[{"href":"https:\/\/zukunft-inklusion.prestage.ch\/so\/wp-json\/wp\/v2\/media?parent=5"}],"curies":[{"name":"wp","href":"https:\/\/api.w.org\/{rel}","templated":true}]}}