{"id":22,"date":"2023-07-28T14:00:24","date_gmt":"2023-07-28T12:00:24","guid":{"rendered":"https:\/\/zukunft-inklusion.ch.prestage.ch\/sz\/?page_id=22"},"modified":"2024-04-09T07:54:13","modified_gmt":"2024-04-09T05:54:13","slug":"kalender","status":"publish","type":"page","link":"https:\/\/zukunft-inklusion.prestage.ch\/sz\/kalender\/","title":{"rendered":"Kalender"},"content":{"rendered":"\n<p>Auf unserem Kalender werden ab sofort alle anstehenden Veranstaltungen, einschliesslich Informations-Anl\u00e4sse, Austauschtreffen und zuk\u00fcnftige Aktionen vermerkt sein. So haben Sie stets den \u00dcberblick dar\u00fcber, welche Termine in naher Zukunft anstehen und k\u00f6nnen sich darauf vorbereiten.<\/p>\n\n\n\n<p>Weiter finden viele spannende Aktionen auch in den anderen Kanton der Schweiz statt. Schauen sie doch auch dort im Kalender kurz vorbei. Hier die Links zu den Zentralschweizer Veranstaltungen: <a href=\"https:\/\/zukunft-inklusion.prestage.ch\/zg\/kalender\/\">Zug<\/a>, <a href=\"https:\/\/zukunft-inklusion.prestage.ch\/lu\/kalender\/\">Luzern<\/a>, <a href=\"https:\/\/zukunft-inklusion.prestage.ch\/ur\/kalender\/\">Uri <\/a>und <a href=\"https:\/\/zukunft-inklusion.prestage.ch\/ow-nw\/kalender\/\">Nidwalden\/Obwalden<\/a>.<\/p>\n","protected":false},"excerpt":{"rendered":"<p>Auf unserem Kalender werden ab sofort alle anstehenden Veranstaltungen, einschliesslich Informations-Anl\u00e4sse, Austauschtreffen und zuk\u00fcnftige Aktionen vermerkt sein. So haben Sie stets den \u00dcberblick dar\u00fcber, welche Termine in naher Zukunft anstehen und k\u00f6nnen sich darauf vorbereiten. Weiter finden viele spannende Aktionen auch in den anderen Kanton der Schweiz statt. Schauen sie doch auch dort im Kalender [&hellip;]<\/p>\n","protected":false},"author":1,"featured_media":0,"parent":0,"menu_order":3,"comment_status":"closed","ping_status":"closed","template":"page-templates\/calendar_page.php","meta":{"_acf_changed":false,"_genesis_hide_title":false,"_genesis_hide_breadcrumbs":false,"_genesis_hide_singular_image":false,"_genesis_hide_footer_widgets":false,"_genesis_custom_body_class":"","_genesis_custom_post_class":"","_genesis_layout":"","footnotes":""},"class_list":{"0":"post-22","1":"page","2":"type-page","3":"status-publish","5":"entry"},"acf":[],"_links":{"self":[{"href":"https:\/\/zukunft-inklusion.prestage.ch\/sz\/wp-json\/wp\/v2\/pages\/22","targetHints":{"allow":["GET"]}}],"collection":[{"href":"https:\/\/zukunft-inklusion.prestage.ch\/sz\/wp-json\/wp\/v2\/pages"}],"about":[{"href":"https:\/\/zukunft-inklusion.prestage.ch\/sz\/wp-json\/wp\/v2\/types\/page"}],"author":[{"embeddable":true,"href":"https:\/\/zukunft-inklusion.prestage.ch\/sz\/wp-json\/wp\/v2\/users\/1"}],"replies":[{"embeddable":true,"href":"https:\/\/zukunft-inklusion.prestage.ch\/sz\/wp-json\/wp\/v2\/comments?post=22"}],"version-history":[{"count":2,"href":"https:\/\/zukunft-inklusion.prestage.ch\/sz\/wp-json\/wp\/v2\/pages\/22\/revisions"}],"predecessor-version":[{"id":191,"href":"https:\/\/zukunft-inklusion.prestage.ch\/sz\/wp-json\/wp\/v2\/pages\/22\/revisions\/191"}],"wp:attachment":[{"href":"https:\/\/zukunft-inklusion.prestage.ch\/sz\/wp-json\/wp\/v2\/media?parent=22"}],"curies":[{"name":"wp","href":"https:\/\/api.w.org\/{rel}","templated":true}]}}