{"id":3,"date":"2023-07-28T14:00:47","date_gmt":"2023-07-28T12:00:47","guid":{"rendered":"https:\/\/zukunft-inklusion.ch.prestage.ch\/sz\/?page_id=3"},"modified":"2024-03-13T14:20:40","modified_gmt":"2024-03-13T13:20:40","slug":"startseite","status":"publish","type":"page","link":"https:\/\/zukunft-inklusion.prestage.ch\/sz\/","title":{"rendered":"Zukunft Inklusion \u2013 Aktionstage Behindertenrechte"},"content":{"rendered":"\n<p>Machen Sie mit und werden Sie Teil der Aktionstage Behindertenrechte 2024! Vom <strong>15.&nbsp;Mai bis zum 15.&nbsp;Juni 2024<\/strong> finden unter dem Motto \u00abZukunft Inklusion\u00bb Aktionstage in der ganzen Schweiz, auch im Kanton Schwyz statt.<\/p>\n\n\n\n<p>Das <a href=\"https:\/\/zukunft-inklusion.prestage.ch\/sz\/wp-content\/uploads\/sites\/30\/Anmeldeformular_de.docx\" data-type=\"attachment\" data-id=\"124\">Anmeldefenster<\/a> ist ge\u00f6ffnet und Sie k\u00f6nnen Ihre Aktion einreichen. Erfahren Sie mehr in unserem <a href=\"https:\/\/zukunft-inklusion.prestage.ch\/sz\/wp-content\/uploads\/sites\/30\/Faktenblatt-0_Werden-Sie-Teil-der-Aktionstage-1.pdf\" data-type=\"attachment\" data-id=\"107\">Faktenblatt<\/a>.<\/p>\n\n\n\n<p>Wollen Sie eine <strong>Aktion durchf\u00fchren<\/strong>, es <strong>fehlt <\/strong>ihnen aber noch die <strong>passende Idee<\/strong>? Gerne d\u00fcrfen Sie auch Aktionen aus dem Jahr 2022, welche im Kanton Z\u00fcrich durchgef\u00fchrt wurden, auf ihre Institution anpassen. Mit diesem <a href=\"https:\/\/zukunft-inklusion.prestage.ch\/zh\/erfolgsgeschichten\/\">Link <\/a>kommen sie direkt zu den Erfolgsgeschichten.<\/p>\n\n\n\n<p>Die UNO-Behindertenrechtskonvention (<a href=\"https:\/\/www.fedlex.admin.ch\/eli\/cc\/2014\/245\/de\">UNO-BRK<\/a>) ist in der Schweiz seit 2014 in Kraft. Das Behindertengleichstellungsgesetz (<a href=\"https:\/\/www.fedlex.admin.ch\/eli\/cc\/2003\/667\/de\">BehiG<\/a>) bildet bereits seit 2004 eine wichtige Rechtsgrundlage. Zweck der UNO-BRK und des BehiG ist es, den gleichberechtigten Genuss der Menschenrechte und der Grundfreiheiten aller Menschen mit Behinderung zu f\u00f6rdern, zu sch\u00fctzen und zu gew\u00e4hrleisten sowie die Achtung ihrer W\u00fcrde zu st\u00e4rken. Der Bund, die Kantone und die Gemeinden sind verpflichtet, die UNO-BRK und das BehiG umzusetzen.<\/p>\n\n\n\n<p>Im Rahmen der Jubil\u00e4en wollen wir der Umsetzung der Menschenrechte Schub verleihen, gemeinsam handeln und gute Beispiele sichtbar machen.<\/p>\n\n\n\n<p>Bildbeschrieb finden Sie unterhalb des Videos.<\/p>\n\n\n\n<figure class=\"wp-block-embed is-type-video is-provider-youtube wp-block-embed-youtube wp-embed-aspect-16-9 wp-has-aspect-ratio\"><div class=\"wp-block-embed__wrapper\">\n <iframe referrerpolicy=\"no-referrer\" loading=\"lazy\" title=\"Zukunft Inklusion\" width=\"500\" height=\"281\" src=\"https:\/\/www.youtube-nocookie.com\/embed\/OC1v0yI6HrI?feature=oembed\" frameborder=\"0\" allow=\"accelerometer; autoplay; clipboard-write; encrypted-media; gyroscope; picture-in-picture; web-share\" referrerpolicy=\"strict-origin-when-cross-origin\" allowfullscreen><\/iframe>\n<\/div><figcaption class=\"wp-element-caption\">Film \u00abVielfalt verbindet!\u00bb<\/figcaption><\/figure>\n\n\n\n<h2 class=\"wp-block-heading\"><strong>Bildbeschrieb Film&nbsp;<\/strong>\u00ab<strong>Vielfalt verbindet<\/strong>\u00ab<\/h2>\n\n\n\n<p>Der Film von Zukunft Inklusion besteht aus einzelnen Interviewszenen. Diese finden vor einer grauen Wand statt. Davor stehen ein hellgrauer Sessel, eine Zimmerpalme und ein kleines, rundes Tischchen. Darauf steht eine Tischlampe mit gelblichem Schirm. Daneben ein kleines, weisses T\u00f6pfchen mit einer gr\u00fcnen Pflanze.<\/p>\n\n\n\n<p>Szene 1<\/p>\n\n\n\n<p>Mo Sheriff sitzt im Sessel. Links von ihm steht die Palme vor dem Tischchen. Rechts von ihm ist Melanie Spiller-Reimann eingeblendet. Sie geb\u00e4rdet.<\/p>\n\n\n\n<p>Mo ist 31 Jahre alt. Er hat kurze, schwarze Haare und einen dunklen Teint. Er tr\u00e4gt eine dunkle Sonnenbrille und hat einen kurzen Vollbart. Zu einem roten Polo-Shirt tr\u00e4gt er schwarze Jeans.<\/p>\n\n\n\n<p>Szene 2<\/p>\n\n\n\n<p>Melanie Spiller-Reimann sitzt im Sessel zwischen Palme und Tischchen. Sie ist Mitte vierzig und hat dunkelblondes, langes Haar. Melanie hat blaue Augen. Sie tr\u00e4gt eine dunkle, eckige Brille. Zu einer blauen Hose tr\u00e4gt sie ein dunkelblaues T-Shirt, dar\u00fcber eine lange, blaue Strickjacke. Sie geb\u00e4rdet w\u00e4hrend eine Dolmetscherin ausserhalb des Bildes den Text spricht.<\/p>\n\n\n\n<p>Szene 3<\/p>\n\n\n\n<p><a><\/a>Lila Plakolli sitzt in einem Elektro- Rollstuhl. Links von ihr\/ihm steht die Palme vor dem Tischchen. Rechts von ihr\/ihm ist Melanie eingeblendet. Sie geb\u00e4rdet. Lila ist um die dreissig. Ihr\/Sein rot gef\u00e4rbtes Haar tr\u00e4gt sie\/er in einem Sidecut. Lila hat blaue Augen und tr\u00e4gt eine feine Metallbrille. Sie\/Er hat einen Dreitage-Bart.&nbsp; In Lilas Hals f\u00fchrt ein durchsichtiger Schlauch. Zu einem Lila-Kapuzenpulli tr\u00e4gt sie\/er schwarze Jeans.<\/p>\n\n\n\n<p>Nachfolgend sprechen in der gleichen Szenerie Melanie, Mo und erneut Melanie.<\/p>\n","protected":false},"excerpt":{"rendered":"<p>Machen Sie mit und werden Sie Teil der Aktionstage Behindertenrechte 2024! Vom 15.&nbsp;Mai bis zum 15.&nbsp;Juni 2024 finden unter dem Motto \u00abZukunft Inklusion\u00bb Aktionstage in der ganzen Schweiz, auch im Kanton Schwyz statt. Das Anmeldefenster ist ge\u00f6ffnet und Sie k\u00f6nnen Ihre Aktion einreichen. Erfahren Sie mehr in unserem Faktenblatt. Wollen Sie eine Aktion durchf\u00fchren, es [&hellip;]<\/p>\n","protected":false},"author":1,"featured_media":0,"parent":0,"menu_order":1,"comment_status":"closed","ping_status":"closed","template":"page-templates\/landing_page.php","meta":{"_acf_changed":false,"_genesis_hide_title":false,"_genesis_hide_breadcrumbs":false,"_genesis_hide_singular_image":false,"_genesis_hide_footer_widgets":false,"_genesis_custom_body_class":"","_genesis_custom_post_class":"","_genesis_layout":"","footnotes":""},"class_list":{"0":"post-3","1":"page","2":"type-page","3":"status-publish","5":"entry"},"acf":[],"_links":{"self":[{"href":"https:\/\/zukunft-inklusion.prestage.ch\/sz\/wp-json\/wp\/v2\/pages\/3","targetHints":{"allow":["GET"]}}],"collection":[{"href":"https:\/\/zukunft-inklusion.prestage.ch\/sz\/wp-json\/wp\/v2\/pages"}],"about":[{"href":"https:\/\/zukunft-inklusion.prestage.ch\/sz\/wp-json\/wp\/v2\/types\/page"}],"author":[{"embeddable":true,"href":"https:\/\/zukunft-inklusion.prestage.ch\/sz\/wp-json\/wp\/v2\/users\/1"}],"replies":[{"embeddable":true,"href":"https:\/\/zukunft-inklusion.prestage.ch\/sz\/wp-json\/wp\/v2\/comments?post=3"}],"version-history":[{"count":18,"href":"https:\/\/zukunft-inklusion.prestage.ch\/sz\/wp-json\/wp\/v2\/pages\/3\/revisions"}],"predecessor-version":[{"id":172,"href":"https:\/\/zukunft-inklusion.prestage.ch\/sz\/wp-json\/wp\/v2\/pages\/3\/revisions\/172"}],"wp:attachment":[{"href":"https:\/\/zukunft-inklusion.prestage.ch\/sz\/wp-json\/wp\/v2\/media?parent=3"}],"curies":[{"name":"wp","href":"https:\/\/api.w.org\/{rel}","templated":true}]}}