{"id":30,"date":"2023-07-28T14:00:37","date_gmt":"2023-07-28T12:00:37","guid":{"rendered":"https:\/\/zukunft-inklusion.ch.prestage.ch\/sz\/?page_id=30"},"modified":"2024-04-12T10:59:57","modified_gmt":"2024-04-12T08:59:57","slug":"medien","status":"publish","type":"page","link":"https:\/\/zukunft-inklusion.prestage.ch\/sz\/medien\/","title":{"rendered":"Medien"},"content":{"rendered":"\n<h2 class=\"wp-block-heading\">Medienbeitr\u00e4ge zu den Aktionstagen<\/h2>\n\n\n\n<p>Hier finden Sie eine Zusammenstellung von Medienbeitr\u00e4gen zu den Aktionstagen Behindertenrechte 2024.<\/p>\n\n\n<div role=\"list\" class=\"cst-mediapub-list cst-mediapub-list-page\" aria-live=\"polite\"><div role=\"listitem\" class=\"cst-mediapub-listitem cst-mediapub-listitem-show\" id=\"mediapub_208\" data-index=\"1\"><h3 class=\"h5 cst-mediapub-post-title\">Erste Teilhabekonferenz im Kanton Schwyz<\/h3><img loading=\"lazy\" decoding=\"async\" width=\"1024\" height=\"683\" src=\"https:\/\/zukunft-inklusion.prestage.ch\/sz\/wp-content\/uploads\/sites\/30\/Teilhabekonferenz-Uebergabe-an-Kantonsratspraesident.webp\" class=\"attachment-medium-large size-medium-large\" alt=\"Teilhabekonferenz - \u00dcbergabe an Kantonsratspr\u00e4sident\" srcset=\"https:\/\/zukunft-inklusion.prestage.ch\/sz\/wp-content\/uploads\/sites\/30\/Teilhabekonferenz-Uebergabe-an-Kantonsratspraesident.webp 1024w, https:\/\/zukunft-inklusion.prestage.ch\/sz\/wp-content\/uploads\/sites\/30\/Teilhabekonferenz-Uebergabe-an-Kantonsratspraesident-900x600.webp 900w, https:\/\/zukunft-inklusion.prestage.ch\/sz\/wp-content\/uploads\/sites\/30\/Teilhabekonferenz-Uebergabe-an-Kantonsratspraesident-768x512.webp 768w\" sizes=\"auto, (max-width: 1024px) 100vw, 1024px\" \/><p>Gegen 80 Personen fanden sich in Rothenthurm zur ersten Teilhabekonferenz des Kantons Schwyz ein. Sie brachten viele Ideen ein, wie der Kanton Schwyz sich weiterentwickeln kann.<\/p><!--  --><a href=\"https:\/\/www.hoefner.ch\/2024\/05\/28\/konferenz-fuer-mehr-intergration\/\" target=\"_blank\" aria-label=\"Zum Medienbeitrag \u2013 Erste Teilhabekonferenz im Kanton Schwyz\" class=\"more-link\">Zum Medienbeitrag<\/a><\/div><div role=\"listitem\" class=\"cst-mediapub-listitem cst-mediapub-listitem-show\" id=\"mediapub_217\" data-index=\"2\"><h3 class=\"h5 cst-mediapub-post-title\">Von der Schule zum Beruf<\/h3><p>Nach der Schulzeit stellen sich Jugendlichen mit einer Behinderung und ihren Eltern Fragen zur weiteren Weichenstellung. Eine Veranstaltung von Procap<\/p><!--  --><a href=\"https:\/\/zukunft-inklusion.prestage.ch\/sz\/wp-content\/uploads\/sites\/30\/Von-der-Schule-zum-Beruf.pdf\" target=\"_blank\" aria-label=\"Zum Medienbeitrag \u2013 Von der Schule zum Beruf\" class=\"more-link\">Zum Medienbeitrag<\/a><\/div><div role=\"listitem\" class=\"cst-mediapub-listitem cst-mediapub-listitem-show\" id=\"mediapub_177\" data-index=\"3\"><h3 class=\"h5 cst-mediapub-post-title\">Teilhabekonferenz: \u00abNicht \u00fcber mich, sondern mit mir reden\u00bb<\/h3><img loading=\"lazy\" decoding=\"async\" width=\"2560\" height=\"1707\" src=\"https:\/\/zukunft-inklusion.prestage.ch\/sz\/wp-content\/uploads\/sites\/30\/Bild2-scaled.jpg\" class=\"attachment-medium-large size-medium-large\" alt=\"Ein Mann und eine Frau mit einer Beeintr\u00e4chtigung tanzen\" srcset=\"https:\/\/zukunft-inklusion.prestage.ch\/sz\/wp-content\/uploads\/sites\/30\/Bild2-scaled.jpg 2560w, https:\/\/zukunft-inklusion.prestage.ch\/sz\/wp-content\/uploads\/sites\/30\/Bild2-900x600.jpg 900w, https:\/\/zukunft-inklusion.prestage.ch\/sz\/wp-content\/uploads\/sites\/30\/Bild2-1200x800.jpg 1200w, https:\/\/zukunft-inklusion.prestage.ch\/sz\/wp-content\/uploads\/sites\/30\/Bild2-768x512.jpg 768w, https:\/\/zukunft-inklusion.prestage.ch\/sz\/wp-content\/uploads\/sites\/30\/Bild2-1536x1024.jpg 1536w, https:\/\/zukunft-inklusion.prestage.ch\/sz\/wp-content\/uploads\/sites\/30\/Bild2-2048x1365.jpg 2048w\" sizes=\"auto, (max-width: 2560px) 100vw, 2560px\" \/><p>Am 25. Mai findet die Teilhabekonferenz in Rothenthurm statt. Es werden Vorschl\u00e4ge erarbeitet, wie der Kanton Schwyz die Integration von Menschen mit einer Beeintr\u00e4chtigung f\u00f6rdern kann.\r\n<\/p><!--  --><a href=\"https:\/\/www.bote.ch\/nachrichten\/schwyz\/teilhabekonferenz-geplant-nicht-ueber-mich-sondern-mit-mir-reden-art-1533386\" target=\"_blank\" aria-label=\"Zum Medienbeitrag \u2013 Teilhabekonferenz: \u00abNicht \u00fcber mich, sondern mit mir reden\u00bb\" class=\"more-link\">Zum Medienbeitrag<\/a><\/div><\/div>\n\n\n<h2 class=\"wp-block-heading\">Medienkontakte<\/h2>\n\n\n\n<p>Manuel Meierhofer<br>Amt f\u00fcr Gesundheit und Soziales<br>Abteilung Soziales<br>E-Mail:\u00a0<a href=\"mailto:\" data-eml-encoded-attr=\"YldGdWRXVnNMbTFsYVdWeWFHOW1aWElsTkRCemVpNWphQT09\"><span data-eml-encoded-html><label>(E-Mail)<\/label><var aria-hidden=\"true\" style=\"display:none\">YldGdWRXVnNMbTFsYVdWeWFHOW1aWElsTkRCemVpNWphQT09<\/var><\/span><\/a><br>Telefon: 041 819 16 08<\/p>\n\n\n\n<p>Daniel Barmettler<br>Pro Infirmis<br>Kantonale Gesch\u00e4ftsstelle Uri Schwyz Zug<br>E-Mail:\u00a0<a href=\"mailto:\" data-eml-encoded-attr=\"WkdGdWFXVnNMbUpoY20xbGRIUnNaWElsTkRCd2NtOXBibVpwY20xcGN5NWphQT09\"><span data-eml-encoded-html><label>(E-Mail)<\/label><var aria-hidden=\"true\" style=\"display:none\">WkdGdWFXVnNMbUpoY20xbGRIUnNaWElsTkRCd2NtOXBibVpwY20xcGN5NWphQT09<\/var><\/span><\/a><br>Telefon: 058 775 23 27<\/p>\n","protected":false},"excerpt":{"rendered":"<p>Medienbeitr\u00e4ge zu den Aktionstagen Hier finden Sie eine Zusammenstellung von Medienbeitr\u00e4gen zu den Aktionstagen Behindertenrechte 2024. Medienkontakte Manuel MeierhoferAmt f\u00fcr Gesundheit und SozialesAbteilung SozialesE-Mail:\u00a0(E-Mail)YldGdWRXVnNMbTFsYVdWeWFHOW1aWElsTkRCemVpNWphQT09Telefon: 041 819 16 08 Daniel BarmettlerPro InfirmisKantonale Gesch\u00e4ftsstelle Uri Schwyz ZugE-Mail:\u00a0(E-Mail)WkdGdWFXVnNMbUpoY20xbGRIUnNaWElsTkRCd2NtOXBibVpwY20xcGN5NWphQT09Telefon: 058 775 23 27<\/p>\n","protected":false},"author":1,"featured_media":0,"parent":0,"menu_order":8,"comment_status":"closed","ping_status":"closed","template":"page-templates\/media_page.php","meta":{"_acf_changed":false,"_genesis_hide_title":false,"_genesis_hide_breadcrumbs":false,"_genesis_hide_singular_image":false,"_genesis_hide_footer_widgets":false,"_genesis_custom_body_class":"","_genesis_custom_post_class":"","_genesis_layout":"","footnotes":""},"class_list":{"0":"post-30","1":"page","2":"type-page","3":"status-publish","5":"entry"},"acf":[],"_links":{"self":[{"href":"https:\/\/zukunft-inklusion.prestage.ch\/sz\/wp-json\/wp\/v2\/pages\/30","targetHints":{"allow":["GET"]}}],"collection":[{"href":"https:\/\/zukunft-inklusion.prestage.ch\/sz\/wp-json\/wp\/v2\/pages"}],"about":[{"href":"https:\/\/zukunft-inklusion.prestage.ch\/sz\/wp-json\/wp\/v2\/types\/page"}],"author":[{"embeddable":true,"href":"https:\/\/zukunft-inklusion.prestage.ch\/sz\/wp-json\/wp\/v2\/users\/1"}],"replies":[{"embeddable":true,"href":"https:\/\/zukunft-inklusion.prestage.ch\/sz\/wp-json\/wp\/v2\/comments?post=30"}],"version-history":[{"count":5,"href":"https:\/\/zukunft-inklusion.prestage.ch\/sz\/wp-json\/wp\/v2\/pages\/30\/revisions"}],"predecessor-version":[{"id":197,"href":"https:\/\/zukunft-inklusion.prestage.ch\/sz\/wp-json\/wp\/v2\/pages\/30\/revisions\/197"}],"wp:attachment":[{"href":"https:\/\/zukunft-inklusion.prestage.ch\/sz\/wp-json\/wp\/v2\/media?parent=30"}],"curies":[{"name":"wp","href":"https:\/\/api.w.org\/{rel}","templated":true}]}}