{"id":22,"date":"2023-07-28T14:00:24","date_gmt":"2023-07-28T12:00:24","guid":{"rendered":"https:\/\/zukunft-inklusion.ch.prestage.ch\/tg\/?page_id=22"},"modified":"2024-06-21T12:36:10","modified_gmt":"2024-06-21T10:36:10","slug":"kalender","status":"publish","type":"page","link":"https:\/\/zukunft-inklusion.prestage.ch\/tg\/kalender\/","title":{"rendered":"Kalender"},"content":{"rendered":"\n<p>Auf unserem Kalender finden Sie die durchgef\u00fchrten und noch anstehenden Aktionen. So haben Sie bis zum Schluss den \u00dcberblick \u00fcber alle Veranstaltungen. <\/p>\n","protected":false},"excerpt":{"rendered":"<p>Auf unserem Kalender finden Sie die durchgef\u00fchrten und noch anstehenden Aktionen. So haben Sie bis zum Schluss den \u00dcberblick \u00fcber alle Veranstaltungen.<\/p>\n","protected":false},"author":1,"featured_media":0,"parent":0,"menu_order":3,"comment_status":"closed","ping_status":"closed","template":"page-templates\/calendar_page.php","meta":{"_acf_changed":false,"_genesis_hide_title":false,"_genesis_hide_breadcrumbs":false,"_genesis_hide_singular_image":false,"_genesis_hide_footer_widgets":false,"_genesis_custom_body_class":"","_genesis_custom_post_class":"","_genesis_layout":"","footnotes":""},"class_list":{"0":"post-22","1":"page","2":"type-page","3":"status-publish","5":"entry"},"acf":[],"_links":{"self":[{"href":"https:\/\/zukunft-inklusion.prestage.ch\/tg\/wp-json\/wp\/v2\/pages\/22","targetHints":{"allow":["GET"]}}],"collection":[{"href":"https:\/\/zukunft-inklusion.prestage.ch\/tg\/wp-json\/wp\/v2\/pages"}],"about":[{"href":"https:\/\/zukunft-inklusion.prestage.ch\/tg\/wp-json\/wp\/v2\/types\/page"}],"author":[{"embeddable":true,"href":"https:\/\/zukunft-inklusion.prestage.ch\/tg\/wp-json\/wp\/v2\/users\/1"}],"replies":[{"embeddable":true,"href":"https:\/\/zukunft-inklusion.prestage.ch\/tg\/wp-json\/wp\/v2\/comments?post=22"}],"version-history":[{"count":40,"href":"https:\/\/zukunft-inklusion.prestage.ch\/tg\/wp-json\/wp\/v2\/pages\/22\/revisions"}],"predecessor-version":[{"id":634,"href":"https:\/\/zukunft-inklusion.prestage.ch\/tg\/wp-json\/wp\/v2\/pages\/22\/revisions\/634"}],"wp:attachment":[{"href":"https:\/\/zukunft-inklusion.prestage.ch\/tg\/wp-json\/wp\/v2\/media?parent=22"}],"curies":[{"name":"wp","href":"https:\/\/api.w.org\/{rel}","templated":true}]}}