{"id":24,"date":"2023-07-28T14:00:16","date_gmt":"2023-07-28T12:00:16","guid":{"rendered":"https:\/\/zukunft-inklusion.ch.prestage.ch\/tg\/?page_id=24"},"modified":"2024-06-21T12:01:50","modified_gmt":"2024-06-21T10:01:50","slug":"partnerschaften","status":"publish","type":"page","link":"https:\/\/zukunft-inklusion.prestage.ch\/tg\/partnerschaften\/","title":{"rendered":"Partnerschaften"},"content":{"rendered":"\n<p>Hier finden Sie eine Auflistung aller Aktionspartnerinnen und Aktionspartnern, die sich an den Aktionstagen Behindertenrechte 2024 beteiligten. Wir sind stolz darauf, mit diesen zusammen darauf hinzuwirken, die Rechte von Menschen mit Behinderung zu st\u00e4rken.<\/p>\n\n\n\n<figure class=\"wp-block-image size-full\"><img loading=\"lazy\" decoding=\"async\" width=\"1180\" height=\"442\" src=\"https:\/\/zukunft-inklusion.prestage.ch\/tg\/wp-content\/uploads\/sites\/31\/shutterstock_2035073642_web.jpg\" alt=\"6 H\u00e4nde die sich im Zentrum \u00fcbereinander legend treffen.\" class=\"wp-image-91\" srcset=\"https:\/\/zukunft-inklusion.prestage.ch\/tg\/wp-content\/uploads\/sites\/31\/shutterstock_2035073642_web.jpg 1180w, https:\/\/zukunft-inklusion.prestage.ch\/tg\/wp-content\/uploads\/sites\/31\/shutterstock_2035073642_web-900x337.jpg 900w, https:\/\/zukunft-inklusion.prestage.ch\/tg\/wp-content\/uploads\/sites\/31\/shutterstock_2035073642_web-768x288.jpg 768w\" sizes=\"auto, (max-width: 1180px) 100vw, 1180px\" \/><\/figure>\n\n\n\n<p>Wir danken all unseren Partnern, welche uns mit ihrem Mitwirken an der Abschlussveranstaltung unterst\u00fctzten, damit wir eine barrierefreie Veranstaltung durchf\u00fchren konnten. <\/p>\n\n\n\n<p>Insbesondere danken wir <a href=\"https:\/\/www.pro-audito.ch\/\" data-type=\"link\" data-id=\"https:\/\/www.pro-audito.ch\/\">Pro Audito<\/a>, f\u00fcr die grossz\u00fcgige Aktion der Mitschrift an der kantonalen Abschlussveranstaltung Aktionstage Behindertenrechte 2024. <\/p>\n\n\n\n<figure class=\"wp-block-image size-full\"><img loading=\"lazy\" decoding=\"async\" width=\"477\" height=\"173\" src=\"https:\/\/zukunft-inklusion.prestage.ch\/tg\/wp-content\/uploads\/sites\/31\/Logo-Pro-Audito-Schweiz-1.png\" alt=\"\" class=\"wp-image-600\" \/><\/figure>\n\n\n\n<p>Pro Audito ist die f\u00fchrende Anlaufstelle f\u00fcr die 1,3 Millionen Menschen mit Schwerh\u00f6rigkeit in der Schweiz. Die unabh\u00e4ngige Non-Profit-Organisation verhilft schwerh\u00f6rigen Menschen mit professionellen Dienstleistungen und sozialpolitischem Engagement zu besserer Lebensqualit\u00e4t. <\/p>\n","protected":false},"excerpt":{"rendered":"<p>Hier finden Sie eine Auflistung aller Aktionspartnerinnen und Aktionspartnern, die sich an den Aktionstagen Behindertenrechte 2024 beteiligten. Wir sind stolz darauf, mit diesen zusammen darauf hinzuwirken, die Rechte von Menschen mit Behinderung zu st\u00e4rken. Wir danken all unseren Partnern, welche uns mit ihrem Mitwirken an der Abschlussveranstaltung unterst\u00fctzten, damit wir eine barrierefreie Veranstaltung durchf\u00fchren konnten. [&hellip;]<\/p>\n","protected":false},"author":1,"featured_media":0,"parent":0,"menu_order":4,"comment_status":"closed","ping_status":"closed","template":"page-templates\/partner_page.php","meta":{"_acf_changed":false,"_genesis_hide_title":false,"_genesis_hide_breadcrumbs":false,"_genesis_hide_singular_image":false,"_genesis_hide_footer_widgets":false,"_genesis_custom_body_class":"","_genesis_custom_post_class":"","_genesis_layout":"","footnotes":""},"class_list":{"0":"post-24","1":"page","2":"type-page","3":"status-publish","5":"entry"},"acf":[],"_links":{"self":[{"href":"https:\/\/zukunft-inklusion.prestage.ch\/tg\/wp-json\/wp\/v2\/pages\/24","targetHints":{"allow":["GET"]}}],"collection":[{"href":"https:\/\/zukunft-inklusion.prestage.ch\/tg\/wp-json\/wp\/v2\/pages"}],"about":[{"href":"https:\/\/zukunft-inklusion.prestage.ch\/tg\/wp-json\/wp\/v2\/types\/page"}],"author":[{"embeddable":true,"href":"https:\/\/zukunft-inklusion.prestage.ch\/tg\/wp-json\/wp\/v2\/users\/1"}],"replies":[{"embeddable":true,"href":"https:\/\/zukunft-inklusion.prestage.ch\/tg\/wp-json\/wp\/v2\/comments?post=24"}],"version-history":[{"count":36,"href":"https:\/\/zukunft-inklusion.prestage.ch\/tg\/wp-json\/wp\/v2\/pages\/24\/revisions"}],"predecessor-version":[{"id":620,"href":"https:\/\/zukunft-inklusion.prestage.ch\/tg\/wp-json\/wp\/v2\/pages\/24\/revisions\/620"}],"wp:attachment":[{"href":"https:\/\/zukunft-inklusion.prestage.ch\/tg\/wp-json\/wp\/v2\/media?parent=24"}],"curies":[{"name":"wp","href":"https:\/\/api.w.org\/{rel}","templated":true}]}}