{"id":3,"date":"2023-07-28T14:00:47","date_gmt":"2023-07-28T12:00:47","guid":{"rendered":"https:\/\/zukunft-inklusion.ch.prestage.ch\/tg\/?page_id=3"},"modified":"2024-06-21T12:44:41","modified_gmt":"2024-06-21T10:44:41","slug":"startseite","status":"publish","type":"page","link":"https:\/\/zukunft-inklusion.prestage.ch\/tg\/","title":{"rendered":"Zukunft Inklusion \u2013 Aktionstage Behindertenrechte 2024"},"content":{"rendered":"\n<p class=\"has-black-color has-text-color\"><strong>\u00abMiteinander statt nebeneinander\u00bb&nbsp;<\/strong><br>Vom 15. Mai bis 15. Juni 2024 haben unter dem Motto \u00abZukunft Inklusion\u00bb die nationalen Aktionstage stattgefunden. W\u00e4hrend&nbsp;dieser Tage wurde das Zusammenleben gest\u00e4rkt und n\u00fctzliches Wissen in Bezug auf das Leben mit&nbsp;Behinderung f\u00fcr alle sichtbar gemacht.&nbsp;Um den Alltag von Menschen mit Behinderung entsprechend zu thematisieren, wurden durch&nbsp;diverse Aktionspartnerinnen und Aktionspartner im ganzen Kanton Thurgau Aktionen geplant und durchgef\u00fchrt. &nbsp;<br>Weitere Informationen finden Sie unter der Rubrik <a href=\"https:\/\/zukunft-inklusion.prestage.ch\/tg\/idee\/\" data-type=\"page\" data-id=\"179\">Idee<\/a> und unseren <a href=\"https:\/\/zukunft-inklusion.prestage.ch\/tg\/kalender\/\" data-type=\"link\" data-id=\"https:\/\/zukunft-inklusion.prestage.ch\/tg\/kalender\/\">Aktionspartnern<\/a>.<\/p>\n\n\n\n<p class=\"has-black-color has-text-color\"><strong>\u00abMehr Inklusion durch Aktion\u00bb<\/strong><br>Durch gezielte Aktionen leisteten Unternehmen, Institutionen und die Zivilgesellschaft einen wertvollen Beitrag zur F\u00f6rderung von Inklusion. Unterschiedliche Mitwirkende waren bei den Aktionstagen von zentraler Wichtigkeit, denn nur so konnte Aufmerksamkeit und Sichtbarkeit erreicht werden. <\/p>\n\n\n\n<p class=\"has-black-color has-text-color\"><strong>UNO-BRK<\/strong><br>Die UNO-Behindertenrechtskonvention (<a href=\"https:\/\/www.fedlex.admin.ch\/eli\/cc\/2014\/245\/de\">UNO-BRK<\/a>) ist in der Schweiz seit 2014 in Kraft. Zusammen mit dem Behindertengleichstellungsgesetz (<a href=\"https:\/\/www.fedlex.admin.ch\/eli\/cc\/2003\/667\/de\" data-type=\"link\" data-id=\"https:\/\/www.fedlex.admin.ch\/eli\/cc\/2003\/667\/de\">BehiG<\/a>) bildet sie die Rechtsgrundlage, damit die Menschenrechte und Grundfreiheiten aller Menschen mit Behinderung gew\u00e4hrleistet werden. <\/p>\n","protected":false},"excerpt":{"rendered":"<p>\u00abMiteinander statt nebeneinander\u00bb&nbsp;Vom 15. Mai bis 15. Juni 2024 haben unter dem Motto \u00abZukunft Inklusion\u00bb die nationalen Aktionstage stattgefunden. W\u00e4hrend&nbsp;dieser Tage wurde das Zusammenleben gest\u00e4rkt und n\u00fctzliches Wissen in Bezug auf das Leben mit&nbsp;Behinderung f\u00fcr alle sichtbar gemacht.&nbsp;Um den Alltag von Menschen mit Behinderung entsprechend zu thematisieren, wurden durch&nbsp;diverse Aktionspartnerinnen und Aktionspartner im ganzen Kanton [&hellip;]<\/p>\n","protected":false},"author":1,"featured_media":0,"parent":0,"menu_order":1,"comment_status":"closed","ping_status":"closed","template":"page-templates\/landing_page.php","meta":{"_acf_changed":false,"_genesis_hide_title":false,"_genesis_hide_breadcrumbs":false,"_genesis_hide_singular_image":false,"_genesis_hide_footer_widgets":false,"_genesis_custom_body_class":"","_genesis_custom_post_class":"","_genesis_layout":"","footnotes":""},"class_list":{"0":"post-3","1":"page","2":"type-page","3":"status-publish","5":"entry"},"acf":[],"_links":{"self":[{"href":"https:\/\/zukunft-inklusion.prestage.ch\/tg\/wp-json\/wp\/v2\/pages\/3","targetHints":{"allow":["GET"]}}],"collection":[{"href":"https:\/\/zukunft-inklusion.prestage.ch\/tg\/wp-json\/wp\/v2\/pages"}],"about":[{"href":"https:\/\/zukunft-inklusion.prestage.ch\/tg\/wp-json\/wp\/v2\/types\/page"}],"author":[{"embeddable":true,"href":"https:\/\/zukunft-inklusion.prestage.ch\/tg\/wp-json\/wp\/v2\/users\/1"}],"replies":[{"embeddable":true,"href":"https:\/\/zukunft-inklusion.prestage.ch\/tg\/wp-json\/wp\/v2\/comments?post=3"}],"version-history":[{"count":51,"href":"https:\/\/zukunft-inklusion.prestage.ch\/tg\/wp-json\/wp\/v2\/pages\/3\/revisions"}],"predecessor-version":[{"id":637,"href":"https:\/\/zukunft-inklusion.prestage.ch\/tg\/wp-json\/wp\/v2\/pages\/3\/revisions\/637"}],"wp:attachment":[{"href":"https:\/\/zukunft-inklusion.prestage.ch\/tg\/wp-json\/wp\/v2\/media?parent=3"}],"curies":[{"name":"wp","href":"https:\/\/api.w.org\/{rel}","templated":true}]}}