{"id":5,"date":"2023-07-28T14:00:17","date_gmt":"2023-07-28T12:00:17","guid":{"rendered":"https:\/\/zukunft-inklusion.ch.prestage.ch\/tg\/?page_id=5"},"modified":"2024-06-24T10:04:57","modified_gmt":"2024-06-24T08:04:57","slug":"idee","status":"publish","type":"page","link":"https:\/\/zukunft-inklusion.prestage.ch\/tg\/idee\/","title":{"rendered":"Idee"},"content":{"rendered":"\n<h2 class=\"wp-block-heading\">Was bedeutet Inklusion?<\/h2>\n\n\n\n<figure class=\"wp-block-image size-full\"><img loading=\"lazy\" decoding=\"async\" width=\"471\" height=\"221\" src=\"https:\/\/zukunft-inklusion.prestage.ch\/tg\/wp-content\/uploads\/sites\/31\/exclusion-integration-inklusion.png\" alt=\"Bild mit 3 Kreisen bestehend aus grauen und farbigen Punkten.\n\nErster Kreis links, Exklusion.\nKreis mit grauen Punkten umgeben von einzelnstehenden farbigen Punkten. \n\nZweiter Kreis in der Mitte, Integration. \nGeschlossener Kreis bestehend aus grauen Punkten. Ein kleiner Teil des Kreises besteht aus farbigen Punkten.\n\nDritter Kreis rechts, Inklusion. \nGeschlossener Kreis bestehend aus farbigen und grauen Punkten gemischt.\n\" class=\"wp-image-220\" \/><\/figure>\n\n\n\n<p>Inklusion bedeutet, dass jeder Mensch ganz nat\u00fcrlich dazu geh\u00f6rt. Oder anders: Inklusion ist, wenn alle mitmachen d\u00fcrfen. Egal wie du aussiehst, welche Sprache du sprichst oder ob du eine Behinderung hast. Wenn jeder Mensch \u00fcberall dabei sein kann, am Arbeitsplatz, beim Wohnen oder in der Freizeit: Das ist Inklusion.<\/p>\n\n\n\n<p>Integration und Inklusion wird oftmals vertauscht oder miteinander gleichgestellt. Bei der Integration sollen Menschen in eine bestehende Umwelt integriert werden. Bei der Inklusion hingegen muss sich niemand ver\u00e4ndern, um in die Umwelt &#171;hineinzupassen&#187;, sondern die Umwelt wird an die Bed\u00fcrfnisse und Anforderungen jedes Individuums angepasst.<\/p>\n\n\n\n<h3 class=\"wp-block-heading\">Was heisst Barrierefreiheit?<\/h3>\n\n\n\n<p>Barrierefreiheit bedeutet, dass die Umgebung f\u00fcr alle Menschen zug\u00e4nglich ist, ohne dass es Hindernisse gibt. Behinderungen f\u00fcr Menschen sollen abgebaut werden. Jeder Mensch soll selbst\u00e4ndig und ohne Schwierigkeiten unter anderem Geb\u00e4ude, Verkehrsmittel, Webseiten und Informationen nutzen k\u00f6nnen.<\/p>\n\n\n\n<p>Hierzu gibt es allgemein g\u00fcltige Symbole, die einen entsprechenden barrierefreien Zugang kennzeichnen.<\/p>\n\n\n\n<figure class=\"wp-block-image size-full is-resized\"><img loading=\"lazy\" decoding=\"async\" width=\"799\" height=\"381\" src=\"https:\/\/zukunft-inklusion.prestage.ch\/tg\/wp-content\/uploads\/sites\/31\/Bild_Symble-Barrierefreiheit.jpg\" alt=\"6 Symbole f\u00fcr Barrierefreiheit Hindernisfreier Zugang, Hindernisfreie Toiletten, Einfache Sprache, Geb\u00e4rdensprachverdolmetschung, H\u00f6ranlage, Audiodeskription\" class=\"wp-image-272\" style=\"aspect-ratio:2.0971128608923886;width:475px;height:auto\" srcset=\"https:\/\/zukunft-inklusion.prestage.ch\/tg\/wp-content\/uploads\/sites\/31\/Bild_Symble-Barrierefreiheit.jpg 799w, https:\/\/zukunft-inklusion.prestage.ch\/tg\/wp-content\/uploads\/sites\/31\/Bild_Symble-Barrierefreiheit-768x366.jpg 768w\" sizes=\"auto, (max-width: 799px) 100vw, 799px\" \/><\/figure>\n\n\n\n<h2 class=\"wp-block-heading\">Warum das alles?<\/h2>\n\n\n\n<p>Die UNO-Behindertenrechtskonvention (<a rel=\"noreferrer noopener\" href=\"https:\/\/www.edi.admin.ch\/edi\/de\/home\/fachstellen\/ebgb\/recht\/international0\/uebereinkommen-der-uno-ueber-die-rechte-von-menschen-mit-behinde.html\" target=\"_blank\">UNO-BRK<\/a>) ist keine K\u00fcr, sondern eine Pflicht. F\u00fcr die Umsetzung der UNO-BRK braucht es jedoch ein breites B\u00fcndnis und Engagement von uns allen. Mit den Aktionstagen k\u00f6nnen wir das Thema in die breite \u00d6ffentlichkeit tragen.<\/p>\n\n\n\n<h2 class=\"wp-block-heading\">Wer sind wir?<\/h2>\n\n\n\n<p>Wir sind das <a href=\"https:\/\/sozialamt.tg.ch\/\" data-type=\"link\" data-id=\"https:\/\/sozialamt.tg.ch\/\">Sozialamt des Kantons Thurgau<\/a>. <br>Unser Amt ist dem Departement f\u00fcr Finanzen und Soziales unterstellt und f\u00fcr folgende Bereiche zust\u00e4ndig: Asylkoordination, Sozialhilfe und Soziale Angebote.<\/p>\n\n\n\n<p>Wir haben uns gefreut, als inklusives Projektteam, die Aktionstage 2024, gemeinsam mit den Aktionspartnerinnen und Aktionspartner realisieren zu d\u00fcrfen. Damit m\u00f6chten wir einen Beitrag zur Sensibilisierung der \u00d6ffentlichkeit f\u00fcr die Gleichstellung von Menschen mit und ohne Behinderung im Kanton Thurgau leisten. <\/p>\n\n\n\n<p>Die Nationalen Aktionstage Behindertenrechte 2024 wurden vom Eidgen\u00f6ssischen B\u00fcro f\u00fcr die Gleichstellung von Menschen mit Behinderungen (<a rel=\"noreferrer noopener\" href=\"https:\/\/www.edi.admin.ch\/edi\/de\/home\/fachstellen\/ebgb.html\" target=\"_blank\">EBGB<\/a>) koordiniert und gef\u00fchrt. Die Konferenz der kantonalen Sozialdirektorinnen und Sozialdirektoren (<a rel=\"noreferrer noopener\" href=\"https:\/\/www.sodk.ch\/de\/\" target=\"_blank\">SODK<\/a>) unterst\u00fctzt den partizipativen Ansatz dieser Kampagne und erachtet sie als ein wichtiges Mittel zur Sensibilisierung der \u00d6ffentlichkeit in der Schweiz f\u00fcr die Anliegen von Menschen mit Behinderungen.<\/p>\n\n\n\n<h2 class=\"wp-block-heading\">Was machen wir?<\/h2>\n\n\n\n<p>Gemeinsam bereiteten wir die ersten nationalen Aktionstage Behindertenrechte vor. Nach der erfolgreichen Durchf\u00fchrung der ersten <a href=\"https:\/\/zukunft-inklusion.prestage.ch\/zh\/archiv\/\" data-type=\"link\" data-id=\"https:\/\/zukunft-inklusion.prestage.ch\/zh\/archiv\/\">Aktionstage zur UNO-BRK im Jahr 2022<\/a> im Kanton Z\u00fcrich, haben wir im Jahr 2024 entsprechende Aktionstage in der gesamten Schweiz erleben d\u00fcrfen. Ein denkw\u00fcrdiger Anlass, auch da sich der Beitritt der Schweiz zur <a rel=\"noreferrer noopener\" href=\"https:\/\/www.fedlex.admin.ch\/eli\/cc\/2014\/245\/de\" target=\"_blank\">UNO-BRK<\/a> das 10. Mal j\u00e4hrt und das Behindertengleichstellungsgesetz (<a rel=\"noreferrer noopener\" href=\"https:\/\/www.fedlex.admin.ch\/eli\/cc\/2003\/667\/de\" target=\"_blank\">BehiG<\/a>) sein 20-j\u00e4hrigen Jubil\u00e4um feiert.<\/p>\n\n\n\n<h2 class=\"wp-block-heading\">Was ist unsere Vision?<\/h2>\n\n\n\n<p>F\u00fcr die Umsetzung der <a href=\"https:\/\/www.fedlex.admin.ch\/eli\/cc\/2014\/245\/de\" data-type=\"link\" data-id=\"https:\/\/www.fedlex.admin.ch\/eli\/cc\/2014\/245\/de\">UNO-BRK<\/a> braucht es ein breites B\u00fcndnis und Engagement von uns allen. Menschen mit Behinderung haben dieselben Rechte wie alle anderen auch. Menschen mit Behinderung sollen den gleichen Zugang zu Bildung, zur Gesundheitsversorgung, zum Arbeitsmarkt, zu Wohnraum und Gesch\u00e4ften sowie zu Information und Kommunikation haben wie alle anderen auch. Damit dies in unserem Alltag umgesetzt werden kann, ben\u00f6tigt es Engagement von uns allen. Mit den Aktionstagen bot sich uns die M\u00f6glichkeit, bereits umgesetzte und geplante Massnahmen der \u00d6ffentlichkeit sichtbar zu machen, welche die Lebensrealit\u00e4ten von Menschen mit Behinderung verbessern. Damit soll die politische Agenda positiv beeinflusst werden. Mit den Aktionen konnten Hindernisse sichtbar und erlebbar gemacht werden. Die Qualit\u00e4tsmerkmale stellen die inklusive Umsetzung der Aktionstage sicher. <\/p>\n","protected":false},"excerpt":{"rendered":"<p>Was bedeutet Inklusion? Inklusion bedeutet, dass jeder Mensch ganz nat\u00fcrlich dazu geh\u00f6rt. Oder anders: Inklusion ist, wenn alle mitmachen d\u00fcrfen. Egal wie du aussiehst, welche Sprache du sprichst oder ob du eine Behinderung hast. Wenn jeder Mensch \u00fcberall dabei sein kann, am Arbeitsplatz, beim Wohnen oder in der Freizeit: Das ist Inklusion. Integration und Inklusion [&hellip;]<\/p>\n","protected":false},"author":1,"featured_media":0,"parent":0,"menu_order":2,"comment_status":"closed","ping_status":"closed","template":"page-templates\/concept_page.php","meta":{"_acf_changed":false,"_genesis_hide_title":false,"_genesis_hide_breadcrumbs":false,"_genesis_hide_singular_image":false,"_genesis_hide_footer_widgets":false,"_genesis_custom_body_class":"","_genesis_custom_post_class":"","_genesis_layout":"","footnotes":""},"class_list":{"0":"post-5","1":"page","2":"type-page","3":"status-publish","5":"entry"},"acf":[],"_links":{"self":[{"href":"https:\/\/zukunft-inklusion.prestage.ch\/tg\/wp-json\/wp\/v2\/pages\/5","targetHints":{"allow":["GET"]}}],"collection":[{"href":"https:\/\/zukunft-inklusion.prestage.ch\/tg\/wp-json\/wp\/v2\/pages"}],"about":[{"href":"https:\/\/zukunft-inklusion.prestage.ch\/tg\/wp-json\/wp\/v2\/types\/page"}],"author":[{"embeddable":true,"href":"https:\/\/zukunft-inklusion.prestage.ch\/tg\/wp-json\/wp\/v2\/users\/1"}],"replies":[{"embeddable":true,"href":"https:\/\/zukunft-inklusion.prestage.ch\/tg\/wp-json\/wp\/v2\/comments?post=5"}],"version-history":[{"count":24,"href":"https:\/\/zukunft-inklusion.prestage.ch\/tg\/wp-json\/wp\/v2\/pages\/5\/revisions"}],"predecessor-version":[{"id":638,"href":"https:\/\/zukunft-inklusion.prestage.ch\/tg\/wp-json\/wp\/v2\/pages\/5\/revisions\/638"}],"wp:attachment":[{"href":"https:\/\/zukunft-inklusion.prestage.ch\/tg\/wp-json\/wp\/v2\/media?parent=5"}],"curies":[{"name":"wp","href":"https:\/\/api.w.org\/{rel}","templated":true}]}}