{"id":7,"date":"2023-07-28T14:00:48","date_gmt":"2023-07-28T12:00:48","guid":{"rendered":"https:\/\/zukunft-inklusion.ch.prestage.ch\/tg\/?page_id=7"},"modified":"2024-06-21T12:11:18","modified_gmt":"2024-06-21T10:11:18","slug":"mitwirken","status":"publish","type":"page","link":"https:\/\/zukunft-inklusion.prestage.ch\/tg\/mitwirken\/","title":{"rendered":"Mitwirken"},"content":{"rendered":"\n<ul class=\"wp-block-list\">\n<li><a href=\"https:\/\/zukunft-inklusion.prestage.ch\/tg\/wp-content\/uploads\/sites\/31\/Faktenblatt_1_Sprache_und_Behinderung.pdf\" target=\"_blank\" rel=\"noreferrer noopener\">Merkblatt Sprache und Behinderung<\/a><\/li>\n\n\n\n<li><a href=\"https:\/\/zukunft-inklusion.prestage.ch\/tg\/wp-content\/uploads\/sites\/31\/Faktenblatt_2_Hindernisfreie_Veranstaltung.pdf\">Merkblatt Hindernisfreie Veranstaltungen planen<\/a><\/li>\n\n\n\n<li><a href=\"https:\/\/zukunft-inklusion.prestage.ch\/tg\/wp-content\/uploads\/sites\/31\/Faktenblatt_3_Einfache_Sprache.pdf\">Merkblatt Einfache Sprache<\/a><\/li>\n\n\n\n<li><a href=\"https:\/\/zukunft-inklusion.prestage.ch\/tg\/wp-content\/uploads\/sites\/31\/Faktenblatt_4_Social_Media.pdf\">Merkblatt Soziale Medien<\/a><\/li>\n\n\n\n<li><a href=\"https:\/\/zukunft-inklusion.prestage.ch\/tg\/wp-content\/uploads\/sites\/31\/Faktenblatt_5_Netzwerkaufbau.pdf\">Merkblatt Netzwerkaufbau<\/a><\/li>\n<\/ul>\n\n\n\n<ul class=\"wp-block-list\">\n<li><a href=\"https:\/\/www.aktionsplan-un-brk.ch\/de\/gute-beispiele-13.html?county=all&amp;filter-submit=true\">Sammlung guter Beispiele aus allen Kantonen<\/a> <\/li>\n\n\n\n<li><a href=\"https:\/\/zukunft-inklusion.prestage.ch\/zh\/archiv\/\" data-type=\"link\" data-id=\"https:\/\/zukunft-inklusion.prestage.ch\/zh\/archiv\/\">Aktionstage 2022 Archiv<\/a><\/li>\n<\/ul>\n\n\n\n<h2 class=\"wp-block-heading\"><\/h2>\n\n\n\n<h2 class=\"wp-block-heading\"><\/h2>\n\n\n\n<h2 class=\"wp-block-heading\">Ihre R\u00fcckmeldung ist uns wichtig<\/h2>\n\n\n\n<p>Gerne d\u00fcrfen Sie uns Ihre Erfahrungen, Ihr Feedback zu den Aktionstagen sowie Verbesserungsvorschl\u00e4ge mitteilen. Diese Inputs m\u00f6chten wir in der Planung zuk\u00fcnftiger Aktionstage ber\u00fccksichtigen.<\/p>\n","protected":false},"excerpt":{"rendered":"<p>Ihre R\u00fcckmeldung ist uns wichtig Gerne d\u00fcrfen Sie uns Ihre Erfahrungen, Ihr Feedback zu den Aktionstagen sowie Verbesserungsvorschl\u00e4ge mitteilen. Diese Inputs m\u00f6chten wir in der Planung zuk\u00fcnftiger Aktionstage ber\u00fccksichtigen.<\/p>\n","protected":false},"author":1,"featured_media":0,"parent":0,"menu_order":6,"comment_status":"closed","ping_status":"closed","template":"page-templates\/participate_page.php","meta":{"_acf_changed":false,"_genesis_hide_title":false,"_genesis_hide_breadcrumbs":false,"_genesis_hide_singular_image":false,"_genesis_hide_footer_widgets":false,"_genesis_custom_body_class":"","_genesis_custom_post_class":"","_genesis_layout":"","footnotes":""},"class_list":{"0":"post-7","1":"page","2":"type-page","3":"status-publish","5":"entry"},"acf":[],"_links":{"self":[{"href":"https:\/\/zukunft-inklusion.prestage.ch\/tg\/wp-json\/wp\/v2\/pages\/7","targetHints":{"allow":["GET"]}}],"collection":[{"href":"https:\/\/zukunft-inklusion.prestage.ch\/tg\/wp-json\/wp\/v2\/pages"}],"about":[{"href":"https:\/\/zukunft-inklusion.prestage.ch\/tg\/wp-json\/wp\/v2\/types\/page"}],"author":[{"embeddable":true,"href":"https:\/\/zukunft-inklusion.prestage.ch\/tg\/wp-json\/wp\/v2\/users\/1"}],"replies":[{"embeddable":true,"href":"https:\/\/zukunft-inklusion.prestage.ch\/tg\/wp-json\/wp\/v2\/comments?post=7"}],"version-history":[{"count":35,"href":"https:\/\/zukunft-inklusion.prestage.ch\/tg\/wp-json\/wp\/v2\/pages\/7\/revisions"}],"predecessor-version":[{"id":627,"href":"https:\/\/zukunft-inklusion.prestage.ch\/tg\/wp-json\/wp\/v2\/pages\/7\/revisions\/627"}],"wp:attachment":[{"href":"https:\/\/zukunft-inklusion.prestage.ch\/tg\/wp-json\/wp\/v2\/media?parent=7"}],"curies":[{"name":"wp","href":"https:\/\/api.w.org\/{rel}","templated":true}]}}