{"id":22,"date":"2023-07-28T14:00:24","date_gmt":"2023-07-28T12:00:24","guid":{"rendered":"https:\/\/zukunft-inklusion.ch.prestage.ch\/ur\/?page_id=22"},"modified":"2024-03-25T10:34:52","modified_gmt":"2024-03-25T09:34:52","slug":"kalender","status":"publish","type":"page","link":"https:\/\/zukunft-inklusion.prestage.ch\/ur\/kalender\/","title":{"rendered":"Kalender"},"content":{"rendered":"\n<p>Auf unserem Kalender werden ab sofort alle anstehenden Veranstaltungen, einschliesslich Informations-Anl\u00e4sse, Austauschtreffen und zuk\u00fcnftige Aktionen vermerkt sein. So haben Sie stets den \u00dcberblick dar\u00fcber, welche Termine in naher Zukunft anstehen und k\u00f6nnen sich darauf vorbereiten.<\/p>\n\n\n\n<p><strong>15. Mai 2024<br>Nationale Er\u00f6ffnungsveranstaltung (Z\u00fcrich)<\/strong><br>Die Er\u00f6ffnungsveranstaltung der Aktionstage Behindertenrechte 2024 findet in Z\u00fcrich statt. <\/p>\n\n\n\n<p><strong>16. Juni 2024<br>Nationale Abschlussveranstaltung (Genf)<\/strong><br>Der Abschluss der Aktionstage Behindertenrechte 2024 findet in Genf statt. <\/p>\n","protected":false},"excerpt":{"rendered":"<p>Auf unserem Kalender werden ab sofort alle anstehenden Veranstaltungen, einschliesslich Informations-Anl\u00e4sse, Austauschtreffen und zuk\u00fcnftige Aktionen vermerkt sein. So haben Sie stets den \u00dcberblick dar\u00fcber, welche Termine in naher Zukunft anstehen und k\u00f6nnen sich darauf vorbereiten. 15. Mai 2024Nationale Er\u00f6ffnungsveranstaltung (Z\u00fcrich)Die Er\u00f6ffnungsveranstaltung der Aktionstage Behindertenrechte 2024 findet in Z\u00fcrich statt. 16. Juni 2024Nationale Abschlussveranstaltung (Genf)Der Abschluss [&hellip;]<\/p>\n","protected":false},"author":1,"featured_media":0,"parent":0,"menu_order":3,"comment_status":"closed","ping_status":"closed","template":"page-templates\/calendar_page.php","meta":{"_acf_changed":false,"_genesis_hide_title":false,"_genesis_hide_breadcrumbs":false,"_genesis_hide_singular_image":false,"_genesis_hide_footer_widgets":false,"_genesis_custom_body_class":"","_genesis_custom_post_class":"","_genesis_layout":"","footnotes":""},"class_list":{"0":"post-22","1":"page","2":"type-page","3":"status-publish","5":"entry"},"acf":[],"_links":{"self":[{"href":"https:\/\/zukunft-inklusion.prestage.ch\/ur\/wp-json\/wp\/v2\/pages\/22","targetHints":{"allow":["GET"]}}],"collection":[{"href":"https:\/\/zukunft-inklusion.prestage.ch\/ur\/wp-json\/wp\/v2\/pages"}],"about":[{"href":"https:\/\/zukunft-inklusion.prestage.ch\/ur\/wp-json\/wp\/v2\/types\/page"}],"author":[{"embeddable":true,"href":"https:\/\/zukunft-inklusion.prestage.ch\/ur\/wp-json\/wp\/v2\/users\/1"}],"replies":[{"embeddable":true,"href":"https:\/\/zukunft-inklusion.prestage.ch\/ur\/wp-json\/wp\/v2\/comments?post=22"}],"version-history":[{"count":2,"href":"https:\/\/zukunft-inklusion.prestage.ch\/ur\/wp-json\/wp\/v2\/pages\/22\/revisions"}],"predecessor-version":[{"id":186,"href":"https:\/\/zukunft-inklusion.prestage.ch\/ur\/wp-json\/wp\/v2\/pages\/22\/revisions\/186"}],"wp:attachment":[{"href":"https:\/\/zukunft-inklusion.prestage.ch\/ur\/wp-json\/wp\/v2\/media?parent=22"}],"curies":[{"name":"wp","href":"https:\/\/api.w.org\/{rel}","templated":true}]}}