{"id":3,"date":"2023-07-28T14:00:47","date_gmt":"2023-07-28T12:00:47","guid":{"rendered":"https:\/\/zukunft-inklusion.ch.prestage.ch\/ur\/?page_id=3"},"modified":"2024-04-15T10:41:24","modified_gmt":"2024-04-15T08:41:24","slug":"startseite","status":"publish","type":"page","link":"https:\/\/zukunft-inklusion.prestage.ch\/ur\/","title":{"rendered":"Zukunft Inklusion \u2013 Aktionstage Behindertenrechte"},"content":{"rendered":"\n<p>Machen Sie mit und werden Sie Teil der Aktionstage Behindertenrechte 2024! Vom 15.&nbsp;Mai bis zum 15.&nbsp;Juni 2024 finden unter dem Motto \u00abZukunft Inklusion\u00bb Aktionstage in der ganzen Schweiz, auch im Kanton Uri statt.<\/p>\n\n\n\n<p>Das <a rel=\"noreferrer noopener\" href=\"https:\/\/antwort.ur.ch\/s\/aktionstagebehindertenrechte\" target=\"_blank\">Anmeldefenster<\/a> ist ge\u00f6ffnet und Sie haben bis zum Mittwoch, 25. Oktober 2023 Zeit, Ihre Aktion einzureichen. Erfahren Sie mehr in unserem <a href=\"https:\/\/zukunft-inklusion.prestage.ch\/ur\/wp-content\/uploads\/sites\/32\/Faktenblatt-0_Werden-Sie-Teil-der-Aktionstage-1.pdf\">Merkblatt<\/a>.<\/p>\n\n\n\n<p>Die UNO-Behindertenrechtskonvention (<a href=\"https:\/\/www.fedlex.admin.ch\/eli\/cc\/2014\/245\/de\">UNO-BRK<\/a>) ist in der Schweiz seit 2014 in Kraft. Das Behindertengleichstellungsgesetz (<a href=\"https:\/\/www.fedlex.admin.ch\/eli\/cc\/2003\/667\/de\">BehiG<\/a>) bildet bereits seit 2004 eine wichtige Rechtsgrundlage. Zweck der UNO-BRK und des BehiG ist es, den gleichberechtigten Genuss der Menschenrechte und der Grundfreiheiten aller Menschen mit Behinderung zu f\u00f6rdern, zu sch\u00fctzen und zu gew\u00e4hrleisten sowie die Achtung ihrer W\u00fcrde zu st\u00e4rken. Der Bund, die Kantone und die Gemeinden sind verpflichtet, die UNO-BRK und das BehiG umzusetzen.<\/p>\n\n\n\n<p>Im Rahmen der Jubil\u00e4en wollen wir der Umsetzung der Menschenrechte Schub verleihen, gemeinsam handeln und gute Beispiele sichtbar machen.<\/p>\n\n\n\n<figure class=\"wp-block-embed is-type-video is-provider-youtube wp-block-embed-youtube wp-embed-aspect-16-9 wp-has-aspect-ratio\"><div class=\"wp-block-embed__wrapper\">\n <iframe referrerpolicy=\"no-referrer\" loading=\"lazy\" title=\"Zukunft Inklusion\" width=\"500\" height=\"281\" src=\"https:\/\/www.youtube-nocookie.com\/embed\/OC1v0yI6HrI?feature=oembed\" frameborder=\"0\" allow=\"accelerometer; autoplay; clipboard-write; encrypted-media; gyroscope; picture-in-picture; web-share\" referrerpolicy=\"strict-origin-when-cross-origin\" allowfullscreen><\/iframe>\n<\/div><\/figure>\n","protected":false},"excerpt":{"rendered":"<p>Machen Sie mit und werden Sie Teil der Aktionstage Behindertenrechte 2024! Vom 15.&nbsp;Mai bis zum 15.&nbsp;Juni 2024 finden unter dem Motto \u00abZukunft Inklusion\u00bb Aktionstage in der ganzen Schweiz, auch im Kanton Uri statt. Das Anmeldefenster ist ge\u00f6ffnet und Sie haben bis zum Mittwoch, 25. Oktober 2023 Zeit, Ihre Aktion einzureichen. Erfahren Sie mehr in unserem [&hellip;]<\/p>\n","protected":false},"author":1,"featured_media":0,"parent":0,"menu_order":1,"comment_status":"closed","ping_status":"closed","template":"page-templates\/landing_page.php","meta":{"_acf_changed":false,"_genesis_hide_title":false,"_genesis_hide_breadcrumbs":false,"_genesis_hide_singular_image":false,"_genesis_hide_footer_widgets":false,"_genesis_custom_body_class":"","_genesis_custom_post_class":"","_genesis_layout":"","footnotes":""},"class_list":{"0":"post-3","1":"page","2":"type-page","3":"status-publish","5":"entry"},"acf":[],"_links":{"self":[{"href":"https:\/\/zukunft-inklusion.prestage.ch\/ur\/wp-json\/wp\/v2\/pages\/3","targetHints":{"allow":["GET"]}}],"collection":[{"href":"https:\/\/zukunft-inklusion.prestage.ch\/ur\/wp-json\/wp\/v2\/pages"}],"about":[{"href":"https:\/\/zukunft-inklusion.prestage.ch\/ur\/wp-json\/wp\/v2\/types\/page"}],"author":[{"embeddable":true,"href":"https:\/\/zukunft-inklusion.prestage.ch\/ur\/wp-json\/wp\/v2\/users\/1"}],"replies":[{"embeddable":true,"href":"https:\/\/zukunft-inklusion.prestage.ch\/ur\/wp-json\/wp\/v2\/comments?post=3"}],"version-history":[{"count":15,"href":"https:\/\/zukunft-inklusion.prestage.ch\/ur\/wp-json\/wp\/v2\/pages\/3\/revisions"}],"predecessor-version":[{"id":137,"href":"https:\/\/zukunft-inklusion.prestage.ch\/ur\/wp-json\/wp\/v2\/pages\/3\/revisions\/137"}],"wp:attachment":[{"href":"https:\/\/zukunft-inklusion.prestage.ch\/ur\/wp-json\/wp\/v2\/media?parent=3"}],"curies":[{"name":"wp","href":"https:\/\/api.w.org\/{rel}","templated":true}]}}