{"id":30,"date":"2023-07-28T14:00:37","date_gmt":"2023-07-28T12:00:37","guid":{"rendered":"https:\/\/zukunft-inklusion.ch.prestage.ch\/ur\/?page_id=30"},"modified":"2024-04-15T10:44:17","modified_gmt":"2024-04-15T08:44:17","slug":"medien","status":"publish","type":"page","link":"https:\/\/zukunft-inklusion.prestage.ch\/ur\/medien\/","title":{"rendered":"Medien"},"content":{"rendered":"\n<h2 class=\"wp-block-heading\">Medienbeitr\u00e4ge zu den Aktionstagen<\/h2>\n\n\n\n<p>Hier finden Sie eine Zusammenstellung von Medienbeitr\u00e4gen zu den Aktionstagen Behindertenrechte 2024. Wir freuen uns, dass unsere Aktionen die Aufmerksamkeit der Medien auf sich ziehen und dazu beitragen, das Bewusstsein f\u00fcr die Rechte von Menschen mit Behinderungen zu sch\u00e4rfen. <\/p>\n\n\n<div role=\"list\" class=\"cst-mediapub-list cst-mediapub-list-page\" aria-live=\"polite\"><\/div>\n\n\n<h2 class=\"wp-block-heading\">Medienkontakte<\/h2>\n\n\n\n<p><strong>Nadine Arnold<\/strong><br>Vorsteherin<br>Amt f\u00fcr Soziales, Kanton Uri<br>E-Mail: <a href=\"mailto:\" data-eml-encoded-attr=\"Ym1Ga2FXNWxMbUZ5Ym05c1pDVTBNSFZ5TG1Obw==\"><span data-eml-encoded-html><label>(E-Mail)<\/label><var aria-hidden=\"true\" style=\"display:none\">Ym1Ga2FXNWxMbUZ5Ym05c1pDVTBNSFZ5TG1Obw==<\/var><\/span><\/a><br>Telefon: 041 875 24 30<\/p>\n","protected":false},"excerpt":{"rendered":"<p>Medienbeitr\u00e4ge zu den Aktionstagen Hier finden Sie eine Zusammenstellung von Medienbeitr\u00e4gen zu den Aktionstagen Behindertenrechte 2024. Wir freuen uns, dass unsere Aktionen die Aufmerksamkeit der Medien auf sich ziehen und dazu beitragen, das Bewusstsein f\u00fcr die Rechte von Menschen mit Behinderungen zu sch\u00e4rfen. Medienkontakte Nadine ArnoldVorsteherinAmt f\u00fcr Soziales, Kanton UriE-Mail: (E-Mail)Ym1Ga2FXNWxMbUZ5Ym05c1pDVTBNSFZ5TG1Obw==Telefon: 041 875 24 30<\/p>\n","protected":false},"author":1,"featured_media":0,"parent":0,"menu_order":8,"comment_status":"closed","ping_status":"closed","template":"page-templates\/media_page.php","meta":{"_acf_changed":false,"_genesis_hide_title":false,"_genesis_hide_breadcrumbs":false,"_genesis_hide_singular_image":false,"_genesis_hide_footer_widgets":false,"_genesis_custom_body_class":"","_genesis_custom_post_class":"","_genesis_layout":"","footnotes":""},"class_list":{"0":"post-30","1":"page","2":"type-page","3":"status-publish","5":"entry"},"acf":[],"_links":{"self":[{"href":"https:\/\/zukunft-inklusion.prestage.ch\/ur\/wp-json\/wp\/v2\/pages\/30","targetHints":{"allow":["GET"]}}],"collection":[{"href":"https:\/\/zukunft-inklusion.prestage.ch\/ur\/wp-json\/wp\/v2\/pages"}],"about":[{"href":"https:\/\/zukunft-inklusion.prestage.ch\/ur\/wp-json\/wp\/v2\/types\/page"}],"author":[{"embeddable":true,"href":"https:\/\/zukunft-inklusion.prestage.ch\/ur\/wp-json\/wp\/v2\/users\/1"}],"replies":[{"embeddable":true,"href":"https:\/\/zukunft-inklusion.prestage.ch\/ur\/wp-json\/wp\/v2\/comments?post=30"}],"version-history":[{"count":6,"href":"https:\/\/zukunft-inklusion.prestage.ch\/ur\/wp-json\/wp\/v2\/pages\/30\/revisions"}],"predecessor-version":[{"id":199,"href":"https:\/\/zukunft-inklusion.prestage.ch\/ur\/wp-json\/wp\/v2\/pages\/30\/revisions\/199"}],"wp:attachment":[{"href":"https:\/\/zukunft-inklusion.prestage.ch\/ur\/wp-json\/wp\/v2\/media?parent=30"}],"curies":[{"name":"wp","href":"https:\/\/api.w.org\/{rel}","templated":true}]}}