{"id":7,"date":"2023-07-28T14:00:48","date_gmt":"2023-07-28T12:00:48","guid":{"rendered":"https:\/\/zukunft-inklusion.ch.prestage.ch\/ur\/?page_id=7"},"modified":"2023-09-15T16:45:28","modified_gmt":"2023-09-15T14:45:28","slug":"mitwirken","status":"publish","type":"page","link":"https:\/\/zukunft-inklusion.prestage.ch\/ur\/mitwirken\/","title":{"rendered":"Mitwirken"},"content":{"rendered":"\n<h2 class=\"wp-block-heading\">Nehmen Sie mit einer Aktion teil<\/h2>\n\n\n\n<p>Das Anmeldefenster f\u00fcr die Aktionstage Behindertenrechte 2024 ist ge\u00f6ffnet. Erfahren Sie mehr in unserem <a rel=\"noreferrer noopener\" href=\"https:\/\/zukunft-inklusion.prestage.ch\/ur\/wp-content\/uploads\/sites\/32\/Faktenblatt-0_Werden-Sie-Teil-der-Aktionstage-1.pdf\" target=\"_blank\">Faktenblatt<\/a>. Reichen Sie bis zum Mittwoch, 25. Oktober 2023 eine Aktion ein und werden Sie Teil von \u00abZukunft Inklusion\u00bb. Hier geht\u2019s zur <a rel=\"noreferrer noopener\" href=\"https:\/\/antwort.ur.ch\/s\/aktionstagebehindertenrechte\" target=\"_blank\">Anmeldung<\/a>.<\/p>\n\n\n\n<p>Wir haben Merkbl\u00e4tter erstellt, um Ihnen bei der Gestaltung Ihrer Aktionen zu helfen. Diese Merkbl\u00e4tter bieten praktische Tipps und Anleitungen f\u00fcr die Planung und Umsetzung Ihrer Aktion.<\/p>\n\n\n\n<ol class=\"wp-block-list\">\n<li><a href=\"https:\/\/zukunft-inklusion.prestage.ch\/ur\/wp-content\/uploads\/sites\/32\/Faktenblatt-1_Sprache_und_Behinderung.pdf\" target=\"_blank\" rel=\"noreferrer noopener\">Merkblatt Sprache und Behinderung<\/a><\/li>\n\n\n\n<li><a href=\"https:\/\/zukunft-inklusion.prestage.ch\/ur\/wp-content\/uploads\/sites\/32\/Faktenblatt-2_Hindernisfreie_Veranstaltung.pdf\" target=\"_blank\" rel=\"noreferrer noopener\">Merkblatt Hindernisfreie Veranstaltungen planen<\/a><\/li>\n\n\n\n<li><a href=\"https:\/\/zukunft-inklusion.prestage.ch\/ur\/wp-content\/uploads\/sites\/32\/Faktenblatt-3_Einfache_Sprache.pdf\" target=\"_blank\" rel=\"noreferrer noopener\">Merkblatt Einfache Sprache<\/a><\/li>\n\n\n\n<li><a href=\"https:\/\/zukunft-inklusion.prestage.ch\/ur\/wp-content\/uploads\/sites\/32\/Faktenblatt-4_Social_Media.pdf\" target=\"_blank\" rel=\"noreferrer noopener\">Merkblatt Soziale Medien<\/a><\/li>\n\n\n\n<li><a href=\"https:\/\/zukunft-inklusion.prestage.ch\/ur\/wp-content\/uploads\/sites\/32\/Faktenblatt_5-Netzwerkaufbau.pdf\" target=\"_blank\" rel=\"noreferrer noopener\">Merkblatt Netzwerkaufbau<\/a><\/li>\n<\/ol>\n\n\n\n<h2 class=\"wp-block-heading\">In wenigen Schritten zur Projektteilnahme<\/h2>\n\n\n\n<p>Wenn Sie mit einer Aktion an \u00abZukunft Inklusion\u00bb teilnehmen m\u00f6chten, m\u00fcssen Sie die Aktion mit unserem <a href=\"https:\/\/antwort.ur.ch\/s\/aktionstagebehindertenrechte\" target=\"_blank\" rel=\"noreferrer noopener\">Anmeldeformular<\/a> einreichen. Anschliessend pr\u00fcfen wir, ob die Aktion unseren Qualit\u00e4tsmerkmalen entspricht. Wenn die Aktion aufgenommen wird, erhalten Sie eine Best\u00e4tigung. Die im Anmeldeformular eingegebenen Details der Aktion werden auf der Webseite \u00abZukunft Inklusion\u00bb ver\u00f6ffentlicht.<\/p>\n\n\n\n<p>Bei Fragen k\u00f6nnen Sie sich gerne bei uns melden.<\/p>\n\n\n\n<h2 class=\"wp-block-heading\">Informieren Sie sich \u00fcber \u00abZukunft Inklusion\u00bb<\/h2>\n\n\n\n<p>Hier geht\u2019s zum <a href=\"https:\/\/zukunft-inklusion.prestage.ch\/ur\/kalender\/\">Kalender<\/a> mit den Daten und M\u00f6glichkeiten zur Anmeldung.<\/p>\n\n\n\n<h2 class=\"wp-block-heading\">Bewerben Sie die Aktionstage Behindertenrechte 2024<\/h2>\n\n\n\n<p>Reden Sie \u00fcber die Aktionstage und die vielf\u00e4ltigen Aktionen. Weisen Sie Ihr Umfeld auf die Mitwirkungsm\u00f6glichkeiten hin. Helfen Sie mit, die Aktionstage bekannt zu machen. <\/p>\n\n\n\n<h2 class=\"wp-block-heading\">Ihre R\u00fcckmeldung ist uns wichtig<\/h2>\n\n\n\n<p>Haben Sie Ideen f\u00fcr Aktionen? Beobachten Sie Missst\u00e4nde, die wir thematisieren sollen? Oder m\u00f6chten Sie sich aktiv einbringen? Nehmen Sie bitte mit uns <a href=\"https:\/\/zukunft-inklusion.prestage.ch\/ur\/kontakt\/\">Kontakt<\/a> auf. Wir freuen uns auch \u00fcber Ihre R\u00fcckmeldungen zu den Merkbl\u00e4ttern. Sind sie n\u00fctzlich? Fehlt ein wichtiges Thema?<\/p>\n","protected":false},"excerpt":{"rendered":"<p>Nehmen Sie mit einer Aktion teil Das Anmeldefenster f\u00fcr die Aktionstage Behindertenrechte 2024 ist ge\u00f6ffnet. Erfahren Sie mehr in unserem Faktenblatt. Reichen Sie bis zum Mittwoch, 25. Oktober 2023 eine Aktion ein und werden Sie Teil von \u00abZukunft Inklusion\u00bb. Hier geht\u2019s zur Anmeldung. Wir haben Merkbl\u00e4tter erstellt, um Ihnen bei der Gestaltung Ihrer Aktionen zu [&hellip;]<\/p>\n","protected":false},"author":1,"featured_media":0,"parent":0,"menu_order":6,"comment_status":"closed","ping_status":"closed","template":"page-templates\/participate_page.php","meta":{"_acf_changed":false,"_genesis_hide_title":false,"_genesis_hide_breadcrumbs":false,"_genesis_hide_singular_image":false,"_genesis_hide_footer_widgets":false,"_genesis_custom_body_class":"","_genesis_custom_post_class":"","_genesis_layout":"","footnotes":""},"class_list":{"0":"post-7","1":"page","2":"type-page","3":"status-publish","5":"entry"},"acf":[],"_links":{"self":[{"href":"https:\/\/zukunft-inklusion.prestage.ch\/ur\/wp-json\/wp\/v2\/pages\/7","targetHints":{"allow":["GET"]}}],"collection":[{"href":"https:\/\/zukunft-inklusion.prestage.ch\/ur\/wp-json\/wp\/v2\/pages"}],"about":[{"href":"https:\/\/zukunft-inklusion.prestage.ch\/ur\/wp-json\/wp\/v2\/types\/page"}],"author":[{"embeddable":true,"href":"https:\/\/zukunft-inklusion.prestage.ch\/ur\/wp-json\/wp\/v2\/users\/1"}],"replies":[{"embeddable":true,"href":"https:\/\/zukunft-inklusion.prestage.ch\/ur\/wp-json\/wp\/v2\/comments?post=7"}],"version-history":[{"count":9,"href":"https:\/\/zukunft-inklusion.prestage.ch\/ur\/wp-json\/wp\/v2\/pages\/7\/revisions"}],"predecessor-version":[{"id":111,"href":"https:\/\/zukunft-inklusion.prestage.ch\/ur\/wp-json\/wp\/v2\/pages\/7\/revisions\/111"}],"wp:attachment":[{"href":"https:\/\/zukunft-inklusion.prestage.ch\/ur\/wp-json\/wp\/v2\/media?parent=7"}],"curies":[{"name":"wp","href":"https:\/\/api.w.org\/{rel}","templated":true}]}}