{"id":30,"date":"2023-07-28T14:00:37","date_gmt":"2023-07-28T12:00:37","guid":{"rendered":"https:\/\/zukunft-inklusion.ch.prestage.ch\/vs\/?page_id=30"},"modified":"2024-04-16T15:01:52","modified_gmt":"2024-04-16T13:01:52","slug":"medien","status":"publish","type":"page","link":"https:\/\/zukunft-inklusion.prestage.ch\/vs\/medien\/","title":{"rendered":"Medien"},"content":{"rendered":"\n<h2 class=\"wp-block-heading\">Medienbeitr\u00e4ge zu den Aktionstagen<\/h2>\n\n\n\n<p>Hier finden Sie eine Zusammenstellung von Medienbeitr\u00e4gen zu den Aktionstagen Behindertenrechte 2024.<\/p>\n\n\n<div role=\"list\" class=\"cst-mediapub-list cst-mediapub-list-page\" aria-live=\"polite\"><div role=\"listitem\" class=\"cst-mediapub-listitem cst-mediapub-listitem-show\" id=\"mediapub_865\" data-index=\"1\"><h3 class=\"h5 cst-mediapub-post-title\">Review Aktionstage Behindertenrechte 2024<\/h3><p>Video, ausgestrahlt w\u00e4hrend der GV der FBBF (04.09.2024)<\/p><!--  --><a href=\"https:\/\/vimeo.com\/958380118\" target=\"_blank\" aria-label=\"Zum Medienbeitrag \u2013 Review Aktionstage Behindertenrechte 2024\" class=\"more-link\">Zum Medienbeitrag<\/a><\/div><div role=\"listitem\" class=\"cst-mediapub-listitem cst-mediapub-listitem-show\" id=\"mediapub_855\" data-index=\"2\"><h3 class=\"h5 cst-mediapub-post-title\">Une gastronomie accessible \u00e0 tous<\/h3><p>Article du 27.06.2024 dans le GastroJournal<\/p><!--  --><a href=\"https:\/\/avenir-inclusif.prestage.ch\/vs\/wp-content\/uploads\/sites\/38\/Gastrojournal_27.06.2024_Gastronomie-accessible.png\" target=\"_blank\" aria-label=\"Zum Medienbeitrag \u2013 Une gastronomie accessible \u00e0 tous\" class=\"more-link\">Zum Medienbeitrag<\/a><\/div><div role=\"listitem\" class=\"cst-mediapub-listitem cst-mediapub-listitem-show\" id=\"mediapub_851\" data-index=\"3\"><h3 class=\"h5 cst-mediapub-post-title\">En Valais, la grande majorit\u00e9 des caf\u00e9s et restaurants n\u2019ont pas de WC accessibles aux personnes en fauteuil roulant<\/h3><p>Sendung vom 18.06.2024 auf RTS<\/p><!--  --><a href=\"https:\/\/www.rts.ch\/play\/tv\/19h30\/video\/en-valais-la-grande-majorite-des-cafes-et-restaurants-nont-pas-de-wc-accessibles-aux-personnes-en-fauteuil-roulant?urn=urn:rts:video:14982324\" target=\"_blank\" aria-label=\"Zum Medienbeitrag \u2013 En Valais, la grande majorit\u00e9 des caf\u00e9s et restaurants n\u2019ont pas de WC accessibles aux personnes en fauteuil roulant\" class=\"more-link\">Zum Medienbeitrag<\/a><\/div><div role=\"listitem\" class=\"cst-mediapub-listitem cst-mediapub-listitem-show\" id=\"mediapub_862\" data-index=\"4\"><h3 class=\"h5 cst-mediapub-post-title\">Bilan de l&#8217;op\u00e9ration nationale &#8222;Avenir inclusif&#8220; men\u00e9e durant un mois en Valais par le Bureau des droits des personnes en situation de handicap.<\/h3><p>Sendung vom 14.06.2024 auf Radio Chablais<\/p><!--  --><a href=\"https:\/\/radiochablais.ch\/podcasts\/test\/17h-mag\/bilan-de-l-operation-nationale-avenir-inclusif-menee-durant-un-mois-en-valais-par-le-bureau-des-droits-des-personnes-en-situation-de-handicap-\" target=\"_blank\" aria-label=\"Zum Medienbeitrag \u2013 Bilan de l&#8217;op\u00e9ration nationale &#8222;Avenir inclusif&#8220; men\u00e9e durant un mois en Valais par le Bureau des droits des personnes en situation de handicap.\" class=\"more-link\">Zum Medienbeitrag<\/a><\/div><div role=\"listitem\" class=\"cst-mediapub-listitem cst-mediapub-listitem-show\" id=\"mediapub_861\" data-index=\"5\"><h3 class=\"h5 cst-mediapub-post-title\">\u00abAvenir inclusif a mis en lumi\u00e8re des r\u00e9alit\u00e9s de vie que l&#8217;on voit peu ou qu&#8217;on ignore\u00bb<\/h3><p>Le Nouvelliste &#8211; 13.06.2024<\/p><!--  --><a href=\"https:\/\/avenue.argusdatainsights.ch\/Article\/AvenuePDFClip?artikelHash=e9a6c043c5704bc9b70fd77e50cfdcf6_B5CDB0C5188BD88CE810BE0C9BE506AB&amp;artikelDateiId=413006125\" target=\"_blank\" aria-label=\"Zum Medienbeitrag \u2013 \u00abAvenir inclusif a mis en lumi\u00e8re des r\u00e9alit\u00e9s de vie que l&#8217;on voit peu ou qu&#8217;on ignore\u00bb\" class=\"more-link\">Zum Medienbeitrag<\/a><\/div><div role=\"listitem\" class=\"cst-mediapub-listitem cst-mediapub-listitem-show\" id=\"mediapub_845\" data-index=\"6\"><h3 class=\"h5 cst-mediapub-post-title\">Inklusion gemeinsam leben und feiern<\/h3><p>Walliser Bote &#8211; 13.06.2024 <\/p><!--  --><a href=\"https:\/\/avenue.argusdatainsights.ch\/Article\/AvenuePDFClip?artikelHash=1d6f7d8567184f328cc9012aa08893cc_FF3187D405956D2068D7C7C40611B033&amp;artikelDateiId=413001276\" target=\"_blank\" aria-label=\"Zum Medienbeitrag \u2013 Inklusion gemeinsam leben und feiern\" class=\"more-link\">Zum Medienbeitrag<\/a><\/div><div role=\"listitem\" class=\"cst-mediapub-listitem cst-mediapub-listitem-show\" id=\"mediapub_860\" data-index=\"7\"><h3 class=\"h5 cst-mediapub-post-title\">Le Nouvelliste<\/h3><p>Le Nouvelliste vom 07.06.2024<\/p><!--  --><a href=\"https:\/\/avenir-inclusif.prestage.ch\/vs\/wp-content\/uploads\/sites\/38\/Nouvelliste_wc_inaccessibles_7.06.24.pdf\" target=\"_blank\" aria-label=\"Zum Medienbeitrag \u2013 Le Nouvelliste\" class=\"more-link\">Zum Medienbeitrag<\/a><\/div><div role=\"listitem\" class=\"cst-mediapub-listitem \" id=\"mediapub_863\" data-index=\"8\"><h3 class=\"h5 cst-mediapub-post-title\">RhoneFM<\/h3><p>News vom 06.06.2024<\/p><!--  --><a href=\"https:\/\/www.rhonefm.ch\/valais\/valais-romand--sur-880-restaurants-seuls-29-wc-accessibles-aux-personnes-en-fauteuil-roulant-488785\" target=\"_blank\" aria-label=\"Zum Medienbeitrag \u2013 RhoneFM\" class=\"more-link\">Zum Medienbeitrag<\/a><\/div><div role=\"listitem\" class=\"cst-mediapub-listitem \" id=\"mediapub_858\" data-index=\"9\"><h3 class=\"h5 cst-mediapub-post-title\">Le journal Canal9<\/h3><p>Sendung vom 07.06.2024 auf Canal 9 &#8211; Ab 13&#8217;20<\/p><!--  --><a href=\"https:\/\/canal9.ch\/fr\/vendredi-07-06-2024\/\" target=\"_blank\" aria-label=\"Zum Medienbeitrag \u2013 Le journal Canal9\" class=\"more-link\">Zum Medienbeitrag<\/a><\/div><div role=\"listitem\" class=\"cst-mediapub-listitem \" id=\"mediapub_857\" data-index=\"10\"><h3 class=\"h5 cst-mediapub-post-title\">Couleurs locales<\/h3><p>Sendung vom 27.05.2024 auf RTS<\/p><!--  --><a href=\"https:\/\/www.rts.ch\/play\/tv\/couleurs-locales\/video\/couleurs-locales?urn=urn:rts:video:14932457&amp;startTime=292\" target=\"_blank\" aria-label=\"Zum Medienbeitrag \u2013 Couleurs locales\" class=\"more-link\">Zum Medienbeitrag<\/a><\/div><div role=\"listitem\" class=\"cst-mediapub-listitem \" id=\"mediapub_856\" data-index=\"11\"><h3 class=\"h5 cst-mediapub-post-title\">La parole est \u00e0 nous<\/h3><p>Sendung vom 29.05.2024 auf Canal9<\/p><!--  --><a href=\"https:\/\/canal9.ch\/fr\/la-parole-est-a-nous-recoit-christian-constantin\/\" target=\"_blank\" aria-label=\"Zum Medienbeitrag \u2013 La parole est \u00e0 nous\" class=\"more-link\">Zum Medienbeitrag<\/a><\/div><div role=\"listitem\" class=\"cst-mediapub-listitem \" id=\"mediapub_836\" data-index=\"12\"><h3 class=\"h5 cst-mediapub-post-title\">Eifach Gfregt mit S\u00e9bastien Pico<\/h3><p>Sendung vom 31.05.2024 auf Canal9<\/p><!--  --><a href=\"https:\/\/canal9.ch\/de\/eifach-gfregt-mit-sebastien-pico\/\" target=\"_blank\" aria-label=\"Zum Medienbeitrag \u2013 Eifach Gfregt mit S\u00e9bastien Pico\" class=\"more-link\">Zum Medienbeitrag<\/a><\/div><div role=\"listitem\" class=\"cst-mediapub-listitem \" id=\"mediapub_833\" data-index=\"13\"><h3 class=\"h5 cst-mediapub-post-title\">Pile et Face<\/h3><p>Immersion dans le monde de ViaVelo &#8211; Sendung vom 29.05.2024 auf  Canal9<\/p><!--  --><a href=\"https:\/\/canal9.ch\/fr\/immersion-dans-le-monde-de-viavelo\/\" target=\"_blank\" aria-label=\"Zum Medienbeitrag \u2013 Pile et Face\" class=\"more-link\">Zum Medienbeitrag<\/a><\/div><div role=\"listitem\" class=\"cst-mediapub-listitem \" id=\"mediapub_832\" data-index=\"14\"><h3 class=\"h5 cst-mediapub-post-title\">Er\u00f6ffnungsanlass Aktionstage Behindertenrechte 15. Mai 2024 in Z\u00fcrich<\/h3><p><\/p><!--  --><a href=\"https:\/\/www.youtube.com\/watch?v=olchCZUprfI\" target=\"_blank\" aria-label=\"Zum Medienbeitrag \u2013 Er\u00f6ffnungsanlass Aktionstage Behindertenrechte 15. Mai 2024 in Z\u00fcrich\" class=\"more-link\">Zum Medienbeitrag<\/a><\/div><div role=\"listitem\" class=\"cst-mediapub-listitem \" id=\"mediapub_830\" data-index=\"15\"><h3 class=\"h5 cst-mediapub-post-title\">Eifach Gfregt<\/h3><p>Sendung vom 23.05.2024 auf Canal9<\/p><!--  --><a href=\"https:\/\/canal9.ch\/de\/la-parole-est-a-nous-eifach-gfregt\/\" target=\"_blank\" aria-label=\"Zum Medienbeitrag \u2013 Eifach Gfregt\" class=\"more-link\">Zum Medienbeitrag<\/a><\/div><div role=\"listitem\" class=\"cst-mediapub-listitem \" id=\"mediapub_828\" data-index=\"16\"><h3 class=\"h5 cst-mediapub-post-title\">C&#8217;est vous qui voyez<\/h3><p>Sendung vom 22.05.2024 auf Canal9<\/p><!--  --><a href=\"https:\/\/canal9.ch\/fr\/cest-vous-qui-voyez-4\/\" target=\"_blank\" aria-label=\"Zum Medienbeitrag \u2013 C&#8217;est vous qui voyez\" class=\"more-link\">Zum Medienbeitrag<\/a><\/div><div role=\"listitem\" class=\"cst-mediapub-listitem \" id=\"mediapub_825\" data-index=\"17\"><h3 class=\"h5 cst-mediapub-post-title\">Eifach gfregt<\/h3><p>Sendung vom 17.05.2024 auf Canal9<\/p><!--  --><a href=\"https:\/\/canal9.ch\/de\/eifach-gfregt\/\" target=\"_blank\" aria-label=\"Zum Medienbeitrag \u2013 Eifach gfregt\" class=\"more-link\">Zum Medienbeitrag<\/a><\/div><div role=\"listitem\" class=\"cst-mediapub-listitem \" id=\"mediapub_823\" data-index=\"18\"><h3 class=\"h5 cst-mediapub-post-title\">Zahl der Menschen mit Behinderungen steigt- auffast 70&#8217;000 im Wallis<\/h3><p>Artikel im Walliser Bote vom 08.05.2024<\/p><!--  --><a href=\"https:\/\/avenue.argusdatainsights.ch\/Article\/AvenuePDFClip?artikelHash=7081e063fce142c3b83e9b06337324a6_2E76BF116CACDC53C98DDCEEEE613C80&amp;artikelDateiId=408788542\" target=\"_blank\" aria-label=\"Zum Medienbeitrag \u2013 Zahl der Menschen mit Behinderungen steigt- auffast 70&#8217;000 im Wallis\" class=\"more-link\">Zum Medienbeitrag<\/a><\/div><div role=\"listitem\" class=\"cst-mediapub-listitem \" id=\"mediapub_821\" data-index=\"19\"><h3 class=\"h5 cst-mediapub-post-title\">Bewusstsein f\u00fcr Behinderungen steigern<\/h3><p>Artikel im Walliser Bote vom 23.05.2024 <\/p><!--  --><a href=\"https:\/\/avenue.argusdatainsights.ch\/Article\/AvenuePDFClip?artikelHash=d0b9d5f9c7c94f0b982f9d9465630a83_221569E847E24D633126F434A6BAA5FF&amp;artikelDateiId=410472502\" target=\"_blank\" aria-label=\"Zum Medienbeitrag \u2013 Bewusstsein f\u00fcr Behinderungen steigern\" class=\"more-link\">Zum Medienbeitrag<\/a><\/div><div role=\"listitem\" class=\"cst-mediapub-listitem \" id=\"mediapub_819\" data-index=\"20\"><h3 class=\"h5 cst-mediapub-post-title\">La parole est \u00e0 NOUS! Mathias Reynard<\/h3><p>Sendung vom 16.05.2024 auf Canal9<\/p><!--  --><a href=\"https:\/\/canal9.ch\/fr\/mathias-reynard\/\" target=\"_blank\" aria-label=\"Zum Medienbeitrag \u2013 La parole est \u00e0 NOUS! Mathias Reynard\" class=\"more-link\">Zum Medienbeitrag<\/a><\/div><div role=\"listitem\" class=\"cst-mediapub-listitem \" id=\"mediapub_817\" data-index=\"21\"><h3 class=\"h5 cst-mediapub-post-title\">T\u00e9moignage: Sportive sur Jo\u00eblette<\/h3><p>Sendung vom 15.05.2024 auf Canal9<\/p><!--  --><a href=\"https:\/\/canal9.ch\/fr\/temoignage-sportive-sur-joelette\/\" target=\"_blank\" aria-label=\"Zum Medienbeitrag \u2013 T\u00e9moignage: Sportive sur Jo\u00eblette\" class=\"more-link\">Zum Medienbeitrag<\/a><\/div><div role=\"listitem\" class=\"cst-mediapub-listitem \" id=\"mediapub_814\" data-index=\"22\"><h3 class=\"h5 cst-mediapub-post-title\">Interview Canal9<\/h3><p>Interview vom 06.05.24 mit Viviane B\u00e9rod Pinho, Leiterin des B\u00fcros f\u00fcr die Rechte von Menschen mit Behinderungen<\/p><!--  --><a href=\"https:\/\/canal9.ch\/fr\/domaine-du-handicap-un-mois-pour-celebrer-linclusion\/\" target=\"_blank\" aria-label=\"Zum Medienbeitrag \u2013 Interview Canal9\" class=\"more-link\">Zum Medienbeitrag<\/a><\/div><div role=\"listitem\" class=\"cst-mediapub-listitem \" id=\"mediapub_808\" data-index=\"23\"><h3 class=\"h5 cst-mediapub-post-title\">Interview Radio Rottu Oberwallis<\/h3><p>Interview vom 06.05.24 mit Priska Escher, Spezialisierte Mitarbeiterin des B\u00fcros f\u00fcr die Rechte von Menschen mit Behinderungen<\/p><!--  --><a href=\"https:\/\/zukunft-inklusion.prestage.ch\/vs\/wp-content\/uploads\/sites\/38\/06MAI24-Aktionstage-dc.mp3\" target=\"_blank\" aria-label=\"Zum Medienbeitrag \u2013 Interview Radio Rottu Oberwallis\" class=\"more-link\">Zum Medienbeitrag<\/a><\/div><div role=\"listitem\" class=\"cst-mediapub-listitem \" id=\"mediapub_807\" data-index=\"24\"><h3 class=\"h5 cst-mediapub-post-title\">Podcast Radio Chablais<\/h3><p>Interview vom 07.05.24 mit Viviane B\u00e9rod Pinho, Leiterin des B\u00fcros f\u00fcr die Rechte von Menschen mit Behinderungen<\/p><!--  --><a href=\"https:\/\/radiochablais.ch\/podcasts\/podcasts-details?idPodcast=56110\" target=\"_blank\" aria-label=\"Zum Medienbeitrag \u2013 Podcast Radio Chablais\" class=\"more-link\">Zum Medienbeitrag<\/a><\/div><div role=\"listitem\" class=\"cst-mediapub-listitem \" id=\"mediapub_804\" data-index=\"25\"><h3 class=\"h5 cst-mediapub-post-title\">Der Weg zu einer inklusiveren und barrierefreien Gesellschaft<\/h3><p>Artikel im Walliser Bote vom 07.05.2024<\/p><!--  --><a href=\"https:\/\/avenue.argusdatainsights.ch\/Article\/AvenuePDFClip?artikelHash=6c438f95a0e34cf3ab0a37f7d3a29053_20E03FD9B9EED4D95A07BD2682F4CD38&amp;artikelDateiId=408637176\" target=\"_blank\" aria-label=\"Zum Medienbeitrag \u2013 Der Weg zu einer inklusiveren und barrierefreien Gesellschaft\" class=\"more-link\">Zum Medienbeitrag<\/a><\/div><div role=\"listitem\" class=\"cst-mediapub-listitem \" id=\"mediapub_803\" data-index=\"26\"><h3 class=\"h5 cst-mediapub-post-title\">Plus de quarante projets d&#8217;actions inclusives<\/h3><p>Artikel im Nouvelliste vom 07.05.2024<\/p><!--  --><a href=\"https:\/\/avenue.argusdatainsights.ch\/Article\/AvenuePDFClip?artikelHash=5cd0da46b018401c96afa468acf9041d_DCE7AAE92072ECE63B0F8DB0B67A1192&amp;artikelDateiId=408649620\" target=\"_blank\" aria-label=\"Zum Medienbeitrag \u2013 Plus de quarante projets d&#8217;actions inclusives\" class=\"more-link\">Zum Medienbeitrag<\/a><\/div><div role=\"listitem\" class=\"cst-mediapub-listitem \" id=\"mediapub_782\" data-index=\"27\"><h3 class=\"h5 cst-mediapub-post-title\">Avenir inclusif<\/h3><p>Artikel der FOVAHM vom 27.03.2024<\/p><!--  --><a href=\"https:\/\/www.fovahm.ch\/fr\/actualites-et-presse\/news\/avenir-inclusif-9498\/\" target=\"_blank\" aria-label=\"Zum Medienbeitrag \u2013 Avenir inclusif\" class=\"more-link\">Zum Medienbeitrag<\/a><\/div><div role=\"listitem\" class=\"cst-mediapub-listitem \" id=\"mediapub_767\" data-index=\"28\"><h3 class=\"h5 cst-mediapub-post-title\">Nationale Aktionstage Behindertenrechte vom 15. Mai bis zum 15. Juni 2024<\/h3><p>Artikel auf admin.ch vom 25.04.2024<\/p><!--  --><a href=\"https:\/\/www.admin.ch\/gov\/de\/start\/dokumentation\/medienmitteilungen.msg-id-100821.html\" target=\"_blank\" aria-label=\"Zum Medienbeitrag \u2013 Nationale Aktionstage Behindertenrechte vom 15. Mai bis zum 15. Juni 2024\" class=\"more-link\">Zum Medienbeitrag<\/a><\/div><div role=\"listitem\" class=\"cst-mediapub-listitem \" id=\"mediapub_762\" data-index=\"29\"><h3 class=\"h5 cst-mediapub-post-title\">En Valais, un \u00abavenir inclusif\u00bb avec les sourds et malentendants<\/h3><p>Artikel auf &#8222;FoRom \u00e9coute&#8220; vom 12.04.2024<\/p><!--  --><a href=\"https:\/\/ecoute.ch\/article\/en-valais-un-avenir-inclusif-avec-les-sourds-et-malentendants\/\" target=\"_blank\" aria-label=\"Zum Medienbeitrag \u2013 En Valais, un \u00abavenir inclusif\u00bb avec les sourds et malentendants\" class=\"more-link\">Zum Medienbeitrag<\/a><\/div><div role=\"listitem\" class=\"cst-mediapub-listitem \" id=\"mediapub_558\" data-index=\"30\"><h3 class=\"h5 cst-mediapub-post-title\">Arbeitsmarkt f\u00fcr Menschen mit Behinderung wird endlich sichtbar<\/h3><p>Artikel im Walliser Bote vom 05.03.2024<\/p><!--  --><a href=\"https:\/\/avenir-inclusif.prestage.ch\/vs\/wp-content\/uploads\/sites\/38\/Walliser-Bote-Institutionen-Oberwallis-Arbeit.pdf\" target=\"_blank\" aria-label=\"Zum Medienbeitrag \u2013 Arbeitsmarkt f\u00fcr Menschen mit Behinderung wird endlich sichtbar\" class=\"more-link\">Zum Medienbeitrag<\/a><\/div><div role=\"listitem\" class=\"cst-mediapub-listitem \" id=\"mediapub_239\" data-index=\"31\"><h3 class=\"h5 cst-mediapub-post-title\">Projekte f\u00fcr &#8222;Zukunft Inklusion&#8220; gesucht &#8211; auch im Wallis<\/h3><p>Artikel im Walliser Bote vom 28.11.2023<\/p><!--  --><a href=\"https:\/\/zukunft-inklusion.prestage.ch\/vs\/wp-content\/uploads\/sites\/38\/wb_28.11.2023.jpg\" target=\"_blank\" aria-label=\"Zum Medienbeitrag \u2013 Projekte f\u00fcr &#8222;Zukunft Inklusion&#8220; gesucht &#8211; auch im Wallis\" class=\"more-link\">Zum Medienbeitrag<\/a><\/div><div role=\"listitem\" class=\"cst-mediapub-listitem \" id=\"mediapub_209\" data-index=\"32\"><h3 class=\"h5 cst-mediapub-post-title\">Podcast Radio Chablais<\/h3><p>Interview mit Viviane B\u00e9rod Pinho, Leiterin des B\u00fcros f\u00fcr die Rechte von Menschen mit Behinderungen<\/p><!--  --><a href=\"https:\/\/radiochablais.ch\/podcasts\/podcast-detail?idPodcast=52245\" target=\"_blank\" aria-label=\"Zum Medienbeitrag \u2013 Podcast Radio Chablais\" class=\"more-link\">Zum Medienbeitrag<\/a><\/div><div role=\"listitem\" class=\"cst-mediapub-listitem \" id=\"mediapub_202\" data-index=\"33\"><h3 class=\"h5 cst-mediapub-post-title\">Nationale Aktionstage Zukunft Inklusion vs.ch (Medienmitteilung)<\/h3><p>Nationale Aktionstage zur Inklusion von Menschen mit Behinderungen &#8211; Projektausschreibung (Medienmitteilung des Kantons Wallis).<\/p><!--  --><a href=\"https:\/\/www.vs.ch\/web\/communication\/detail?groupId=529400&amp;articleId=26528250\" target=\"_blank\" aria-label=\"Zum Medienbeitrag \u2013 Nationale Aktionstage Zukunft Inklusion vs.ch (Medienmitteilung)\" class=\"more-link\">Zum Medienbeitrag<\/a><\/div><button class=\"cst-mediapub-list-more-button\"><span>Weitere Medienbeitr\u00e4ge anzeigen<\/span><\/button><\/div>\n\n\n<h2 class=\"wp-block-heading\">Medienkontakte<\/h2>\n\n\n\n<p><a href=\"mailto:\" data-eml-encoded-attr=\"WW5WeVpXRjFMV3hrYVhCb0pUUXdZV1J0YVc0dWRuTXVZMmc9\"><span data-eml-encoded-html><label>(E-Mail)<\/label><var aria-hidden=\"true\" style=\"display:none\">WW5WeVpXRjFMV3hrYVhCb0pUUXdZV1J0YVc0dWRuTXVZMmc9<\/var><\/span><\/a><\/p>\n","protected":false},"excerpt":{"rendered":"<p>Medienbeitr\u00e4ge zu den Aktionstagen Hier finden Sie eine Zusammenstellung von Medienbeitr\u00e4gen zu den Aktionstagen Behindertenrechte 2024. Medienkontakte (E-Mail)WW5WeVpXRjFMV3hrYVhCb0pUUXdZV1J0YVc0dWRuTXVZMmc9<\/p>\n","protected":false},"author":1,"featured_media":0,"parent":0,"menu_order":8,"comment_status":"closed","ping_status":"closed","template":"page-templates\/media_page.php","meta":{"_acf_changed":false,"_genesis_hide_title":false,"_genesis_hide_breadcrumbs":false,"_genesis_hide_singular_image":false,"_genesis_hide_footer_widgets":false,"_genesis_custom_body_class":"","_genesis_custom_post_class":"","_genesis_layout":"","footnotes":""},"class_list":{"0":"post-30","1":"page","2":"type-page","3":"status-publish","5":"entry"},"acf":[],"_links":{"self":[{"href":"https:\/\/zukunft-inklusion.prestage.ch\/vs\/wp-json\/wp\/v2\/pages\/30","targetHints":{"allow":["GET"]}}],"collection":[{"href":"https:\/\/zukunft-inklusion.prestage.ch\/vs\/wp-json\/wp\/v2\/pages"}],"about":[{"href":"https:\/\/zukunft-inklusion.prestage.ch\/vs\/wp-json\/wp\/v2\/types\/page"}],"author":[{"embeddable":true,"href":"https:\/\/zukunft-inklusion.prestage.ch\/vs\/wp-json\/wp\/v2\/users\/1"}],"replies":[{"embeddable":true,"href":"https:\/\/zukunft-inklusion.prestage.ch\/vs\/wp-json\/wp\/v2\/comments?post=30"}],"version-history":[{"count":2,"href":"https:\/\/zukunft-inklusion.prestage.ch\/vs\/wp-json\/wp\/v2\/pages\/30\/revisions"}],"predecessor-version":[{"id":695,"href":"https:\/\/zukunft-inklusion.prestage.ch\/vs\/wp-json\/wp\/v2\/pages\/30\/revisions\/695"}],"wp:attachment":[{"href":"https:\/\/zukunft-inklusion.prestage.ch\/vs\/wp-json\/wp\/v2\/media?parent=30"}],"curies":[{"name":"wp","href":"https:\/\/api.w.org\/{rel}","templated":true}]}}