{"id":34,"date":"2023-07-28T14:00:47","date_gmt":"2023-07-28T12:00:47","guid":{"rendered":"https:\/\/zukunft-inklusion.ch.prestage.ch\/vs\/?page_id=34"},"modified":"2024-04-16T15:02:45","modified_gmt":"2024-04-16T13:02:45","slug":"kontakt","status":"publish","type":"page","link":"https:\/\/zukunft-inklusion.prestage.ch\/vs\/kontakt\/","title":{"rendered":"Kontakt"},"content":{"rendered":"\n<p>Wir freuen uns \u00fcber Ihre Kontaktaufnahme. Gerne beantworten wir Ihre Fragen und nehmen Anregungen entgegen.<\/p>\n\n\n\n<p><strong>Viviane B\u00e9rod Pinho<\/strong>, Leiterin des B\u00fcros f\u00fcr die Rechte von Menschen mit Behinderungen<\/p>\n\n\n\n<p><strong>Priska Escher<\/strong>, Spezialisierte Mitarbeiterin des B\u00fcros f\u00fcr die Rechte von Menschen mit Behinderungen&nbsp;<\/p>\n\n\n\n<p>Departement f\u00fcr Gesundheit, Soziales und Kultur (DGSK)<br>Dienststelle f\u00fcr Sozialwesen (DSW)<br>Koordinationsstelle f\u00fcr Fragen im Bereich Behinderung \u00a0(KFBB)<br>Bahnhofstrasse 23<br>1950 Sitten<br><br>Telefon: 027 606 11 10<br>E-Mail: <a href=\"mailto:\" data-eml-encoded-attr=\"WW5WeVpXRjFMV3hrYVhCb0pUUXdZV1J0YVc0dWRuTXVZMmc9\"><span data-eml-encoded-html><label>(E-Mail)<\/label><var aria-hidden=\"true\" style=\"display:none\">WW5WeVpXRjFMV3hrYVhCb0pUUXdZV1J0YVc0dWRuTXVZMmc9<\/var><\/span><\/a><\/p>\n","protected":false},"excerpt":{"rendered":"<p>Wir freuen uns \u00fcber Ihre Kontaktaufnahme. Gerne beantworten wir Ihre Fragen und nehmen Anregungen entgegen. Viviane B\u00e9rod Pinho, Leiterin des B\u00fcros f\u00fcr die Rechte von Menschen mit Behinderungen Priska Escher, Spezialisierte Mitarbeiterin des B\u00fcros f\u00fcr die Rechte von Menschen mit Behinderungen&nbsp; Departement f\u00fcr Gesundheit, Soziales und Kultur (DGSK)Dienststelle f\u00fcr Sozialwesen (DSW)Koordinationsstelle f\u00fcr Fragen im Bereich [&hellip;]<\/p>\n","protected":false},"author":1,"featured_media":0,"parent":0,"menu_order":10,"comment_status":"closed","ping_status":"closed","template":"page-templates\/contact_page.php","meta":{"_acf_changed":false,"_genesis_hide_title":false,"_genesis_hide_breadcrumbs":false,"_genesis_hide_singular_image":false,"_genesis_hide_footer_widgets":false,"_genesis_custom_body_class":"","_genesis_custom_post_class":"","_genesis_layout":"","footnotes":""},"class_list":{"0":"post-34","1":"page","2":"type-page","3":"status-publish","5":"entry"},"acf":[],"_links":{"self":[{"href":"https:\/\/zukunft-inklusion.prestage.ch\/vs\/wp-json\/wp\/v2\/pages\/34","targetHints":{"allow":["GET"]}}],"collection":[{"href":"https:\/\/zukunft-inklusion.prestage.ch\/vs\/wp-json\/wp\/v2\/pages"}],"about":[{"href":"https:\/\/zukunft-inklusion.prestage.ch\/vs\/wp-json\/wp\/v2\/types\/page"}],"author":[{"embeddable":true,"href":"https:\/\/zukunft-inklusion.prestage.ch\/vs\/wp-json\/wp\/v2\/users\/1"}],"replies":[{"embeddable":true,"href":"https:\/\/zukunft-inklusion.prestage.ch\/vs\/wp-json\/wp\/v2\/comments?post=34"}],"version-history":[{"count":5,"href":"https:\/\/zukunft-inklusion.prestage.ch\/vs\/wp-json\/wp\/v2\/pages\/34\/revisions"}],"predecessor-version":[{"id":697,"href":"https:\/\/zukunft-inklusion.prestage.ch\/vs\/wp-json\/wp\/v2\/pages\/34\/revisions\/697"}],"wp:attachment":[{"href":"https:\/\/zukunft-inklusion.prestage.ch\/vs\/wp-json\/wp\/v2\/media?parent=34"}],"curies":[{"name":"wp","href":"https:\/\/api.w.org\/{rel}","templated":true}]}}