{"id":36,"date":"2023-07-28T14:00:30","date_gmt":"2023-07-28T12:00:30","guid":{"rendered":"https:\/\/zukunft-inklusion.ch.prestage.ch\/vs\/?page_id=36"},"modified":"2024-04-16T15:03:25","modified_gmt":"2024-04-16T13:03:25","slug":"impressum","status":"publish","type":"page","link":"https:\/\/zukunft-inklusion.prestage.ch\/vs\/impressum\/","title":{"rendered":"Impressum"},"content":{"rendered":"\n<p>Departement f\u00fcr Gesundheit, Soziales und Kultur (DGSK)<br>Dienststelle f\u00fcr Sozialwesen (DSW)<br>Koordinationsstelle f\u00fcr Fragen im Bereich Behinderung &nbsp;(KFBB)<br>Bahnhofstrasse 23<br>1950 Sitten<\/p>\n\n\n\n<p>Telefon: 027 606 11 10<br>E-Mail: <a href=\"mailto:\" data-eml-encoded-attr=\"WW5WeVpXRjFMV3hrYVhCb0pUUXdZV1J0YVc0dWRuTXVZMmc9\"><span data-eml-encoded-html><label>(E-Mail)<\/label><var aria-hidden=\"true\" style=\"display:none\">WW5WeVpXRjFMV3hrYVhCb0pUUXdZV1J0YVc0dWRuTXVZMmc9<\/var><\/span><\/a><\/p>\n","protected":false},"excerpt":{"rendered":"<p>Departement f\u00fcr Gesundheit, Soziales und Kultur (DGSK)Dienststelle f\u00fcr Sozialwesen (DSW)Koordinationsstelle f\u00fcr Fragen im Bereich Behinderung &nbsp;(KFBB)Bahnhofstrasse 231950 Sitten Telefon: 027 606 11 10E-Mail: (E-Mail)WW5WeVpXRjFMV3hrYVhCb0pUUXdZV1J0YVc0dWRuTXVZMmc9<\/p>\n","protected":false},"author":1,"featured_media":0,"parent":0,"menu_order":12,"comment_status":"closed","ping_status":"closed","template":"page-templates\/imprint_page.php","meta":{"_acf_changed":false,"_genesis_hide_title":false,"_genesis_hide_breadcrumbs":false,"_genesis_hide_singular_image":false,"_genesis_hide_footer_widgets":false,"_genesis_custom_body_class":"","_genesis_custom_post_class":"","_genesis_layout":"","footnotes":""},"class_list":{"0":"post-36","1":"page","2":"type-page","3":"status-publish","5":"entry"},"acf":[],"_links":{"self":[{"href":"https:\/\/zukunft-inklusion.prestage.ch\/vs\/wp-json\/wp\/v2\/pages\/36","targetHints":{"allow":["GET"]}}],"collection":[{"href":"https:\/\/zukunft-inklusion.prestage.ch\/vs\/wp-json\/wp\/v2\/pages"}],"about":[{"href":"https:\/\/zukunft-inklusion.prestage.ch\/vs\/wp-json\/wp\/v2\/types\/page"}],"author":[{"embeddable":true,"href":"https:\/\/zukunft-inklusion.prestage.ch\/vs\/wp-json\/wp\/v2\/users\/1"}],"replies":[{"embeddable":true,"href":"https:\/\/zukunft-inklusion.prestage.ch\/vs\/wp-json\/wp\/v2\/comments?post=36"}],"version-history":[{"count":4,"href":"https:\/\/zukunft-inklusion.prestage.ch\/vs\/wp-json\/wp\/v2\/pages\/36\/revisions"}],"predecessor-version":[{"id":699,"href":"https:\/\/zukunft-inklusion.prestage.ch\/vs\/wp-json\/wp\/v2\/pages\/36\/revisions\/699"}],"wp:attachment":[{"href":"https:\/\/zukunft-inklusion.prestage.ch\/vs\/wp-json\/wp\/v2\/media?parent=36"}],"curies":[{"name":"wp","href":"https:\/\/api.w.org\/{rel}","templated":true}]}}