{"id":7,"date":"2023-07-28T14:00:48","date_gmt":"2023-07-28T12:00:48","guid":{"rendered":"https:\/\/zukunft-inklusion.ch.prestage.ch\/vs\/?page_id=7"},"modified":"2024-04-16T14:59:06","modified_gmt":"2024-04-16T12:59:06","slug":"mitwirken","status":"publish","type":"page","link":"https:\/\/zukunft-inklusion.prestage.ch\/vs\/mitwirken\/","title":{"rendered":"Mitwirken"},"content":{"rendered":"\n<h2 class=\"wp-block-heading\">Nehmen Sie mit einer Aktion teil<\/h2>\n\n\n\n<p>Das Anmeldefenster f\u00fcr die Aktionstage Behindertenrechte 2024 ist ge\u00f6ffnet. Erfahren Sie mehr in der <a href=\"https:\/\/www.vs.ch\/documents\/218528\/25908737\/Nationale+Aktionstage+-+Projektaufruf.pdf\/d7b6c3e1-9163-841a-2c8c-2b8baba10446?t=1694530346666\">Projektausschreibung<\/a>. Reichen Sie bis zum <strong>3. Dezember 2023<\/strong> eine Aktion ein und werden Sie Teil von \u00abZukunft Inklusion\u00bb. Hier geht\u2019s zur <a href=\"https:\/\/www.vs.ch\/documents\/218528\/25908737\/National+Aktionstage+Anmeldeformular.docx\/89fbca47-a99d-4527-00a3-50cf82949253?t=1695015553212\">Anmeldung<\/a>.<\/p>\n\n\n\n<p>Sie k\u00f6nnen die Unterlagen einsenden:<\/p>\n\n\n\n<ul class=\"wp-block-list\">\n<li>Entweder per E-Mail: bureau-ldiph@admin.vs.ch&nbsp;<\/li>\n\n\n\n<li>oder per Post an die Adresse:&nbsp;B\u00fcro f\u00fcr die Rechte von Menschen mit Behinderungen,&nbsp;Bahnhofstrasse 23,&nbsp;1950 Sitten<\/li>\n<\/ul>\n\n\n\n<p><img loading=\"lazy\" decoding=\"async\" height=\"50\" width=\"50\" src=\"https:\/\/www.vs.ch\/documents\/218528\/25908737\/Logo_FALC.png\/0ee88b64-4255-d5c3-d23b-fe284b48aaf1?t=1694530130515\" alt=\"Logo Einfache Sprache\"> Die Projektausschreibung ist in&nbsp;<a href=\"https:\/\/www.vs.ch\/documents\/218528\/25908737\/Nationale+Aktionstage+-+Projektaufruf+LS.pdf\/ed9c0ccf-0cc0-d4fc-0741-8bb3e98526b4?t=1694530369257\">leichter Sprache<\/a>&nbsp;verf\u00fcgbar.<\/p>\n\n\n\n<p>Wir haben <strong>Merkbl\u00e4tter<\/strong> erstellt, um Ihnen bei der Gestaltung Ihrer Aktionen zu helfen. Diese Merkbl\u00e4tter bieten praktische Tipps und Anleitungen f\u00fcr die Planung und Umsetzung Ihrer Aktion:<\/p>\n\n\n\n<ol class=\"wp-block-list\">\n<li><a rel=\"noreferrer noopener\" href=\"https:\/\/www.vs.ch\/documents\/218528\/25908737\/Werden+Sie+Teil+der+Aktionstage.pdf\/acdf5c68-cee7-9957-9f5b-543b02073892?t=1694528071735\" target=\"_blank\">Werden Sie Teil der Aktionstage<\/a><\/li>\n\n\n\n<li><a rel=\"noreferrer noopener\" href=\"https:\/\/www.vs.ch\/documents\/218528\/25908737\/Sprache+und+Behinderung.pdf\/33025016-e02f-dc51-e648-761116206aa5?t=1694528091624\" target=\"_blank\">Sprache und Behinderung<\/a><\/li>\n\n\n\n<li><a rel=\"noreferrer noopener\" href=\"https:\/\/www.vs.ch\/documents\/218528\/25908737\/Einfache+Sprache.pdf\/c53dc93d-1f10-8216-535c-2ad3e8b4b29e?t=1694528225398\" target=\"_blank\">Einfache Sprache<\/a><\/li>\n\n\n\n<li><a href=\"https:\/\/www.vs.ch\/documents\/218528\/25908737\/Faktenblatt+2+Hindernisfreie+Veranstaltung.pdf\" target=\"_blank\" rel=\"noreferrer noopener\">Wie planen Sie eine Veranstaltung ohne Barrieren<\/a><\/li>\n\n\n\n<li><a rel=\"noreferrer noopener\" href=\"https:\/\/www.vs.ch\/documents\/218528\/25908737\/Wie+schreiben+Sie+Beitr%C3%A4ge+f%C3%BCr+die+Sozialen+Medien.pdf\/b6e5bd32-54be-7535-e02e-5c2b157f756a?t=1694528256460\" target=\"_blank\">Wie schreiben Sie Beitr\u00e4ge f\u00fcr die Sozialen Medien<\/a><\/li>\n\n\n\n<li><a rel=\"noreferrer noopener\" href=\"https:\/\/www.vs.ch\/documents\/218528\/25908737\/Wie+bauen+Sie+ein+Netzwerk+auf.pdf\/c272e7a0-c2af-5265-5d88-04560eaf9989?t=1694528303238\" target=\"_blank\">Wie bauen Sie ein Netzwerk auf<\/a><\/li>\n<\/ol>\n\n\n\n<h2 class=\"wp-block-heading\">In 5 Schritten zur Projektteilnahme<\/h2>\n\n\n\n<p>Wenn Sie mit einer Aktion an \u00abZukunft Inklusion\u00bb teilnehmen m\u00f6chten, m\u00fcssen Sie einige Schritte durchlaufen. Zun\u00e4chst m\u00fcssen Sie die Aktion mit unserem <a href=\"https:\/\/www.vs.ch\/documents\/218528\/25908737\/National+Aktionstage+Anmeldeformular.docx\/89fbca47-a99d-4527-00a3-50cf82949253?t=1695015553212\">Anmeldeformular<\/a> einreichen. Anschliessend pr\u00fcfen wir, ob die Aktion unseren Qualit\u00e4tsmerkmalen entspricht. Wenn die Aktion aufgenommen wird, erhalten Sie eine Best\u00e4tigung mit einer Aktionsnummer und das Eingabeformular. Mit dem <a href=\"https:\/\/avenir-inclusif.prestage.ch\/vs\/wp-content\/uploads\/sites\/38\/Eingabeformular-DE_barrierefrei.docx\" data-type=\"link\" data-id=\"https:\/\/avenir-inclusif.prestage.ch\/vs\/wp-content\/uploads\/sites\/38\/Eingabeformular-DE_barrierefrei.docx\">Eingabeformular<\/a> erfassen Sie Details der Aktion, so dass wir diese auf der Webseite \u00abZukunft Inklusion\u00bb ver\u00f6ffentlichen k\u00f6nnen.<\/p>\n\n\n\n<p>Bei Fragen k\u00f6nnen Sie sich gerne bei uns melden. Wir unterst\u00fctzen Sie beratend und vermitteln Kontakte.<\/p>\n\n\n\n<h2 class=\"wp-block-heading\">Informieren Sie sich \u00fcber \u00abZukunft Inklusion\u00bb<\/h2>\n\n\n\n<p>Hier geht\u2019s zum <a href=\"https:\/\/zukunft-inklusion.prestage.ch\/vs\/kalender\/\">Kalender<\/a> mit den Daten und M\u00f6glichkeiten zur Anmeldung.<\/p>\n\n\n\n<h2 class=\"wp-block-heading\">Bewerben Sie die Aktionstage Behindertenrechte 2024<\/h2>\n\n\n\n<p>Reden Sie \u00fcber die Aktionstage und die vielf\u00e4ltigen Aktionen. Weisen Sie Ihr Umfeld auf die Mitwirkungsm\u00f6glichkeiten hin.<\/p>\n\n\n\n<h3 class=\"wp-block-heading\">Machen Sie Werbung f\u00fcr die Aktionstage in ihrer Gemeinde!<\/h3>\n\n\n\n<p>Plakate und Flyer f\u00fcr Ihre Gemeinden (APG-Stellen), k\u00f6nnen Sie unter folgendem <a rel=\"noreferrer noopener\" href=\"https:\/\/zukunft-inklusion.prestage.ch\/vs\/wp-content\/uploads\/sites\/38\/ZI-Aktionstage_2024_Flyer_A5_DE_vs.pdf\" target=\"_blank\">L<\/a><a href=\"https:\/\/avenir-inclusif.prestage.ch\/vs\/wp-content\/uploads\/sites\/38\/ZI-Aktionstage_2024_Flyer_A5_DE_vs-1.pdf\" target=\"_blank\" rel=\"noreferrer noopener\">i<\/a><a rel=\"noreferrer noopener\" href=\"https:\/\/zukunft-inklusion.prestage.ch\/vs\/wp-content\/uploads\/sites\/38\/ZI-Aktionstage_2024_Flyer_A5_DE_vs.pdf\" target=\"_blank\">nk<\/a> herunterladen und drucken lassen. Dadurch haben Sie die M\u00f6glichkeit, die Aktionstage direkt vor Ort sichtbar zu machen.<\/p>\n\n\n\n<h2 class=\"wp-block-heading\">Ihre R\u00fcckmeldung ist uns wichtig<\/h2>\n\n\n\n<p>Haben Sie Ideen f\u00fcr Aktionen? Beobachten Sie Missst\u00e4nde, die wir thematisieren sollen? Oder m\u00f6chten Sie sich aktiv einbringen? Nehmen Sie bitte mit uns <a href=\"https:\/\/zukunft-inklusion.prestage.ch\/vs\/kontakt\/\">Kontakt<\/a> auf. Wir freuen uns auch \u00fcber Ihre R\u00fcckmeldungen zu den Merkbl\u00e4ttern. Sind sie n\u00fctzlich? Fehlt ein wichtiges Thema?<\/p>\n","protected":false},"excerpt":{"rendered":"<p>Nehmen Sie mit einer Aktion teil Das Anmeldefenster f\u00fcr die Aktionstage Behindertenrechte 2024 ist ge\u00f6ffnet. Erfahren Sie mehr in der Projektausschreibung. Reichen Sie bis zum 3. Dezember 2023 eine Aktion ein und werden Sie Teil von \u00abZukunft Inklusion\u00bb. Hier geht\u2019s zur Anmeldung. Sie k\u00f6nnen die Unterlagen einsenden: Die Projektausschreibung ist in&nbsp;leichter Sprache&nbsp;verf\u00fcgbar. Wir haben Merkbl\u00e4tter [&hellip;]<\/p>\n","protected":false},"author":1,"featured_media":0,"parent":0,"menu_order":6,"comment_status":"closed","ping_status":"closed","template":"page-templates\/participate_page.php","meta":{"_acf_changed":false,"_genesis_hide_title":false,"_genesis_hide_breadcrumbs":false,"_genesis_hide_singular_image":false,"_genesis_hide_footer_widgets":false,"_genesis_custom_body_class":"","_genesis_custom_post_class":"","_genesis_layout":"","footnotes":""},"class_list":{"0":"post-7","1":"page","2":"type-page","3":"status-publish","5":"entry"},"acf":[],"_links":{"self":[{"href":"https:\/\/zukunft-inklusion.prestage.ch\/vs\/wp-json\/wp\/v2\/pages\/7","targetHints":{"allow":["GET"]}}],"collection":[{"href":"https:\/\/zukunft-inklusion.prestage.ch\/vs\/wp-json\/wp\/v2\/pages"}],"about":[{"href":"https:\/\/zukunft-inklusion.prestage.ch\/vs\/wp-json\/wp\/v2\/types\/page"}],"author":[{"embeddable":true,"href":"https:\/\/zukunft-inklusion.prestage.ch\/vs\/wp-json\/wp\/v2\/users\/1"}],"replies":[{"embeddable":true,"href":"https:\/\/zukunft-inklusion.prestage.ch\/vs\/wp-json\/wp\/v2\/comments?post=7"}],"version-history":[{"count":20,"href":"https:\/\/zukunft-inklusion.prestage.ch\/vs\/wp-json\/wp\/v2\/pages\/7\/revisions"}],"predecessor-version":[{"id":693,"href":"https:\/\/zukunft-inklusion.prestage.ch\/vs\/wp-json\/wp\/v2\/pages\/7\/revisions\/693"}],"wp:attachment":[{"href":"https:\/\/zukunft-inklusion.prestage.ch\/vs\/wp-json\/wp\/v2\/media?parent=7"}],"curies":[{"name":"wp","href":"https:\/\/api.w.org\/{rel}","templated":true}]}}