{"id":3,"date":"2023-07-28T14:00:47","date_gmt":"2023-07-28T12:00:47","guid":{"rendered":"https:\/\/zukunft-inklusion.ch.prestage.ch\/zg\/?page_id=3"},"modified":"2024-06-20T17:00:08","modified_gmt":"2024-06-20T15:00:08","slug":"startseite","status":"publish","type":"page","link":"https:\/\/zukunft-inklusion.prestage.ch\/zg\/","title":{"rendered":"Zukunft Inklusion \u2013 Aktionstage Behindertenrechte"},"content":{"rendered":"\n<p>Zwischen 15.\u00a0Mai und 15.\u00a0Juni 2024 haben die ersten Nationalen Aktionstage Behindertenrechte \u00abZukunft Inklusion\u00bb stattgefunden.<\/p>\n\n\n\n<p>Im Kanton Zug haben sich 35 Aktionspartner und Aktionspartnerinnen an 45 Aktionen beteiligt. Werfen Sie einen Blick zur\u00fcck auf unsere <a rel=\"noreferrer noopener\" href=\"https:\/\/zukunft-inklusion.prestage.ch\/zg\/partnerschaften\/\" target=\"_blank\">Partnerschaften<\/a> und unseren <a rel=\"noreferrer noopener\" href=\"https:\/\/zukunft-inklusion.prestage.ch\/zg\/kalender\/\" data-type=\"attachment\" target=\"_blank\">Kalender<\/a>. Die Aktionstage wurden im Kanton Zug vom Kantonalen Sozialamt (KSA) und dem Organisationskomitee mit Vertretenden aus Selbstvertretenden, NGO\u2019s, Politik, Verwaltung und Wirtschaft organisiert. Der Zuger Regierungsrat Andreas Hostettler wirkte als Schirmherr. <\/p>\n\n\n\n<p>Bleiben Sie informiert und <a href=\"https:\/\/iform.zg.ch\/iform\/pub\/KSA\/start.do?generalid=KSA_ANM_ZI\" data-type=\"attachment\" data-id=\"112\">abonnieren<\/a> Sie den Newsletter.&nbsp;So wissen Sie auch rechtzeitig, wie es mit den Aktionstagen Behindertenrechte weitergeht!<\/p>\n\n\n\n<ul class=\"wp-block-list\">\n<li><a href=\"https:\/\/zukunft-inklusion.prestage.ch\/zg\/wp-content\/uploads\/sites\/33\/Newsletter-Aktionstage-April-2024.pdf\" data-type=\"attachment\" data-id=\"354\">Newsletter Aktionstage April 2024<\/a><\/li>\n\n\n\n<li><a href=\"https:\/\/zukunft-inklusion.prestage.ch\/zg\/wp-content\/uploads\/sites\/33\/Newsletter-Aktionstage-Januar-2024.pdf\" data-type=\"newsletter\" data-id=\"190\">Newsletter Aktionstage Januar 2024<\/a><\/li>\n\n\n\n<li><a href=\"https:\/\/zukunft-inklusion.prestage.ch\/zg\/wp-content\/uploads\/sites\/33\/Newsletter-Aktionstage-Oktober.pdf\" data-type=\"newsletter\" data-id=\"117\">Newsletter Aktionstage Oktober 2023<\/a><\/li>\n<\/ul>\n\n\n\n<p><\/p>\n\n\n\n<p><strong>Vielfalt verbindet!<\/strong><\/p>\n\n\n\n<p>Die UNO-Behindertenrechtskonvention (<a rel=\"noreferrer noopener\" href=\"https:\/\/www.fedlex.admin.ch\/eli\/cc\/2014\/245\/de\" target=\"_blank\">UNO-BRK<\/a>) ist in der Schweiz seit 2014 in Kraft. Das Behindertengleichstellungsgesetz (<a href=\"https:\/\/www.fedlex.admin.ch\/eli\/cc\/2003\/667\/de\">BehiG<\/a>) bildet bereits seit 2004 eine wichtige Rechtsgrundlage. Zweck der UNO-BRK und des BehiG ist es, den gleichberechtigten Genuss der Menschenrechte und der Grundfreiheiten aller Menschen mit Behinderung zu f\u00f6rdern, zu sch\u00fctzen und zu gew\u00e4hrleisten sowie die Achtung ihrer W\u00fcrde zu st\u00e4rken. Der Bund, die Kantone und die Gemeinden sind verpflichtet, die UNO-BRK und das BehiG umzusetzen.<\/p>\n\n\n\n<p>Im Rahmen der Jubil\u00e4en wollen wir der Umsetzung der Menschenrechte Schub verleihen, gemeinsam handeln und gute Beispiele sichtbar machen.<\/p>\n\n\n\n<figure class=\"wp-block-embed is-type-video is-provider-youtube wp-block-embed-youtube wp-embed-aspect-16-9 wp-has-aspect-ratio\"><div class=\"wp-block-embed__wrapper\">\n <iframe referrerpolicy=\"no-referrer\" loading=\"lazy\" title=\"Zukunft Inklusion\" width=\"500\" height=\"281\" src=\"https:\/\/www.youtube-nocookie.com\/embed\/OC1v0yI6HrI?feature=oembed\" frameborder=\"0\" allow=\"accelerometer; autoplay; clipboard-write; encrypted-media; gyroscope; picture-in-picture; web-share\" referrerpolicy=\"strict-origin-when-cross-origin\" allowfullscreen><\/iframe>\n<\/div><figcaption class=\"wp-element-caption\">Film &#171;Vielfalt verbindet!&#187;<\/figcaption><\/figure>\n\n\n\n<h2 class=\"wp-block-heading\"><strong>Bildbeschrieb Film&nbsp;<\/strong>\u00ab<strong>Vielfalt verbindet<\/strong>\u00ab<\/h2>\n\n\n\n<p>Der Film von Zukunft Inklusion besteht aus einzelnen Interviewszenen. Diese finden vor einer grauen Wand statt. Davor stehen ein hellgrauer Sessel, eine Zimmerpalme und ein kleines, rundes Tischchen. Darauf steht eine Tischlampe mit gelblichem Schirm. Daneben ein kleines, weisses T\u00f6pfchen mit einer gr\u00fcnen Pflanze.<\/p>\n\n\n\n<p>Szene 1<\/p>\n\n\n\n<p>Mo Sheriff sitzt im Sessel. Links von ihm steht die Palme vor dem Tischchen. Rechts von ihm ist Melanie Spiller-Reimann eingeblendet. Sie geb\u00e4rdet.<\/p>\n\n\n\n<p>Mo ist 31 Jahre alt. Er hat kurze, schwarze Haare und einen dunklen Teint. Er tr\u00e4gt eine dunkle Sonnenbrille und hat einen kurzen Vollbart. Zu einem roten Polo-Shirt tr\u00e4gt er schwarze Jeans.<\/p>\n\n\n\n<p>Szene 2<\/p>\n\n\n\n<p>Melanie Spiller-Reimann sitzt im Sessel zwischen Palme und Tischchen. Sie ist Mitte vierzig und hat dunkelblondes, langes Haar. Melanie hat blaue Augen. Sie tr\u00e4gt eine dunkle, eckige Brille. Zu einer blauen Hose tr\u00e4gt sie ein dunkelblaues T-Shirt, dar\u00fcber eine lange, blaue Strickjacke. Sie geb\u00e4rdet w\u00e4hrend eine Dolmetscherin ausserhalb des Bildes den Text spricht.<\/p>\n\n\n\n<p>Szene 3<\/p>\n\n\n\n<p><a><\/a>Lila Plakolli sitzt in einem Elektro- Rollstuhl. Links von ihr\/ihm steht die Palme vor dem Tischchen. Rechts von ihr\/ihm ist Melanie eingeblendet. Sie geb\u00e4rdet. Lila ist um die dreissig. Ihr\/Sein rot gef\u00e4rbtes Haar tr\u00e4gt sie\/er in einem Sidecut. Lila hat blaue Augen und tr\u00e4gt eine feine Metallbrille. Sie\/Er hat einen Dreitage-Bart.&nbsp; In Lilas Hals f\u00fchrt ein durchsichtiger Schlauch. Zu einem Lila-Kapuzenpulli tr\u00e4gt sie\/er schwarze Jeans.<\/p>\n\n\n\n<p>Nachfolgend sprechen in der gleichen Szenerie Melanie, Mo und erneut Melanie.<\/p>\n","protected":false},"excerpt":{"rendered":"<p>Zwischen 15.\u00a0Mai und 15.\u00a0Juni 2024 haben die ersten Nationalen Aktionstage Behindertenrechte \u00abZukunft Inklusion\u00bb stattgefunden. Im Kanton Zug haben sich 35 Aktionspartner und Aktionspartnerinnen an 45 Aktionen beteiligt. Werfen Sie einen Blick zur\u00fcck auf unsere Partnerschaften und unseren Kalender. Die Aktionstage wurden im Kanton Zug vom Kantonalen Sozialamt (KSA) und dem Organisationskomitee mit Vertretenden aus Selbstvertretenden, [&hellip;]<\/p>\n","protected":false},"author":1,"featured_media":0,"parent":0,"menu_order":1,"comment_status":"closed","ping_status":"closed","template":"page-templates\/landing_page.php","meta":{"_acf_changed":false,"_genesis_hide_title":false,"_genesis_hide_breadcrumbs":false,"_genesis_hide_singular_image":false,"_genesis_hide_footer_widgets":false,"_genesis_custom_body_class":"","_genesis_custom_post_class":"","_genesis_layout":"","footnotes":""},"class_list":{"0":"post-3","1":"page","2":"type-page","3":"status-publish","5":"entry"},"acf":[],"_links":{"self":[{"href":"https:\/\/zukunft-inklusion.prestage.ch\/zg\/wp-json\/wp\/v2\/pages\/3","targetHints":{"allow":["GET"]}}],"collection":[{"href":"https:\/\/zukunft-inklusion.prestage.ch\/zg\/wp-json\/wp\/v2\/pages"}],"about":[{"href":"https:\/\/zukunft-inklusion.prestage.ch\/zg\/wp-json\/wp\/v2\/types\/page"}],"author":[{"embeddable":true,"href":"https:\/\/zukunft-inklusion.prestage.ch\/zg\/wp-json\/wp\/v2\/users\/1"}],"replies":[{"embeddable":true,"href":"https:\/\/zukunft-inklusion.prestage.ch\/zg\/wp-json\/wp\/v2\/comments?post=3"}],"version-history":[{"count":29,"href":"https:\/\/zukunft-inklusion.prestage.ch\/zg\/wp-json\/wp\/v2\/pages\/3\/revisions"}],"predecessor-version":[{"id":443,"href":"https:\/\/zukunft-inklusion.prestage.ch\/zg\/wp-json\/wp\/v2\/pages\/3\/revisions\/443"}],"wp:attachment":[{"href":"https:\/\/zukunft-inklusion.prestage.ch\/zg\/wp-json\/wp\/v2\/media?parent=3"}],"curies":[{"name":"wp","href":"https:\/\/api.w.org\/{rel}","templated":true}]}}