{"id":30,"date":"2023-07-28T14:00:37","date_gmt":"2023-07-28T12:00:37","guid":{"rendered":"https:\/\/zukunft-inklusion.ch.prestage.ch\/zg\/?page_id=30"},"modified":"2024-04-23T16:20:47","modified_gmt":"2024-04-23T14:20:47","slug":"medien","status":"publish","type":"page","link":"https:\/\/zukunft-inklusion.prestage.ch\/zg\/medien\/","title":{"rendered":"Medien"},"content":{"rendered":"\n<h2 class=\"wp-block-heading\">Medienbeitr\u00e4ge zu den Aktionstagen<\/h2>\n\n\n\n<p>Hier finden Sie eine Zusammenstellung von Medienbeitr\u00e4gen zu den Aktionstagen Behindertenrechte 2024.<\/p>\n\n\n<div role=\"list\" class=\"cst-mediapub-list cst-mediapub-list-page\" aria-live=\"polite\"><div role=\"listitem\" class=\"cst-mediapub-listitem cst-mediapub-listitem-show\" id=\"mediapub_444\" data-index=\"1\"><h3 class=\"h5 cst-mediapub-post-title\">Zuger Woche<\/h3><p>\u00abDas Haus meines Geistes\u00bb\r\nEin St\u00fcck f\u00fcr junges Publikum von Old Masters im Theater Casino Zug<\/p><!--  --><a href=\"https:\/\/www.zugerwoche.ch\/zuger-news\/detail\/das-haus-meines-geistes\" target=\"_blank\" aria-label=\"Zum Medienbeitrag \u2013 Zuger Woche\" class=\"more-link\">Zum Medienbeitrag<\/a><\/div><div role=\"listitem\" class=\"cst-mediapub-listitem cst-mediapub-listitem-show\" id=\"mediapub_427\" data-index=\"2\"><h3 class=\"h5 cst-mediapub-post-title\">ZugerZeitung<\/h3><p>&#171;Zukunft Inklusion? Bei Arbeitskr\u00e4ften mit Behinderung m\u00fcssen Unternehmen umdenken&#187;<\/p><!--  --><a href=\"https:\/\/www.zugerzeitung.ch\/zentralschweiz\/zug\/kanton-zug-zukunft-inklusion-bei-arbeitskraeften-mit-behinderung-muessen-unternehmen-umdenken-ld.2624425\" target=\"_blank\" aria-label=\"Zum Medienbeitrag \u2013 ZugerZeitung\" class=\"more-link\">Zum Medienbeitrag<\/a><\/div><div role=\"listitem\" class=\"cst-mediapub-listitem cst-mediapub-listitem-show\" id=\"mediapub_425\" data-index=\"3\"><h3 class=\"h5 cst-mediapub-post-title\">Zuger Woche<\/h3><p>&#171;Auch im Kanton Zug wird es verschiedene Aktionen und Events geben, die ein Zeichen f\u00fcr Gleichstellung und Inklusion setzen. Wir sprachen dr\u00fcber mit Heidi Giger, Beauftragte f\u00fcr Behindertenrechte.&#187;<\/p><!--  --><a href=\"https:\/\/zugerwoche.ch\/zuger-news\/detail\/es-lohnt-sich-dabei-zu-sein\" target=\"_blank\" aria-label=\"Zum Medienbeitrag \u2013 Zuger Woche\" class=\"more-link\">Zum Medienbeitrag<\/a><\/div><div role=\"listitem\" class=\"cst-mediapub-listitem cst-mediapub-listitem-show\" id=\"mediapub_426\" data-index=\"4\"><h3 class=\"h5 cst-mediapub-post-title\">ZugerZeitung<\/h3><p>&#171;Inklusion gelingt nur gemeinsam: Wie Zugs Beauftragte f\u00fcr Behindertenrechte Ber\u00fchrungs\u00e4ngste abbauen will.&#187; <\/p><!--  --><a href=\"https:\/\/www.zugerzeitung.ch\/zentralschweiz\/zug\/aktionstage-inklusion-gelingt-nur-gemeinsam-wie-zugs-beauftragte-fuer-behindertenrechte-beruehrungsaengste-abbauen-will-ld.2618646?reduced=true\" target=\"_blank\" aria-label=\"Zum Medienbeitrag \u2013 ZugerZeitung\" class=\"more-link\">Zum Medienbeitrag<\/a><\/div><div role=\"listitem\" class=\"cst-mediapub-listitem cst-mediapub-listitem-show\" id=\"mediapub_424\" data-index=\"5\"><h3 class=\"h5 cst-mediapub-post-title\">SRF Tagesschau<\/h3><p>&#171;Auf Blindenf\u00fchrung und beim Lippenlesen: Hier wird sensibilisiert. \r\nIn den kommenden Wochen feiert die Schweiz die Behindertenrechte. An diesen Events wird gezeigt, was Inklusion bedeutet.&#187;<\/p><!--  --><a href=\"https:\/\/www.srf.ch\/news\/schweiz\/aktionstage-behindertenrechte-auf-blindenfuehrung-und-beim-lippenlesen-hier-wird-sensibilisiert\" target=\"_blank\" aria-label=\"Zum Medienbeitrag \u2013 SRF Tagesschau\" class=\"more-link\">Zum Medienbeitrag<\/a><\/div><div role=\"listitem\" class=\"cst-mediapub-listitem cst-mediapub-listitem-show\" id=\"mediapub_130\" data-index=\"6\"><h3 class=\"h5 cst-mediapub-post-title\">12.10.2023, Medienmitteilung<\/h3><p>Der Kanton Zug ruft zu den Aktionstagen Behindertenrechte 2024 auf<\/p><!--  --><a href=\"https:\/\/zg.ch\/news\/news~_2023_10_der-kanton-zug-ruft-zu-den-aktionstagen-behindertenrechte-2024-auf~.html\" target=\"_blank\" aria-label=\"Zum Medienbeitrag \u2013 12.10.2023, Medienmitteilung\" class=\"more-link\">Zum Medienbeitrag<\/a><\/div><\/div>\n\n\n<h2 class=\"wp-block-heading\">Medienkontakte<\/h2>\n\n\n\n<p>Jeannine L\u00fctolf<br>Kommunikationsbeauftragte<br>T +41 41 594 24 41<br><a href=\"mailto:\" data-eml-encoded-attr=\"YW1WaGJtNXBibVV1YkhWbGRHOXNaaVUwTUhwbkxtTm8=\"><span data-eml-encoded-html><label>(E-Mail)<\/label><var aria-hidden=\"true\" style=\"display:none\">YW1WaGJtNXBibVV1YkhWbGRHOXNaaVUwTUhwbkxtTm8=<\/var><\/span><\/a><br><a rel=\"noreferrer noopener\" href=\"http:\/\/www.zg.ch\" data-type=\"link\" data-id=\"www.zg.ch\" target=\"_blank\">www.zg.ch<\/a><\/p>\n\n\n\n<p><\/p>\n","protected":false},"excerpt":{"rendered":"<p>Medienbeitr\u00e4ge zu den Aktionstagen Hier finden Sie eine Zusammenstellung von Medienbeitr\u00e4gen zu den Aktionstagen Behindertenrechte 2024. Medienkontakte Jeannine L\u00fctolfKommunikationsbeauftragteT +41 41 594 24 41(E-Mail)YW1WaGJtNXBibVV1YkhWbGRHOXNaaVUwTUhwbkxtTm8=www.zg.ch<\/p>\n","protected":false},"author":1,"featured_media":0,"parent":0,"menu_order":8,"comment_status":"closed","ping_status":"closed","template":"page-templates\/media_page.php","meta":{"_acf_changed":false,"_genesis_hide_title":false,"_genesis_hide_breadcrumbs":false,"_genesis_hide_singular_image":false,"_genesis_hide_footer_widgets":false,"_genesis_custom_body_class":"","_genesis_custom_post_class":"","_genesis_layout":"","footnotes":""},"class_list":{"0":"post-30","1":"page","2":"type-page","3":"status-publish","5":"entry"},"acf":[],"_links":{"self":[{"href":"https:\/\/zukunft-inklusion.prestage.ch\/zg\/wp-json\/wp\/v2\/pages\/30","targetHints":{"allow":["GET"]}}],"collection":[{"href":"https:\/\/zukunft-inklusion.prestage.ch\/zg\/wp-json\/wp\/v2\/pages"}],"about":[{"href":"https:\/\/zukunft-inklusion.prestage.ch\/zg\/wp-json\/wp\/v2\/types\/page"}],"author":[{"embeddable":true,"href":"https:\/\/zukunft-inklusion.prestage.ch\/zg\/wp-json\/wp\/v2\/users\/1"}],"replies":[{"embeddable":true,"href":"https:\/\/zukunft-inklusion.prestage.ch\/zg\/wp-json\/wp\/v2\/comments?post=30"}],"version-history":[{"count":7,"href":"https:\/\/zukunft-inklusion.prestage.ch\/zg\/wp-json\/wp\/v2\/pages\/30\/revisions"}],"predecessor-version":[{"id":396,"href":"https:\/\/zukunft-inklusion.prestage.ch\/zg\/wp-json\/wp\/v2\/pages\/30\/revisions\/396"}],"wp:attachment":[{"href":"https:\/\/zukunft-inklusion.prestage.ch\/zg\/wp-json\/wp\/v2\/media?parent=30"}],"curies":[{"name":"wp","href":"https:\/\/api.w.org\/{rel}","templated":true}]}}